{"id":8151,"date":"2024-01-08T09:43:49","date_gmt":"2024-01-08T09:43:49","guid":{"rendered":"https:\/\/www.ceramicamayor.com\/blog\/piedra-balinesa-ceramica-para-todo-tipo-de-piscinas\/"},"modified":"2024-03-20T11:38:55","modified_gmt":"2024-03-20T11:38:55","slug":"piedra-balinesa-ceramica-para-todo-tipo-de-piscinas","status":"publish","type":"page","link":"https:\/\/www.ceramicamayor.com\/blog\/el\/piedra-balinesa-ceramica-para-todo-tipo-de-piscinas\/","title":{"rendered":"Piedra balinesa cer\u00e1mica"},"content":{"rendered":"<div class=\"wpb-content-wrapper\"><p>[vc_row]\n\t<div class=\"vc_col-sm-12 wpb_column vc_column_container \"  data-wow-delay=\"0ms\">\n\t\t<div class=\"wpb_wrapper\">\n\t\t\t[vc_empty_space height=&#8221;100px&#8221;]\t\t\t<rs-module-wrap id=\"rev_slider_error_1_wrapper\">\n\t\t\t\t<rs-module id=\"rev_slider_error_1\">\n\t\t\t\t\t<div class=\"rs_error_message_box\">\n\t\t\t\t\t\t<div class=\"rs_error_message_oops\">There is nothing to show here!<\/div>\n\t\t\t\t\t\t<div class=\"rs_error_message_content\">Slider with alias claymorphism-carousel2 not found.<\/div>\n\t\t\t\t\t<\/div>\n\t\t\t\t<\/rs-module>\n\t\t\t<\/rs-module-wrap>\n\t\t\t<script>\n\t\t\t\tvar rs_eslider = document.getElementById(\"rev_slider_error_1\");\n\t\t\t\trs_eslider.style.display = \"none\";\n\t\t\t\tconsole.log(\"Slider with alias claymorphism-carousel2 not found.\");\n\t\t\t<\/script>\n[vc_column_text][\/vc_column_text]\n\t\t<\/div> <!-- END .wpb_wrapper -->\n\t<\/div> <!-- END  wpb_column vc_column_container  -->\n[\/vc_row][vc_row gap=&#8221;30&#8243;]\n\t<div class=\"vc_col-sm-2 wpb_column vc_column_container \"  data-wow-delay=\"0ms\">\n\t\t<div class=\"wpb_wrapper\">\n\t\t\t\n\t\t<\/div> <!-- END .wpb_wrapper -->\n\t<\/div> <!-- END  wpb_column vc_column_container  -->\n\n\t<div class=\"vc_col-sm-8 wpb_column vc_column_container \"  data-wow-delay=\"0ms\">\n\t\t<div class=\"wpb_wrapper\">\n\t\t\t[vc_column_text c_id=&#8221;.vc_1536061431068&#8243;]<\/p>\n<h3><span style=\"font-family: playfair-display;\">Piscinas en piedra balinesa cer\u00e1micas<\/span><\/h3>\n<p>[\/vc_column_text][vc_column_text c_id=&#8221;.vc_1536061437880&#8243;]<\/p>\n<p style=\"font-size: 18px;\">Sum\u00e9rgete en un mundo de belleza, serenidad y encanto ex\u00f3tico con nuestra<a href=\"https:\/\/www.ceramicamayor.com\/colecciones\/bali\/\"> <strong>colecci\u00f3n Bali<\/strong>.<\/a><br \/>\nSu tonalidad Zatu tiene la clave para recrear esa sensaci\u00f3n de estar en Bali o en un para\u00edso ex\u00f3tico con el <strong>revestimiento<\/strong> de <a href=\"https:\/\/www.ceramicamayor.com\/producto\/antideslizante\/\">baldosas antideslizantes C3<\/a> de 14,7&#215;14,7cm, que presentan todas las ventajas del <a href=\"https:\/\/www.ceramicamayor.com\/\"><strong>gres porcel\u00e1nico<\/strong><\/a> y toda su gama de <a href=\"https:\/\/www.ceramicamayor.com\/sistemas-de-piscinas-con-ceramica\/medias-canas\/\"><strong>piezas especiales de medias ca\u00f1a<\/strong><\/a> para una completa integraci\u00f3n de la cer\u00e1mica y del entorno.<\/p>\n<p>[\/vc_column_text]\n\t\t<\/div> <!-- END .wpb_wrapper -->\n\t<\/div> <!-- END  wpb_column vc_column_container  -->\n\n\t<div class=\"vc_col-sm-2 wpb_column vc_column_container \"  data-wow-delay=\"0ms\">\n\t\t<div class=\"wpb_wrapper\">\n\t\t\t\n\t\t<\/div> <!-- END .wpb_wrapper -->\n\t<\/div> <!-- END  wpb_column vc_column_container  -->\n[\/vc_row][vc_row gap=&#8221;30&#8243; content_placement=&#8221;middle&#8221; m_bottom=&#8221;0&#8243;]\n\t<div class=\"vc_col-sm-8 wpb_column vc_column_container  wow animated fadeInUp\"  data-wow-delay=\"0ms\" data-wow-iteration=\"1\" >\n\t\t<div class=\"wpb_wrapper\">\n\t\t\t[vc_single_image image=&#8221;7822&#8243; img_size=&#8221;full&#8221; alignment=&#8221;center&#8221;]\n\t\t<\/div> <!-- END .wpb_wrapper -->\n\t<\/div> <!-- END  wpb_column vc_column_container  wow animated fadeInUp -->\n\n\t<div class=\"vc_col-sm-4 wpb_column vc_column_container  wow animated fadeInUp\"  data-wow-delay=\"100ms\" data-wow-iteration=\"1\" >\n\t\t<div class=\"wpb_wrapper\">\n\t\t\t[vc_single_image image=&#8221;7827&#8243; img_size=&#8221;500&#215;500&#8243; alignment=&#8221;center&#8221;]\n\t\t<\/div> <!-- END .wpb_wrapper -->\n\t<\/div> <!-- END  wpb_column vc_column_container  wow animated fadeInUp -->\n[\/vc_row][vc_row gap=&#8221;30&#8243;]\n\t<div class=\"vc_col-sm-2 wpb_column vc_column_container \"  data-wow-delay=\"0ms\">\n\t\t<div class=\"wpb_wrapper\">\n\t\t\t\n\t\t<\/div> <!-- END .wpb_wrapper -->\n\t<\/div> <!-- END  wpb_column vc_column_container  -->\n\n\t<div class=\"vc_col-sm-8 wpb_column vc_column_container \"  data-wow-delay=\"0ms\">\n\t\t<div class=\"wpb_wrapper\">\n\t\t\t[vc_column_text c_id=&#8221;.vc_1536061437880&#8243;]<\/p>\n<p style=\"font-size: 18px;\"><a href=\"https:\/\/www.ceramicamayor.com\/colecciones\/bali\/\">Bali Zatu<\/a> nace de la <strong>piedra sukabumi<\/strong> de Indonesia, cuya rica cultura espiritual irradia una sensaci\u00f3n de paz que lo envuelve todo y nosotros hemos capturado esa esencia para que la puedas llevar a la comodidad de tu propia <a href=\"https:\/\/www.ceramicamayor.com\/sistemas-de-piscinas-con-ceramica\/\"><strong>piscina balinesa<\/strong><\/a> y as\u00ed encontrar de manera sencilla momentos de calma.<br \/>\nLa conexi\u00f3n directa con la naturaleza y la elegancia atemporal de esta <a href=\"https:\/\/www.ceramicamayor.com\/colecciones\/\"><strong>colecci\u00f3n cer\u00e1mica<\/strong><\/a> transformar\u00e1 tu piscina en un oasis de lujo y estilo, convirtiendo cada ba\u00f1o en una experiencia balinesa verdaderamente sofisticada.<\/p>\n<p style=\"font-size: 18px;\">Tu <a href=\"https:\/\/www.ceramicamayor.com\/proyecto\/bali\/\"><strong>piscina con cer\u00e1mica balinesa<\/strong><\/a> se convertir\u00e1 en tu propio refugio personal. Un lugar donde puedes escapar de las tensiones diarias, sumergirte en aguas cristalinas y encontrar un espacio para la introspecci\u00f3n y la relajaci\u00f3n.<\/p>\n<p>[\/vc_column_text]\n\t\t<\/div> <!-- END .wpb_wrapper -->\n\t<\/div> <!-- END  wpb_column vc_column_container  -->\n\n\t<div class=\"vc_col-sm-2 wpb_column vc_column_container \"  data-wow-delay=\"0ms\">\n\t\t<div class=\"wpb_wrapper\">\n\t\t\t\n\t\t<\/div> <!-- END .wpb_wrapper -->\n\t<\/div> <!-- END  wpb_column vc_column_container  -->\n[\/vc_row][vc_row gap=&#8221;30&#8243;]\n\t<div class=\"vc_col-sm-2 wpb_column vc_column_container \"  data-wow-delay=\"0ms\">\n\t\t<div class=\"wpb_wrapper\">\n\t\t\t\n\t\t<\/div> <!-- END .wpb_wrapper -->\n\t<\/div> <!-- END  wpb_column vc_column_container  -->\n\n\t<div class=\"vc_col-sm-8 wpb_column vc_column_container \"  data-wow-delay=\"0ms\">\n\t\t<div class=\"wpb_wrapper\">\n\t\t\t[vc_row_inner]\n\t<div class=\"vc_col-sm-12 wpb_column vc_column_container \"  data-wow-delay=\"0ms\">\n\t\t<div class=\"wpb_wrapper\">\n\t\t\t[vc_single_image image=&#8221;7833&#8243; img_size=&#8221;full&#8221;]\n\t\t<\/div> <!-- END .wpb_wrapper -->\n\t<\/div> <!-- END  wpb_column vc_column_container  -->\n[\/vc_row_inner][vc_column_text c_id=&#8221;.vc_1536061437880&#8243;]<\/p>\n<p style=\"font-size: 18px;\">Imagina despertarte cada ma\u00f1ana y ver los reflejos del sol en tu<a href=\"https:\/\/www.ceramicamayor.com\/producto\/usos-de-la-ceramica\/\"><strong> terraza y piscina balinesa y ex\u00f3tica<\/strong><\/a>, una belleza que te recordar\u00e1 la importancia de cuidar y apreciar los peque\u00f1os detalles. Un espacio que celebra la belleza de la naturaleza y la tranquilidad espiritual.<\/p>\n<p style=\"font-size: 18px;\">Una manera de transformar tu hogar en un <strong>rinc\u00f3n del para\u00edso que te transporta a otro mundo cada vez que te sumerges en sus aguas.<\/strong><br \/>\nEste tipo de baldosas ofrece una conexi\u00f3n con la naturaleza gracias a sus tonalidades verdes y hace que<strong> las piscinas tengan un atractivo de belleza natural.<\/strong><\/p>\n<p style=\"font-size: 18px;\">Una de las ventajas de la piedra balinesa de gres porcel\u00e1nico es su versi\u00f3n <a href=\"https:\/\/www.ceramicamayor.com\/producto\/antideslizante\/\"><strong>antideslizante C3<\/strong><\/a> que no deja que pierda su color verde veteado natural. Esas tonalidades que le otorgan a la piscina un efecto salvaje. Te sentir\u00e1s como si estuvieras disfrutando de un ba\u00f1o en mitad de una playa de Indonesia de aguas cristalinas.<\/p>\n<p>[\/vc_column_text]\n\t\t<\/div> <!-- END .wpb_wrapper -->\n\t<\/div> <!-- END  wpb_column vc_column_container  -->\n\n\t<div class=\"vc_col-sm-2 wpb_column vc_column_container \"  data-wow-delay=\"0ms\">\n\t\t<div class=\"wpb_wrapper\">\n\t\t\t\n\t\t<\/div> <!-- END .wpb_wrapper -->\n\t<\/div> <!-- END  wpb_column vc_column_container  -->\n[\/vc_row][vc_row gap=&#8221;30&#8243; content_placement=&#8221;middle&#8221; m_bottom=&#8221;0&#8243;]\n\t<div class=\"vc_col-sm-4 wpb_column vc_column_container  wow animated fadeInUp\"  data-wow-delay=\"0ms\" data-wow-iteration=\"1\" >\n\t\t<div class=\"wpb_wrapper\">\n\t\t\t[vc_single_image image=&#8221;7845&#8243; img_size=&#8221;full&#8221; alignment=&#8221;center&#8221;]\n\t\t<\/div> <!-- END .wpb_wrapper -->\n\t<\/div> <!-- END  wpb_column vc_column_container  wow animated fadeInUp -->\n\n\t<div class=\"vc_col-sm-8 wpb_column vc_column_container  wow animated fadeInUp\"  data-wow-delay=\"100ms\" data-wow-iteration=\"1\" >\n\t\t<div class=\"wpb_wrapper\">\n\t\t\t[vc_single_image image=&#8221;7852&#8243; img_size=&#8221;full&#8221; alignment=&#8221;center&#8221;]\n\t\t<\/div> <!-- END .wpb_wrapper -->\n\t<\/div> <!-- END  wpb_column vc_column_container  wow animated fadeInUp -->\n[\/vc_row][vc_row gap=&#8221;30&#8243;]\n\t<div class=\"vc_col-sm-2 wpb_column vc_column_container \"  data-wow-delay=\"0ms\">\n\t\t<div class=\"wpb_wrapper\">\n\t\t\t\n\t\t<\/div> <!-- END .wpb_wrapper -->\n\t<\/div> <!-- END  wpb_column vc_column_container  -->\n\n\t<div class=\"vc_col-sm-8 wpb_column vc_column_container \"  data-wow-delay=\"0ms\">\n\t\t<div class=\"wpb_wrapper\">\n\t\t\t[vc_column_text c_id=&#8221;.vc_1536061437880&#8243;]<\/p>\n<p style=\"font-size: 18px;\">Las ventajas que presenta la imitaci\u00f3n de <strong>piedra balinesa cer\u00e1mica<\/strong>, frente a la natural es muy importante a tener en cuenta. Las <a href=\"https:\/\/www.ceramicamayor.com\/producto\/beneficios\/\"><strong>propiedades de cer\u00e1mica porcel\u00e1nica<\/strong><\/a>, hacen que no absorba agua y por tanto, no se altere su color con el paso del tiempo, ni con los productos qu\u00edmicos de mantenimiento y limpieza del agua de la piscina.<br \/>\nAdem\u00e1s de no favorecer la proliferaci\u00f3n de bacterias, musgo\u2026 y dem\u00e1s problem\u00e1ticas que surgen con la piedra natural.<\/p>\n<p>[\/vc_column_text]\n\t\t<\/div> <!-- END .wpb_wrapper -->\n\t<\/div> <!-- END  wpb_column vc_column_container  -->\n\n\t<div class=\"vc_col-sm-2 wpb_column vc_column_container \"  data-wow-delay=\"0ms\">\n\t\t<div class=\"wpb_wrapper\">\n\t\t\t\n\t\t<\/div> <!-- END .wpb_wrapper -->\n\t<\/div> <!-- END  wpb_column vc_column_container  -->\n[\/vc_row]<\/p>\n<\/div>","protected":false},"excerpt":{"rendered":"<p>[vc_row][\/vc_row][vc_row gap=&#8221;30&#8243;][\/vc_row][vc_row gap=&#8221;30&#8243; content_placement=&#8221;middle&#8221; m_bottom=&#8221;0&#8243;][\/vc_row][vc_row gap=&#8221;30&#8243;][\/vc_row][vc_row gap=&#8221;30&#8243;][\/vc_row][vc_row gap=&#8221;30&#8243; content_placement=&#8221;middle&#8221; m_bottom=&#8221;0&#8243;][\/vc_row][vc_row gap=&#8221;30&#8243;][\/vc_row]<\/p>\n","protected":false},"author":4,"featured_media":0,"parent":0,"menu_order":0,"comment_status":"closed","ping_status":"closed","template":"","meta":{"_acf_changed":false,"footnotes":""},"acf":[],"yoast_head":"<!-- This site is optimized with the Yoast SEO plugin v22.3 - https:\/\/yoast.com\/wordpress\/plugins\/seo\/ -->\n<title>Piedra balinesa cer\u00e1mica - Cer\u00e1mica Mayor<\/title>\n<meta name=\"description\" content=\"Piedra balinesa cer\u00e1mica, un gres porcel\u00e1nico para todo tipo de piscinas y terrazas. Cer\u00e1mica Mayor ha dise\u00f1ado gres porcel\u00e1nico \u00fanico para ti\" \/>\n<meta name=\"robots\" content=\"index, follow, max-snippet:-1, max-image-preview:large, max-video-preview:-1\" \/>\n<link rel=\"canonical\" href=\"https:\/\/www.ceramicamayor.com\/blog\/el\/piedra-balinesa-ceramica-para-todo-tipo-de-piscinas\/\" \/>\n<meta property=\"og:locale\" content=\"el_GR\" \/>\n<meta property=\"og:type\" content=\"article\" \/>\n<meta property=\"og:title\" content=\"Piedra balinesa cer\u00e1mica - Cer\u00e1mica Mayor\" \/>\n<meta property=\"og:description\" content=\"Piedra balinesa cer\u00e1mica, un gres porcel\u00e1nico para todo tipo de piscinas y terrazas. Cer\u00e1mica Mayor ha dise\u00f1ado gres porcel\u00e1nico \u00fanico para ti\" \/>\n<meta property=\"og:url\" content=\"https:\/\/www.ceramicamayor.com\/blog\/el\/piedra-balinesa-ceramica-para-todo-tipo-de-piscinas\/\" \/>\n<meta property=\"og:site_name\" content=\"Cer\u00e1mica Mayor\" \/>\n<meta property=\"article:publisher\" content=\"https:\/\/www.facebook.com\/CeramicaMayor\/\" \/>\n<meta property=\"article:modified_time\" content=\"2024-03-20T11:38:55+00:00\" \/>\n<meta name=\"twitter:card\" content=\"summary_large_image\" \/>\n<meta name=\"twitter:label1\" content=\"\u0395\u03ba\u03c4\u03b9\u03bc\u03ce\u03bc\u03b5\u03bd\u03bf\u03c2 \u03c7\u03c1\u03cc\u03bd\u03bf\u03c2 \u03b1\u03bd\u03ac\u03b3\u03bd\u03c9\u03c3\u03b7\u03c2\" \/>\n\t<meta name=\"twitter:data1\" content=\"3 \u03bb\u03b5\u03c0\u03c4\u03ac\" \/>\n<script type=\"application\/ld+json\" class=\"yoast-schema-graph\">{\"@context\":\"https:\/\/schema.org\",\"@graph\":[{\"@type\":\"WebPage\",\"@id\":\"https:\/\/www.ceramicamayor.com\/blog\/el\/piedra-balinesa-ceramica-para-todo-tipo-de-piscinas\/\",\"url\":\"https:\/\/www.ceramicamayor.com\/blog\/el\/piedra-balinesa-ceramica-para-todo-tipo-de-piscinas\/\",\"name\":\"Piedra balinesa cer\u00e1mica - Cer\u00e1mica Mayor\",\"isPartOf\":{\"@id\":\"https:\/\/www.ceramicamayor.com\/blog\/el\/#website\"},\"datePublished\":\"2024-01-08T09:43:49+00:00\",\"dateModified\":\"2024-03-20T11:38:55+00:00\",\"description\":\"Piedra balinesa cer\u00e1mica, un gres porcel\u00e1nico para todo tipo de piscinas y terrazas. Cer\u00e1mica Mayor ha dise\u00f1ado gres porcel\u00e1nico \u00fanico para ti\",\"breadcrumb\":{\"@id\":\"https:\/\/www.ceramicamayor.com\/blog\/el\/piedra-balinesa-ceramica-para-todo-tipo-de-piscinas\/#breadcrumb\"},\"inLanguage\":\"el\",\"potentialAction\":[{\"@type\":\"ReadAction\",\"target\":[\"https:\/\/www.ceramicamayor.com\/blog\/el\/piedra-balinesa-ceramica-para-todo-tipo-de-piscinas\/\"]}]},{\"@type\":\"BreadcrumbList\",\"@id\":\"https:\/\/www.ceramicamayor.com\/blog\/el\/piedra-balinesa-ceramica-para-todo-tipo-de-piscinas\/#breadcrumb\",\"itemListElement\":[{\"@type\":\"ListItem\",\"position\":1,\"name\":\"Portada\",\"item\":\"https:\/\/www.ceramicamayor.com\/blog\/el\/\"},{\"@type\":\"ListItem\",\"position\":2,\"name\":\"Piedra balinesa cer\u00e1mica\"}]},{\"@type\":\"WebSite\",\"@id\":\"https:\/\/www.ceramicamayor.com\/blog\/el\/#website\",\"url\":\"https:\/\/www.ceramicamayor.com\/blog\/el\/\",\"name\":\"Cer\u00e1mica Mayor\",\"description\":\"Gres Porcel\u00e1nico para Piscinas y Terrazas\",\"publisher\":{\"@id\":\"https:\/\/www.ceramicamayor.com\/blog\/el\/#organization\"},\"potentialAction\":[{\"@type\":\"SearchAction\",\"target\":{\"@type\":\"EntryPoint\",\"urlTemplate\":\"https:\/\/www.ceramicamayor.com\/blog\/el\/?s={search_term_string}\"},\"query-input\":\"required name=search_term_string\"}],\"inLanguage\":\"el\"},{\"@type\":\"Organization\",\"@id\":\"https:\/\/www.ceramicamayor.com\/blog\/el\/#organization\",\"name\":\"Cer\u00e1mica Mayor\",\"url\":\"https:\/\/www.ceramicamayor.com\/blog\/el\/\",\"logo\":{\"@type\":\"ImageObject\",\"inLanguage\":\"el\",\"@id\":\"https:\/\/www.ceramicamayor.com\/blog\/el\/#\/schema\/logo\/image\/\",\"url\":\"https:\/\/www.ceramicamayor.com\/blog\/wp-content\/uploads\/2019\/05\/ceramica-mayor-logo.png\",\"contentUrl\":\"https:\/\/www.ceramicamayor.com\/blog\/wp-content\/uploads\/2019\/05\/ceramica-mayor-logo.png\",\"width\":845,\"height\":320,\"caption\":\"Cer\u00e1mica Mayor\"},\"image\":{\"@id\":\"https:\/\/www.ceramicamayor.com\/blog\/el\/#\/schema\/logo\/image\/\"},\"sameAs\":[\"https:\/\/www.facebook.com\/CeramicaMayor\/\"]}]}<\/script>\n<!-- \/ Yoast SEO plugin. -->","yoast_head_json":{"title":"Piedra balinesa cer\u00e1mica - Cer\u00e1mica Mayor","description":"Piedra balinesa cer\u00e1mica, un gres porcel\u00e1nico para todo tipo de piscinas y terrazas. Cer\u00e1mica Mayor ha dise\u00f1ado gres porcel\u00e1nico \u00fanico para ti","robots":{"index":"index","follow":"follow","max-snippet":"max-snippet:-1","max-image-preview":"max-image-preview:large","max-video-preview":"max-video-preview:-1"},"canonical":"https:\/\/www.ceramicamayor.com\/blog\/el\/piedra-balinesa-ceramica-para-todo-tipo-de-piscinas\/","og_locale":"el_GR","og_type":"article","og_title":"Piedra balinesa cer\u00e1mica - Cer\u00e1mica Mayor","og_description":"Piedra balinesa cer\u00e1mica, un gres porcel\u00e1nico para todo tipo de piscinas y terrazas. Cer\u00e1mica Mayor ha dise\u00f1ado gres porcel\u00e1nico \u00fanico para ti","og_url":"https:\/\/www.ceramicamayor.com\/blog\/el\/piedra-balinesa-ceramica-para-todo-tipo-de-piscinas\/","og_site_name":"Cer\u00e1mica Mayor","article_publisher":"https:\/\/www.facebook.com\/CeramicaMayor\/","article_modified_time":"2024-03-20T11:38:55+00:00","twitter_card":"summary_large_image","twitter_misc":{"\u0395\u03ba\u03c4\u03b9\u03bc\u03ce\u03bc\u03b5\u03bd\u03bf\u03c2 \u03c7\u03c1\u03cc\u03bd\u03bf\u03c2 \u03b1\u03bd\u03ac\u03b3\u03bd\u03c9\u03c3\u03b7\u03c2":"3 \u03bb\u03b5\u03c0\u03c4\u03ac"},"schema":{"@context":"https:\/\/schema.org","@graph":[{"@type":"WebPage","@id":"https:\/\/www.ceramicamayor.com\/blog\/el\/piedra-balinesa-ceramica-para-todo-tipo-de-piscinas\/","url":"https:\/\/www.ceramicamayor.com\/blog\/el\/piedra-balinesa-ceramica-para-todo-tipo-de-piscinas\/","name":"Piedra balinesa cer\u00e1mica - Cer\u00e1mica Mayor","isPartOf":{"@id":"https:\/\/www.ceramicamayor.com\/blog\/el\/#website"},"datePublished":"2024-01-08T09:43:49+00:00","dateModified":"2024-03-20T11:38:55+00:00","description":"Piedra balinesa cer\u00e1mica, un gres porcel\u00e1nico para todo tipo de piscinas y terrazas. Cer\u00e1mica Mayor ha dise\u00f1ado gres porcel\u00e1nico \u00fanico para ti","breadcrumb":{"@id":"https:\/\/www.ceramicamayor.com\/blog\/el\/piedra-balinesa-ceramica-para-todo-tipo-de-piscinas\/#breadcrumb"},"inLanguage":"el","potentialAction":[{"@type":"ReadAction","target":["https:\/\/www.ceramicamayor.com\/blog\/el\/piedra-balinesa-ceramica-para-todo-tipo-de-piscinas\/"]}]},{"@type":"BreadcrumbList","@id":"https:\/\/www.ceramicamayor.com\/blog\/el\/piedra-balinesa-ceramica-para-todo-tipo-de-piscinas\/#breadcrumb","itemListElement":[{"@type":"ListItem","position":1,"name":"Portada","item":"https:\/\/www.ceramicamayor.com\/blog\/el\/"},{"@type":"ListItem","position":2,"name":"Piedra balinesa cer\u00e1mica"}]},{"@type":"WebSite","@id":"https:\/\/www.ceramicamayor.com\/blog\/el\/#website","url":"https:\/\/www.ceramicamayor.com\/blog\/el\/","name":"Cer\u00e1mica Mayor","description":"Gres Porcel\u00e1nico para Piscinas y Terrazas","publisher":{"@id":"https:\/\/www.ceramicamayor.com\/blog\/el\/#organization"},"potentialAction":[{"@type":"SearchAction","target":{"@type":"EntryPoint","urlTemplate":"https:\/\/www.ceramicamayor.com\/blog\/el\/?s={search_term_string}"},"query-input":"required name=search_term_string"}],"inLanguage":"el"},{"@type":"Organization","@id":"https:\/\/www.ceramicamayor.com\/blog\/el\/#organization","name":"Cer\u00e1mica Mayor","url":"https:\/\/www.ceramicamayor.com\/blog\/el\/","logo":{"@type":"ImageObject","inLanguage":"el","@id":"https:\/\/www.ceramicamayor.com\/blog\/el\/#\/schema\/logo\/image\/","url":"https:\/\/www.ceramicamayor.com\/blog\/wp-content\/uploads\/2019\/05\/ceramica-mayor-logo.png","contentUrl":"https:\/\/www.ceramicamayor.com\/blog\/wp-content\/uploads\/2019\/05\/ceramica-mayor-logo.png","width":845,"height":320,"caption":"Cer\u00e1mica Mayor"},"image":{"@id":"https:\/\/www.ceramicamayor.com\/blog\/el\/#\/schema\/logo\/image\/"},"sameAs":["https:\/\/www.facebook.com\/CeramicaMayor\/"]}]}},"_links":{"self":[{"href":"https:\/\/www.ceramicamayor.com\/blog\/el\/wp-json\/wp\/v2\/pages\/8151"}],"collection":[{"href":"https:\/\/www.ceramicamayor.com\/blog\/el\/wp-json\/wp\/v2\/pages"}],"about":[{"href":"https:\/\/www.ceramicamayor.com\/blog\/el\/wp-json\/wp\/v2\/types\/page"}],"author":[{"embeddable":true,"href":"https:\/\/www.ceramicamayor.com\/blog\/el\/wp-json\/wp\/v2\/users\/4"}],"replies":[{"embeddable":true,"href":"https:\/\/www.ceramicamayor.com\/blog\/el\/wp-json\/wp\/v2\/comments?post=8151"}],"version-history":[{"count":0,"href":"https:\/\/www.ceramicamayor.com\/blog\/el\/wp-json\/wp\/v2\/pages\/8151\/revisions"}],"wp:attachment":[{"href":"https:\/\/www.ceramicamayor.com\/blog\/el\/wp-json\/wp\/v2\/media?parent=8151"}],"curies":[{"name":"wp","href":"https:\/\/api.w.org\/{rel}","templated":true}]}}