{"id":2937,"date":"2018-06-27T12:35:57","date_gmt":"2018-06-27T12:35:57","guid":{"rendered":"http:\/\/bomby.themes.tvda.pw\/?page_id=2937"},"modified":"2024-03-25T10:13:54","modified_gmt":"2024-03-25T10:13:54","slug":"inspiracion","status":"publish","type":"page","link":"https:\/\/www.ceramicamayor.com\/blog\/","title":{"rendered":"Insp\u00edrate"},"content":{"rendered":"<div class=\"wpb-content-wrapper\"><p>[vc_row full_width=\u00bbstretch_row\u00bb full_height=\u00bbyes\u00bb parallax=\u00bbcontent-moving-fade\u00bb parallax_image=\u00bb2765&#8243; p_top=\u00bb0&#8243; m_top=\u00bb0&#8243; m_bottom=\u00bb0&#8243; css=\u00bb.vc_custom_1700829135141{padding-top: 120px !important;padding-bottom: 120px !important;background-color: #111111 !important;background-position: center;background-repeat: no-repeat;background-size: cover !important;}\u00bb]\n\t<div class=\"vc_col-sm-12 wpb_column vc_column_container \"  data-wow-delay=\"0ms\">\n\t\t<div class=\"wpb_wrapper\">\n\t\t\t<script>console.log(\"HOME: Please register the Slider Revolution plugin to use premium templates.\")<\/script>\n[vc_empty_space height=\u00bb50px\u00bb]\n\t\t<\/div> <!-- END .wpb_wrapper -->\n\t<\/div> <!-- END  wpb_column vc_column_container  -->\n[\/vc_row][vc_row gap=\u00bb30&#8243;]\n\t<div class=\"vc_col-sm-2 wpb_column vc_column_container \"  data-wow-delay=\"0ms\">\n\t\t<div class=\"wpb_wrapper\">\n\t\t\t\n\t\t<\/div> <!-- END .wpb_wrapper -->\n\t<\/div> <!-- END  wpb_column vc_column_container  -->\n\n\t<div class=\"vc_col-sm-8 wpb_column vc_column_container \"  data-wow-delay=\"0ms\">\n\t\t<div class=\"wpb_wrapper\">\n\t\t\t[vc_column_text c_id=\u00bb.vc_1536061431068&#8243;]<\/p>\n<h3><span style=\"font-family: playfair-display;\">Piscinas en piedra balinesa cer\u00e1micas<\/span><\/h3>\n<p>[\/vc_column_text][vc_column_text c_id=\u00bb.vc_1536061437880&#8243;]<\/p>\n<p style=\"font-size: 18px;\">Sum\u00e9rgete en un mundo de belleza, serenidad y encanto ex\u00f3tico con nuestra<a href=\"https:\/\/www.ceramicamayor.com\/colecciones\/bali\/\"> <strong>colecci\u00f3n Bali<\/strong>.<\/a><br \/>\nSu tonalidad Zatu tiene la clave para recrear esa sensaci\u00f3n de estar en Bali o en un para\u00edso ex\u00f3tico con el <strong>revestimiento<\/strong> de <a href=\"https:\/\/www.ceramicamayor.com\/producto\/antideslizante\/\">baldosas antideslizantes C3<\/a> de 14,7&#215;14,7cm, que presentan todas las ventajas del <a href=\"https:\/\/www.ceramicamayor.com\/\"><strong>gres porcel\u00e1nico<\/strong><\/a> y toda su gama de <a href=\"https:\/\/www.ceramicamayor.com\/sistemas-de-piscinas-con-ceramica\/medias-canas\/\"><strong>piezas especiales de medias ca\u00f1a<\/strong><\/a> para una completa integraci\u00f3n de la cer\u00e1mica y del entorno.<\/p>\n<p>[\/vc_column_text]\n\t\t<\/div> <!-- END .wpb_wrapper -->\n\t<\/div> <!-- END  wpb_column vc_column_container  -->\n\n\t<div class=\"vc_col-sm-2 wpb_column vc_column_container \"  data-wow-delay=\"0ms\">\n\t\t<div class=\"wpb_wrapper\">\n\t\t\t\n\t\t<\/div> <!-- END .wpb_wrapper -->\n\t<\/div> <!-- END  wpb_column vc_column_container  -->\n[\/vc_row][vc_row gap=\u00bb30&#8243; content_placement=\u00bbmiddle\u00bb m_bottom=\u00bb0&#8243;]\n\t<div class=\"vc_col-sm-8 wpb_column vc_column_container  wow animated fadeInUp\"  data-wow-delay=\"0ms\" data-wow-iteration=\"1\" >\n\t\t<div class=\"wpb_wrapper\">\n\t\t\t[vc_single_image image=\u00bb7822&#8243; img_size=\u00bbfull\u00bb alignment=\u00bbcenter\u00bb]\n\t\t<\/div> <!-- END .wpb_wrapper -->\n\t<\/div> <!-- END  wpb_column vc_column_container  wow animated fadeInUp -->\n\n\t<div class=\"vc_col-sm-4 wpb_column vc_column_container  wow animated fadeInUp\"  data-wow-delay=\"100ms\" data-wow-iteration=\"1\" >\n\t\t<div class=\"wpb_wrapper\">\n\t\t\t[vc_single_image image=\u00bb7827&#8243; img_size=\u00bb500&#215;500&#8243; alignment=\u00bbcenter\u00bb]\n\t\t<\/div> <!-- END .wpb_wrapper -->\n\t<\/div> <!-- END  wpb_column vc_column_container  wow animated fadeInUp -->\n[\/vc_row][vc_row gap=\u00bb30&#8243;]\n\t<div class=\"vc_col-sm-2 wpb_column vc_column_container \"  data-wow-delay=\"0ms\">\n\t\t<div class=\"wpb_wrapper\">\n\t\t\t\n\t\t<\/div> <!-- END .wpb_wrapper -->\n\t<\/div> <!-- END  wpb_column vc_column_container  -->\n\n\t<div class=\"vc_col-sm-8 wpb_column vc_column_container \"  data-wow-delay=\"0ms\">\n\t\t<div class=\"wpb_wrapper\">\n\t\t\t[vc_column_text c_id=\u00bb.vc_1536061437880&#8243;]<\/p>\n<p style=\"font-size: 18px;\"><a href=\"https:\/\/www.ceramicamayor.com\/colecciones\/bali\/\">Bali Zatu<\/a> nace de la <strong>piedra sukabumi<\/strong> de Indonesia, cuya rica cultura espiritual irradia una sensaci\u00f3n de paz que lo envuelve todo y nosotros hemos capturado esa esencia para que la puedas llevar a la comodidad de tu propia <a href=\"https:\/\/www.ceramicamayor.com\/sistemas-de-piscinas-con-ceramica\/\"><strong>piscina balinesa<\/strong><\/a> y as\u00ed encontrar de manera sencilla momentos de calma.<br \/>\nLa conexi\u00f3n directa con la naturaleza y la elegancia atemporal de esta <a href=\"https:\/\/www.ceramicamayor.com\/colecciones\/\"><strong>colecci\u00f3n cer\u00e1mica<\/strong><\/a> transformar\u00e1 tu piscina en un oasis de lujo y estilo, convirtiendo cada ba\u00f1o en una experiencia balinesa verdaderamente sofisticada.<\/p>\n<p style=\"font-size: 18px;\">Tu <a href=\"https:\/\/www.ceramicamayor.com\/proyecto\/bali\/\"><strong>piscina con cer\u00e1mica balinesa<\/strong><\/a> se convertir\u00e1 en tu propio refugio personal. Un lugar donde puedes escapar de las tensiones diarias, sumergirte en aguas cristalinas y encontrar un espacio para la introspecci\u00f3n y la relajaci\u00f3n.<\/p>\n<p>[\/vc_column_text]\n\t\t<\/div> <!-- END .wpb_wrapper -->\n\t<\/div> <!-- END  wpb_column vc_column_container  -->\n\n\t<div class=\"vc_col-sm-2 wpb_column vc_column_container \"  data-wow-delay=\"0ms\">\n\t\t<div class=\"wpb_wrapper\">\n\t\t\t\n\t\t<\/div> <!-- END .wpb_wrapper -->\n\t<\/div> <!-- END  wpb_column vc_column_container  -->\n[\/vc_row][vc_row gap=\u00bb30&#8243;]\n\t<div class=\"vc_col-sm-2 wpb_column vc_column_container \"  data-wow-delay=\"0ms\">\n\t\t<div class=\"wpb_wrapper\">\n\t\t\t\n\t\t<\/div> <!-- END .wpb_wrapper -->\n\t<\/div> <!-- END  wpb_column vc_column_container  -->\n\n\t<div class=\"vc_col-sm-8 wpb_column vc_column_container \"  data-wow-delay=\"0ms\">\n\t\t<div class=\"wpb_wrapper\">\n\t\t\t[vc_row_inner]\n\t<div class=\"vc_col-sm-12 wpb_column vc_column_container \"  data-wow-delay=\"0ms\">\n\t\t<div class=\"wpb_wrapper\">\n\t\t\t[vc_single_image image=\u00bb7833&#8243; img_size=\u00bbfull\u00bb]\n\t\t<\/div> <!-- END .wpb_wrapper -->\n\t<\/div> <!-- END  wpb_column vc_column_container  -->\n[\/vc_row_inner][vc_column_text c_id=\u00bb.vc_1536061437880&#8243;]<\/p>\n<p style=\"font-size: 18px;\">Imagina despertarte cada ma\u00f1ana y ver los reflejos del sol en tu<a href=\"https:\/\/www.ceramicamayor.com\/producto\/usos-de-la-ceramica\/\"><strong> terraza y piscina balinesa y ex\u00f3tica<\/strong><\/a>, una belleza que te recordar\u00e1 la importancia de cuidar y apreciar los peque\u00f1os detalles. Un espacio que celebra la belleza de la naturaleza y la tranquilidad espiritual.<\/p>\n<p style=\"font-size: 18px;\">Una manera de transformar tu hogar en un <strong>rinc\u00f3n del para\u00edso que te transporta a otro mundo cada vez que te sumerges en sus aguas.<\/strong><br \/>\nEste tipo de baldosas ofrece una conexi\u00f3n con la naturaleza gracias a sus tonalidades verdes y hace que<strong> las piscinas tengan un atractivo de belleza natural.<\/strong><\/p>\n<p style=\"font-size: 18px;\">Una de las ventajas de la piedra balinesa de gres porcel\u00e1nico es su versi\u00f3n <a href=\"https:\/\/www.ceramicamayor.com\/producto\/antideslizante\/\"><strong>antideslizante C3<\/strong><\/a> que no deja que pierda su color verde veteado natural. Esas tonalidades que le otorgan a la piscina un efecto salvaje. Te sentir\u00e1s como si estuvieras disfrutando de un ba\u00f1o en mitad de una playa de Indonesia de aguas cristalinas.<\/p>\n<p>[\/vc_column_text]\n\t\t<\/div> <!-- END .wpb_wrapper -->\n\t<\/div> <!-- END  wpb_column vc_column_container  -->\n\n\t<div class=\"vc_col-sm-2 wpb_column vc_column_container \"  data-wow-delay=\"0ms\">\n\t\t<div class=\"wpb_wrapper\">\n\t\t\t\n\t\t<\/div> <!-- END .wpb_wrapper -->\n\t<\/div> <!-- END  wpb_column vc_column_container  -->\n[\/vc_row][vc_row gap=\u00bb30&#8243; content_placement=\u00bbmiddle\u00bb m_bottom=\u00bb0&#8243;]\n\t<div class=\"vc_col-sm-4 wpb_column vc_column_container  wow animated fadeInUp\"  data-wow-delay=\"0ms\" data-wow-iteration=\"1\" >\n\t\t<div class=\"wpb_wrapper\">\n\t\t\t[vc_single_image image=\u00bb7845&#8243; img_size=\u00bbfull\u00bb alignment=\u00bbcenter\u00bb]\n\t\t<\/div> <!-- END .wpb_wrapper -->\n\t<\/div> <!-- END  wpb_column vc_column_container  wow animated fadeInUp -->\n\n\t<div class=\"vc_col-sm-8 wpb_column vc_column_container  wow animated fadeInUp\"  data-wow-delay=\"100ms\" data-wow-iteration=\"1\" >\n\t\t<div class=\"wpb_wrapper\">\n\t\t\t[vc_single_image image=\u00bb7852&#8243; img_size=\u00bbfull\u00bb alignment=\u00bbcenter\u00bb]\n\t\t<\/div> <!-- END .wpb_wrapper -->\n\t<\/div> <!-- END  wpb_column vc_column_container  wow animated fadeInUp -->\n[\/vc_row][vc_row gap=\u00bb30&#8243;]\n\t<div class=\"vc_col-sm-2 wpb_column vc_column_container \"  data-wow-delay=\"0ms\">\n\t\t<div class=\"wpb_wrapper\">\n\t\t\t\n\t\t<\/div> <!-- END .wpb_wrapper -->\n\t<\/div> <!-- END  wpb_column vc_column_container  -->\n\n\t<div class=\"vc_col-sm-8 wpb_column vc_column_container \"  data-wow-delay=\"0ms\">\n\t\t<div class=\"wpb_wrapper\">\n\t\t\t[vc_column_text c_id=\u00bb.vc_1536061437880&#8243;]<\/p>\n<p style=\"font-size: 18px;\">Las ventajas que presenta la imitaci\u00f3n de <strong>piedra balinesa cer\u00e1mica<\/strong>, frente a la natural es muy importante a tener en cuenta. Las <a href=\"https:\/\/www.ceramicamayor.com\/producto\/beneficios\/\"><strong>propiedades de cer\u00e1mica porcel\u00e1nica<\/strong><\/a>, hacen que no absorba agua y por tanto, no se altere su color con el paso del tiempo, ni con los productos qu\u00edmicos de mantenimiento y limpieza del agua de la piscina.<br \/>\nAdem\u00e1s de no favorecer la proliferaci\u00f3n de bacterias, musgo\u2026 y dem\u00e1s problem\u00e1ticas que surgen con la piedra natural.<\/p>\n<p>[\/vc_column_text]\n\t\t<\/div> <!-- END .wpb_wrapper -->\n\t<\/div> <!-- END  wpb_column vc_column_container  -->\n\n\t<div class=\"vc_col-sm-2 wpb_column vc_column_container \"  data-wow-delay=\"0ms\">\n\t\t<div class=\"wpb_wrapper\">\n\t\t\t\n\t\t<\/div> <!-- END .wpb_wrapper -->\n\t<\/div> <!-- END  wpb_column vc_column_container  -->\n[\/vc_row]<\/p>\n<\/div>","protected":false},"excerpt":{"rendered":"<p>[vc_row full_width=\u00bbstretch_row\u00bb full_height=\u00bbyes\u00bb parallax=\u00bbcontent-moving-fade\u00bb parallax_image=\u00bb2765&#8243; p_top=\u00bb0&#8243; m_top=\u00bb0&#8243; m_bottom=\u00bb0&#8243; css=\u00bb.vc_custom_1700829135141{padding-top: 120px !important;padding-bottom: 120px !important;background-color: #111111 !important;background-position: center;background-repeat: no-repeat;background-size: cover !important;}\u00bb][\/vc_row][vc_row gap=\u00bb30&#8243;][\/vc_row][vc_row gap=\u00bb30&#8243; content_placement=\u00bbmiddle\u00bb m_bottom=\u00bb0&#8243;][\/vc_row][vc_row gap=\u00bb30&#8243;][\/vc_row][vc_row gap=\u00bb30&#8243;][\/vc_row][vc_row gap=\u00bb30&#8243; content_placement=\u00bbmiddle\u00bb m_bottom=\u00bb0&#8243;][\/vc_row][vc_row gap=\u00bb30&#8243;][\/vc_row]<\/p>\n","protected":false},"author":4,"featured_media":0,"parent":0,"menu_order":0,"comment_status":"closed","ping_status":"closed","template":"","meta":{"_acf_changed":false,"footnotes":""},"acf":[],"yoast_head":"<!-- This site is optimized with the Yoast SEO plugin v22.3 - https:\/\/yoast.com\/wordpress\/plugins\/seo\/ -->\n<title>Insp\u00edrate - Cer\u00e1mica Mayor<\/title>\n<meta name=\"robots\" content=\"index, follow, max-snippet:-1, max-image-preview:large, max-video-preview:-1\" \/>\n<link rel=\"canonical\" href=\"https:\/\/www.ceramicamayor.com\/blog\/\" \/>\n<meta property=\"og:locale\" content=\"es_ES\" \/>\n<meta property=\"og:type\" content=\"article\" \/>\n<meta property=\"og:title\" content=\"Insp\u00edrate - Cer\u00e1mica Mayor\" \/>\n<meta property=\"og:description\" content=\"[vc_row full_width=\u00bbstretch_row\u00bb full_height=\u00bbyes\u00bb parallax=\u00bbcontent-moving-fade\u00bb parallax_image=\u00bb2765&#8243; p_top=\u00bb0&#8243; m_top=\u00bb0&#8243; m_bottom=\u00bb0&#8243; css=\u00bb.vc_custom_1700829135141{padding-top: 120px !important;padding-bottom: 120px !important;background-color: #111111 !important;background-position: center;background-repeat: no-repeat;background-size: cover !important;}\u00bb][\/vc_row][vc_row gap=\u00bb30&#8243;][\/vc_row][vc_row gap=\u00bb30&#8243; content_placement=\u00bbmiddle\u00bb m_bottom=\u00bb0&#8243;][\/vc_row][vc_row gap=\u00bb30&#8243;][\/vc_row][vc_row gap=\u00bb30&#8243;][\/vc_row][vc_row gap=\u00bb30&#8243; content_placement=\u00bbmiddle\u00bb m_bottom=\u00bb0&#8243;][\/vc_row][vc_row gap=\u00bb30&#8243;][\/vc_row]\" \/>\n<meta property=\"og:url\" content=\"https:\/\/www.ceramicamayor.com\/blog\/\" \/>\n<meta property=\"og:site_name\" content=\"Cer\u00e1mica Mayor\" \/>\n<meta property=\"article:publisher\" content=\"https:\/\/www.facebook.com\/CeramicaMayor\/\" \/>\n<meta property=\"article:modified_time\" content=\"2024-03-25T10:13:54+00:00\" \/>\n<meta name=\"twitter:card\" content=\"summary_large_image\" \/>\n<meta name=\"twitter:label1\" content=\"Tiempo de lectura\" \/>\n\t<meta name=\"twitter:data1\" content=\"3 minutos\" \/>\n<script type=\"application\/ld+json\" class=\"yoast-schema-graph\">{\"@context\":\"https:\/\/schema.org\",\"@graph\":[{\"@type\":\"WebPage\",\"@id\":\"https:\/\/www.ceramicamayor.com\/blog\/\",\"url\":\"https:\/\/www.ceramicamayor.com\/blog\/\",\"name\":\"Insp\u00edrate - Cer\u00e1mica Mayor\",\"isPartOf\":{\"@id\":\"https:\/\/www.ceramicamayor.com\/blog\/#website\"},\"datePublished\":\"2018-06-27T12:35:57+00:00\",\"dateModified\":\"2024-03-25T10:13:54+00:00\",\"breadcrumb\":{\"@id\":\"https:\/\/www.ceramicamayor.com\/blog\/#breadcrumb\"},\"inLanguage\":\"es\",\"potentialAction\":[{\"@type\":\"ReadAction\",\"target\":[\"https:\/\/www.ceramicamayor.com\/blog\/\"]}]},{\"@type\":\"BreadcrumbList\",\"@id\":\"https:\/\/www.ceramicamayor.com\/blog\/#breadcrumb\",\"itemListElement\":[{\"@type\":\"ListItem\",\"position\":1,\"name\":\"Portada\",\"item\":\"https:\/\/www.ceramicamayor.com\/blog\/\"},{\"@type\":\"ListItem\",\"position\":2,\"name\":\"Insp\u00edrate\"}]},{\"@type\":\"WebSite\",\"@id\":\"https:\/\/www.ceramicamayor.com\/blog\/#website\",\"url\":\"https:\/\/www.ceramicamayor.com\/blog\/\",\"name\":\"Cer\u00e1mica Mayor\",\"description\":\"Gres Porcel\u00e1nico para Piscinas y Terrazas\",\"publisher\":{\"@id\":\"https:\/\/www.ceramicamayor.com\/blog\/#organization\"},\"potentialAction\":[{\"@type\":\"SearchAction\",\"target\":{\"@type\":\"EntryPoint\",\"urlTemplate\":\"https:\/\/www.ceramicamayor.com\/blog\/?s={search_term_string}\"},\"query-input\":\"required name=search_term_string\"}],\"inLanguage\":\"es\"},{\"@type\":\"Organization\",\"@id\":\"https:\/\/www.ceramicamayor.com\/blog\/#organization\",\"name\":\"Cer\u00e1mica Mayor\",\"url\":\"https:\/\/www.ceramicamayor.com\/blog\/\",\"logo\":{\"@type\":\"ImageObject\",\"inLanguage\":\"es\",\"@id\":\"https:\/\/www.ceramicamayor.com\/blog\/#\/schema\/logo\/image\/\",\"url\":\"https:\/\/www.ceramicamayor.com\/blog\/wp-content\/uploads\/2019\/05\/ceramica-mayor-logo.png\",\"contentUrl\":\"https:\/\/www.ceramicamayor.com\/blog\/wp-content\/uploads\/2019\/05\/ceramica-mayor-logo.png\",\"width\":845,\"height\":320,\"caption\":\"Cer\u00e1mica Mayor\"},\"image\":{\"@id\":\"https:\/\/www.ceramicamayor.com\/blog\/#\/schema\/logo\/image\/\"},\"sameAs\":[\"https:\/\/www.facebook.com\/CeramicaMayor\/\"]}]}<\/script>\n<!-- \/ Yoast SEO plugin. -->","yoast_head_json":{"title":"Insp\u00edrate - Cer\u00e1mica Mayor","robots":{"index":"index","follow":"follow","max-snippet":"max-snippet:-1","max-image-preview":"max-image-preview:large","max-video-preview":"max-video-preview:-1"},"canonical":"https:\/\/www.ceramicamayor.com\/blog\/","og_locale":"es_ES","og_type":"article","og_title":"Insp\u00edrate - Cer\u00e1mica Mayor","og_description":"[vc_row full_width=\u00bbstretch_row\u00bb full_height=\u00bbyes\u00bb parallax=\u00bbcontent-moving-fade\u00bb parallax_image=\u00bb2765&#8243; p_top=\u00bb0&#8243; m_top=\u00bb0&#8243; m_bottom=\u00bb0&#8243; css=\u00bb.vc_custom_1700829135141{padding-top: 120px !important;padding-bottom: 120px !important;background-color: #111111 !important;background-position: center;background-repeat: no-repeat;background-size: cover !important;}\u00bb][\/vc_row][vc_row gap=\u00bb30&#8243;][\/vc_row][vc_row gap=\u00bb30&#8243; content_placement=\u00bbmiddle\u00bb m_bottom=\u00bb0&#8243;][\/vc_row][vc_row gap=\u00bb30&#8243;][\/vc_row][vc_row gap=\u00bb30&#8243;][\/vc_row][vc_row gap=\u00bb30&#8243; content_placement=\u00bbmiddle\u00bb m_bottom=\u00bb0&#8243;][\/vc_row][vc_row gap=\u00bb30&#8243;][\/vc_row]","og_url":"https:\/\/www.ceramicamayor.com\/blog\/","og_site_name":"Cer\u00e1mica Mayor","article_publisher":"https:\/\/www.facebook.com\/CeramicaMayor\/","article_modified_time":"2024-03-25T10:13:54+00:00","twitter_card":"summary_large_image","twitter_misc":{"Tiempo de lectura":"3 minutos"},"schema":{"@context":"https:\/\/schema.org","@graph":[{"@type":"WebPage","@id":"https:\/\/www.ceramicamayor.com\/blog\/","url":"https:\/\/www.ceramicamayor.com\/blog\/","name":"Insp\u00edrate - Cer\u00e1mica Mayor","isPartOf":{"@id":"https:\/\/www.ceramicamayor.com\/blog\/#website"},"datePublished":"2018-06-27T12:35:57+00:00","dateModified":"2024-03-25T10:13:54+00:00","breadcrumb":{"@id":"https:\/\/www.ceramicamayor.com\/blog\/#breadcrumb"},"inLanguage":"es","potentialAction":[{"@type":"ReadAction","target":["https:\/\/www.ceramicamayor.com\/blog\/"]}]},{"@type":"BreadcrumbList","@id":"https:\/\/www.ceramicamayor.com\/blog\/#breadcrumb","itemListElement":[{"@type":"ListItem","position":1,"name":"Portada","item":"https:\/\/www.ceramicamayor.com\/blog\/"},{"@type":"ListItem","position":2,"name":"Insp\u00edrate"}]},{"@type":"WebSite","@id":"https:\/\/www.ceramicamayor.com\/blog\/#website","url":"https:\/\/www.ceramicamayor.com\/blog\/","name":"Cer\u00e1mica Mayor","description":"Gres Porcel\u00e1nico para Piscinas y Terrazas","publisher":{"@id":"https:\/\/www.ceramicamayor.com\/blog\/#organization"},"potentialAction":[{"@type":"SearchAction","target":{"@type":"EntryPoint","urlTemplate":"https:\/\/www.ceramicamayor.com\/blog\/?s={search_term_string}"},"query-input":"required name=search_term_string"}],"inLanguage":"es"},{"@type":"Organization","@id":"https:\/\/www.ceramicamayor.com\/blog\/#organization","name":"Cer\u00e1mica Mayor","url":"https:\/\/www.ceramicamayor.com\/blog\/","logo":{"@type":"ImageObject","inLanguage":"es","@id":"https:\/\/www.ceramicamayor.com\/blog\/#\/schema\/logo\/image\/","url":"https:\/\/www.ceramicamayor.com\/blog\/wp-content\/uploads\/2019\/05\/ceramica-mayor-logo.png","contentUrl":"https:\/\/www.ceramicamayor.com\/blog\/wp-content\/uploads\/2019\/05\/ceramica-mayor-logo.png","width":845,"height":320,"caption":"Cer\u00e1mica Mayor"},"image":{"@id":"https:\/\/www.ceramicamayor.com\/blog\/#\/schema\/logo\/image\/"},"sameAs":["https:\/\/www.facebook.com\/CeramicaMayor\/"]}]}},"_links":{"self":[{"href":"https:\/\/www.ceramicamayor.com\/blog\/wp-json\/wp\/v2\/pages\/2937"}],"collection":[{"href":"https:\/\/www.ceramicamayor.com\/blog\/wp-json\/wp\/v2\/pages"}],"about":[{"href":"https:\/\/www.ceramicamayor.com\/blog\/wp-json\/wp\/v2\/types\/page"}],"author":[{"embeddable":true,"href":"https:\/\/www.ceramicamayor.com\/blog\/wp-json\/wp\/v2\/users\/4"}],"replies":[{"embeddable":true,"href":"https:\/\/www.ceramicamayor.com\/blog\/wp-json\/wp\/v2\/comments?post=2937"}],"version-history":[{"count":4,"href":"https:\/\/www.ceramicamayor.com\/blog\/wp-json\/wp\/v2\/pages\/2937\/revisions"}],"predecessor-version":[{"id":8326,"href":"https:\/\/www.ceramicamayor.com\/blog\/wp-json\/wp\/v2\/pages\/2937\/revisions\/8326"}],"wp:attachment":[{"href":"https:\/\/www.ceramicamayor.com\/blog\/wp-json\/wp\/v2\/media?parent=2937"}],"curies":[{"name":"wp","href":"https:\/\/api.w.org\/{rel}","templated":true}]}}