{"id":18682,"date":"2023-08-08T12:07:44","date_gmt":"2023-08-08T11:07:44","guid":{"rendered":"https:\/\/www.ceramicamayor.com\/%cf%80%cf%81%ce%bf%cf%8a%ce%bf%ce%bd\/antideslizante\/"},"modified":"2025-02-03T13:32:04","modified_gmt":"2025-02-03T12:32:04","slug":"%ce%b1%ce%bd%cf%84%ce%b9%ce%bf%ce%bb%ce%b9%cf%83%ce%b8%ce%b7%cf%84%ce%b9%ce%ba%cf%8c-%ce%ba%ce%b5%cf%81%ce%b1%ce%bc%ce%af%ce%b4%ce%b9-c3","status":"publish","type":"page","link":"https:\/\/www.ceramicamayor.com\/el\/%cf%80%cf%81%ce%bf%cf%8a%ce%bf%ce%bd%cf%84%ce%b1\/%ce%b1%ce%bd%cf%84%ce%b9%ce%bf%ce%bb%ce%b9%cf%83%ce%b8%ce%b7%cf%84%ce%b9%ce%ba%cf%8c-%ce%ba%ce%b5%cf%81%ce%b1%ce%bc%ce%af%ce%b4%ce%b9-c3\/","title":{"rendered":"\u03b1\u03bd\u03c4\u03b9\u03bf\u03bb\u03b9\u03c3\u03b8\u03b7\u03c4\u03b9\u03ba\u03cc \u03ba\u03b5\u03c1\u03b1\u03bc\u03af\u03b4\u03b9 C3"},"content":{"rendered":"<section class=\"l-section wpb_row height_auto full_height valign_center width_full\"><div class=\"l-section-h i-cf\"><div class=\"g-cols vc_row via_grid cols_1 laptops-cols_inherit tablets-cols_inherit mobiles-cols_1 valign_top type_default stacking_default\"><div class=\"wpb_column vc_column_container\"><div class=\"vc_column-inner\">\n\t\t\t<!-- START pavimento antideslizante REVOLUTION SLIDER 6.7.40 --><p class=\"rs-p-wp-fix\"><\/p>\n\t\t\t<rs-module-wrap id=\"rev_slider_48_1_wrapper\" data-source=\"gallery\" style=\"visibility:hidden;background:transparent;padding:0;\">\n\t\t\t\t<rs-module id=\"rev_slider_48_1\" style=\"\" data-version=\"6.7.40\">\n\t\t\t\t\t<rs-slides style=\"overflow: hidden; position: absolute;\">\n\t\t\t\t\t\t<rs-slide style=\"position: absolute;\" data-key=\"rs-453\" data-title=\"Slide\" data-thumb=\"\/\/www.ceramicamayor.com\/wp-content\/uploads\/2024\/01\/PIES-ANTI-SLIP-50x100.jpg\" data-in=\"o:0;\" data-out=\"a:false;\">\n\t\t\t\t\t\t\t<img decoding=\"async\" src=\"\/\/www.ceramicamayor.com\/wp-content\/plugins\/revslider\/sr6\/assets\/assets\/dummy.png\" alt=\"\" title=\"PIES ANTI SLIP\" width=\"1900\" height=\"1200\" class=\"rev-slidebg tp-rs-img rs-lazyload\" data-lazyload=\"\/\/www.ceramicamayor.com\/wp-content\/uploads\/2024\/01\/PIES-ANTI-SLIP.jpg\" data-bg=\"p:0% 70%;\" data-no-retina>\n<!--\n\t\t\t\t\t\t\t--><rs-layer\n\t\t\t\t\t\t\t\tid=\"slider-48-slide-453-layer-0\" \n\t\t\t\t\t\t\t\tclass=\"rev-scroll-btn rev-b-span-light\"\n\t\t\t\t\t\t\t\tdata-type=\"button\"\n\t\t\t\t\t\t\t\tdata-color=\"#ffffff\"\n\t\t\t\t\t\t\t\tdata-xy=\"x:c;y:b;yo:60px;\"\n\t\t\t\t\t\t\t\tdata-text=\"w:normal;s:17;l:20;ls:1;a:center;\"\n\t\t\t\t\t\t\t\tdata-dim=\"w:35px;h:55px;minw:35px;minh:55px;\"\n\t\t\t\t\t\t\t\tdata-vbility=\"t,f,f,f\"\n\t\t\t\t\t\t\t\tdata-actions='o:click;a:scrollbelow;sp:1000ms;e:power1.inOut;'\n\t\t\t\t\t\t\t\tdata-rsp_o=\"off\"\n\t\t\t\t\t\t\t\tdata-rsp_bd=\"off\"\n\t\t\t\t\t\t\t\tdata-padding=\"t:22;r:14;b:22;l:14;\"\n\t\t\t\t\t\t\t\tdata-border=\"bos:solid;boc:rgba(255,255,255,0.75);bow:3px,3px,3px,3px;bor:23px,23px,23px,23px;\"\n\t\t\t\t\t\t\t\tdata-frame_999=\"o:0;st:w;\"\n\t\t\t\t\t\t\t\tstyle=\"z-index:7;font-family:'Roboto';text-transform:uppercase;\"\n\t\t\t\t\t\t\t><span><\/span><span><\/span><span><\/span> \n\t\t\t\t\t\t\t<\/rs-layer><!--\n\n\t\t\t\t\t\t\t--><rs-layer\n\t\t\t\t\t\t\t\tid=\"slider-48-slide-453-layer-1\" \n\t\t\t\t\t\t\t\tdata-type=\"shape\"\n\t\t\t\t\t\t\t\tdata-rsp_ch=\"on\"\n\t\t\t\t\t\t\t\tdata-xy=\"x:c;y:c;\"\n\t\t\t\t\t\t\t\tdata-text=\"w:normal;\"\n\t\t\t\t\t\t\t\tdata-dim=\"w:100%;h:100%;\"\n\t\t\t\t\t\t\t\tdata-basealign=\"slide\"\n\t\t\t\t\t\t\t\tdata-frame_999=\"o:0;st:w;\"\n\t\t\t\t\t\t\t\tstyle=\"z-index:6;background:linear-gradient(rgba(43,43,43,1) 0%, rgba(30,30,30,0.03) 13%, rgba(12,12,12,0.03) 32%);\"\n\t\t\t\t\t\t\t> \n\t\t\t\t\t\t\t<\/rs-layer><!--\n\n\t\t\t\t\t\t\t--><rs-layer\n\t\t\t\t\t\t\t\tid=\"slider-48-slide-453-layer-2\" \n\t\t\t\t\t\t\t\tclass=\"texto-slider\"\n\t\t\t\t\t\t\t\tdata-type=\"text\"\n\t\t\t\t\t\t\t\tdata-color=\"#ffffff\"\n\t\t\t\t\t\t\t\tdata-rsp_ch=\"on\"\n\t\t\t\t\t\t\t\tdata-xy=\"x:c;y:c;\"\n\t\t\t\t\t\t\t\tdata-text=\"w:normal;a:center;\"\n\t\t\t\t\t\t\t\tdata-dim=\"w:#2\/3#;\"\n\t\t\t\t\t\t\t\tdata-frame_999=\"o:0;st:w;\"\n\t\t\t\t\t\t\t\tstyle=\"z-index:8;font-family:'Playfair Display SC';\"\n\t\t\t\t\t\t\t>PAVIMENTO ANTIDESLIZANTE C3 \n\t\t\t\t\t\t\t<\/rs-layer><!--\n-->\t\t\t\t\t<\/rs-slide>\n\t\t\t\t\t\t<rs-slide style=\"position: absolute;\" data-key=\"rs-472\" data-title=\"Slide\" data-thumb=\"\/\/www.ceramicamayor.com\/wp-content\/uploads\/2023\/08\/IMAGEN-SLIDER-PAVIMENTO-ANTIDESLIZANTE-3-50x100.jpg\" data-in=\"o:0;\" data-out=\"a:false;\">\n\t\t\t\t\t\t\t<img decoding=\"async\" src=\"\/\/www.ceramicamayor.com\/wp-content\/plugins\/revslider\/sr6\/assets\/assets\/dummy.png\" alt=\"\" title=\"IMAGEN SLIDER PAVIMENTO ANTIDESLIZANTE 3\" width=\"2362\" height=\"1100\" class=\"rev-slidebg tp-rs-img rs-lazyload\" data-lazyload=\"\/\/www.ceramicamayor.com\/wp-content\/uploads\/2023\/08\/IMAGEN-SLIDER-PAVIMENTO-ANTIDESLIZANTE-3.jpg\" data-bg=\"p:center bottom;\" data-no-retina>\n<!--\n\t\t\t\t\t\t\t--><rs-layer\n\t\t\t\t\t\t\t\tid=\"slider-48-slide-472-layer-0\" \n\t\t\t\t\t\t\t\tclass=\"rev-scroll-btn rev-b-span-light\"\n\t\t\t\t\t\t\t\tdata-type=\"button\"\n\t\t\t\t\t\t\t\tdata-color=\"#ffffff\"\n\t\t\t\t\t\t\t\tdata-xy=\"x:c;y:b;yo:60px;\"\n\t\t\t\t\t\t\t\tdata-text=\"w:normal;s:17;l:20;ls:1;a:center;\"\n\t\t\t\t\t\t\t\tdata-dim=\"w:35px;h:55px;minw:35px;minh:55px;\"\n\t\t\t\t\t\t\t\tdata-vbility=\"t,f,f,f\"\n\t\t\t\t\t\t\t\tdata-actions='o:click;a:scrollbelow;sp:1000ms;e:power1.inOut;'\n\t\t\t\t\t\t\t\tdata-rsp_o=\"off\"\n\t\t\t\t\t\t\t\tdata-rsp_bd=\"off\"\n\t\t\t\t\t\t\t\tdata-padding=\"t:22;r:14;b:22;l:14;\"\n\t\t\t\t\t\t\t\tdata-border=\"bos:solid;boc:rgba(255,255,255,0.75);bow:3px,3px,3px,3px;bor:23px,23px,23px,23px;\"\n\t\t\t\t\t\t\t\tdata-frame_999=\"o:0;st:w;\"\n\t\t\t\t\t\t\t\tstyle=\"z-index:7;font-family:'Roboto';text-transform:uppercase;\"\n\t\t\t\t\t\t\t><span><\/span><span><\/span><span><\/span> \n\t\t\t\t\t\t\t<\/rs-layer><!--\n\n\t\t\t\t\t\t\t--><rs-layer\n\t\t\t\t\t\t\t\tid=\"slider-48-slide-472-layer-1\" \n\t\t\t\t\t\t\t\tdata-type=\"shape\"\n\t\t\t\t\t\t\t\tdata-rsp_ch=\"on\"\n\t\t\t\t\t\t\t\tdata-xy=\"x:c;y:c;\"\n\t\t\t\t\t\t\t\tdata-text=\"w:normal;\"\n\t\t\t\t\t\t\t\tdata-dim=\"w:100%;h:100%;\"\n\t\t\t\t\t\t\t\tdata-basealign=\"slide\"\n\t\t\t\t\t\t\t\tdata-frame_999=\"o:0;st:w;\"\n\t\t\t\t\t\t\t\tstyle=\"z-index:6;background:linear-gradient(rgba(43,43,43,1) 0%, rgba(30,30,30,0.03) 13%, rgba(12,12,12,0.03) 32%);\"\n\t\t\t\t\t\t\t> \n\t\t\t\t\t\t\t<\/rs-layer><!--\n\n\t\t\t\t\t\t\t--><rs-layer\n\t\t\t\t\t\t\t\tid=\"slider-48-slide-472-layer-2\" \n\t\t\t\t\t\t\t\tclass=\"texto-slider\"\n\t\t\t\t\t\t\t\tdata-type=\"text\"\n\t\t\t\t\t\t\t\tdata-color=\"#ffffff\"\n\t\t\t\t\t\t\t\tdata-rsp_ch=\"on\"\n\t\t\t\t\t\t\t\tdata-xy=\"x:c;y:c;\"\n\t\t\t\t\t\t\t\tdata-text=\"w:normal;a:center;\"\n\t\t\t\t\t\t\t\tdata-dim=\"w:#2\/3#;\"\n\t\t\t\t\t\t\t\tdata-frame_999=\"o:0;st:w;\"\n\t\t\t\t\t\t\t\tstyle=\"z-index:8;font-family:'Playfair Display SC';\"\n\t\t\t\t\t\t\t>PAVIMENTO ANTIDESLIZANTE C3 \n\t\t\t\t\t\t\t<\/rs-layer><!--\n-->\t\t\t\t\t<\/rs-slide>\n\t\t\t\t\t<\/rs-slides>\n\t\t\t\t<\/rs-module>\n\t\t\t\t<script>\n\t\t\t\t\tsetREVStartSize({c: 'rev_slider_48_1',rl:[1240,1024,778,480],el:[900],gw:[1240],gh:[900],type:'standard',justify:'',layout:'fullscreen',offsetContainer:'',offset:'',mh:\"0\"});if (window.RS_MODULES!==undefined && window.RS_MODULES.modules!==undefined && window.RS_MODULES.modules[\"revslider481\"]!==undefined) {window.RS_MODULES.modules[\"revslider481\"].once = false;window.revapi48 = undefined;if (window.RS_MODULES.checkMinimal!==undefined) window.RS_MODULES.checkMinimal()}\n\t\t\t\t<\/script>\n\t\t\t<\/rs-module-wrap>\n\t\t\t<!-- END REVOLUTION SLIDER -->\n<\/div><\/div><\/div><\/div><\/section><section class=\"l-section wpb_row height_small\"><div class=\"l-section-h i-cf\"><div class=\"g-cols vc_row via_grid cols_1 laptops-cols_inherit tablets-cols_inherit mobiles-cols_1 valign_top type_default stacking_default\"><div class=\"wpb_column vc_column_container\"><div class=\"vc_column-inner\"><div class=\"w-separator size_small\"><\/div><div id=\"ultimate-heading-389469fba7f04d3aa\" class=\"uvc-heading ult-adjust-bottom-margin ultimate-heading-389469fba7f04d3aa uvc-9075 \" data-hspacer=\"no_spacer\"  data-halign=\"left\" style=\"text-align:left\"><div class=\"uvc-heading-spacer no_spacer\" style=\"top\"><\/div><div class=\"uvc-main-heading ult-responsive\"  data-ultimate-target='.uvc-heading.ultimate-heading-389469fba7f04d3aa h1'  data-responsive-json-new='{\"font-size\":\"\",\"line-height\":\"\"}' ><h1 style=\"font-weight:normal;\">Pavimento porcel\u00e1nico Antideslizante C3<\/h1><\/div><\/div><div class=\"w-separator size_small\"><\/div><div class=\"wpb_text_column us_custom_432d3f53\"><div class=\"wpb_wrapper\"><p>Los pavimentos porcel\u00e1nicos antideslizantes son una soluci\u00f3n efectiva para garantizar la seguridad en todo tipo de superficies, tanto en interiores como en exteriores. Estas superficies pueden volverse peligrosas cuando est\u00e1n mojadas o expuestas a condiciones h\u00famedas, pero con el uso de pavimentos antideslizantes, se minimizan los riesgos de resbalones, ca\u00eddas y lesiones.<\/p>\n<p>Para medir el grado de resbaladicidad del gres porcel\u00e1nico, se utilizan principalmente dos normativas internacionales ampliamente reconocidas: la norma UNE-ENV 12633, que determina el coeficiente de fricci\u00f3n y, por tanto, la resistencia al deslizamiento de superficies cer\u00e1micas, y la norma DIN 51097, que se enfoca en evaluar la resistencia al deslizamiento de pavimentos en \u00e1reas h\u00famedas, como piscinas, duchas o ba\u00f1os.<\/p>\n<p>En base a estas dos normativas, el gres porcel\u00e1nico antideslizante de Cer\u00e1mica Mayor se clasifica como C3 y, por tanto, es un material con m\u00e1xima eficiencia para prevenir los accidentes y ca\u00eddas en piscinas, zonas h\u00famedas y de alto tr\u00e1nsito.<\/p>\n<\/div><\/div><\/div><\/div><\/div><\/div><\/section><section class=\"l-section wpb_row height_small\"><div class=\"l-section-h i-cf\"><div class=\"g-cols vc_row via_grid cols_3 laptops-cols_inherit tablets-cols_inherit mobiles-cols_1 valign_top type_default stacking_default\"><div class=\"wpb_column vc_column_container\"><div class=\"vc_column-inner\"><div class=\"w-image align_none\"><div class=\"w-image-h\"><img decoding=\"async\" width=\"1020\" height=\"1020\" src=\"https:\/\/www.ceramicamayor.com\/wp-content\/uploads\/2023\/08\/C3-anti-slip-TERAAZA-CON-PISCINA-Y-MOBILIARIO.jpg\" class=\"attachment-large size-large\" alt=\"PAVIMENTO PORCELANICO ANTIDEZLIZANTE C3\" loading=\"lazy\" srcset=\"https:\/\/www.ceramicamayor.com\/wp-content\/uploads\/2023\/08\/C3-anti-slip-TERAAZA-CON-PISCINA-Y-MOBILIARIO.jpg 1020w, https:\/\/www.ceramicamayor.com\/wp-content\/uploads\/2023\/08\/C3-anti-slip-TERAAZA-CON-PISCINA-Y-MOBILIARIO-300x300.jpg 300w, https:\/\/www.ceramicamayor.com\/wp-content\/uploads\/2023\/08\/C3-anti-slip-TERAAZA-CON-PISCINA-Y-MOBILIARIO-150x150.jpg 150w\" sizes=\"auto, (max-width: 1020px) 100vw, 1020px\" \/><\/div><\/div><\/div><\/div><div class=\"wpb_column vc_column_container\"><div class=\"vc_column-inner\"><div class=\"w-image align_none\"><div class=\"w-image-h\"><img decoding=\"async\" width=\"1024\" height=\"1024\" src=\"https:\/\/www.ceramicamayor.com\/wp-content\/uploads\/2023\/08\/C3-anti-slip-IMAGEN-1-WEB-06-1024x1024.jpg\" class=\"attachment-large size-large\" alt=\"SUELO PORCELANICO C3\" loading=\"lazy\" srcset=\"https:\/\/www.ceramicamayor.com\/wp-content\/uploads\/2023\/08\/C3-anti-slip-IMAGEN-1-WEB-06-1024x1024.jpg 1024w, https:\/\/www.ceramicamayor.com\/wp-content\/uploads\/2023\/08\/C3-anti-slip-IMAGEN-1-WEB-06-300x300.jpg 300w, https:\/\/www.ceramicamayor.com\/wp-content\/uploads\/2023\/08\/C3-anti-slip-IMAGEN-1-WEB-06-150x150.jpg 150w, https:\/\/www.ceramicamayor.com\/wp-content\/uploads\/2023\/08\/C3-anti-slip-IMAGEN-1-WEB-06.jpg 1042w\" sizes=\"auto, (max-width: 1024px) 100vw, 1024px\" \/><\/div><\/div><\/div><\/div><div class=\"wpb_column vc_column_container\"><div class=\"vc_column-inner\"><div class=\"w-image align_none\"><div class=\"w-image-h\"><img decoding=\"async\" width=\"1024\" height=\"1024\" src=\"https:\/\/www.ceramicamayor.com\/wp-content\/uploads\/2023\/08\/C3-anti-slip-slider-piscina-ceramica-ceramica-mayor-1-1024x1024.jpg\" class=\"attachment-large size-large\" alt=\"Pavimento porcel\u00e1nico antideslizante c3\" loading=\"lazy\" srcset=\"https:\/\/www.ceramicamayor.com\/wp-content\/uploads\/2023\/08\/C3-anti-slip-slider-piscina-ceramica-ceramica-mayor-1.jpg 1024w, https:\/\/www.ceramicamayor.com\/wp-content\/uploads\/2023\/08\/C3-anti-slip-slider-piscina-ceramica-ceramica-mayor-1-300x300.jpg 300w, https:\/\/www.ceramicamayor.com\/wp-content\/uploads\/2023\/08\/C3-anti-slip-slider-piscina-ceramica-ceramica-mayor-1-150x150.jpg 150w\" sizes=\"auto, (max-width: 1024px) 100vw, 1024px\" \/><\/div><\/div><\/div><\/div><\/div><\/div><\/section><section class=\"l-section wpb_row height_auto\"><div class=\"l-section-overlay\" style=\"background:#ffffff\"><\/div><div class=\"l-section-h i-cf\"><div class=\"g-cols vc_row via_grid cols_2 laptops-cols_inherit tablets-cols_inherit mobiles-cols_1 valign_top type_default stacking_default\"><div class=\"wpb_column vc_column_container\"><div class=\"vc_column-inner\"><div class=\"w-separator size_custom\" style=\"height:5.5vh\"><\/div><div class=\"wpb_text_column\"><div class=\"wpb_wrapper\"><h5><strong>Aplicaciones<\/strong><\/h5>\n<\/div><\/div><div class=\"w-separator size_small\"><\/div><div class=\"wpb_text_column us_custom_432d3f53\"><div class=\"wpb_wrapper\"><p><strong>Espacios comerciales:<\/strong> Los establecimientos comerciales, como restaurantes, tiendas, centros comerciales o incluso espacios sanitarios, pueden conseguir una mayor seguridad con el empleo del pavimentos anti-slip que tambi\u00e9n les permitir\u00e1n cumplimentar las regulaciones que existen en muchas pa\u00edses, ofrecer una mayor confianza a los empleados y clientes y una mayor durabilidad gracias a la resistencia de este material.<\/p>\n<p><strong>Instalaciones industriales:<\/strong> En entornos industriales, donde las superficies pueden estar expuestas a l\u00edquidos y aceites, los pavimentos antideslizantes son esenciales para evitar accidentes y lesiones, permitiendo a los trabajadores realizar su tarea de manera segura. Adem\u00e1s, este pavimento soporta cargas muy pesadas y tiene un mantenimiento sencillo, contribuyendo a un ambiente de trabajo limpio.<\/p>\n<p><strong>Piscinas y \u00e1reas h\u00famedas:<\/strong> Especialmente importante es la colocaci\u00f3n de pavimento antideslizante C3 en piscinas y zonas h\u00famedas para asegurar la integridad f\u00edsica de peque\u00f1os y mayores. Adem\u00e1s, el pavimento antideslizante de Cer\u00e1mica Mayor est\u00e1 disponible en una amplia gama de colores y formatos que te permitir\u00e1 desarrollar cualquier proyecto, siendo resistente tambi\u00e9n a los productos qu\u00edmicos y a la humedad gracias a su baja porosidad.<\/p>\n<p><strong>Aeropuertos y estaciones de transporte:<\/strong> En lugares con alto tr\u00e1nsito de personas y equipaje, como aeropuertos y estaciones de tren o autobuses, los pavimentos antideslizantes mejoran la seguridad y evitan posibles ca\u00eddas, adem\u00e1s de facilitar el desplazamiento de las personas con movilidad reducida y asegurar la resistencia y larga vida del material.<\/p>\n<\/div><\/div><div class=\"w-separator size_small\"><\/div><\/div><\/div><div class=\"wpb_column vc_column_container\"><div class=\"vc_column-inner\"><div class=\"w-separator size_custom\" style=\"height:5.5vh\"><\/div><div class=\"w-separator size_custom\" style=\"height:7vh\"><\/div><div class=\"w-image align_none\"><div class=\"w-image-h\"><img decoding=\"async\" width=\"1020\" height=\"1360\" src=\"https:\/\/www.ceramicamayor.com\/wp-content\/uploads\/2023\/08\/imagen-rooftop-de-noche-pavimento-ceramico-ceramica-mayor.jpg\" class=\"attachment-us_1024_1360_crop size-us_1024_1360_crop\" alt=\"AZULEJOS PARA PISCINAS\" loading=\"lazy\" srcset=\"https:\/\/www.ceramicamayor.com\/wp-content\/uploads\/2023\/08\/imagen-rooftop-de-noche-pavimento-ceramico-ceramica-mayor.jpg 1020w, https:\/\/www.ceramicamayor.com\/wp-content\/uploads\/2023\/08\/imagen-rooftop-de-noche-pavimento-ceramico-ceramica-mayor-225x300.jpg 225w, https:\/\/www.ceramicamayor.com\/wp-content\/uploads\/2023\/08\/imagen-rooftop-de-noche-pavimento-ceramico-ceramica-mayor-768x1024.jpg 768w\" sizes=\"auto, (max-width: 1020px) 100vw, 1020px\" \/><\/div><\/div><\/div><\/div><\/div><\/div><\/section><section class=\"l-section wpb_row height_auto\"><div class=\"l-section-overlay\" style=\"background:#ffffff\"><\/div><div class=\"l-section-h i-cf\"><div class=\"g-cols vc_row via_grid cols_2 laptops-cols_inherit tablets-cols_inherit mobiles-cols_1 valign_top type_default stacking_default\"><div class=\"wpb_column vc_column_container\"><div class=\"vc_column-inner\"><div class=\"w-separator size_custom\" style=\"height:5.5vh\"><\/div><div class=\"w-separator size_custom\" style=\"height:7vh\"><\/div><div class=\"w-image align_none\"><div class=\"w-image-h\"><img decoding=\"async\" width=\"771\" height=\"1024\" src=\"https:\/\/www.ceramicamayor.com\/wp-content\/uploads\/2023\/08\/imagen-ambiente-exterior-pavimento-ceramico-ceramica-mayor-771x1024.jpg\" class=\"attachment-large size-large\" alt=\"\" loading=\"lazy\" srcset=\"https:\/\/www.ceramicamayor.com\/wp-content\/uploads\/2023\/08\/imagen-ambiente-exterior-pavimento-ceramico-ceramica-mayor-771x1024.jpg 771w, https:\/\/www.ceramicamayor.com\/wp-content\/uploads\/2023\/08\/imagen-ambiente-exterior-pavimento-ceramico-ceramica-mayor-226x300.jpg 226w, https:\/\/www.ceramicamayor.com\/wp-content\/uploads\/2023\/08\/imagen-ambiente-exterior-pavimento-ceramico-ceramica-mayor.jpg 1024w\" sizes=\"auto, (max-width: 771px) 100vw, 771px\" \/><\/div><\/div><\/div><\/div><div class=\"wpb_column vc_column_container\"><div class=\"vc_column-inner\"><div class=\"w-separator size_custom\" style=\"height:5.5vh\"><\/div><div class=\"wpb_text_column\"><div class=\"wpb_wrapper\"><h5><strong>Beneficios<\/strong><\/h5>\n<\/div><\/div><div class=\"w-separator size_small\"><\/div><div class=\"wpb_text_column us_custom_432d3f53\"><div class=\"wpb_wrapper\"><p><strong>Seguridad y prevenci\u00f3n de accidentes:<\/strong> La principal ventaja de los pavimentos antideslizantes es su capacidad para prevenir resbalones y ca\u00eddas. Esto los convierte en una opci\u00f3n ideal para piscinas, duchas, ba\u00f1os y \u00e1reas con alta afluencia de personas, como entradas de edificios, zonas de paso, rampas y espacios industriales.<\/p>\n<p><strong>Adaptabilidad a diferentes superficies:<\/strong> Cer\u00e1mica Mayor ha adaptado el acabado antideslizante C3 a baldosas y piezas especiales, como pelda\u00f1os, bordes de piscina, rejillas de drenaje y medias ca\u00f1as, para que el proyecto sea completamente vers\u00e1til, funcional y obtenga la est\u00e9tica deseada manteniendo el f\u00e1cil mantenimiento y la seguridad en todo el entorno.<\/p>\n<p><strong>Resistencia:<\/strong> El pavimento antideslizante puede colocarse en interiores y exteriores al ser altamente resistente al desgaste, pudi\u00e9ndose utilizar en \u00e1reas de alto tr\u00e1nsito, es capaz de soportar cargas pesadas, resiste a la abrasi\u00f3n, a la humedad, gracias a su baja porosidad y absorci\u00f3n de agua, a los productos qu\u00edmicos, a las heladas, al fuego, a los choques t\u00e9rmicos y a los rayos UV, manteniendo su color intacto.<\/p>\n<p><strong>F\u00e1cil mantenimiento<\/strong>: Los pavimentos antideslizantes son f\u00e1ciles de limpiar y mantener gracias a su baja porosidad y su superficie uniforme. Esto reduce la acumulaci\u00f3n de suciedad y garantiza que conserven su efectividad a lo largo del tiempo, siendo resistente a las manchas y a los productos qu\u00edmicos.<\/p>\n<\/div><\/div><\/div><\/div><\/div><\/div><\/section><section class=\"l-section wpb_row height_small\"><div class=\"l-section-h i-cf\"><div class=\"g-cols vc_row via_grid cols_1 laptops-cols_inherit tablets-cols_inherit mobiles-cols_1 valign_top type_default stacking_default\"><div class=\"wpb_column vc_column_container\"><div class=\"vc_column-inner\"><div class=\"w-separator size_custom\" style=\"height:5.5vh\"><\/div><div class=\"wpb_text_column\"><div class=\"wpb_wrapper\"><h5><strong>Video pavimento antideslizante <\/strong><\/h5>\n<\/div><\/div><div class=\"w-separator size_small\"><\/div><div class=\"w-video align_none ratio_16x9 has_iframe\"><div class=\"w-video-h\"><iframe title=\"Youtube video player\" src=\"\/\/www.youtube.com\/embed\/1_95_QXWeds?autoplay=0&controls=1&origin=https:\/\/www.ceramicamayor.com\/el\/&loop=0&mute=0\" allowfullscreen=\"1\" loading=\"lazy\"><\/iframe><\/div><div class=\"w-video-icon\" style=\"font-size:1.5rem;background:rgba(0,0,0,0.5);color:#fff\"><\/div><\/div><div class=\"w-separator size_small\"><\/div><div class=\"wpb_text_column us_custom_432d3f53\"><div class=\"wpb_wrapper\"><p>Los suelos antideslizantes son la opci\u00f3n id\u00f3nea para garantizar la seguridad en superficies resbaladizas. Su capacidad para prevenir accidentes y mejorar la tracci\u00f3n los convierte en una soluci\u00f3n valiosa tanto para espacios exteriores como interiores. Si buscas proteger a tus seres queridos, empleados y clientes de resbalones y ca\u00eddas, instalar el pavimento antideslizante C3 de Cer\u00e1mica Mayor ser\u00e1 la opci\u00f3n perfecta.<\/p>\n<\/div><\/div><\/div><\/div><\/div><\/div><\/section><section class=\"l-section wpb_row height_custom\"><div class=\"l-section-h i-cf\"><div class=\"g-cols vc_row via_grid cols_1 laptops-cols_inherit tablets-cols_inherit mobiles-cols_1 valign_top type_default stacking_default\"><div class=\"wpb_column vc_column_container\"><div class=\"vc_column-inner\"><\/div><\/div><\/div><\/div><\/section>\n","protected":false},"excerpt":{"rendered":"PAVIMENTO ANTIDESLIZANTE C3 PAVIMENTO ANTIDESLIZANTE C3 Pavimento porcel\u00e1nico Antideslizante C3Los pavimentos porcel\u00e1nicos antideslizantes son una soluci\u00f3n efectiva para garantizar la seguridad en todo tipo de superficies, tanto en interiores como en exteriores. Estas superficies pueden volverse peligrosas cuando est\u00e1n mojadas o expuestas a condiciones h\u00famedas, pero con el uso de pavimentos antideslizantes, se minimizan los...","protected":false},"author":5,"featured_media":23038,"parent":9920,"menu_order":180,"comment_status":"closed","ping_status":"closed","template":"","meta":{"_acf_changed":false,"footnotes":""},"uso":[],"formato":[],"coleccion":[],"class_list":["post-18682","page","type-page","status-publish","has-post-thumbnail","hentry"],"acf":[],"_links":{"self":[{"href":"https:\/\/www.ceramicamayor.com\/el\/wp-json\/wp\/v2\/pages\/18682","targetHints":{"allow":["GET"]}}],"collection":[{"href":"https:\/\/www.ceramicamayor.com\/el\/wp-json\/wp\/v2\/pages"}],"about":[{"href":"https:\/\/www.ceramicamayor.com\/el\/wp-json\/wp\/v2\/types\/page"}],"author":[{"embeddable":true,"href":"https:\/\/www.ceramicamayor.com\/el\/wp-json\/wp\/v2\/users\/5"}],"replies":[{"embeddable":true,"href":"https:\/\/www.ceramicamayor.com\/el\/wp-json\/wp\/v2\/comments?post=18682"}],"version-history":[{"count":14,"href":"https:\/\/www.ceramicamayor.com\/el\/wp-json\/wp\/v2\/pages\/18682\/revisions"}],"predecessor-version":[{"id":33987,"href":"https:\/\/www.ceramicamayor.com\/el\/wp-json\/wp\/v2\/pages\/18682\/revisions\/33987"}],"up":[{"embeddable":true,"href":"https:\/\/www.ceramicamayor.com\/el\/wp-json\/wp\/v2\/pages\/9920"}],"wp:featuredmedia":[{"embeddable":true,"href":"https:\/\/www.ceramicamayor.com\/el\/wp-json\/wp\/v2\/media\/23038"}],"wp:attachment":[{"href":"https:\/\/www.ceramicamayor.com\/el\/wp-json\/wp\/v2\/media?parent=18682"}],"wp:term":[{"taxonomy":"uso","embeddable":true,"href":"https:\/\/www.ceramicamayor.com\/el\/wp-json\/wp\/v2\/uso?post=18682"},{"taxonomy":"formato","embeddable":true,"href":"https:\/\/www.ceramicamayor.com\/el\/wp-json\/wp\/v2\/formato?post=18682"},{"taxonomy":"coleccion","embeddable":true,"href":"https:\/\/www.ceramicamayor.com\/el\/wp-json\/wp\/v2\/coleccion?post=18682"}],"curies":[{"name":"wp","href":"https:\/\/api.w.org\/{rel}","templated":true}]}}