{"id":10289,"date":"2023-01-17T10:39:12","date_gmt":"2023-01-17T09:39:12","guid":{"rendered":"https:\/\/ceramicamayor.com\/produit\/colocacion\/"},"modified":"2025-05-15T14:33:47","modified_gmt":"2025-05-15T13:33:47","slug":"pose","status":"publish","type":"page","link":"https:\/\/www.ceramicamayor.com\/fr\/pose\/","title":{"rendered":"Pose"},"content":{"rendered":"<section class=\"l-section wpb_row height_auto full_height valign_center width_full\"><div class=\"l-section-h i-cf\"><div class=\"g-cols vc_row via_grid cols_1 laptops-cols_inherit tablets-cols_inherit mobiles-cols_1 valign_top type_default stacking_default\"><div class=\"wpb_column vc_column_container\"><div class=\"vc_column-inner\">\n\t\t\t<!-- START slidercolocacion REVOLUTION SLIDER 6.7.40 --><p class=\"rs-p-wp-fix\"><\/p>\n\t\t\t<rs-module-wrap id=\"rev_slider_37_1_wrapper\" data-source=\"gallery\" style=\"visibility:hidden;background:transparent;padding:0;\">\n\t\t\t\t<rs-module id=\"rev_slider_37_1\" style=\"\" data-version=\"6.7.40\">\n\t\t\t\t\t<rs-slides style=\"overflow: hidden; position: absolute;\">\n\t\t\t\t\t\t<rs-slide style=\"position: absolute;\" data-key=\"rs-854\" data-title=\"Slide\" data-in=\"o:0;\" data-out=\"a:false;\">\n\t\t\t\t\t\t\t<img decoding=\"async\" src=\"\/\/www.ceramicamayor.com\/wp-content\/plugins\/revslider\/sr6\/assets\/assets\/dummy.png\" alt=\"\" title=\"ST_CREAN_RJ25_MAUI\" width=\"1500\" height=\"1000\" class=\"rev-slidebg tp-rs-img rs-lazyload\" data-lazyload=\"\/\/ceramicamayor.com\/wp-content\/uploads\/2023\/02\/ST_CREAN_RJ25_MAUI.jpg\" data-bg=\"p:center bottom;\" data-no-retina>\n<!--\n\t\t\t\t\t\t\t--><rs-layer\n\t\t\t\t\t\t\t\tid=\"slider-37-slide-854-layer-0\" \n\t\t\t\t\t\t\t\tclass=\"rev-scroll-btn rev-b-span-light\"\n\t\t\t\t\t\t\t\tdata-type=\"button\"\n\t\t\t\t\t\t\t\tdata-color=\"#ffffff\"\n\t\t\t\t\t\t\t\tdata-xy=\"x:c;y:b;yo:60px;\"\n\t\t\t\t\t\t\t\tdata-text=\"w:normal;s:17;l:20;ls:1;a:center;\"\n\t\t\t\t\t\t\t\tdata-dim=\"w:35px;h:55px;minw:35px;minh:55px;\"\n\t\t\t\t\t\t\t\tdata-vbility=\"t,f,f,f\"\n\t\t\t\t\t\t\t\tdata-actions='o:click;a:scrollbelow;sp:1000ms;e:power1.inOut;'\n\t\t\t\t\t\t\t\tdata-rsp_o=\"off\"\n\t\t\t\t\t\t\t\tdata-rsp_bd=\"off\"\n\t\t\t\t\t\t\t\tdata-padding=\"t:22;r:14;b:22;l:14;\"\n\t\t\t\t\t\t\t\tdata-border=\"bos:solid;boc:rgba(255,255,255,0.75);bow:3px,3px,3px,3px;bor:23px,23px,23px,23px;\"\n\t\t\t\t\t\t\t\tdata-frame_999=\"o:0;st:w;\"\n\t\t\t\t\t\t\t\tstyle=\"z-index:7;font-family:'Roboto';text-transform:uppercase;\"\n\t\t\t\t\t\t\t><span><\/span><span><\/span><span><\/span> \n\t\t\t\t\t\t\t<\/rs-layer><!--\n\n\t\t\t\t\t\t\t--><rs-layer\n\t\t\t\t\t\t\t\tid=\"slider-37-slide-854-layer-1\" \n\t\t\t\t\t\t\t\tdata-type=\"shape\"\n\t\t\t\t\t\t\t\tdata-rsp_ch=\"on\"\n\t\t\t\t\t\t\t\tdata-xy=\"x:c;y:c;\"\n\t\t\t\t\t\t\t\tdata-text=\"w:normal;\"\n\t\t\t\t\t\t\t\tdata-dim=\"w:100%;h:100%;\"\n\t\t\t\t\t\t\t\tdata-basealign=\"slide\"\n\t\t\t\t\t\t\t\tdata-frame_999=\"o:0;st:w;\"\n\t\t\t\t\t\t\t\tstyle=\"z-index:6;background:linear-gradient(rgba(12,12,12,1) 0%, rgba(12,12,12,0.03) 20%);\"\n\t\t\t\t\t\t\t> \n\t\t\t\t\t\t\t<\/rs-layer><!--\n\n\t\t\t\t\t\t\t--><rs-layer\n\t\t\t\t\t\t\t\tid=\"slider-37-slide-854-layer-2\" \n\t\t\t\t\t\t\t\tclass=\"texto-slider\"\n\t\t\t\t\t\t\t\tdata-type=\"text\"\n\t\t\t\t\t\t\t\tdata-color=\"#ffffff\"\n\t\t\t\t\t\t\t\tdata-rsp_ch=\"on\"\n\t\t\t\t\t\t\t\tdata-xy=\"x:c;y:c;\"\n\t\t\t\t\t\t\t\tdata-text=\"w:normal;a:center;\"\n\t\t\t\t\t\t\t\tdata-dim=\"w:#2\/3#;\"\n\t\t\t\t\t\t\t\tdata-frame_999=\"o:0;st:w;\"\n\t\t\t\t\t\t\t\tstyle=\"z-index:8;font-family:'Playfair Display';\"\n\t\t\t\t\t\t\t>POSE \n\t\t\t\t\t\t\t<\/rs-layer><!--\n-->\t\t\t\t\t<\/rs-slide>\n\t\t\t\t\t<\/rs-slides>\n\t\t\t\t<\/rs-module>\n\t\t\t\t<script>\n\t\t\t\t\tsetREVStartSize({c: 'rev_slider_37_1',rl:[1240,1024,778,480],el:[900],gw:[1240],gh:[900],type:'standard',justify:'',layout:'fullscreen',offsetContainer:'',offset:'',mh:\"0\"});if (window.RS_MODULES!==undefined && window.RS_MODULES.modules!==undefined && window.RS_MODULES.modules[\"revslider371\"]!==undefined) {window.RS_MODULES.modules[\"revslider371\"].once = false;window.revapi37 = undefined;if (window.RS_MODULES.checkMinimal!==undefined) window.RS_MODULES.checkMinimal()}\n\t\t\t\t<\/script>\n\t\t\t<\/rs-module-wrap>\n\t\t\t<!-- END REVOLUTION SLIDER -->\n<\/div><\/div><\/div><\/div><\/section><section class=\"l-section wpb_row height_small\"><div class=\"l-section-h i-cf\"><div class=\"g-cols vc_row via_grid cols_1 laptops-cols_inherit tablets-cols_inherit mobiles-cols_1 valign_top type_default stacking_default\"><div class=\"wpb_column vc_column_container\"><div class=\"vc_column-inner\"><div class=\"w-separator size_small\"><\/div><div id=\"ultimate-heading-25456a09a097a9d3c\" class=\"uvc-heading ult-adjust-bottom-margin ultimate-heading-25456a09a097a9d3c uvc-1155 \" data-hspacer=\"no_spacer\"  data-halign=\"center\" style=\"text-align:center\"><div class=\"uvc-heading-spacer no_spacer\" style=\"top\"><\/div><div class=\"uvc-main-heading ult-responsive\"  data-ultimate-target='.uvc-heading.ultimate-heading-25456a09a097a9d3c h2'  data-responsive-json-new='{\"font-size\":\"\",\"line-height\":\"\"}' ><h2 style=\"font-family:&#039;Playfair Display&#039;;font-weight:normal;\">Apprenez \u00e0 poser et entretenir nos produits<\/h2><\/div><\/div><div class=\"w-separator size_medium\"><\/div><div class=\"wpb_text_column us_custom_432d3f53\"><div class=\"wpb_wrapper\"><p>A Mayor, nous souhaitons vous aider \u00e0 obtenir un r\u00e9sultat parfait dans l\u2019installation et l\u2019entretien de nos rev\u00eatements de sol en c\u00e9ramique. Vous trouverez ici des didacticiels vid\u00e9o et des guides d\u00e9taill\u00e9s pour un placement correct.<\/p>\n<\/div><\/div><\/div><\/div><\/div><\/div><\/section><section class=\"l-section wpb_row height_auto\"><div class=\"l-section-h i-cf\"><div class=\"g-cols vc_row via_grid cols_1 laptops-cols_inherit tablets-cols_inherit mobiles-cols_1 valign_top type_default stacking_default\"><div class=\"wpb_column vc_column_container\"><div class=\"vc_column-inner\"><div id=\"ultimate-heading-2956a09a097aa597\" class=\"uvc-heading ult-adjust-bottom-margin ultimate-heading-2956a09a097aa597 uvc-3019 \" data-hspacer=\"no_spacer\"  data-halign=\"left\" style=\"text-align:left\"><div class=\"uvc-heading-spacer no_spacer\" style=\"top\"><\/div><div class=\"uvc-main-heading ult-responsive\"  data-ultimate-target='.uvc-heading.ultimate-heading-2956a09a097aa597 h4'  data-responsive-json-new='{\"font-size\":\"\",\"line-height\":\"\"}' ><h4 style=\"font-family:&#039;Playfair Display&#039;;font-weight:normal;\">Mesures<\/h4><\/div><\/div><div class=\"w-separator size_small\"><\/div><div class=\"wpb_text_column us_custom_432d3f53\"><div class=\"wpb_wrapper\"><p>Apprenez \u00e0 installer correctement et facilement des <strong>marches en gr\u00e8s c\u00e9ram<\/strong>e gr\u00e2ce \u00e0 notre tutoriel vid\u00e9o. Suivez pas \u00e0 pas pour obtenir une finition de qualit\u00e9 et garantir la s\u00e9curit\u00e9 avec le <strong>gr\u00e8s c\u00e9rame antid\u00e9rapant C3.<\/strong><\/p>\n<\/div><\/div><div class=\"w-separator size_small\"><\/div><div id=\"ultimate-heading-56056a09a097aa879\" class=\"uvc-heading ult-adjust-bottom-margin ultimate-heading-56056a09a097aa879 uvc-8425 \" data-hspacer=\"no_spacer\"  data-halign=\"left\" style=\"text-align:left\"><div class=\"uvc-heading-spacer no_spacer\" style=\"top\"><\/div><div class=\"uvc-main-heading ult-responsive\"  data-ultimate-target='.uvc-heading.ultimate-heading-56056a09a097aa879 h6'  data-responsive-json-new='{\"font-size\":\"\",\"line-height\":\"\"}' ><h6 style=\"font-family:&#039;Playfair Display&#039;;font-weight:normal;\">Proc\u00e9dure de placement<\/h6><\/div><\/div><div class=\"w-separator size_small\"><\/div><div class=\"wpb_text_column\"><div class=\"wpb_wrapper\"><p><strong>\u00c9tapes cl\u00e9s de l&rsquo;installation<\/strong><\/p>\n<\/div><\/div><div class=\"wpb_text_column us_custom_432d3f53\"><div class=\"wpb_wrapper\"><blockquote>\n<ul>\n<li class=\"\" data-start=\"373\" data-end=\"468\"><strong>Pr\u00e9paration du substrat:<\/strong> Assurer un nivellement, une imperm\u00e9abilisation et un drainage appropri\u00e9s.<\/li>\n<li class=\"\" data-start=\"469\" data-end=\"547\">Nettoyage et am\u00e9nagement: Enlever les d\u00e9chets et marquer les joints de pose.<\/li>\n<li class=\"\" data-start=\"548\" data-end=\"638\"><strong>Adh\u00e9sion et mise en place:<\/strong> Appliquer le ciment-colle flexible C-2 TE S2 avec double colle.<\/li>\n<li class=\"\" data-start=\"639\" data-end=\"740\"><strong>Fixation et jointoiement :<\/strong> Placer les pi\u00e8ces avec un maillet en caoutchouc et utiliser le coulis cimentaire CG2.<\/li>\n<\/ul>\n<\/blockquote>\n<\/div><\/div><div class=\"w-separator size_small\"><\/div><div id=\"ultimate-heading-70246a09a097aacb0\" class=\"uvc-heading ult-adjust-bottom-margin ultimate-heading-70246a09a097aacb0 uvc-8449 \" data-hspacer=\"no_spacer\"  data-halign=\"left\" style=\"text-align:left\"><div class=\"uvc-heading-spacer no_spacer\" style=\"top\"><\/div><div class=\"uvc-main-heading ult-responsive\"  data-ultimate-target='.uvc-heading.ultimate-heading-70246a09a097aacb0 h6'  data-responsive-json-new='{\"font-size\":\"\",\"line-height\":\"\"}' ><h6 style=\"font-family:&#039;Playfair Display&#039;;font-weight:normal;\">D\u00e9couvrez le processus complet dans notre vid\u00e9o<\/h6><\/div><\/div><div class=\"w-separator size_small\"><\/div><div class=\"w-video align_none ratio_16x9 has_iframe\"><div class=\"w-video-h\"><iframe title=\"Youtube video player\" src=\"\/\/www.youtube.com\/embed\/B75s6Rqsaaw?autoplay=0&controls=1&origin=https:\/\/www.ceramicamayor.com\/fr\/&loop=0&mute=0\" allowfullscreen=\"1\" loading=\"lazy\"><\/iframe><\/div><div class=\"w-video-icon\" style=\"font-size:1.5rem;background:rgba(0,0,0,0.5);color:#fff\"><\/div><\/div><\/div><\/div><\/div><\/div><\/section><section class=\"l-section wpb_row height_small\"><div class=\"l-section-h i-cf\"><div class=\"g-cols vc_row via_grid cols_1 laptops-cols_inherit tablets-cols_inherit mobiles-cols_1 valign_top type_default stacking_default\"><div class=\"wpb_column vc_column_container\"><div class=\"vc_column-inner\"><div id=\"ultimate-heading-5216a09a097ab6f7\" class=\"uvc-heading ult-adjust-bottom-margin ultimate-heading-5216a09a097ab6f7 uvc-7310 \" data-hspacer=\"no_spacer\"  data-halign=\"left\" style=\"text-align:left\"><div class=\"uvc-heading-spacer no_spacer\" style=\"top\"><\/div><div class=\"uvc-main-heading ult-responsive\"  data-ultimate-target='.uvc-heading.ultimate-heading-5216a09a097ab6f7 h4'  data-responsive-json-new='{\"font-size\":\"\",\"line-height\":\"\"}' ><h4 style=\"font-family:&#039;Playfair Display&#039;;font-weight:normal;\">Demi-tours<\/h4><\/div><\/div><div class=\"w-separator size_small\"><\/div><div class=\"wpb_text_column us_custom_432d3f53\"><div class=\"wpb_wrapper\"><p>Dans cette courte vid\u00e9o de Mayor, nous expliquons de mani\u00e8re simple et \u00e9tape par \u00e9tape le processus de placement de pi\u00e8ces demi-rondes dans une piscine, en apportant de la qualit\u00e9 aux finitions. De plus, les pi\u00e8ces demi-rondes contribuent \u00e0 la s\u00e9curit\u00e9 des utilisateurs en \u00e9vitant les angles droits. Nous recommandons \u00e9galement d&rsquo;installer du gr\u00e8s c\u00e9rame antid\u00e9rapant, l&rsquo;une de nos caract\u00e9ristiques, dans ce type de construction aquatique.<\/p>\n<p>Ce mat\u00e9riau est r\u00e9sistant aux produits chimiques, une caract\u00e9ristique \u00e0 prendre en compte lors de l&rsquo;installation de c\u00e9ramiques \u00e0 l&rsquo;int\u00e9rieur des piscines, car il r\u00e9sistera aux produits d&rsquo;entretien de l&rsquo;eau.<\/p>\n<\/div><\/div><div class=\"w-separator size_small\"><\/div><div id=\"ultimate-heading-73476a09a097ab9c6\" class=\"uvc-heading ult-adjust-bottom-margin ultimate-heading-73476a09a097ab9c6 uvc-4810 \" data-hspacer=\"no_spacer\"  data-halign=\"left\" style=\"text-align:left\"><div class=\"uvc-heading-spacer no_spacer\" style=\"top\"><\/div><div class=\"uvc-main-heading ult-responsive\"  data-ultimate-target='.uvc-heading.ultimate-heading-73476a09a097ab9c6 h6'  data-responsive-json-new='{\"font-size\":\"\",\"line-height\":\"\"}' ><h6 style=\"font-family:&#039;Playfair Display&#039;;font-weight:normal;\">Proc\u00e9dure de placement<\/h6><\/div><\/div><div class=\"w-separator size_small\"><\/div><div class=\"wpb_text_column\"><div class=\"wpb_wrapper\"><p><strong>\u00c9tapes cl\u00e9s de l&rsquo;installation<\/strong><\/p>\n<\/div><\/div><div class=\"wpb_text_column us_custom_432d3f53\"><div class=\"wpb_wrapper\"><ul>\n<li class=\"\" data-start=\"373\" data-end=\"468\">\n<p class=\"\" data-start=\"375\" data-end=\"468\"><strong>Pr\u00e9paration du substrat:<\/strong> Assurer un nivellement, une imperm\u00e9abilisation et un drainage appropri\u00e9s.<\/p>\n<\/li>\n<li class=\"\" data-start=\"469\" data-end=\"547\"><strong>Nettoyage et am\u00e9nagement:<\/strong> Enlever les d\u00e9chets et marquer les joints de pose.<\/li>\n<li class=\"\" data-start=\"548\" data-end=\"638\"><strong>Adh\u00e9sion et mise en place:<\/strong> Appliquer le ciment-colle flexible C-2 TE S2 avec double colle.<\/li>\n<li class=\"\" data-start=\"639\" data-end=\"740\"><strong>Fixation et jointoiement:<\/strong> Placer les pi\u00e8ces avec un maillet en caoutchouc et utiliser le coulis cimentaire CG2.<\/li>\n<\/ul>\n<\/div><\/div><div id=\"ultimate-heading-29446a09a097abd40\" class=\"uvc-heading ult-adjust-bottom-margin ultimate-heading-29446a09a097abd40 uvc-7669 \" data-hspacer=\"no_spacer\"  data-halign=\"left\" style=\"text-align:left\"><div class=\"uvc-heading-spacer no_spacer\" style=\"top\"><\/div><div class=\"uvc-main-heading ult-responsive\"  data-ultimate-target='.uvc-heading.ultimate-heading-29446a09a097abd40 h6'  data-responsive-json-new='{\"font-size\":\"\",\"line-height\":\"\"}' ><h6 style=\"font-family:&#039;Playfair Display&#039;;font-weight:normal;\">D\u00e9couvrez le processus complet dans notre vid\u00e9o<\/h6><\/div><\/div><div class=\"w-separator size_small\"><\/div><div class=\"w-video align_none ratio_16x9 has_iframe\"><div class=\"w-video-h\"><iframe title=\"Youtube video player\" src=\"\/\/www.youtube.com\/embed\/N1Fogvo3xjI?autoplay=0&controls=1&origin=https:\/\/www.ceramicamayor.com\/fr\/&loop=0&mute=0\" allowfullscreen=\"1\" loading=\"lazy\"><\/iframe><\/div><div class=\"w-video-icon\" style=\"font-size:1.5rem;background:rgba(0,0,0,0.5);color:#fff\"><\/div><\/div><\/div><\/div><\/div><\/div><\/section><section class=\"l-section wpb_row height_small\"><div class=\"l-section-h i-cf\"><div class=\"g-cols vc_row via_grid cols_1 laptops-cols_inherit tablets-cols_inherit mobiles-cols_1 valign_top type_default stacking_default\"><div class=\"wpb_column vc_column_container\"><div class=\"vc_column-inner\"><div id=\"ultimate-heading-46446a09a097ac2e1\" class=\"uvc-heading ult-adjust-bottom-margin ultimate-heading-46446a09a097ac2e1 uvc-4405 \" data-hspacer=\"no_spacer\"  data-halign=\"left\" style=\"text-align:left\"><div class=\"uvc-heading-spacer no_spacer\" style=\"top\"><\/div><div class=\"uvc-main-heading ult-responsive\"  data-ultimate-target='.uvc-heading.ultimate-heading-46446a09a097ac2e1 h4'  data-responsive-json-new='{\"font-size\":\"\",\"line-height\":\"\"}' ><h4 style=\"font-family:&#039;Playfair Display&#039;;font-weight:normal;\">Piscines<\/h4><\/div><\/div><div class=\"w-separator size_small\"><\/div><div class=\"wpb_text_column us_custom_432d3f53\"><div class=\"wpb_wrapper\"><p>Apprenez \u00e0 installer des pav\u00e9s en c\u00e9ramique dans les piscines gr\u00e2ce \u00e0 notre didacticiel vid\u00e9o et obtenez une finition s\u00fbre et durable. D\u00e9couvrez \u00e9galement comment placer le <strong>Block System<\/strong> comme canal de drainage dans le b\u00e9ton pour assurer une \u00e9vacuation efficace de l&rsquo;eau.<\/p>\n<\/div><\/div><div class=\"w-separator size_small\"><\/div><div id=\"ultimate-heading-62236a09a097ac5b9\" class=\"uvc-heading ult-adjust-bottom-margin ultimate-heading-62236a09a097ac5b9 uvc-7244 \" data-hspacer=\"no_spacer\"  data-halign=\"left\" style=\"text-align:left\"><div class=\"uvc-heading-spacer no_spacer\" style=\"top\"><\/div><div class=\"uvc-main-heading ult-responsive\"  data-ultimate-target='.uvc-heading.ultimate-heading-62236a09a097ac5b9 h6'  data-responsive-json-new='{\"font-size\":\"\",\"line-height\":\"\"}' ><h6 style=\"font-family:&#039;Playfair Display&#039;;font-weight:normal;\">Proc\u00e9dure de placement<\/h6><\/div><\/div><div class=\"w-separator size_small\"><\/div><div class=\"wpb_text_column\"><div class=\"wpb_wrapper\"><p><strong>\u00c9tapes cl\u00e9s de l&rsquo;installation<\/strong><\/p>\n<\/div><\/div><div class=\"wpb_text_column us_custom_432d3f53\"><div class=\"wpb_wrapper\"><ul>\n<li data-start=\"339\" data-end=\"446\"><strong>Pr\u00e9paration du support:<\/strong>\u00a0 Assurer une surface plane, imperm\u00e9abilis\u00e9e et suffisamment inclin\u00e9e.<\/li>\n<li class=\"\" data-start=\"447\" data-end=\"544\"><strong>Choix de l&rsquo;adh\u00e9sif:<\/strong>\u00a0 Utilisez le ciment adh\u00e9sif flexible C-2 TE S2 pour une fixation solide.<\/li>\n<li class=\"\" data-start=\"545\" data-end=\"638\">\n<p class=\"\" data-start=\"547\" data-end=\"638\"><strong>Pose du rev\u00eatement de sol:<\/strong> Appliquer un double encollage et fixer les pi\u00e8ces avec un maillet en caoutchouc.<\/p>\n<\/li>\n<li class=\"\" data-start=\"639\" data-end=\"736\">\n<p class=\"\" data-start=\"641\" data-end=\"736\"><strong>Installation du syst\u00e8me de blocs:<\/strong> Fixez correctement la goutti\u00e8re pour un drainage efficace.<\/p>\n<\/li>\n<li class=\"\" data-start=\"737\" data-end=\"826\">\n<p class=\"\" data-start=\"739\" data-end=\"826\"><strong>Jointoiement et finition:<\/strong> utilisez le coulis cimentaire CG2 pour une plus grande durabilit\u00e9.<\/p>\n<\/li>\n<\/ul>\n<\/div><\/div><div id=\"ultimate-heading-20906a09a097ac942\" class=\"uvc-heading ult-adjust-bottom-margin ultimate-heading-20906a09a097ac942 uvc-799 \" data-hspacer=\"no_spacer\"  data-halign=\"left\" style=\"text-align:left\"><div class=\"uvc-heading-spacer no_spacer\" style=\"top\"><\/div><div class=\"uvc-main-heading ult-responsive\"  data-ultimate-target='.uvc-heading.ultimate-heading-20906a09a097ac942 h6'  data-responsive-json-new='{\"font-size\":\"\",\"line-height\":\"\"}' ><h6 style=\"font-family:&#039;Playfair Display&#039;;font-weight:normal;\">D\u00e9couvrez le processus complet dans notre vid\u00e9o<\/h6><\/div><\/div><div class=\"w-separator size_small\"><\/div><div class=\"w-video align_center ratio_16x9 with_overlay has_iframe\" style=\"background-image:url(https:\/\/www.ceramicamayor.com\/wp-content\/uploads\/2025\/02\/RENDER-BLOCK25BPCRRJ25-FLEX.jpg);\" onclick=\"return {&quot;player_id&quot;:&quot;youtube-we0b&quot;,&quot;player_api&quot;:&quot;\\\/\\\/www.youtube.com\\\/player_api&quot;,&quot;player_html&quot;:&quot;&lt;div id=\\&quot;youtube-we0b\\&quot;&gt;&lt;\\\/div&gt;&lt;script&gt;\\r\\n\\t\\t\\twindow.USYTPlayers = ( window.USYTPlayers || { initYTFunctions: [], optionsYT: [], USYTInited: false } );\\r\\n\\t\\t\\twindow.USYTPlayers.optionsYT.push( {\\r\\n\\t\\t\\t\\tplayerID: \\&quot;youtube-we0b\\&quot;,\\r\\n\\t\\t\\t\\tvideoID: \\&quot;HRqRc4y6VKU\\&quot;,\\r\\n\\t\\t\\t\\tplayerVars: {\\&quot;autoplay\\&quot;:1,\\&quot;controls\\&quot;:0,\\&quot;origin\\&quot;:\\&quot;https:\\\\\\\/\\\\\\\/www.ceramicamayor.com\\\\\\\/fr\\\\\\\/\\&quot;,\\&quot;loop\\&quot;:0,\\&quot;mute\\&quot;:0,\\&quot;playlist\\&quot;:\\&quot;HRqRc4y6VKU\\&quot;}\\r\\n\\t\\t\\t} );\\r\\n\\t\\t\\tif ( window.USYTPlayers.USYTInited === false ) {\\r\\n\\t\\t\\t\\t\\\/\\\/ Trying to override other possible WP YT API calls if our element is used\\r\\n\\t\\t\\t\\twindow.USYTPlayers.USYTInited = true;\\r\\n\\r\\n\\t\\t\\t\\twindow.onYouTubePlayerAPIReady = function() {\\r\\n\\t\\t\\t\\t\\tfor ( var i in window.USYTPlayers.optionsYT ) {\\r\\n\\t\\t\\t\\t\\t\\tvar _playerParams = window.USYTPlayers.optionsYT[ i ];\\r\\n\\t\\t\\t\\t\\t\\t$us.YTPlayers[ _playerParams.playerID ] = new YT.Player( _playerParams.playerID, {\\r\\n\\t\\t\\t\\t\\t\\t\\tvideoId: _playerParams.videoID,\\r\\n\\t\\t\\t\\t\\t\\t\\tplayerVars: _playerParams.playerVars\\r\\n\\t\\t\\t\\t\\t\\t} );\\r\\n\\t\\t\\t\\t\\t}\\r\\n\\t\\t\\t\\t}\\r\\n\\t\\t\\t}\\r\\n\\t\\t\\tif ( !!window.YT ) {\\r\\n\\t\\t\\t\\t$us.YTPlayers[\\&quot;youtube-we0b\\&quot;] = new YT.Player( \\&quot;youtube-we0b\\&quot;, {\\r\\n\\t\\t\\t\\t\\tvideoId: \\&quot;HRqRc4y6VKU\\&quot;,\\r\\n\\t\\t\\t\\t\\tplayerVars: {\\&quot;autoplay\\&quot;:1,\\&quot;controls\\&quot;:0,\\&quot;origin\\&quot;:\\&quot;https:\\\\\\\/\\\\\\\/www.ceramicamayor.com\\\\\\\/fr\\\\\\\/\\&quot;,\\&quot;loop\\&quot;:0,\\&quot;mute\\&quot;:0,\\&quot;playlist\\&quot;:\\&quot;HRqRc4y6VKU\\&quot;}\\r\\n\\t\\t\\t\\t} );\\r\\n\\t\\t\\t}\\r\\n\\t\\t&lt;\\\/script&gt;&quot;}\"><div class=\"w-video-h\"><\/div><div class=\"w-video-icon\" style=\"font-size:1.5rem;background:rgba(0,0,0,0.5);color:#ffffff\"><\/div><\/div><div class=\"w-separator size_medium\"><\/div><\/div><\/div><\/div><\/div><\/section><section class=\"l-section wpb_row height_small\"><div class=\"l-section-h i-cf\"><div class=\"g-cols vc_row via_grid cols_1 laptops-cols_inherit tablets-cols_inherit mobiles-cols_1 valign_bottom type_default stacking_default\"><div class=\"wpb_column vc_column_container\"><div class=\"vc_column-inner\"><\/div><\/div><\/div><\/div><\/section>\n","protected":false},"excerpt":{"rendered":"POSE Apprenez \u00e0 poser et entretenir nos produitsA Mayor, nous souhaitons vous aider \u00e0 obtenir un r\u00e9sultat parfait dans l\u2019installation et l\u2019entretien de nos rev\u00eatements de sol en c\u00e9ramique. Vous trouverez ici des didacticiels vid\u00e9o et des guides d\u00e9taill\u00e9s pour un placement correct. MesuresApprenez \u00e0 installer correctement et facilement des marches en gr\u00e8s c\u00e9rame gr\u00e2ce...","protected":false},"author":2,"featured_media":666,"parent":0,"menu_order":376,"comment_status":"closed","ping_status":"closed","template":"","meta":{"_acf_changed":false,"footnotes":""},"uso":[],"formato":[],"coleccion":[],"class_list":["post-10289","page","type-page","status-publish","has-post-thumbnail","hentry"],"acf":[],"_links":{"self":[{"href":"https:\/\/www.ceramicamayor.com\/fr\/wp-json\/wp\/v2\/pages\/10289","targetHints":{"allow":["GET"]}}],"collection":[{"href":"https:\/\/www.ceramicamayor.com\/fr\/wp-json\/wp\/v2\/pages"}],"about":[{"href":"https:\/\/www.ceramicamayor.com\/fr\/wp-json\/wp\/v2\/types\/page"}],"author":[{"embeddable":true,"href":"https:\/\/www.ceramicamayor.com\/fr\/wp-json\/wp\/v2\/users\/2"}],"replies":[{"embeddable":true,"href":"https:\/\/www.ceramicamayor.com\/fr\/wp-json\/wp\/v2\/comments?post=10289"}],"version-history":[{"count":5,"href":"https:\/\/www.ceramicamayor.com\/fr\/wp-json\/wp\/v2\/pages\/10289\/revisions"}],"predecessor-version":[{"id":36703,"href":"https:\/\/www.ceramicamayor.com\/fr\/wp-json\/wp\/v2\/pages\/10289\/revisions\/36703"}],"wp:featuredmedia":[{"embeddable":true,"href":"https:\/\/www.ceramicamayor.com\/fr\/wp-json\/wp\/v2\/media\/666"}],"wp:attachment":[{"href":"https:\/\/www.ceramicamayor.com\/fr\/wp-json\/wp\/v2\/media?parent=10289"}],"wp:term":[{"taxonomy":"uso","embeddable":true,"href":"https:\/\/www.ceramicamayor.com\/fr\/wp-json\/wp\/v2\/uso?post=10289"},{"taxonomy":"formato","embeddable":true,"href":"https:\/\/www.ceramicamayor.com\/fr\/wp-json\/wp\/v2\/formato?post=10289"},{"taxonomy":"coleccion","embeddable":true,"href":"https:\/\/www.ceramicamayor.com\/fr\/wp-json\/wp\/v2\/coleccion?post=10289"}],"curies":[{"name":"wp","href":"https:\/\/api.w.org\/{rel}","templated":true}]}}