{"id":10775,"date":"2022-12-14T10:37:37","date_gmt":"2022-12-14T09:37:37","guid":{"rendered":"https:\/\/ceramicamayor.com\/fabricantes-pavimentos-ceramicos\/"},"modified":"2025-02-03T11:51:51","modified_gmt":"2025-02-03T10:51:51","slug":"corporatif","status":"publish","type":"page","link":"https:\/\/www.ceramicamayor.com\/fr\/corporatif\/","title":{"rendered":"Corporatif"},"content":{"rendered":"<section class=\"l-section wpb_row height_auto full_height valign_center width_full\"><div class=\"l-section-h i-cf\"><div class=\"g-cols vc_row via_grid cols_1 laptops-cols_inherit tablets-cols_inherit mobiles-cols_1 valign_top type_default stacking_default\"><div class=\"wpb_column vc_column_container\"><div class=\"vc_column-inner\">\n\t\t\t<!-- START slidernosotros REVOLUTION SLIDER 6.7.40 --><p class=\"rs-p-wp-fix\"><\/p>\n\t\t\t<rs-module-wrap id=\"rev_slider_7_1_wrapper\" data-source=\"gallery\" style=\"visibility:hidden;background:transparent;padding:0;\">\n\t\t\t\t<rs-module id=\"rev_slider_7_1\" style=\"\" data-version=\"6.7.40\">\n\t\t\t\t\t<rs-slides style=\"overflow: hidden; position: absolute;\">\n\t\t\t\t\t\t<rs-slide style=\"position: absolute;\" data-key=\"rs-152\" data-title=\"Slide\" data-in=\"o:0;\" data-out=\"a:false;\">\n\t\t\t\t\t\t\t<img decoding=\"async\" src=\"\/\/www.ceramicamayor.com\/wp-content\/plugins\/revslider\/sr6\/assets\/assets\/dummy.png\" alt=\"\" title=\"fondo-cabecera-cements-1\" width=\"2560\" height=\"1808\" class=\"rev-slidebg tp-rs-img rs-lazyload\" data-lazyload=\"\/\/ceramicamayor.com\/wp-content\/uploads\/2022\/12\/fondo-cabecera-cements-1-scaled.jpg\" data-no-retina>\n<!--\n\t\t\t\t\t\t\t--><rs-layer\n\t\t\t\t\t\t\t\tid=\"slider-7-slide-152-layer-0\" \n\t\t\t\t\t\t\t\tclass=\"rev-scroll-btn rev-b-span-light\"\n\t\t\t\t\t\t\t\tdata-type=\"button\"\n\t\t\t\t\t\t\t\tdata-color=\"#ffffff\"\n\t\t\t\t\t\t\t\tdata-xy=\"x:c;y:b;yo:60px;\"\n\t\t\t\t\t\t\t\tdata-text=\"w:normal;s:17;l:20;ls:1;a:center;\"\n\t\t\t\t\t\t\t\tdata-dim=\"w:35px;h:55px;minw:35px;minh:55px;\"\n\t\t\t\t\t\t\t\tdata-vbility=\"t,f,f,f\"\n\t\t\t\t\t\t\t\tdata-actions='o:click;a:scrollbelow;sp:1000ms;e:power1.inOut;'\n\t\t\t\t\t\t\t\tdata-rsp_o=\"off\"\n\t\t\t\t\t\t\t\tdata-rsp_bd=\"off\"\n\t\t\t\t\t\t\t\tdata-padding=\"t:22;r:14;b:22;l:14;\"\n\t\t\t\t\t\t\t\tdata-border=\"bos:solid;boc:rgba(255,255,255,0.75);bow:3px,3px,3px,3px;bor:23px,23px,23px,23px;\"\n\t\t\t\t\t\t\t\tdata-frame_999=\"o:0;st:w;\"\n\t\t\t\t\t\t\t\tstyle=\"z-index:7;font-family:'Roboto';text-transform:uppercase;\"\n\t\t\t\t\t\t\t><span><\/span><span><\/span><span><\/span> \n\t\t\t\t\t\t\t<\/rs-layer><!--\n\n\t\t\t\t\t\t\t--><rs-layer\n\t\t\t\t\t\t\t\tid=\"slider-7-slide-152-layer-1\" \n\t\t\t\t\t\t\t\tdata-type=\"shape\"\n\t\t\t\t\t\t\t\tdata-rsp_ch=\"on\"\n\t\t\t\t\t\t\t\tdata-xy=\"x:c;y:c;\"\n\t\t\t\t\t\t\t\tdata-text=\"w:normal;\"\n\t\t\t\t\t\t\t\tdata-dim=\"w:100%;h:100%;\"\n\t\t\t\t\t\t\t\tdata-basealign=\"slide\"\n\t\t\t\t\t\t\t\tdata-frame_999=\"o:0;st:w;\"\n\t\t\t\t\t\t\t\tstyle=\"z-index:6;background:linear-gradient(rgba(12,12,12,1) 0%, rgba(12,12,12,0.03) 20%);\"\n\t\t\t\t\t\t\t> \n\t\t\t\t\t\t\t<\/rs-layer><!--\n\n\t\t\t\t\t\t\t--><rs-layer\n\t\t\t\t\t\t\t\tid=\"slider-7-slide-152-layer-2\" \n\t\t\t\t\t\t\t\tclass=\"texto-slider\"\n\t\t\t\t\t\t\t\tdata-type=\"text\"\n\t\t\t\t\t\t\t\tdata-color=\"#ffffff\"\n\t\t\t\t\t\t\t\tdata-rsp_ch=\"on\"\n\t\t\t\t\t\t\t\tdata-xy=\"x:c;y:c;\"\n\t\t\t\t\t\t\t\tdata-text=\"w:normal;a:center;\"\n\t\t\t\t\t\t\t\tdata-dim=\"w:#2\/3#;\"\n\t\t\t\t\t\t\t\tdata-frame_999=\"o:0;st:w;\"\n\t\t\t\t\t\t\t\tstyle=\"z-index:8;font-family:'dinpro';\"\n\t\t\t\t\t\t\t>NOUS SOMMES CER\u00c1MICA MAYOR \n\t\t\t\t\t\t\t<\/rs-layer><!--\n-->\t\t\t\t\t<\/rs-slide>\n\t\t\t\t\t<\/rs-slides>\n\t\t\t\t<\/rs-module>\n\t\t\t\t<script>\n\t\t\t\t\tsetREVStartSize({c: 'rev_slider_7_1',rl:[1240,1024,778,480],el:[900],gw:[1240],gh:[900],type:'standard',justify:'',layout:'fullscreen',offsetContainer:'',offset:'',mh:\"0\"});if (window.RS_MODULES!==undefined && window.RS_MODULES.modules!==undefined && window.RS_MODULES.modules[\"revslider71\"]!==undefined) {window.RS_MODULES.modules[\"revslider71\"].once = false;window.revapi7 = undefined;if (window.RS_MODULES.checkMinimal!==undefined) window.RS_MODULES.checkMinimal()}\n\t\t\t\t<\/script>\n\t\t\t<\/rs-module-wrap>\n\t\t\t<!-- END REVOLUTION SLIDER -->\n<\/div><\/div><\/div><\/div><\/section><section class=\"l-section wpb_row height_custom\"><div class=\"l-section-h i-cf\"><div class=\"g-cols vc_row via_grid cols_1 laptops-cols_inherit tablets-cols_inherit mobiles-cols_1 valign_top type_default stacking_default\"><div class=\"wpb_column vc_column_container\"><div class=\"vc_column-inner\"><div id=\"ultimate-heading-827369f510c842f46\" class=\"uvc-heading ult-adjust-bottom-margin ultimate-heading-827369f510c842f46 uvc-9897 \" data-hspacer=\"no_spacer\"  data-halign=\"left\" style=\"text-align:left\"><div class=\"uvc-heading-spacer no_spacer\" style=\"top\"><\/div><div class=\"uvc-main-heading ult-responsive\"  data-ultimate-target='.uvc-heading.ultimate-heading-827369f510c842f46 h3'  data-responsive-json-new='{\"font-size\":\"\",\"line-height\":\"\"}' ><h3 style=\"font-weight:normal;\">\u00c0 propos de nous<\/h3><\/div><\/div><\/div><\/div><\/div><\/div><\/section><section class=\"l-section wpb_row height_auto\"><div class=\"l-section-h i-cf\"><div class=\"g-cols vc_row via_grid cols_2 laptops-cols_inherit tablets-cols_inherit mobiles-cols_1 valign_top type_default stacking_default\"><div class=\"wpb_column vc_column_container\"><div class=\"vc_column-inner\"><div id=\"ultimate-heading-481669f510c84352c\" class=\"uvc-heading ult-adjust-bottom-margin ultimate-heading-481669f510c84352c uvc-8230 \" data-hspacer=\"no_spacer\"  data-halign=\"left\" style=\"text-align:left\"><div class=\"uvc-heading-spacer no_spacer\" style=\"top\"><\/div><div class=\"uvc-main-heading ult-responsive\"  data-ultimate-target='.uvc-heading.ultimate-heading-481669f510c84352c h6'  data-responsive-json-new='{\"font-size\":\"\",\"line-height\":\"\"}' ><h6 style=\"font-weight:normal;\">La tradition<\/h6><\/div><\/div><div class=\"w-separator size_small\"><\/div><div class=\"wpb_text_column\"><div class=\"wpb_wrapper\"><p>Cer\u00e1mica Mayor S.A. est une entreprise leader dans la fabrication de mat\u00e9riaux extrud\u00e9s, avec une longue tradition dans la production de rev\u00eatements de sol et de pi\u00e8ces sp\u00e9ciales, aussi bien en finition naturelle qu&rsquo;\u00e9maill\u00e9e. L&rsquo;entreprise a \u00e9t\u00e9 fond\u00e9e au si\u00e8cle dernier par M. Fernando Mayor Boluda et est aujourd&rsquo;hui dirig\u00e9e par les fr\u00e8res Mayor. Depuis ses d\u00e9buts, elle a conserv\u00e9 intactes ses valeurs, ses croyances et ses coutumes; les transmettant ainsi de g\u00e9n\u00e9ration en g\u00e9n\u00e9ration en les appliquant \u00e0 chacune de ses formes d&rsquo;expression.<\/p>\n<\/div><\/div><div class=\"w-separator size_huge\"><\/div><div id=\"ultimate-heading-771369f510c843c41\" class=\"uvc-heading ult-adjust-bottom-margin ultimate-heading-771369f510c843c41 uvc-3961 \" data-hspacer=\"no_spacer\"  data-halign=\"left\" style=\"text-align:left\"><div class=\"uvc-heading-spacer no_spacer\" style=\"top\"><\/div><div class=\"uvc-main-heading ult-responsive\"  data-ultimate-target='.uvc-heading.ultimate-heading-771369f510c843c41 h6'  data-responsive-json-new='{\"font-size\":\"\",\"line-height\":\"\"}' ><h6 style=\"font-weight:normal;\">L'exp\u00e9rience<\/h6><\/div><\/div><div class=\"w-separator size_small\"><\/div><div class=\"wpb_text_column\"><div class=\"wpb_wrapper\"><p>Nous sommes une entreprise familiale avec le savoir-faire de trois g\u00e9n\u00e9rations. De la premi\u00e8re g\u00e9n\u00e9ration, qui nous a transmis la connaissance des argiles et du feu, en passant par la g\u00e9n\u00e9ration des entrepreneurs qui a transform\u00e9 le concept d&rsquo;une entreprise manuelle en une usine dot\u00e9e d&rsquo;une technologie et de machines de pointe, jusqu&rsquo;\u00e0 la derni\u00e8re et plus r\u00e9cente g\u00e9n\u00e9ration, qui tente d&rsquo;utiliser les nouvelles technologies pour am\u00e9liorer notre produit.<\/p>\n<\/div><\/div><\/div><\/div><div class=\"wpb_column vc_column_container us_custom_eb6bb3b0 has_bg_color\"><div class=\"vc_column-inner\"><div class=\"w-separator size_huge\"><\/div><\/div><\/div><\/div><\/div><\/section><section class=\"l-section wpb_row height_auto\"><div class=\"l-section-h i-cf\"><div class=\"g-cols vc_row via_grid cols_1 laptops-cols_inherit tablets-cols_inherit mobiles-cols_1 valign_top type_default stacking_default\"><div class=\"wpb_column vc_column_container\"><div class=\"vc_column-inner\"><div class=\"w-separator size_huge\"><\/div><div class=\"w-separator size_small\"><\/div><\/div><\/div><\/div><\/div><\/section><section class=\"l-section wpb_row height_auto\"><div class=\"l-section-h i-cf\"><div class=\"g-cols vc_row via_grid cols_2 laptops-cols_inherit tablets-cols_inherit mobiles-cols_1 valign_top type_default stacking_default\"><div class=\"wpb_column vc_column_container\"><div class=\"vc_column-inner\"><div id=\"ultimate-heading-933369f510c844c0d\" class=\"uvc-heading ult-adjust-bottom-margin ultimate-heading-933369f510c844c0d uvc-6558 \" data-hspacer=\"no_spacer\"  data-halign=\"left\" style=\"text-align:left\"><div class=\"uvc-heading-spacer no_spacer\" style=\"top\"><\/div><div class=\"uvc-main-heading ult-responsive\"  data-ultimate-target='.uvc-heading.ultimate-heading-933369f510c844c0d h6'  data-responsive-json-new='{\"font-size\":\"\",\"line-height\":\"\"}' ><h6 style=\"font-weight:normal;\">L'\u00e9quipe<\/h6><\/div><\/div><div class=\"w-separator size_small\"><\/div><div class=\"wpb_text_column\"><div class=\"wpb_wrapper\"><p>Nous sommes actuellement une \u00e9quipe de 100 personnes qui travaillent avec professionnalisme et pers\u00e9v\u00e9rance pour atteindre un objectif commun : l&rsquo;excellence de nos produits. Notre d\u00e9partement technique, expert en architecture, ing\u00e9nierie, construction et design, est impliqu\u00e9 dans chaque projet, de sa conception \u00e0 sa r\u00e9alisation, en cr\u00e9ant des synergies avec chaque client tout au long du processus, dans le but d&rsquo;atteindre l&rsquo;excellence dans le produit.<\/p>\n<\/div><\/div><\/div><\/div><div class=\"wpb_column vc_column_container\"><div class=\"vc_column-inner\"><div id=\"ultimate-heading-347969f510c84500b\" class=\"uvc-heading ult-adjust-bottom-margin ultimate-heading-347969f510c84500b uvc-2409 \" data-hspacer=\"no_spacer\"  data-halign=\"left\" style=\"text-align:left\"><div class=\"uvc-heading-spacer no_spacer\" style=\"top\"><\/div><div class=\"uvc-main-heading ult-responsive\"  data-ultimate-target='.uvc-heading.ultimate-heading-347969f510c84500b h6'  data-responsive-json-new='{\"font-size\":\"\",\"line-height\":\"\"}' ><h6 style=\"font-weight:normal;\">La qualit\u00e9<\/h6><\/div><\/div><div class=\"w-separator size_small\"><\/div><div class=\"wpb_text_column\"><div class=\"wpb_wrapper\"><p>Toutes nos pi\u00e8ces sont soumises \u00e0 des contr\u00f4les de qualit\u00e9 rigoureux tout au long du processus de production. Elles sont notamment soumises \u00e0 des tests de r\u00e9sistance aux chocs m\u00e9caniques et thermiques, de r\u00e9sistance chimique de l&rsquo;\u00e9mail, de puret\u00e9 des composants et de stabilit\u00e9 des formes. Bref, un contr\u00f4le de qualit\u00e9 int\u00e9gral, depuis la s\u00e9lection des argiles jusqu&rsquo;\u00e0 l&#8217;emballage final pour garantir un produit en parfait \u00e9tat.<\/p>\n<\/div><\/div><\/div><\/div><\/div><\/div><\/section><section class=\"l-section wpb_row height_auto\"><div class=\"l-section-h i-cf\"><div class=\"g-cols vc_row via_grid cols_1 laptops-cols_inherit tablets-cols_inherit mobiles-cols_1 valign_top type_default stacking_default\"><div class=\"wpb_column vc_column_container\"><div class=\"vc_column-inner\"><div class=\"w-separator size_huge\"><\/div><div class=\"w-separator size_small\"><\/div><div class=\"w-image align_center\"><div class=\"w-image-h\"><img decoding=\"async\" width=\"1900\" height=\"857\" src=\"https:\/\/www.ceramicamayor.com\/wp-content\/uploads\/2023\/01\/nosotros-2.jpg\" class=\"attachment-full size-full\" alt=\"\" loading=\"lazy\" srcset=\"https:\/\/www.ceramicamayor.com\/wp-content\/uploads\/2023\/01\/nosotros-2.jpg 1900w, https:\/\/www.ceramicamayor.com\/wp-content\/uploads\/2023\/01\/nosotros-2-300x135.jpg 300w, https:\/\/www.ceramicamayor.com\/wp-content\/uploads\/2023\/01\/nosotros-2-1024x462.jpg 1024w\" sizes=\"auto, (max-width: 1900px) 100vw, 1900px\" \/><\/div><\/div><div class=\"w-separator size_huge\"><\/div><div class=\"w-separator size_small\"><\/div><\/div><\/div><\/div><\/div><\/section><section class=\"l-section wpb_row height_auto\"><div class=\"l-section-h i-cf\"><div class=\"g-cols vc_row via_grid cols_2 laptops-cols_inherit tablets-cols_inherit mobiles-cols_1 valign_top type_default stacking_default\"><div class=\"wpb_column vc_column_container us_custom_12901dbc has_bg_color\"><div class=\"vc_column-inner\"><div class=\"w-separator size_huge\"><\/div><\/div><\/div><div class=\"wpb_column vc_column_container\"><div class=\"vc_column-inner\"><div id=\"ultimate-heading-645369f510c846881\" class=\"uvc-heading ult-adjust-bottom-margin ultimate-heading-645369f510c846881 uvc-6432 \" data-hspacer=\"no_spacer\"  data-halign=\"left\" style=\"text-align:left\"><div class=\"uvc-heading-spacer no_spacer\" style=\"top\"><\/div><div class=\"uvc-main-heading ult-responsive\"  data-ultimate-target='.uvc-heading.ultimate-heading-645369f510c846881 h6'  data-responsive-json-new='{\"font-size\":\"\",\"line-height\":\"\"}' ><h6 style=\"font-weight:normal;\">L'\u00e9cologie<\/h6><\/div><\/div><div class=\"w-separator size_small\"><\/div><div class=\"wpb_text_column\"><div class=\"wpb_wrapper\"><p>La conservation et le respect du milieu naturel et environnemental font partie des facteurs conditionnant notre processus industriel. Nos rev\u00eatements de sol sont compos\u00e9s \u00e0 50 % de mat\u00e9riaux recycl\u00e9s. Nous r\u00e9cup\u00e9rons 100 % des d\u00e9chets g\u00e9n\u00e9r\u00e9s et r\u00e9incorporons 100 % de l&rsquo;eau utilis\u00e9e dans le processus, ce qui garantit l&rsquo;absence totale de d\u00e9chets. Tous les maillons de la cha\u00eene de production sont con\u00e7us pour faciliter le recyclage des mat\u00e9riaux.<\/p>\n<\/div><\/div><div class=\"w-separator size_huge\"><\/div><div id=\"ultimate-heading-222269f510c846bde\" class=\"uvc-heading ult-adjust-bottom-margin ultimate-heading-222269f510c846bde uvc-7373 \" data-hspacer=\"no_spacer\"  data-halign=\"left\" style=\"text-align:left\"><div class=\"uvc-heading-spacer no_spacer\" style=\"top\"><\/div><div class=\"uvc-main-heading ult-responsive\"  data-ultimate-target='.uvc-heading.ultimate-heading-222269f510c846bde h6'  data-responsive-json-new='{\"font-size\":\"\",\"line-height\":\"\"}' ><h6 style=\"font-weight:normal;\">L'innovation<\/h6><\/div><\/div><div class=\"w-separator size_small\"><\/div><div class=\"wpb_text_column\"><div class=\"wpb_wrapper\"><p>D\u00e8s le d\u00e9but, nous nous sommes engag\u00e9s \u00e0 innover dans nos processus de production sans perdre notre caract\u00e8re traditionnel. Cer\u00e1mica Mayor dispose d&rsquo;installations adapt\u00e9es aux besoins d&rsquo;un march\u00e9 de plus en plus professionnel et exigeant. Notre \u00e9quipe de R&amp;D est en constante recherche pour cr\u00e9er des produits qui offrent des caract\u00e9ristiques techniques et esth\u00e9tiques de haut niveau.<\/p>\n<\/div><\/div><\/div><\/div><\/div><\/div><\/section><section class=\"l-section wpb_row height_auto\"><div class=\"l-section-h i-cf\"><div class=\"g-cols vc_row via_grid cols_1 laptops-cols_inherit tablets-cols_inherit mobiles-cols_1 valign_top type_default stacking_default\"><div class=\"wpb_column vc_column_container\"><div class=\"vc_column-inner\"><div class=\"w-separator size_huge\"><\/div><div class=\"w-separator size_small\"><\/div><\/div><\/div><\/div><\/div><\/section><section class=\"l-section wpb_row height_auto\"><div class=\"l-section-h i-cf\"><div class=\"g-cols vc_row via_grid cols_2 laptops-cols_inherit tablets-cols_inherit mobiles-cols_1 valign_top type_default stacking_default\"><div class=\"wpb_column vc_column_container\"><div class=\"vc_column-inner\"><div id=\"ultimate-heading-360569f510c8478ac\" class=\"uvc-heading ult-adjust-bottom-margin ultimate-heading-360569f510c8478ac uvc-4942 \" data-hspacer=\"no_spacer\"  data-halign=\"left\" style=\"text-align:left\"><div class=\"uvc-heading-spacer no_spacer\" style=\"top\"><\/div><div class=\"uvc-main-heading ult-responsive\"  data-ultimate-target='.uvc-heading.ultimate-heading-360569f510c8478ac h6'  data-responsive-json-new='{\"font-size\":\"\",\"line-height\":\"\"}' ><h6 style=\"font-weight:normal;\">Cer\u00e1mica Mayor<\/h6><\/div><\/div><div class=\"w-separator size_small\"><\/div><div class=\"wpb_text_column\"><div class=\"wpb_wrapper\"><p>Cer\u00e1mica Mayor est une entreprise leader dans la fabrication de mat\u00e9riaux extrud\u00e9s. Fond\u00e9e au si\u00e8cle dernier, elle s&rsquo;est adapt\u00e9e et modernis\u00e9e pour \u00eatre \u00e0 l&rsquo;avant-garde du secteur de la c\u00e9ramique. Nous sommes sp\u00e9cialis\u00e9s dans la cr\u00e9ation de pi\u00e8ces sp\u00e9ciales pour r\u00e9soudre les probl\u00e8mes de construction que nous rencontrons dans chacun de nos projets.<\/p>\n<\/div><\/div><\/div><\/div><div class=\"wpb_column vc_column_container\"><div class=\"vc_column-inner\"><div id=\"ultimate-heading-73169f510c847ca2\" class=\"uvc-heading ult-adjust-bottom-margin ultimate-heading-73169f510c847ca2 uvc-9921 \" data-hspacer=\"no_spacer\"  data-halign=\"left\" style=\"text-align:left\"><div class=\"uvc-heading-spacer no_spacer\" style=\"top\"><\/div><div class=\"uvc-main-heading ult-responsive\"  data-ultimate-target='.uvc-heading.ultimate-heading-73169f510c847ca2 h6'  data-responsive-json-new='{\"font-size\":\"\",\"line-height\":\"\"}' ><h6 style=\"font-weight:normal;\">L'avenir<\/h6><\/div><\/div><div class=\"w-separator size_small\"><\/div><div class=\"wpb_text_column\"><div class=\"wpb_wrapper\"><p>L&rsquo;objectif de notre engagement est de cr\u00e9er un environnement afin de relever les nouveaux d\u00e9fis que le march\u00e9 exige en termes d&rsquo;architecture durable. La nouvelle fa\u00e7on de concevoir et de construire des b\u00e2timents est sans aucun doute d&rsquo;obtenir un b\u00e2timent qui respecte l&rsquo;environnement naturel et am\u00e9liore la qualit\u00e9 de vie. Notre recherche continuelle de nouvelles applications et l&rsquo;\u00e9tude des mat\u00e9riaux, ainsi que l&rsquo;esprit de notre \u00e9quipe, font de nous une entreprise hautement qualifi\u00e9e pour r\u00e9pondre aux besoins de l&rsquo;architecture bioclimatique du futur.<\/p>\n<\/div><\/div><\/div><\/div><\/div><\/div><\/section><section class=\"l-section wpb_row height_auto\"><div class=\"l-section-h i-cf\"><div class=\"g-cols vc_row via_grid cols_1 laptops-cols_inherit tablets-cols_inherit mobiles-cols_1 valign_top type_default stacking_default\"><div class=\"wpb_column vc_column_container\"><div class=\"vc_column-inner\"><div class=\"w-separator size_huge\"><\/div><div class=\"w-separator size_small\"><\/div><div class=\"w-image align_center\"><div class=\"w-image-h\"><img decoding=\"async\" width=\"1900\" height=\"866\" src=\"https:\/\/www.ceramicamayor.com\/wp-content\/uploads\/2023\/01\/nosotros-4.jpg\" class=\"attachment-full size-full\" alt=\"\" loading=\"lazy\" srcset=\"https:\/\/www.ceramicamayor.com\/wp-content\/uploads\/2023\/01\/nosotros-4.jpg 1900w, https:\/\/www.ceramicamayor.com\/wp-content\/uploads\/2023\/01\/nosotros-4-300x137.jpg 300w, https:\/\/www.ceramicamayor.com\/wp-content\/uploads\/2023\/01\/nosotros-4-1024x467.jpg 1024w\" sizes=\"auto, (max-width: 1900px) 100vw, 1900px\" \/><\/div><\/div><div class=\"w-separator size_huge\"><\/div><\/div><\/div><\/div><\/div><\/section>\n","protected":false},"excerpt":{"rendered":"NOUS SOMMES CER\u00c1MICA MAYOR \u00c0 propos de nousLa traditionCer\u00e1mica Mayor S.A. est une entreprise leader dans la fabrication de mat\u00e9riaux extrud\u00e9s, avec une longue tradition dans la production de rev\u00eatements de sol et de pi\u00e8ces sp\u00e9ciales, aussi bien en finition naturelle qu&rsquo;\u00e9maill\u00e9e. L&rsquo;entreprise a \u00e9t\u00e9 fond\u00e9e au si\u00e8cle dernier par M. Fernando Mayor Boluda et...","protected":false},"author":2,"featured_media":0,"parent":0,"menu_order":249,"comment_status":"closed","ping_status":"closed","template":"","meta":{"_acf_changed":false,"footnotes":""},"uso":[],"formato":[],"coleccion":[],"class_list":["post-10775","page","type-page","status-publish","hentry"],"acf":[],"_links":{"self":[{"href":"https:\/\/www.ceramicamayor.com\/fr\/wp-json\/wp\/v2\/pages\/10775","targetHints":{"allow":["GET"]}}],"collection":[{"href":"https:\/\/www.ceramicamayor.com\/fr\/wp-json\/wp\/v2\/pages"}],"about":[{"href":"https:\/\/www.ceramicamayor.com\/fr\/wp-json\/wp\/v2\/types\/page"}],"author":[{"embeddable":true,"href":"https:\/\/www.ceramicamayor.com\/fr\/wp-json\/wp\/v2\/users\/2"}],"replies":[{"embeddable":true,"href":"https:\/\/www.ceramicamayor.com\/fr\/wp-json\/wp\/v2\/comments?post=10775"}],"version-history":[{"count":7,"href":"https:\/\/www.ceramicamayor.com\/fr\/wp-json\/wp\/v2\/pages\/10775\/revisions"}],"predecessor-version":[{"id":33956,"href":"https:\/\/www.ceramicamayor.com\/fr\/wp-json\/wp\/v2\/pages\/10775\/revisions\/33956"}],"wp:attachment":[{"href":"https:\/\/www.ceramicamayor.com\/fr\/wp-json\/wp\/v2\/media?parent=10775"}],"wp:term":[{"taxonomy":"uso","embeddable":true,"href":"https:\/\/www.ceramicamayor.com\/fr\/wp-json\/wp\/v2\/uso?post=10775"},{"taxonomy":"formato","embeddable":true,"href":"https:\/\/www.ceramicamayor.com\/fr\/wp-json\/wp\/v2\/formato?post=10775"},{"taxonomy":"coleccion","embeddable":true,"href":"https:\/\/www.ceramicamayor.com\/fr\/wp-json\/wp\/v2\/coleccion?post=10775"}],"curies":[{"name":"wp","href":"https:\/\/api.w.org\/{rel}","templated":true}]}}