{"id":10819,"date":"2023-01-17T10:37:49","date_gmt":"2023-01-17T09:37:49","guid":{"rendered":"https:\/\/ceramicamayor.com\/produit\/tipos-de-piscinas\/"},"modified":"2023-08-21T15:05:33","modified_gmt":"2023-08-21T14:05:33","slug":"types-de-piscines","status":"publish","type":"page","link":"https:\/\/www.ceramicamayor.com\/fr\/produit\/types-de-piscines\/","title":{"rendered":"Types de piscines"},"content":{"rendered":"<section class=\"l-section wpb_row height_auto full_height valign_center width_full\"><div class=\"l-section-h i-cf\"><div class=\"g-cols vc_row via_grid cols_1 laptops-cols_inherit tablets-cols_inherit mobiles-cols_1 valign_top type_default stacking_default\"><div class=\"wpb_column vc_column_container\"><div class=\"vc_column-inner\">\n\t\t\t<!-- START sliderTIPOS DE PISCINAS REVOLUTION SLIDER 6.7.40 --><p class=\"rs-p-wp-fix\"><\/p>\n\t\t\t<rs-module-wrap id=\"rev_slider_36_1_wrapper\" data-source=\"gallery\" style=\"visibility:hidden;background:transparent;padding:0;\">\n\t\t\t\t<rs-module id=\"rev_slider_36_1\" style=\"\" data-version=\"6.7.40\">\n\t\t\t\t\t<rs-slides style=\"overflow: hidden; position: absolute;\">\n\t\t\t\t\t\t<rs-slide style=\"position: absolute;\" data-key=\"rs-345\" data-title=\"Slide\" data-in=\"o:0;\" data-out=\"a:false;\">\n\t\t\t\t\t\t\t<img decoding=\"async\" src=\"\/\/www.ceramicamayor.com\/wp-content\/plugins\/revslider\/sr6\/assets\/assets\/dummy.png\" alt=\"\" title=\"ST_CREAM_60X120\" width=\"1500\" height=\"1000\" class=\"rev-slidebg tp-rs-img rs-lazyload\" data-lazyload=\"\/\/ceramicamayor.com\/wp-content\/uploads\/2023\/02\/ST_CREAM_60X120.jpg\" data-no-retina>\n<!--\n\t\t\t\t\t\t\t--><rs-layer\n\t\t\t\t\t\t\t\tid=\"slider-36-slide-345-layer-0\" \n\t\t\t\t\t\t\t\tclass=\"rev-scroll-btn rev-b-span-light\"\n\t\t\t\t\t\t\t\tdata-type=\"button\"\n\t\t\t\t\t\t\t\tdata-color=\"#ffffff\"\n\t\t\t\t\t\t\t\tdata-xy=\"x:c;y:b;yo:60px;\"\n\t\t\t\t\t\t\t\tdata-text=\"w:normal;s:17;l:20;ls:1;a:center;\"\n\t\t\t\t\t\t\t\tdata-dim=\"w:35px;h:55px;minw:35px;minh:55px;\"\n\t\t\t\t\t\t\t\tdata-vbility=\"t,f,f,f\"\n\t\t\t\t\t\t\t\tdata-actions='o:click;a:scrollbelow;sp:1000ms;e:power1.inOut;'\n\t\t\t\t\t\t\t\tdata-rsp_o=\"off\"\n\t\t\t\t\t\t\t\tdata-rsp_bd=\"off\"\n\t\t\t\t\t\t\t\tdata-padding=\"t:22;r:14;b:22;l:14;\"\n\t\t\t\t\t\t\t\tdata-border=\"bos:solid;boc:rgba(255,255,255,0.75);bow:3px,3px,3px,3px;bor:23px,23px,23px,23px;\"\n\t\t\t\t\t\t\t\tdata-frame_999=\"o:0;st:w;\"\n\t\t\t\t\t\t\t\tstyle=\"z-index:7;font-family:'Roboto';text-transform:uppercase;\"\n\t\t\t\t\t\t\t><span><\/span><span><\/span><span><\/span> \n\t\t\t\t\t\t\t<\/rs-layer><!--\n\n\t\t\t\t\t\t\t--><rs-layer\n\t\t\t\t\t\t\t\tid=\"slider-36-slide-345-layer-1\" \n\t\t\t\t\t\t\t\tdata-type=\"shape\"\n\t\t\t\t\t\t\t\tdata-rsp_ch=\"on\"\n\t\t\t\t\t\t\t\tdata-xy=\"x:c;y:c;\"\n\t\t\t\t\t\t\t\tdata-text=\"w:normal;\"\n\t\t\t\t\t\t\t\tdata-dim=\"w:100%;h:100%;\"\n\t\t\t\t\t\t\t\tdata-basealign=\"slide\"\n\t\t\t\t\t\t\t\tdata-frame_999=\"o:0;st:w;\"\n\t\t\t\t\t\t\t\tstyle=\"z-index:6;background:linear-gradient(rgba(12,12,12,1) 0%, rgba(12,12,12,0.03) 20%);\"\n\t\t\t\t\t\t\t> \n\t\t\t\t\t\t\t<\/rs-layer><!--\n\n\t\t\t\t\t\t\t--><rs-layer\n\t\t\t\t\t\t\t\tid=\"slider-36-slide-345-layer-2\" \n\t\t\t\t\t\t\t\tclass=\"texto-slider\"\n\t\t\t\t\t\t\t\tdata-type=\"text\"\n\t\t\t\t\t\t\t\tdata-color=\"#ffffff\"\n\t\t\t\t\t\t\t\tdata-rsp_ch=\"on\"\n\t\t\t\t\t\t\t\tdata-xy=\"x:c;y:c;\"\n\t\t\t\t\t\t\t\tdata-text=\"w:normal;a:center;\"\n\t\t\t\t\t\t\t\tdata-dim=\"w:#2\/3#;\"\n\t\t\t\t\t\t\t\tdata-frame_999=\"o:0;st:w;\"\n\t\t\t\t\t\t\t\tstyle=\"z-index:8;font-family:'dinpro';\"\n\t\t\t\t\t\t\t>TYPES DE PISCINES \n\t\t\t\t\t\t\t<\/rs-layer><!--\n-->\t\t\t\t\t<\/rs-slide>\n\t\t\t\t\t<\/rs-slides>\n\t\t\t\t<\/rs-module>\n\t\t\t\t<script>\n\t\t\t\t\tsetREVStartSize({c: 'rev_slider_36_1',rl:[1240,1024,778,480],el:[900],gw:[1240],gh:[900],type:'standard',justify:'',layout:'fullscreen',offsetContainer:'',offset:'',mh:\"0\"});if (window.RS_MODULES!==undefined && window.RS_MODULES.modules!==undefined && window.RS_MODULES.modules[\"revslider361\"]!==undefined) {window.RS_MODULES.modules[\"revslider361\"].once = false;window.revapi36 = undefined;if (window.RS_MODULES.checkMinimal!==undefined) window.RS_MODULES.checkMinimal()}\n\t\t\t\t<\/script>\n\t\t\t<\/rs-module-wrap>\n\t\t\t<!-- END REVOLUTION SLIDER -->\n<\/div><\/div><\/div><\/div><\/section><section class=\"l-section wpb_row height_auto type_sticky\"><div class=\"l-section-h i-cf\"><div class=\"g-cols vc_row via_grid cols_1 laptops-cols_inherit tablets-cols_inherit mobiles-cols_1 valign_top type_default stacking_default\"><div class=\"wpb_column vc_column_container\"><div class=\"vc_column-inner\"><section class=\"l-section wpb_row height_auto width_full type_sticky\"><div class=\"l-section-overlay\" style=\"background:rgba(255,255,255,0.70)\"><\/div><div class=\"l-section-h i-cf\"><div class=\"g-cols vc_row via_grid cols_1 laptops-cols_inherit tablets-cols_inherit mobiles-cols_1 valign_top type_default stacking_default\"><div class=\"wpb_column vc_column_container\"><div class=\"vc_column-inner\"><div class=\"w-separator size_small\"><\/div><nav class=\"w-menu us_custom_eb849559 layout_hor spread style_blocks us_menu_1\" style=\"--main-gap:0.2rem;--main-ver-indent:0.8em;--main-hor-indent:3em;--main-bg-color:#e8e8e8;--main-color:inherit;--main-hover-bg-color:rgba(153,153,153,0.20);--main-active-bg-color:#484848;--main-active-color:#ffffff;\"><ul id=\"menu-producto-es-frances\" class=\"menu\"><li id=\"menu-item-10844\" class=\"menu-item menu-item-type-post_type menu-item-object-page menu-item-10844\"><a href=\"https:\/\/www.ceramicamayor.com\/fr\/produit\/usages-de-la-ceramique\/\">Usages de la c\u00e9ramique<\/a><\/li><li id=\"menu-item-9952\" class=\"menu-item menu-item-type-post_type menu-item-object-page menu-item-9952\"><a href=\"https:\/\/www.ceramicamayor.com\/fr\/produit\/avantages\/\">Avantages<\/a><\/li><li id=\"menu-item-10379\" class=\"menu-item menu-item-type-post_type menu-item-object-page menu-item-10379\"><a href=\"https:\/\/www.ceramicamayor.com\/fr\/produit\/types-de-pieces\/\">Types de pi\u00e8ces<\/a><\/li><li id=\"menu-item-10845\" class=\"menu-item menu-item-type-post_type menu-item-object-page menu-item-10845\"><a href=\"https:\/\/www.ceramicamayor.com\/fr\/produit\/types-de-piscines\/\">Types de piscines<\/a><\/li><li id=\"menu-item-10381\" class=\"menu-item menu-item-type-post_type menu-item-object-page menu-item-10381\"><a href=\"https:\/\/www.ceramicamayor.com\/fr\/pose\/\">Pose<\/a><\/li><\/ul><style>@media ( max-width:1280px ){.us_menu_1 .menu{display:block!important}.us_menu_1 .menu>li{margin:0 0 var(--main-gap,0.2rem)!important}}<\/style><\/nav><\/div><\/div><\/div><\/div><\/section>\n<\/div><\/div><\/div><\/div><\/section><section class=\"l-section wpb_row height_small\"><div class=\"l-section-h i-cf\"><div class=\"g-cols vc_row via_grid cols_3 laptops-cols_inherit tablets-cols_inherit mobiles-cols_1 valign_top type_default stacking_default\"><div class=\"wpb_column vc_column_container\"><div class=\"vc_column-inner\"><div id=\"ultimate-heading-425669fa39eb03faa\" class=\"uvc-heading ult-adjust-bottom-margin ultimate-heading-425669fa39eb03faa uvc-4808 \" data-hspacer=\"no_spacer\"  data-halign=\"left\" style=\"text-align:left\"><div class=\"uvc-heading-spacer no_spacer\" style=\"top\"><\/div><div class=\"uvc-main-heading ult-responsive\"  data-ultimate-target='.uvc-heading.ultimate-heading-425669fa39eb03faa h2'  data-responsive-json-new='{\"font-size\":\"\",\"line-height\":\"\"}' ><h2 style=\"font-weight:normal;\">Types de piscines<\/h2><\/div><\/div><\/div><\/div><div class=\"wpb_column vc_column_container\"><div class=\"vc_column-inner\"><\/div><\/div><div class=\"wpb_column vc_column_container\"><div class=\"vc_column-inner\"><\/div><\/div><\/div><\/div><\/section><section class=\"l-section wpb_row us_custom_5f2d278c height_small\"><div class=\"l-section-h i-cf\"><div class=\"g-cols vc_row via_grid cols_2 laptops-cols_inherit tablets-cols_inherit mobiles-cols_1 valign_top type_default stacking_default\"><div class=\"wpb_column vc_column_container\"><div class=\"vc_column-inner\"><div class=\"wpb_text_column\"><div class=\"wpb_wrapper\"><p><strong>Skimmer<\/strong><\/p>\n<\/div><\/div><div class=\"wpb_text_column us_custom_432d3f53\"><div class=\"wpb_wrapper\"><p>Le syst\u00e8me Skimmer est le syst\u00e8me de piscine traditionnel dans lequel l&rsquo;eau ne d\u00e9passe pas le bord de la piscine. Ce syst\u00e8me est le plus courant dans les piscines priv\u00e9es et r\u00e9sidentielles.<\/p>\n<\/div><\/div><div class=\"w-separator size_small\"><\/div><div class=\"wpb_text_column\"><div class=\"wpb_wrapper\"><p><strong>D\u00e9bordement<\/strong><\/p>\n<\/div><\/div><div class=\"wpb_text_column us_custom_432d3f53\"><div class=\"wpb_wrapper\"><p>Les piscines \u00e0 d\u00e9bordement sont des piscines dans lesquelles l&rsquo;eau d\u00e9borde du bord de la piscine. Ce syst\u00e8me cr\u00e9e un aspect int\u00e9gr\u00e9 avec une finition spectaculaire. Pour ce type de finition, nous avons besoin de pi\u00e8ces sp\u00e9cifiques telles que nos syst\u00e8mes de piscine Maui, Bora ou Aruba.<\/p>\n<\/div><\/div><div class=\"w-separator size_small\"><\/div><div class=\"wpb_text_column\"><div class=\"wpb_wrapper\"><p><strong>Piscine \u00e0 l&rsquo;infini<\/strong><\/p>\n<\/div><\/div><div class=\"wpb_text_column us_custom_432d3f53\"><div class=\"wpb_wrapper\"><p>Les piscines \u00e0 d\u00e9bordement sont des piscines qui donnent l&rsquo;impression de ne pas avoir de fin ou de s&rsquo;\u00e9tendre jusqu&rsquo;\u00e0 l&rsquo;horizon gr\u00e2ce \u00e0 l&rsquo;eau qui tombe en cascade d&rsquo;un ou de plusieurs c\u00f4t\u00e9s. Ce syst\u00e8me moderne cr\u00e9e un lien entre la piscine et l&rsquo;environnement, g\u00e9n\u00e9ralement naturel, qui l&rsquo;entoure.<\/p>\n<\/div><\/div><\/div><\/div><div class=\"wpb_column vc_column_container us_custom_1741b84d has_bg_color\"><div class=\"vc_column-inner\"><\/div><\/div><\/div><\/div><\/section><section class=\"l-section wpb_row us_custom_5f2d278c height_small\"><div class=\"l-section-h i-cf\"><div class=\"g-cols vc_row via_grid cols_2 laptops-cols_inherit tablets-cols_inherit mobiles-cols_1 valign_top type_default stacking_default\"><div class=\"wpb_column vc_column_container us_custom_2ae5c31e has_bg_color\"><div class=\"vc_column-inner\"><\/div><\/div><div class=\"wpb_column vc_column_container\"><div class=\"vc_column-inner\"><div class=\"wpb_text_column\"><div class=\"wpb_wrapper\"><p><strong>Plage \/ Lagon<\/strong><\/p>\n<\/div><\/div><div class=\"wpb_text_column us_custom_432d3f53\"><div class=\"wpb_wrapper\"><p>La zone situ\u00e9e \u00e0 l&rsquo;entr\u00e9e de la piscine est appel\u00e9e plage ou lagune. Il s&rsquo;agit d&rsquo;une plate-forme sur\u00e9lev\u00e9e qui permet de s&rsquo;asseoir ou de s&rsquo;allonger en restant toujours en contact avec l&rsquo;eau. Elle doit \u00eatre pr\u00e9par\u00e9e avec un mat\u00e9riau antid\u00e9rapant C3 afin d&rsquo;\u00e9viter les glissades et les chutes inopin\u00e9es.<\/p>\n<\/div><\/div><div class=\"w-separator size_small\"><\/div><div class=\"wpb_text_column\"><div class=\"wpb_wrapper\"><p><strong>Piscines publiques<\/strong><\/p>\n<\/div><\/div><div class=\"wpb_text_column us_custom_432d3f53\"><div class=\"wpb_wrapper\"><p>Les piscines publiques ont besoin de caract\u00e9ristiques sp\u00e9ciales pour se conformer aux r\u00e9glementations, telles qu&rsquo;un bon nettoyage et des propri\u00e9t\u00e9s antid\u00e9rapantes, o\u00f9 les carreaux et les pi\u00e8ces sp\u00e9ciales de Mayor permettent un passage facile du nettoyeur de piscine et garantissent la s\u00e9curit\u00e9 des utilisateurs.<\/p>\n<\/div><\/div><div class=\"w-separator size_small\"><\/div><div class=\"wpb_text_column\"><div class=\"wpb_wrapper\"><p><strong>Bien-\u00eatre \/ Int\u00e9rieur<\/strong><\/p>\n<\/div><\/div><div class=\"wpb_text_column us_custom_432d3f53\"><div class=\"wpb_wrapper\"><p>Les piscines int\u00e9rieures sont courantes dans les r\u00e9sidences priv\u00e9es et dans les espaces publics tels que les zones sportives ou les spas. Les carreaux de c\u00e9ramique avec une finition antid\u00e9rapante C3 sont une excellente solution esth\u00e9tique qui permet de cr\u00e9er une zone int\u00e9gr\u00e9e et s\u00fbre.<\/p>\n<\/div><\/div><\/div><\/div><\/div><\/div><\/section><section class=\"l-section wpb_row height_small\"><div class=\"l-section-h i-cf\"><div class=\"g-cols vc_row via_grid cols_2 laptops-cols_inherit tablets-cols_inherit mobiles-cols_1 valign_top type_default stacking_default\"><div class=\"wpb_column vc_column_container\"><div class=\"vc_column-inner\"><div class=\"wpb_text_column us_custom_432d3f53\"><div class=\"wpb_wrapper\"><p>Les piscines sont des zones en contact permanent avec l&rsquo;eau ; le mat\u00e9riau le plus r\u00e9sistant est donc la c\u00e9ramique (tableau comparatif) car elle ne subit aucune alt\u00e9ration et sa couleur reste intacte malgr\u00e9 son exposition constante \u00e0 l&rsquo;eau.<\/p>\n<p>Par ailleurs, la c\u00e9ramique Mayor est r\u00e9sistante aux produits chimiques habituellement employ\u00e9s pour l&rsquo;entretien des piscines ; vous pouvez donc l&rsquo;utiliser non seulement \u00e0 l&rsquo;ext\u00e9rieur, mais \u00e9galement \u00e0 l&rsquo;int\u00e9rieur de la piscine.<\/p>\n<p>Les avantages de l&rsquo;utilisation de la c\u00e9ramique \u00e0 l&rsquo;int\u00e9rieur des piscines sont la r\u00e9duction du nombre de joints par rapport au gr\u00e9site, qui se d\u00e9tache avec le temps et reste moins longtemps en parfait \u00e9tat. Elle permet \u00e9galement une int\u00e9gration totale entre le design de la terrasse et celui de la piscine.<\/p>\n<\/div><\/div><\/div><\/div><div class=\"wpb_column vc_column_container\"><div class=\"vc_column-inner\"><div class=\"wpb_text_column us_custom_432d3f53\"><div class=\"wpb_wrapper\"><p>L&rsquo;un des plus grands avantages de la c\u00e9ramique pour les sols autour de la piscine est son caract\u00e8re antid\u00e9rapant. D&rsquo;apr\u00e8s la r\u00e8glementation, elle doit correspondre \u00e0 une Classe 3. Mais nous ne nous limitons pas \u00e0 utiliser un mat\u00e9riau antid\u00e9rapant pour nous conformer \u00e0 la r\u00e8glementation ; la s\u00e9curit\u00e9 de notre famille et\/ou de nos clients en est une raison de poids.<\/p>\n<p>On croit souvent que les finitions antid\u00e9rapantes sont difficiles \u00e0 nettoyer, mais c&rsquo;est compl\u00e8tement faux. Les rev\u00eatements de Cer\u00e1mica Mayor sont faciles \u00e0 nettoyer au jet d&rsquo;eau. Le pratique par-dessus tout !<\/p>\n<p>Mayor a toute une collection de pi\u00e8ces sp\u00e9ciales, particuli\u00e8rement con\u00e7ues pour la finition et les bords des piscines, ainsi que des pi\u00e8ces en grille c\u00e9ramique, sp\u00e9cialement con\u00e7ues pour le conduit d&rsquo;\u00e9coulement des piscines \u00e0 d\u00e9bordement.<\/p>\n<\/div><\/div><\/div><\/div><\/div><\/div><\/section><section class=\"l-section wpb_row height_custom\"><div class=\"l-section-h i-cf\"><div class=\"g-cols vc_row via_grid cols_1 laptops-cols_inherit tablets-cols_inherit mobiles-cols_1 valign_top type_default stacking_default\"><div class=\"wpb_column vc_column_container\"><div class=\"vc_column-inner\"><div class=\"w-image align_none\"><div class=\"w-image-h\"><img decoding=\"async\" width=\"1500\" height=\"1000\" src=\"https:\/\/www.ceramicamayor.com\/wp-content\/uploads\/2023\/02\/1-CALACATTA_FRESH_PISCINA_IN.jpg\" class=\"attachment-full size-full\" alt=\"\" loading=\"lazy\" srcset=\"https:\/\/www.ceramicamayor.com\/wp-content\/uploads\/2023\/02\/1-CALACATTA_FRESH_PISCINA_IN.jpg 1500w, https:\/\/www.ceramicamayor.com\/wp-content\/uploads\/2023\/02\/1-CALACATTA_FRESH_PISCINA_IN-300x200.jpg 300w, https:\/\/www.ceramicamayor.com\/wp-content\/uploads\/2023\/02\/1-CALACATTA_FRESH_PISCINA_IN-1024x683.jpg 1024w\" sizes=\"auto, (max-width: 1500px) 100vw, 1500px\" \/><\/div><\/div><\/div><\/div><\/div><\/div><\/section>\n","protected":false},"excerpt":{"rendered":"TYPES DE PISCINES Usages de la c\u00e9ramiqueAvantagesTypes de pi\u00e8cesTypes de piscinesPose Types de piscinesSkimmer Le syst\u00e8me Skimmer est le syst\u00e8me de piscine traditionnel dans lequel l&rsquo;eau ne d\u00e9passe pas le bord de la piscine. Ce syst\u00e8me est le plus courant dans les piscines priv\u00e9es et r\u00e9sidentielles. D\u00e9bordement Les piscines \u00e0 d\u00e9bordement sont des piscines dans...","protected":false},"author":2,"featured_media":656,"parent":9919,"menu_order":363,"comment_status":"closed","ping_status":"closed","template":"","meta":{"_acf_changed":false,"footnotes":""},"uso":[],"formato":[],"coleccion":[],"class_list":["post-10819","page","type-page","status-publish","has-post-thumbnail","hentry"],"acf":[],"_links":{"self":[{"href":"https:\/\/www.ceramicamayor.com\/fr\/wp-json\/wp\/v2\/pages\/10819","targetHints":{"allow":["GET"]}}],"collection":[{"href":"https:\/\/www.ceramicamayor.com\/fr\/wp-json\/wp\/v2\/pages"}],"about":[{"href":"https:\/\/www.ceramicamayor.com\/fr\/wp-json\/wp\/v2\/types\/page"}],"author":[{"embeddable":true,"href":"https:\/\/www.ceramicamayor.com\/fr\/wp-json\/wp\/v2\/users\/2"}],"replies":[{"embeddable":true,"href":"https:\/\/www.ceramicamayor.com\/fr\/wp-json\/wp\/v2\/comments?post=10819"}],"version-history":[{"count":6,"href":"https:\/\/www.ceramicamayor.com\/fr\/wp-json\/wp\/v2\/pages\/10819\/revisions"}],"predecessor-version":[{"id":16390,"href":"https:\/\/www.ceramicamayor.com\/fr\/wp-json\/wp\/v2\/pages\/10819\/revisions\/16390"}],"up":[{"embeddable":true,"href":"https:\/\/www.ceramicamayor.com\/fr\/wp-json\/wp\/v2\/pages\/9919"}],"wp:featuredmedia":[{"embeddable":true,"href":"https:\/\/www.ceramicamayor.com\/fr\/wp-json\/wp\/v2\/media\/656"}],"wp:attachment":[{"href":"https:\/\/www.ceramicamayor.com\/fr\/wp-json\/wp\/v2\/media?parent=10819"}],"wp:term":[{"taxonomy":"uso","embeddable":true,"href":"https:\/\/www.ceramicamayor.com\/fr\/wp-json\/wp\/v2\/uso?post=10819"},{"taxonomy":"formato","embeddable":true,"href":"https:\/\/www.ceramicamayor.com\/fr\/wp-json\/wp\/v2\/formato?post=10819"},{"taxonomy":"coleccion","embeddable":true,"href":"https:\/\/www.ceramicamayor.com\/fr\/wp-json\/wp\/v2\/coleccion?post=10819"}],"curies":[{"name":"wp","href":"https:\/\/api.w.org\/{rel}","templated":true}]}}