{"id":18681,"date":"2023-08-08T12:07:44","date_gmt":"2023-08-08T11:07:44","guid":{"rendered":"https:\/\/www.ceramicamayor.com\/produit\/antideslizante\/"},"modified":"2023-09-29T12:42:42","modified_gmt":"2023-09-29T11:42:42","slug":"antiderapant-c3","status":"publish","type":"page","link":"https:\/\/www.ceramicamayor.com\/fr\/produit\/antiderapant-c3\/","title":{"rendered":"ANTID\u00c9RAPANT C3"},"content":{"rendered":"<section class=\"l-section wpb_row height_auto full_height valign_center width_full\"><div class=\"l-section-h i-cf\"><div class=\"g-cols vc_row via_grid cols_1 laptops-cols_inherit tablets-cols_inherit mobiles-cols_1 valign_top type_default stacking_default\"><div class=\"wpb_column vc_column_container\"><div class=\"vc_column-inner\">\n\t\t\t<!-- START pavimento antideslizante REVOLUTION SLIDER 6.7.40 --><p class=\"rs-p-wp-fix\"><\/p>\n\t\t\t<rs-module-wrap id=\"rev_slider_48_1_wrapper\" data-source=\"gallery\" style=\"visibility:hidden;background:transparent;padding:0;\">\n\t\t\t\t<rs-module id=\"rev_slider_48_1\" style=\"\" data-version=\"6.7.40\">\n\t\t\t\t\t<rs-slides style=\"overflow: hidden; position: absolute;\">\n\t\t\t\t\t\t<rs-slide style=\"position: absolute;\" data-key=\"rs-471\" data-title=\"Slide\" data-thumb=\"\/\/www.ceramicamayor.com\/wp-content\/uploads\/2024\/01\/PIES-ANTI-SLIP-50x100.jpg\" data-in=\"o:0;\" data-out=\"a:false;\">\n\t\t\t\t\t\t\t<img decoding=\"async\" src=\"\/\/www.ceramicamayor.com\/wp-content\/plugins\/revslider\/sr6\/assets\/assets\/dummy.png\" alt=\"\" title=\"PIES ANTI SLIP\" width=\"1900\" height=\"1200\" class=\"rev-slidebg tp-rs-img rs-lazyload\" data-lazyload=\"\/\/www.ceramicamayor.com\/wp-content\/uploads\/2024\/01\/PIES-ANTI-SLIP.jpg\" data-bg=\"p:0% 70%;\" data-no-retina>\n<!--\n\t\t\t\t\t\t\t--><rs-layer\n\t\t\t\t\t\t\t\tid=\"slider-48-slide-471-layer-0\" \n\t\t\t\t\t\t\t\tclass=\"rev-scroll-btn rev-b-span-light\"\n\t\t\t\t\t\t\t\tdata-type=\"button\"\n\t\t\t\t\t\t\t\tdata-color=\"#ffffff\"\n\t\t\t\t\t\t\t\tdata-xy=\"x:c;y:b;yo:60px;\"\n\t\t\t\t\t\t\t\tdata-text=\"w:normal;s:17;l:20;ls:1;a:center;\"\n\t\t\t\t\t\t\t\tdata-dim=\"w:35px;h:55px;minw:35px;minh:55px;\"\n\t\t\t\t\t\t\t\tdata-vbility=\"t,f,f,f\"\n\t\t\t\t\t\t\t\tdata-actions='o:click;a:scrollbelow;sp:1000ms;e:power1.inOut;'\n\t\t\t\t\t\t\t\tdata-rsp_o=\"off\"\n\t\t\t\t\t\t\t\tdata-rsp_bd=\"off\"\n\t\t\t\t\t\t\t\tdata-padding=\"t:22;r:14;b:22;l:14;\"\n\t\t\t\t\t\t\t\tdata-border=\"bos:solid;boc:rgba(255,255,255,0.75);bow:3px,3px,3px,3px;bor:23px,23px,23px,23px;\"\n\t\t\t\t\t\t\t\tdata-frame_999=\"o:0;st:w;\"\n\t\t\t\t\t\t\t\tstyle=\"z-index:7;font-family:'Roboto';text-transform:uppercase;\"\n\t\t\t\t\t\t\t><span><\/span><span><\/span><span><\/span> \n\t\t\t\t\t\t\t<\/rs-layer><!--\n\n\t\t\t\t\t\t\t--><rs-layer\n\t\t\t\t\t\t\t\tid=\"slider-48-slide-471-layer-1\" \n\t\t\t\t\t\t\t\tdata-type=\"shape\"\n\t\t\t\t\t\t\t\tdata-rsp_ch=\"on\"\n\t\t\t\t\t\t\t\tdata-xy=\"x:c;y:c;\"\n\t\t\t\t\t\t\t\tdata-text=\"w:normal;\"\n\t\t\t\t\t\t\t\tdata-dim=\"w:100%;h:100%;\"\n\t\t\t\t\t\t\t\tdata-basealign=\"slide\"\n\t\t\t\t\t\t\t\tdata-frame_999=\"o:0;st:w;\"\n\t\t\t\t\t\t\t\tstyle=\"z-index:6;background:linear-gradient(rgba(43,43,43,1) 0%, rgba(30,30,30,0.03) 13%, rgba(12,12,12,0.03) 32%);\"\n\t\t\t\t\t\t\t> \n\t\t\t\t\t\t\t<\/rs-layer><!--\n\n\t\t\t\t\t\t\t--><rs-layer\n\t\t\t\t\t\t\t\tid=\"slider-48-slide-471-layer-2\" \n\t\t\t\t\t\t\t\tclass=\"texto-slider\"\n\t\t\t\t\t\t\t\tdata-type=\"text\"\n\t\t\t\t\t\t\t\tdata-color=\"#ffffff\"\n\t\t\t\t\t\t\t\tdata-rsp_ch=\"on\"\n\t\t\t\t\t\t\t\tdata-xy=\"x:c;y:c;\"\n\t\t\t\t\t\t\t\tdata-text=\"w:normal;a:center;\"\n\t\t\t\t\t\t\t\tdata-dim=\"w:#2\/3#;\"\n\t\t\t\t\t\t\t\tdata-frame_999=\"o:0;st:w;\"\n\t\t\t\t\t\t\t\tstyle=\"z-index:8;font-family:'Playfair Display SC';\"\n\t\t\t\t\t\t\t>Rev\u00eatements de sol antid\u00e9rapants C3 \n\t\t\t\t\t\t\t<\/rs-layer><!--\n-->\t\t\t\t\t<\/rs-slide>\n\t\t\t\t\t\t<rs-slide style=\"position: absolute;\" data-key=\"rs-452\" data-title=\"Slide\" data-thumb=\"\/\/www.ceramicamayor.com\/wp-content\/uploads\/2023\/08\/IMAGEN-SLIDER-PAVIMENTO-ANTIDESLIZANTE-3-50x100.jpg\" data-in=\"o:0;\" data-out=\"a:false;\">\n\t\t\t\t\t\t\t<img decoding=\"async\" src=\"\/\/www.ceramicamayor.com\/wp-content\/plugins\/revslider\/sr6\/assets\/assets\/dummy.png\" alt=\"\" title=\"IMAGEN SLIDER PAVIMENTO ANTIDESLIZANTE 3\" width=\"2362\" height=\"1100\" class=\"rev-slidebg tp-rs-img rs-lazyload\" data-lazyload=\"\/\/www.ceramicamayor.com\/wp-content\/uploads\/2023\/08\/IMAGEN-SLIDER-PAVIMENTO-ANTIDESLIZANTE-3.jpg\" data-bg=\"p:center bottom;\" data-no-retina>\n<!--\n\t\t\t\t\t\t\t--><rs-layer\n\t\t\t\t\t\t\t\tid=\"slider-48-slide-452-layer-0\" \n\t\t\t\t\t\t\t\tclass=\"rev-scroll-btn rev-b-span-light\"\n\t\t\t\t\t\t\t\tdata-type=\"button\"\n\t\t\t\t\t\t\t\tdata-color=\"#ffffff\"\n\t\t\t\t\t\t\t\tdata-xy=\"x:c;y:b;yo:60px;\"\n\t\t\t\t\t\t\t\tdata-text=\"w:normal;s:17;l:20;ls:1;a:center;\"\n\t\t\t\t\t\t\t\tdata-dim=\"w:35px;h:55px;minw:35px;minh:55px;\"\n\t\t\t\t\t\t\t\tdata-vbility=\"t,f,f,f\"\n\t\t\t\t\t\t\t\tdata-actions='o:click;a:scrollbelow;sp:1000ms;e:power1.inOut;'\n\t\t\t\t\t\t\t\tdata-rsp_o=\"off\"\n\t\t\t\t\t\t\t\tdata-rsp_bd=\"off\"\n\t\t\t\t\t\t\t\tdata-padding=\"t:22;r:14;b:22;l:14;\"\n\t\t\t\t\t\t\t\tdata-border=\"bos:solid;boc:rgba(255,255,255,0.75);bow:3px,3px,3px,3px;bor:23px,23px,23px,23px;\"\n\t\t\t\t\t\t\t\tdata-frame_999=\"o:0;st:w;\"\n\t\t\t\t\t\t\t\tstyle=\"z-index:7;font-family:'Roboto';text-transform:uppercase;\"\n\t\t\t\t\t\t\t><span><\/span><span><\/span><span><\/span> \n\t\t\t\t\t\t\t<\/rs-layer><!--\n\n\t\t\t\t\t\t\t--><rs-layer\n\t\t\t\t\t\t\t\tid=\"slider-48-slide-452-layer-1\" \n\t\t\t\t\t\t\t\tdata-type=\"shape\"\n\t\t\t\t\t\t\t\tdata-rsp_ch=\"on\"\n\t\t\t\t\t\t\t\tdata-xy=\"x:c;y:c;\"\n\t\t\t\t\t\t\t\tdata-text=\"w:normal;\"\n\t\t\t\t\t\t\t\tdata-dim=\"w:100%;h:100%;\"\n\t\t\t\t\t\t\t\tdata-basealign=\"slide\"\n\t\t\t\t\t\t\t\tdata-frame_999=\"o:0;st:w;\"\n\t\t\t\t\t\t\t\tstyle=\"z-index:6;background:linear-gradient(rgba(43,43,43,1) 0%, rgba(30,30,30,0.03) 13%, rgba(12,12,12,0.03) 32%);\"\n\t\t\t\t\t\t\t> \n\t\t\t\t\t\t\t<\/rs-layer><!--\n\n\t\t\t\t\t\t\t--><rs-layer\n\t\t\t\t\t\t\t\tid=\"slider-48-slide-452-layer-2\" \n\t\t\t\t\t\t\t\tclass=\"texto-slider\"\n\t\t\t\t\t\t\t\tdata-type=\"text\"\n\t\t\t\t\t\t\t\tdata-color=\"#ffffff\"\n\t\t\t\t\t\t\t\tdata-rsp_ch=\"on\"\n\t\t\t\t\t\t\t\tdata-xy=\"x:c;y:c;\"\n\t\t\t\t\t\t\t\tdata-text=\"w:normal;a:center;\"\n\t\t\t\t\t\t\t\tdata-dim=\"w:#2\/3#;\"\n\t\t\t\t\t\t\t\tdata-frame_999=\"o:0;st:w;\"\n\t\t\t\t\t\t\t\tstyle=\"z-index:8;font-family:'Playfair Display SC';\"\n\t\t\t\t\t\t\t>Rev\u00eatements de sol antid\u00e9rapants C3 \n\t\t\t\t\t\t\t<\/rs-layer><!--\n-->\t\t\t\t\t<\/rs-slide>\n\t\t\t\t\t<\/rs-slides>\n\t\t\t\t<\/rs-module>\n\t\t\t\t<script>\n\t\t\t\t\tsetREVStartSize({c: 'rev_slider_48_1',rl:[1240,1024,778,480],el:[900],gw:[1240],gh:[900],type:'standard',justify:'',layout:'fullscreen',offsetContainer:'',offset:'',mh:\"0\"});if (window.RS_MODULES!==undefined && window.RS_MODULES.modules!==undefined && window.RS_MODULES.modules[\"revslider481\"]!==undefined) {window.RS_MODULES.modules[\"revslider481\"].once = false;window.revapi48 = undefined;if (window.RS_MODULES.checkMinimal!==undefined) window.RS_MODULES.checkMinimal()}\n\t\t\t\t<\/script>\n\t\t\t<\/rs-module-wrap>\n\t\t\t<!-- END REVOLUTION SLIDER -->\n<\/div><\/div><\/div><\/div><\/section><section class=\"l-section wpb_row height_small\"><div class=\"l-section-h i-cf\"><div class=\"g-cols vc_row via_grid cols_1 laptops-cols_inherit tablets-cols_inherit mobiles-cols_1 valign_top type_default stacking_default\"><div class=\"wpb_column vc_column_container\"><div class=\"vc_column-inner\"><div class=\"w-separator size_small\"><\/div><div id=\"ultimate-heading-332969d4995300571\" class=\"uvc-heading ult-adjust-bottom-margin ultimate-heading-332969d4995300571 uvc-2907 \" data-hspacer=\"no_spacer\"  data-halign=\"left\" style=\"text-align:left\"><div class=\"uvc-heading-spacer no_spacer\" style=\"top\"><\/div><div class=\"uvc-main-heading ult-responsive\"  data-ultimate-target='.uvc-heading.ultimate-heading-332969d4995300571 h1'  data-responsive-json-new='{\"font-size\":\"\",\"line-height\":\"\"}' ><h1 style=\"font-weight:normal;\">Rev\u00eatements de sol antid\u00e9rapants C3<\/h1><\/div><\/div><div class=\"w-separator size_small\"><\/div><div class=\"wpb_text_column us_custom_432d3f53\"><div class=\"wpb_wrapper\"><p>Les rev\u00eatements de sol antid\u00e9rapants sont une solution efficace pour garantir la s\u00e9curit\u00e9 sur tous les types de surfaces, \u00e0 l&rsquo;int\u00e9rieur comme \u00e0 l&rsquo;ext\u00e9rieur. Ces surfaces peuvent devenir dangereuses lorsqu&rsquo;elles sont mouill\u00e9es ou expos\u00e9es \u00e0 des conditions humides, mais l&rsquo;utilisation de rev\u00eatements de sol antid\u00e9rapants permet de minimiser les risques de glissades, de chutes et de blessures.<\/p>\n<p>Pour mesurer le degr\u00e9 de glissance du gr\u00e8s c\u00e9rame, deux normes internationales largement reconnues sont principalement utilis\u00e9es : UNE-ENV 12633, qui d\u00e9termine le coefficient de frottement et donc la r\u00e9sistance au glissement des surfaces c\u00e9ramiques, et DIN 51097, qui se concentre sur l&rsquo;\u00e9valuation de la r\u00e9sistance au glissement des rev\u00eatements de sol dans les zones humides telles que les piscines, les douches ou les salles de bains.<\/p>\n<p>Sur la base de ces deux normes, le gr\u00e8s c\u00e9rame antid\u00e9rapant de Cer\u00e1mica Mayor est class\u00e9 C3 et constitue donc un mat\u00e9riau d&rsquo;une efficacit\u00e9 maximale pour pr\u00e9venir les accidents et les chutes dans les piscines, les zones humides et les zones \u00e0 fort trafic.<\/p>\n<\/div><\/div><\/div><\/div><\/div><\/div><\/section><section class=\"l-section wpb_row height_small\"><div class=\"l-section-h i-cf\"><div class=\"g-cols vc_row via_grid cols_3 laptops-cols_inherit tablets-cols_inherit mobiles-cols_1 valign_top type_default stacking_default\"><div class=\"wpb_column vc_column_container\"><div class=\"vc_column-inner\"><div class=\"w-image align_none\"><div class=\"w-image-h\"><img decoding=\"async\" width=\"1020\" height=\"1020\" src=\"https:\/\/www.ceramicamayor.com\/wp-content\/uploads\/2023\/08\/C3-anti-slip-TERAAZA-CON-PISCINA-Y-MOBILIARIO.jpg\" class=\"attachment-large size-large\" alt=\"PAVIMENTO PORCELANICO ANTIDEZLIZANTE C3\" loading=\"lazy\" srcset=\"https:\/\/www.ceramicamayor.com\/wp-content\/uploads\/2023\/08\/C3-anti-slip-TERAAZA-CON-PISCINA-Y-MOBILIARIO.jpg 1020w, https:\/\/www.ceramicamayor.com\/wp-content\/uploads\/2023\/08\/C3-anti-slip-TERAAZA-CON-PISCINA-Y-MOBILIARIO-300x300.jpg 300w, https:\/\/www.ceramicamayor.com\/wp-content\/uploads\/2023\/08\/C3-anti-slip-TERAAZA-CON-PISCINA-Y-MOBILIARIO-150x150.jpg 150w\" sizes=\"auto, (max-width: 1020px) 100vw, 1020px\" \/><\/div><\/div><\/div><\/div><div class=\"wpb_column vc_column_container\"><div class=\"vc_column-inner\"><div class=\"w-image align_none\"><div class=\"w-image-h\"><img decoding=\"async\" width=\"1024\" height=\"1024\" src=\"https:\/\/www.ceramicamayor.com\/wp-content\/uploads\/2023\/08\/C3-anti-slip-IMAGEN-1-WEB-06-1024x1024.jpg\" class=\"attachment-large size-large\" alt=\"SUELO PORCELANICO C3\" loading=\"lazy\" srcset=\"https:\/\/www.ceramicamayor.com\/wp-content\/uploads\/2023\/08\/C3-anti-slip-IMAGEN-1-WEB-06-1024x1024.jpg 1024w, https:\/\/www.ceramicamayor.com\/wp-content\/uploads\/2023\/08\/C3-anti-slip-IMAGEN-1-WEB-06-300x300.jpg 300w, https:\/\/www.ceramicamayor.com\/wp-content\/uploads\/2023\/08\/C3-anti-slip-IMAGEN-1-WEB-06-150x150.jpg 150w, https:\/\/www.ceramicamayor.com\/wp-content\/uploads\/2023\/08\/C3-anti-slip-IMAGEN-1-WEB-06.jpg 1042w\" sizes=\"auto, (max-width: 1024px) 100vw, 1024px\" \/><\/div><\/div><\/div><\/div><div class=\"wpb_column vc_column_container\"><div class=\"vc_column-inner\"><div class=\"w-image align_none\"><div class=\"w-image-h\"><img decoding=\"async\" width=\"1024\" height=\"1024\" src=\"https:\/\/www.ceramicamayor.com\/wp-content\/uploads\/2023\/08\/C3-anti-slip-slider-piscina-ceramica-ceramica-mayor-1-1024x1024.jpg\" class=\"attachment-large size-large\" alt=\"Pavimento porcel\u00e1nico antideslizante c3\" loading=\"lazy\" srcset=\"https:\/\/www.ceramicamayor.com\/wp-content\/uploads\/2023\/08\/C3-anti-slip-slider-piscina-ceramica-ceramica-mayor-1.jpg 1024w, https:\/\/www.ceramicamayor.com\/wp-content\/uploads\/2023\/08\/C3-anti-slip-slider-piscina-ceramica-ceramica-mayor-1-300x300.jpg 300w, https:\/\/www.ceramicamayor.com\/wp-content\/uploads\/2023\/08\/C3-anti-slip-slider-piscina-ceramica-ceramica-mayor-1-150x150.jpg 150w\" sizes=\"auto, (max-width: 1024px) 100vw, 1024px\" \/><\/div><\/div><\/div><\/div><\/div><\/div><\/section><section class=\"l-section wpb_row height_auto\"><div class=\"l-section-overlay\" style=\"background:#ffffff\"><\/div><div class=\"l-section-h i-cf\"><div class=\"g-cols vc_row via_grid cols_2 laptops-cols_inherit tablets-cols_inherit mobiles-cols_1 valign_top type_default stacking_default\"><div class=\"wpb_column vc_column_container\"><div class=\"vc_column-inner\"><div class=\"w-separator size_custom\" style=\"height:5.5vh\"><\/div><div class=\"wpb_text_column\"><div class=\"wpb_wrapper\"><h5><strong>Applications <\/strong><\/h5>\n<\/div><\/div><div class=\"w-separator size_small\"><\/div><div class=\"wpb_text_column us_custom_432d3f53\"><div class=\"wpb_wrapper\"><p><strong>Espaces commerciaux:<\/strong> Les \u00e9tablissements commerciaux, tels que les restaurants, les magasins, les centres commerciaux ou m\u00eame les espaces sanitaires, peuvent obtenir une plus grande s\u00e9curit\u00e9 gr\u00e2ce \u00e0 l&rsquo;utilisation d&rsquo;un rev\u00eatement de sol antid\u00e9rapant qui leur permettra \u00e9galement de se conformer aux r\u00e9glementations en vigueur dans de nombreux pays, d&rsquo;offrir une plus grande confiance aux employ\u00e9s et aux clients et une plus grande durabilit\u00e9 gr\u00e2ce \u00e0 la r\u00e9sistance de ce mat\u00e9riau.<\/p>\n<p><strong>Installations industrielles:<\/strong> dans les environnements industriels, o\u00f9 les surfaces peuvent \u00eatre expos\u00e9es \u00e0 des liquides et \u00e0 des huiles, les rev\u00eatements de sol antid\u00e9rapants sont essentiels pour pr\u00e9venir les accidents et les blessures et permettre aux travailleurs d&rsquo;effectuer leurs t\u00e2ches en toute s\u00e9curit\u00e9. En outre, ces rev\u00eatements r\u00e9sistent aux charges lourdes et sont faciles \u00e0 entretenir, ce qui contribue \u00e0 la propret\u00e9 de l&rsquo;environnement de travail.<\/p>\n<p><strong>Piscines et zones humides:<\/strong> Il est particuli\u00e8rement important d&rsquo;installer un rev\u00eatement antid\u00e9rapant C3 dans les piscines et les zones humides afin de garantir l&rsquo;int\u00e9grit\u00e9 physique des enfants et des adultes. De plus, le rev\u00eatement antid\u00e9rapant de Cer\u00e1mica Mayor est disponible dans une large gamme de couleurs et de formats qui vous permettront de d\u00e9velopper n&rsquo;importe quel projet, tout en \u00e9tant r\u00e9sistant aux produits chimiques et \u00e0 l&rsquo;humidit\u00e9 gr\u00e2ce \u00e0 sa faible porosit\u00e9.<\/p>\n<p><strong>A\u00e9roports et gares de transport:<\/strong> dans les lieux \u00e0 forte fr\u00e9quentation de personnes et de bagages, tels que les a\u00e9roports et les gares ferroviaires ou routi\u00e8res, les rev\u00eatements de sol antid\u00e9rapants am\u00e9liorent la s\u00e9curit\u00e9 et pr\u00e9viennent les chutes \u00e9ventuelles, tout en facilitant les d\u00e9placements des personnes \u00e0 mobilit\u00e9 r\u00e9duite et en garantissant la r\u00e9sistance et la long\u00e9vit\u00e9 du mat\u00e9riau.<\/p>\n<\/div><\/div><div class=\"w-separator size_small\"><\/div><\/div><\/div><div class=\"wpb_column vc_column_container\"><div class=\"vc_column-inner\"><div class=\"w-separator size_custom\" style=\"height:5.5vh\"><\/div><div class=\"w-separator size_custom\" style=\"height:7vh\"><\/div><div class=\"w-image align_none\"><div class=\"w-image-h\"><img decoding=\"async\" width=\"1020\" height=\"1360\" src=\"https:\/\/www.ceramicamayor.com\/wp-content\/uploads\/2023\/08\/imagen-rooftop-de-noche-pavimento-ceramico-ceramica-mayor.jpg\" class=\"attachment-us_1024_1360_crop size-us_1024_1360_crop\" alt=\"AZULEJOS PARA PISCINAS\" loading=\"lazy\" srcset=\"https:\/\/www.ceramicamayor.com\/wp-content\/uploads\/2023\/08\/imagen-rooftop-de-noche-pavimento-ceramico-ceramica-mayor.jpg 1020w, https:\/\/www.ceramicamayor.com\/wp-content\/uploads\/2023\/08\/imagen-rooftop-de-noche-pavimento-ceramico-ceramica-mayor-225x300.jpg 225w, https:\/\/www.ceramicamayor.com\/wp-content\/uploads\/2023\/08\/imagen-rooftop-de-noche-pavimento-ceramico-ceramica-mayor-768x1024.jpg 768w\" sizes=\"auto, (max-width: 1020px) 100vw, 1020px\" \/><\/div><\/div><\/div><\/div><\/div><\/div><\/section><section class=\"l-section wpb_row height_auto\"><div class=\"l-section-overlay\" style=\"background:#ffffff\"><\/div><div class=\"l-section-h i-cf\"><div class=\"g-cols vc_row via_grid cols_2 laptops-cols_inherit tablets-cols_inherit mobiles-cols_1 valign_top type_default stacking_default\"><div class=\"wpb_column vc_column_container\"><div class=\"vc_column-inner\"><div class=\"w-separator size_custom\" style=\"height:5.5vh\"><\/div><div class=\"w-separator size_custom\" style=\"height:7vh\"><\/div><div class=\"w-image align_none\"><div class=\"w-image-h\"><img decoding=\"async\" width=\"771\" height=\"1024\" src=\"https:\/\/www.ceramicamayor.com\/wp-content\/uploads\/2023\/08\/imagen-ambiente-exterior-pavimento-ceramico-ceramica-mayor-771x1024.jpg\" class=\"attachment-large size-large\" alt=\"\" loading=\"lazy\" srcset=\"https:\/\/www.ceramicamayor.com\/wp-content\/uploads\/2023\/08\/imagen-ambiente-exterior-pavimento-ceramico-ceramica-mayor-771x1024.jpg 771w, https:\/\/www.ceramicamayor.com\/wp-content\/uploads\/2023\/08\/imagen-ambiente-exterior-pavimento-ceramico-ceramica-mayor-226x300.jpg 226w, https:\/\/www.ceramicamayor.com\/wp-content\/uploads\/2023\/08\/imagen-ambiente-exterior-pavimento-ceramico-ceramica-mayor.jpg 1024w\" sizes=\"auto, (max-width: 771px) 100vw, 771px\" \/><\/div><\/div><\/div><\/div><div class=\"wpb_column vc_column_container\"><div class=\"vc_column-inner\"><div class=\"w-separator size_custom\" style=\"height:5.5vh\"><\/div><div class=\"wpb_text_column\"><div class=\"wpb_wrapper\"><h5><strong>Avantages <\/strong><\/h5>\n<\/div><\/div><div class=\"w-separator size_small\"><\/div><div class=\"wpb_text_column us_custom_432d3f53\"><div class=\"wpb_wrapper\"><p><strong>S\u00e9curit\u00e9 et pr\u00e9vention des accidents:<\/strong> Le principal avantage des rev\u00eatements de sol antid\u00e9rapants est leur capacit\u00e9 \u00e0 pr\u00e9venir les glissades et les chutes. Ils constituent donc un choix id\u00e9al pour les piscines, les douches, les salles de bains et les zones \u00e0 forte affluence, telles que les entr\u00e9es de b\u00e2timents, les all\u00e9es, les rampes et les espaces industriels.<\/p>\n<p><strong>Adaptabilit\u00e9 \u00e0 diff\u00e9rentes surfaces:<\/strong> Cer\u00e1mica Mayor a adapt\u00e9 la finition antid\u00e9rapante C3 aux carreaux et aux pi\u00e8ces sp\u00e9ciales, telles que les marches, les bords de piscine, les grilles de drainage et les pieces de terminaison, de sorte que le projet est totalement polyvalent, fonctionnel et atteint l&rsquo;esth\u00e9tique souhait\u00e9e tout en maintenant la facilit\u00e9 d&rsquo;entretien et la s\u00e9curit\u00e9 dans l&rsquo;ensemble de l&rsquo;environnement.<\/p>\n<p><strong>R\u00e9sistance:<\/strong> Le rev\u00eatement de sol antid\u00e9rapant peut \u00eatre utilis\u00e9 \u00e0 l&rsquo;int\u00e9rieur et \u00e0 l&rsquo;ext\u00e9rieur car il est tr\u00e8s r\u00e9sistant \u00e0 l&rsquo;usure, peut \u00eatre utilis\u00e9 dans des zones \u00e0 fort trafic, est capable de supporter de lourdes charges, r\u00e9siste \u00e0 l&rsquo;abrasion, \u00e0 l&rsquo;humidit\u00e9, gr\u00e2ce \u00e0 sa faible porosit\u00e9 et \u00e0 l&rsquo;absorption d&rsquo;eau, aux produits chimiques, au gel, au feu, aux chocs thermiques et aux rayons UV, tout en conservant sa couleur intacte.<\/p>\n<p><strong>Facilit\u00e9 d&rsquo;entretien:<\/strong> les rev\u00eatements de sol antid\u00e9rapants sont faciles \u00e0 nettoyer et \u00e0 entretenir gr\u00e2ce \u00e0 leur faible porosit\u00e9 et \u00e0 leur surface uniforme. Cela r\u00e9duit l&rsquo;accumulation de salet\u00e9 et garantit qu&rsquo;ils conservent leur efficacit\u00e9 au fil du temps et qu&rsquo;ils r\u00e9sistent aux taches et aux produits chimiques.<\/p>\n<\/div><\/div><\/div><\/div><\/div><\/div><\/section><section class=\"l-section wpb_row height_small\"><div class=\"l-section-h i-cf\"><div class=\"g-cols vc_row via_grid cols_1 laptops-cols_inherit tablets-cols_inherit mobiles-cols_1 valign_top type_default stacking_default\"><div class=\"wpb_column vc_column_container\"><div class=\"vc_column-inner\"><div class=\"w-separator size_custom\" style=\"height:5.5vh\"><\/div><div class=\"wpb_text_column\"><div class=\"wpb_wrapper\"><h5><strong>Vid\u00e9o sol antid\u00e9rapant C3<\/strong><\/h5>\n<\/div><\/div><div class=\"w-separator size_small\"><\/div><div class=\"w-video align_none ratio_16x9 has_iframe\"><div class=\"w-video-h\"><iframe title=\"Youtube video player\" src=\"\/\/www.youtube.com\/embed\/1_95_QXWeds?autoplay=0&controls=1&origin=https:\/\/www.ceramicamayor.com\/fr\/&loop=0&mute=0\" allowfullscreen=\"1\" loading=\"lazy\"><\/iframe><\/div><div class=\"w-video-icon\" style=\"font-size:1.5rem;background:rgba(0,0,0,0.5);color:#fff\"><\/div><\/div><div class=\"w-separator size_small\"><\/div><div class=\"wpb_text_column us_custom_432d3f53\"><div class=\"wpb_wrapper\"><p>Les rev\u00eatements de sol antid\u00e9rapants sont le choix id\u00e9al pour assurer la s\u00e9curit\u00e9 sur les surfaces glissantes. Leur capacit\u00e9 \u00e0 pr\u00e9venir les accidents et \u00e0 am\u00e9liorer la traction en fait une solution pr\u00e9cieuse pour les espaces int\u00e9rieurs et ext\u00e9rieurs. Si vous souhaitez prot\u00e9ger vos proches, vos employ\u00e9s et vos clients contre les glissades et les chutes, l&rsquo;installation du rev\u00eatement antid\u00e9rapant C3 de Cer\u00e1mica Mayor est le choix id\u00e9al.<\/p>\n<\/div><\/div><\/div><\/div><\/div><\/div><\/section><section class=\"l-section wpb_row height_custom\"><div class=\"l-section-h i-cf\"><div class=\"g-cols vc_row via_grid cols_1 laptops-cols_inherit tablets-cols_inherit mobiles-cols_1 valign_top type_default stacking_default\"><div class=\"wpb_column vc_column_container\"><div class=\"vc_column-inner\"><\/div><\/div><\/div><\/div><\/section>\n","protected":false},"excerpt":{"rendered":"Rev\u00eatements de sol antid\u00e9rapants C3 Rev\u00eatements de sol antid\u00e9rapants C3 Rev\u00eatements de sol antid\u00e9rapants C3Les rev\u00eatements de sol antid\u00e9rapants sont une solution efficace pour garantir la s\u00e9curit\u00e9 sur tous les types de surfaces, \u00e0 l&rsquo;int\u00e9rieur comme \u00e0 l&rsquo;ext\u00e9rieur. Ces surfaces peuvent devenir dangereuses lorsqu&rsquo;elles sont mouill\u00e9es ou expos\u00e9es \u00e0 des conditions humides, mais l&rsquo;utilisation de...","protected":false},"author":5,"featured_media":23037,"parent":9919,"menu_order":130,"comment_status":"closed","ping_status":"closed","template":"","meta":{"_acf_changed":false,"footnotes":""},"uso":[],"formato":[],"coleccion":[],"class_list":["post-18681","page","type-page","status-publish","has-post-thumbnail","hentry"],"acf":[],"_links":{"self":[{"href":"https:\/\/www.ceramicamayor.com\/fr\/wp-json\/wp\/v2\/pages\/18681","targetHints":{"allow":["GET"]}}],"collection":[{"href":"https:\/\/www.ceramicamayor.com\/fr\/wp-json\/wp\/v2\/pages"}],"about":[{"href":"https:\/\/www.ceramicamayor.com\/fr\/wp-json\/wp\/v2\/types\/page"}],"author":[{"embeddable":true,"href":"https:\/\/www.ceramicamayor.com\/fr\/wp-json\/wp\/v2\/users\/5"}],"replies":[{"embeddable":true,"href":"https:\/\/www.ceramicamayor.com\/fr\/wp-json\/wp\/v2\/comments?post=18681"}],"version-history":[{"count":3,"href":"https:\/\/www.ceramicamayor.com\/fr\/wp-json\/wp\/v2\/pages\/18681\/revisions"}],"predecessor-version":[{"id":20166,"href":"https:\/\/www.ceramicamayor.com\/fr\/wp-json\/wp\/v2\/pages\/18681\/revisions\/20166"}],"up":[{"embeddable":true,"href":"https:\/\/www.ceramicamayor.com\/fr\/wp-json\/wp\/v2\/pages\/9919"}],"wp:featuredmedia":[{"embeddable":true,"href":"https:\/\/www.ceramicamayor.com\/fr\/wp-json\/wp\/v2\/media\/23037"}],"wp:attachment":[{"href":"https:\/\/www.ceramicamayor.com\/fr\/wp-json\/wp\/v2\/media?parent=18681"}],"wp:term":[{"taxonomy":"uso","embeddable":true,"href":"https:\/\/www.ceramicamayor.com\/fr\/wp-json\/wp\/v2\/uso?post=18681"},{"taxonomy":"formato","embeddable":true,"href":"https:\/\/www.ceramicamayor.com\/fr\/wp-json\/wp\/v2\/formato?post=18681"},{"taxonomy":"coleccion","embeddable":true,"href":"https:\/\/www.ceramicamayor.com\/fr\/wp-json\/wp\/v2\/coleccion?post=18681"}],"curies":[{"name":"wp","href":"https:\/\/api.w.org\/{rel}","templated":true}]}}