{"id":25373,"date":"2024-01-23T10:29:23","date_gmt":"2024-01-23T09:29:23","guid":{"rendered":"https:\/\/www.ceramicamayor.com\/cevisama-2024\/"},"modified":"2024-02-13T08:54:11","modified_gmt":"2024-02-13T07:54:11","slug":"cevisama-2024","status":"publish","type":"page","link":"https:\/\/www.ceramicamayor.com\/fr\/cevisama-2024\/","title":{"rendered":"CEVISAMA 2024"},"content":{"rendered":"<section class=\"l-section wpb_row height_auto full_height valign_center width_full\"><div class=\"l-section-h i-cf\"><div class=\"g-cols vc_row via_grid cols_1 laptops-cols_inherit tablets-cols_inherit mobiles-cols_1 valign_top type_default stacking_default\"><div class=\"wpb_column vc_column_container\"><div class=\"vc_column-inner\">\n\t\t\t<!-- START CEVISAMA2024 REVOLUTION SLIDER 6.7.40 --><p class=\"rs-p-wp-fix\"><\/p>\n\t\t\t<rs-module-wrap id=\"rev_slider_55_1_wrapper\" data-source=\"gallery\" style=\"visibility:hidden;background:transparent;padding:0;\">\n\t\t\t\t<rs-module id=\"rev_slider_55_1\" style=\"\" data-version=\"6.7.40\">\n\t\t\t\t\t<rs-slides style=\"overflow: hidden; position: absolute;\">\n\t\t\t\t\t\t<rs-slide style=\"position: absolute;\" data-key=\"rs-520\" data-title=\"Slide\" data-in=\"o:0;\" data-out=\"a:false;\">\n\t\t\t\t\t\t\t<img decoding=\"async\" src=\"\/\/www.ceramicamayor.com\/wp-content\/plugins\/revslider\/sr6\/assets\/assets\/dummy.png\" alt=\"\" title=\"cevisama-2024_503.jpeg\" width=\"1920\" height=\"1080\" class=\"rev-slidebg tp-rs-img rs-lazyload\" data-lazyload=\"\/\/www.ceramicamayor.com\/wp-content\/uploads\/revslider\/video-media\/cevisama-2024_503.jpeg\" data-no-retina>\n\t\t\t\t\t\t\t<rs-bgvideo \n\t\t\t\t\t\t\t\tdata-video=\"w:100%;h:100%;nse:false;l:true;ptimer:true;vfc:true;\"\n\t\t\t\t\t\t\t\tdata-mp4=\"\/\/www.ceramicamayor.com\/wp-content\/uploads\/2024\/02\/cevisama-2024.mp4\"\n\t\t\t\t\t\t\t><\/rs-bgvideo>\n<!--\n\t\t\t\t\t\t\t--><rs-layer\n\t\t\t\t\t\t\t\tid=\"slider-55-slide-520-layer-0\" \n\t\t\t\t\t\t\t\tclass=\"rev-scroll-btn rev-b-span-light\"\n\t\t\t\t\t\t\t\tdata-type=\"button\"\n\t\t\t\t\t\t\t\tdata-xy=\"x:c;y:b;yo:60px;\"\n\t\t\t\t\t\t\t\tdata-text=\"w:normal;s:17;l:20;ls:1;a:center;\"\n\t\t\t\t\t\t\t\tdata-dim=\"w:35px;h:55px;minw:35px,none,none,none;minh:55px,none,none,none;\"\n\t\t\t\t\t\t\t\tdata-vbility=\"t,f,f,f\"\n\t\t\t\t\t\t\t\tdata-actions='o:click;a:scrollbelow;sp:1000ms;e:power1.inOut;'\n\t\t\t\t\t\t\t\tdata-rsp_o=\"off\"\n\t\t\t\t\t\t\t\tdata-rsp_bd=\"off\"\n\t\t\t\t\t\t\t\tdata-padding=\"t:22;r:14;b:22;l:14;\"\n\t\t\t\t\t\t\t\tdata-border=\"bos:solid;boc:rgba(255,255,255,0.75);bow:3px,3px,3px,3px;bor:23px,23px,23px,23px;\"\n\t\t\t\t\t\t\t\tdata-frame_999=\"o:0;st:w;\"\n\t\t\t\t\t\t\t\tstyle=\"z-index:7;font-family:'Roboto';text-transform:uppercase;\"\n\t\t\t\t\t\t\t><span><\/span><span><\/span><span><\/span> \n\t\t\t\t\t\t\t<\/rs-layer><!--\n\n\t\t\t\t\t\t\t--><rs-layer\n\t\t\t\t\t\t\t\tid=\"slider-55-slide-520-layer-1\" \n\t\t\t\t\t\t\t\tdata-type=\"shape\"\n\t\t\t\t\t\t\t\tdata-rsp_ch=\"on\"\n\t\t\t\t\t\t\t\tdata-xy=\"x:c;xo:-2px,-1px,0,0;y:m;yo:-2px,-1px,0,0;\"\n\t\t\t\t\t\t\t\tdata-text=\"w:normal;s:20,16,12,7;l:0,20,15,9;\"\n\t\t\t\t\t\t\t\tdata-dim=\"w:100%;h:100%;\"\n\t\t\t\t\t\t\t\tdata-basealign=\"slide\"\n\t\t\t\t\t\t\t\tdata-frame_999=\"o:0;st:w;\"\n\t\t\t\t\t\t\t\tstyle=\"z-index:6;background:linear-gradient(rgba(43,43,43,1) 0%, rgba(19,19,19,0.03) 41%, rgba(12,12,12,0.03) 53%);\"\n\t\t\t\t\t\t\t> \n\t\t\t\t\t\t\t<\/rs-layer><!--\n-->\t\t\t\t\t<\/rs-slide>\n\t\t\t\t\t<\/rs-slides>\n\t\t\t\t\t<rs-static-layers><!--\n\t\t\t\t\t--><\/rs-static-layers>\n\t\t\t\t<\/rs-module>\n\t\t\t\t<script>\n\t\t\t\t\tsetREVStartSize({c: 'rev_slider_55_1',rl:[1240,1024,778,480],el:[900,768,960,720],gw:[1240,1024,778,480],gh:[900,768,960,720],type:'standard',justify:'',layout:'fullscreen',offsetContainer:'',offset:'',mh:\"0\"});if (window.RS_MODULES!==undefined && window.RS_MODULES.modules!==undefined && window.RS_MODULES.modules[\"revslider551\"]!==undefined) {window.RS_MODULES.modules[\"revslider551\"].once = false;window.revapi55 = undefined;if (window.RS_MODULES.checkMinimal!==undefined) window.RS_MODULES.checkMinimal()}\n\t\t\t\t<\/script>\n\t\t\t<\/rs-module-wrap>\n\t\t\t<!-- END REVOLUTION SLIDER -->\n<\/div><\/div><\/div><\/div><\/section><section class=\"l-section wpb_row height_custom\"><div class=\"l-section-h i-cf\"><div class=\"g-cols vc_row via_grid cols_1-4-1 laptops-cols_inherit tablets-cols_inherit mobiles-cols_1 valign_top type_default stacking_default\"><div class=\"wpb_column vc_column_container\"><div class=\"vc_column-inner\"><\/div><\/div><div class=\"wpb_column vc_column_container\"><div class=\"vc_column-inner\"><div id=\"ultimate-heading-466869f531839fa20\" class=\"uvc-heading ult-adjust-bottom-margin ultimate-heading-466869f531839fa20 uvc-4667 \" data-hspacer=\"no_spacer\"  data-halign=\"center\" style=\"text-align:center\"><div class=\"uvc-heading-spacer no_spacer\" style=\"top\"><\/div><div class=\"uvc-main-heading ult-responsive\"  data-ultimate-target='.uvc-heading.ultimate-heading-466869f531839fa20 h1'  data-responsive-json-new='{\"font-size\":\"\",\"line-height\":\"\"}' ><h1 style=\"font-family:&#039;Playfair Display SC&#039;;font-weight:normal;\">Solutions conscientes avec le gr\u00e8s c\u00e9rame<\/h1><\/div><\/div><div class=\"w-separator size_medium\"><\/div><div class=\"wpb_text_column us_custom_432d3f53\"><div class=\"wpb_wrapper\"><p style=\"text-align: center;\">Gr\u00e8s c\u00e9rame pour piscines, terrasses et int\u00e9rieurs. Chez Cer\u00e1mica Mayor, nous fabriquons des carreaux et des pi\u00e8ces sp\u00e9ciales de la meilleure qualit\u00e9, en offrant des solutions techniques qui rendent possibles tous les types de projets d&rsquo;ext\u00e9rieur et d&rsquo;int\u00e9rieur, tant dans les espaces r\u00e9sidentiels que commerciaux. Notre syst\u00e8me antid\u00e9rapant C3 (R11) pour l&rsquo;ext\u00e9rieur peut \u00eatre appliqu\u00e9 aussi bien sur les sols c\u00e9ramiques qu&rsquo;\u00e0 l&rsquo;int\u00e9rieur de la piscine, garantissant une surface s\u00fbre et efficace dans les zones humides. Ce syst\u00e8me permet non seulement de conserver la couleur originale des carreaux de c\u00e9ramique, mais aussi de faciliter le nettoyage et de r\u00e9sister aux agents chimiques.<\/p>\n<\/div><\/div><div class=\"w-separator us_custom_a441e7d2 has_text_color size_custom with_line width_30 thick_2 style_solid color_border align_center\" style=\"height:\"><div class=\"w-separator-h\"><\/div><\/div><\/div><\/div><div class=\"wpb_column vc_column_container\"><div class=\"vc_column-inner\"><\/div><\/div><\/div><\/div><\/section><section class=\"l-section wpb_row height_small width_custom\" style=\"--site-content-width:1240px;\"><div class=\"l-section-h i-cf\"><div class=\"g-cols vc_row via_grid cols_2 laptops-cols_inherit tablets-cols_inherit mobiles-cols_1 valign_top type_default stacking_default\"><div class=\"wpb_column vc_column_container\"><div class=\"vc_column-inner\"><div tabindex=\"0\" class=\"ult-new-ib ult-ib-effect-style2  ult-ib-resp  \" data-min-width=\"768\" data-max-width=\"900\" style=\"\" data-opacity=\"1\" data-hover-opacity=\"1\" ><img decoding=\"async\" class=\"ult-new-ib-img\" style=\"opacity:1;\" alt=\"null\" src=\"https:\/\/www.ceramicamayor.com\/wp-content\/uploads\/2023\/04\/piscina-hotel-ceramica-mayor-colecciones-cp.jpg\"   \/><div id=\"interactive-banner-wrap-6857\" class=\"ult-new-ib-desc\" style=\"\"><h2 class=\"ult-new-ib-title ult-responsive\"  data-ultimate-target='#interactive-banner-wrap-6857 .ult-new-ib-title'  data-responsive-json-new='{\"font-size\":\"\",\"line-height\":\"\"}'  style=\"font-weight:normal;\"><\/h2><\/div><a class=\"ult-new-ib-link\" href=\"https:\/\/www.ceramicamayor.com\/fr\/\" title=\"Proyectos\"  ><\/a><\/div><div id=\"ultimate-heading-958869f53183a0b7e\" class=\"uvc-heading ult-adjust-bottom-margin ultimate-heading-958869f53183a0b7e uvc-9880 \" data-hspacer=\"no_spacer\"  data-halign=\"center\" style=\"text-align:center\"><div class=\"uvc-heading-spacer no_spacer\" style=\"top\"><\/div><div class=\"uvc-main-heading ult-responsive\"  data-ultimate-target='.uvc-heading.ultimate-heading-958869f53183a0b7e h6'  data-responsive-json-new='{\"font-size\":\"\",\"line-height\":\"\"}' ><h6 style=\"font-family:&#039;Playfair Display SC&#039;;font-weight:normal;\">Home<\/h6><\/div><\/div><div class=\"w-separator us_custom_a441e7d2 has_text_color size_custom with_line width_30 thick_2 style_solid color_border align_center\" style=\"height:\"><div class=\"w-separator-h\"><\/div><\/div><\/div><\/div><div class=\"wpb_column vc_column_container\"><div class=\"vc_column-inner\"><div tabindex=\"0\" class=\"ult-new-ib ult-ib-effect-style2  ult-ib-resp  \" data-min-width=\"768\" data-max-width=\"900\" style=\"\" data-opacity=\"1\" data-hover-opacity=\"1\" ><img decoding=\"async\" class=\"ult-new-ib-img\" style=\"opacity:1;\" alt=\"null\" src=\"https:\/\/www.ceramicamayor.com\/wp-content\/uploads\/2024\/02\/Apartados-05.-comprimido.jpg\"   \/><div id=\"interactive-banner-wrap-2381\" class=\"ult-new-ib-desc\" style=\"\"><h2 class=\"ult-new-ib-title ult-responsive\"  data-ultimate-target='#interactive-banner-wrap-2381 .ult-new-ib-title'  data-responsive-json-new='{\"font-size\":\"\",\"line-height\":\"\"}'  style=\"font-weight:normal;\"><\/h2><\/div><a class=\"ult-new-ib-link\" href=\"https:\/\/www.ceramicamayor.com\/wp-content\/uploads\/2024\/02\/Press-kit-Cevisama-2024-FR.pdf\" title=\"PRESS KIT CEVISAMA 2024\"  ><\/a><\/div><div id=\"ultimate-heading-77169f53183a1016\" class=\"uvc-heading ult-adjust-bottom-margin ultimate-heading-77169f53183a1016 uvc-7538 \" data-hspacer=\"no_spacer\"  data-halign=\"center\" style=\"text-align:center\"><div class=\"uvc-heading-spacer no_spacer\" style=\"top\"><\/div><div class=\"uvc-main-heading ult-responsive\"  data-ultimate-target='.uvc-heading.ultimate-heading-77169f53183a1016 h6'  data-responsive-json-new='{\"font-size\":\"\",\"line-height\":\"\"}' ><h6 style=\"font-family:&#039;Playfair Display SC&#039;;font-weight:normal;\">Presskit<\/h6><\/div><\/div><div class=\"w-separator us_custom_a441e7d2 has_text_color size_custom with_line width_30 thick_2 style_solid color_border align_center\" style=\"height:\"><div class=\"w-separator-h\"><\/div><\/div><\/div><\/div><\/div><\/div><\/section><section class=\"l-section wpb_row height_auto\"><div class=\"l-section-h i-cf\"><div class=\"g-cols vc_row via_grid cols_2 laptops-cols_inherit tablets-cols_inherit mobiles-cols_1 valign_top type_default stacking_default\"><div class=\"wpb_column vc_column_container\"><div class=\"vc_column-inner\"><div class=\"w-separator size_medium\"><\/div><div tabindex=\"0\" class=\"ult-new-ib ult-ib-effect-style5  ult-ib-resp  \" data-min-width=\"768\" data-max-width=\"900\" style=\"background:#ffffff;\" data-opacity=\"1\" data-hover-opacity=\"1\" ><img decoding=\"async\" class=\"ult-new-ib-img\" style=\"opacity:1;\" alt=\"null\" src=\"https:\/\/www.ceramicamayor.com\/wp-content\/uploads\/2024\/02\/Apartados-06.-comprimido.jpg\"   \/><div id=\"interactive-banner-wrap-4185\" class=\"ult-new-ib-desc\" style=\"background:rgba(10,10,10,0.01);\"><h1 class=\"ult-new-ib-title ult-responsive\"  data-ultimate-target='#interactive-banner-wrap-4185 .ult-new-ib-title'  data-responsive-json-new='{\"font-size\":\"\",\"line-height\":\"\"}'  style=\"font-weight:normal;color:#ffffff;\"><\/h1><\/div><a class=\"ult-new-ib-link\" href=\"https:\/\/www.ceramicamayor.com\/fr\/projets\/\"  ><\/a><\/div><div id=\"ultimate-heading-431669f53183a1925\" class=\"uvc-heading ult-adjust-bottom-margin ultimate-heading-431669f53183a1925 uvc-6438 \" data-hspacer=\"no_spacer\"  data-halign=\"center\" style=\"text-align:center\"><div class=\"uvc-heading-spacer no_spacer\" style=\"top\"><\/div><div class=\"uvc-main-heading ult-responsive\"  data-ultimate-target='.uvc-heading.ultimate-heading-431669f53183a1925 h6'  data-responsive-json-new='{\"font-size\":\"\",\"line-height\":\"\"}' ><h6 style=\"font-family:&#039;Playfair Display SC&#039;;font-weight:normal;\">Projets<\/h6><\/div><\/div><div class=\"w-separator us_custom_a441e7d2 has_text_color size_custom with_line width_30 thick_2 style_solid color_border align_center\" style=\"height:\"><div class=\"w-separator-h\"><\/div><\/div><\/div><\/div><div class=\"wpb_column vc_column_container\"><div class=\"vc_column-inner\"><div class=\"w-separator size_medium\"><\/div><div tabindex=\"0\" class=\"ult-new-ib ult-ib-effect-style5  ult-ib-resp  \" data-min-width=\"768\" data-max-width=\"900\" style=\"background:#ffffff;\" data-opacity=\"1\" data-hover-opacity=\"1\" ><img decoding=\"async\" class=\"ult-new-ib-img\" style=\"opacity:1;\" alt=\"null\" src=\"https:\/\/www.ceramicamayor.com\/wp-content\/uploads\/2024\/02\/Apartados-07-comprimido.jpg\"   \/><div id=\"interactive-banner-wrap-7296\" class=\"ult-new-ib-desc\" style=\"background:rgba(10,10,10,0.01);\"><h1 class=\"ult-new-ib-title ult-responsive\"  data-ultimate-target='#interactive-banner-wrap-7296 .ult-new-ib-title'  data-responsive-json-new='{\"font-size\":\"\",\"line-height\":\"\"}'  style=\"font-weight:normal;color:#ffffff;\"><\/h1><\/div><a class=\"ult-new-ib-link\" href=\"https:\/\/www.ceramicamayor.com\/wp-content\/uploads\/2023\/04\/CATALOGO-GENERAL-2025-CERAMICA-MAYOR.pdf\" title=\"Cat\u00e1logo general 2024\"  ><\/a><\/div><div id=\"ultimate-heading-598969f53183a1e78\" class=\"uvc-heading ult-adjust-bottom-margin ultimate-heading-598969f53183a1e78 uvc-5108 \" data-hspacer=\"no_spacer\"  data-halign=\"center\" style=\"text-align:center\"><div class=\"uvc-heading-spacer no_spacer\" style=\"top\"><\/div><div class=\"uvc-main-heading ult-responsive\"  data-ultimate-target='.uvc-heading.ultimate-heading-598969f53183a1e78 h6'  data-responsive-json-new='{\"font-size\":\"\",\"line-height\":\"\"}' ><h6 style=\"font-family:&#039;Playfair Display SC&#039;;font-weight:normal;\">Catalogue 2024<\/h6><\/div><\/div><div class=\"w-separator us_custom_a441e7d2 has_text_color size_custom with_line width_30 thick_2 style_solid color_border align_center\" style=\"height:\"><div class=\"w-separator-h\"><\/div><\/div><\/div><\/div><\/div><\/div><\/section><section class=\"l-section wpb_row height_small width_custom\" style=\"--site-content-width:1240px;\"><div class=\"l-section-h i-cf\"><div class=\"g-cols vc_row via_grid cols_1 laptops-cols_inherit tablets-cols_inherit mobiles-cols_1 valign_top type_default stacking_default\"><div class=\"wpb_column vc_column_container\"><div class=\"vc_column-inner\"><div class=\"w-separator size_medium\"><\/div><div id=\"ultimate-heading-746869f53183a261c\" class=\"uvc-heading ult-adjust-bottom-margin ultimate-heading-746869f53183a261c uvc-9377 \" data-hspacer=\"no_spacer\"  data-halign=\"center\" style=\"text-align:center\"><div class=\"uvc-heading-spacer no_spacer\" style=\"top\"><\/div><div class=\"uvc-main-heading ult-responsive\"  data-ultimate-target='.uvc-heading.ultimate-heading-746869f53183a261c h1'  data-responsive-json-new='{\"font-size\":\"\",\"line-height\":\"\"}' ><h1 style=\"font-family:&#039;Playfair Display SC&#039;;font-weight:normal;\">#HASHTAGS<\/h1><\/div><\/div><div class=\"w-separator size_large\"><\/div><div id=\"ultimate-heading-340269f53183a2764\" class=\"uvc-heading ult-adjust-bottom-margin ultimate-heading-340269f53183a2764 uvc-2314 \" data-hspacer=\"no_spacer\"  data-halign=\"center\" style=\"text-align:center\"><div class=\"uvc-heading-spacer no_spacer\" style=\"top\"><\/div><div class=\"uvc-sub-heading ult-responsive\"  data-ultimate-target='.uvc-heading.ultimate-heading-340269f53183a2764 .uvc-sub-heading '  data-responsive-json-new='{\"font-size\":\"\",\"line-height\":\"\"}'  style=\"font-weight:normal;\">\n<h5>#ceramicamayor #cevisama2024 #consciousceramic #ceramicaconsciente<\/h5>\n<\/div><\/div><\/div><\/div><\/div><\/div><\/section><section class=\"l-section wpb_row height_custom\"><div class=\"l-section-h i-cf\"><div class=\"g-cols vc_row via_grid cols_1-4-1 laptops-cols_inherit tablets-cols_inherit mobiles-cols_1 valign_top type_default stacking_default\"><div class=\"wpb_column vc_column_container\"><div class=\"vc_column-inner\"><\/div><\/div><div class=\"wpb_column vc_column_container\"><div class=\"vc_column-inner\"><div id=\"ultimate-heading-641669f53183a2daf\" class=\"uvc-heading ult-adjust-bottom-margin ultimate-heading-641669f53183a2daf uvc-8201 \" data-hspacer=\"no_spacer\"  data-halign=\"center\" style=\"text-align:center\"><div class=\"uvc-heading-spacer no_spacer\" style=\"top\"><\/div><div class=\"uvc-main-heading ult-responsive\"  data-ultimate-target='.uvc-heading.ultimate-heading-641669f53183a2daf h3'  data-responsive-json-new='{\"font-size\":\"\",\"line-height\":\"\"}' ><h3 style=\"font-family:&#039;Playfair Display SC&#039;;font-weight:normal;\">Nouvelles collections<\/h3><\/div><\/div><\/div><\/div><div class=\"wpb_column vc_column_container\"><div class=\"vc_column-inner\"><\/div><\/div><\/div><\/div><\/section><section class=\"l-section wpb_row height_auto\"><div class=\"l-section-h i-cf\"><div class=\"g-cols vc_row via_grid cols_3 laptops-cols_inherit tablets-cols_inherit mobiles-cols_1 valign_top type_default stacking_default\"><div class=\"wpb_column vc_column_container\"><div class=\"vc_column-inner\"><div tabindex=\"0\" class=\"ult-new-ib ult-ib-effect-style5  ult-ib-resp  \" data-min-width=\"768\" data-max-width=\"900\" style=\"background:#ffffff;\" data-opacity=\"1\" data-hover-opacity=\"1\" ><img decoding=\"async\" class=\"ult-new-ib-img\" style=\"opacity:1;\" alt=\"null\" src=\"https:\/\/www.ceramicamayor.com\/wp-content\/uploads\/2024\/02\/Imagenes-volcanic-cevisama.jpg\"   \/><div id=\"interactive-banner-wrap-4186\" class=\"ult-new-ib-desc\" style=\"background:rgba(10,10,10,0.01);\"><h1 class=\"ult-new-ib-title ult-responsive\"  data-ultimate-target='#interactive-banner-wrap-4186 .ult-new-ib-title'  data-responsive-json-new='{\"font-size\":\"\",\"line-height\":\"\"}'  style=\"font-weight:normal;color:#ffffff;\"><\/h1><\/div><a class=\"ult-new-ib-link\" href=\"https:\/\/www.ceramicamayor.com\/fr\/collections\/volcanic\/\"  ><\/a><\/div><\/div><\/div><div class=\"wpb_column vc_column_container\"><div class=\"vc_column-inner\"><div tabindex=\"0\" class=\"ult-new-ib ult-ib-effect-style5  ult-ib-resp  \" data-min-width=\"768\" data-max-width=\"900\" style=\"background:#ffffff;\" data-opacity=\"1\" data-hover-opacity=\"1\" ><img decoding=\"async\" class=\"ult-new-ib-img\" style=\"opacity:1;\" alt=\"null\" src=\"https:\/\/www.ceramicamayor.com\/wp-content\/uploads\/2024\/02\/Imagenes-c-aguada.jpg\"   \/><div id=\"interactive-banner-wrap-1573\" class=\"ult-new-ib-desc\" style=\"background:rgba(10,10,10,0.01);\"><h1 class=\"ult-new-ib-title ult-responsive\"  data-ultimate-target='#interactive-banner-wrap-1573 .ult-new-ib-title'  data-responsive-json-new='{\"font-size\":\"\",\"line-height\":\"\"}'  style=\"font-weight:normal;color:#ffffff;\"><\/h1><\/div><a class=\"ult-new-ib-link\" href=\"https:\/\/www.ceramicamayor.com\/fr\/collections\/coralina\/\" title=\"Cat\u00e1logo general 2024\"  ><\/a><\/div><\/div><\/div><div class=\"wpb_column vc_column_container\"><div class=\"vc_column-inner\"><div tabindex=\"0\" class=\"ult-new-ib ult-ib-effect-style5  ult-ib-resp  \" data-min-width=\"768\" data-max-width=\"900\" style=\"background:#ffffff;\" data-opacity=\"1\" data-hover-opacity=\"1\" ><img decoding=\"async\" class=\"ult-new-ib-img\" style=\"opacity:1;\" alt=\"null\" src=\"https:\/\/www.ceramicamayor.com\/wp-content\/uploads\/2024\/02\/Imagenes-aguada.jpg\"   \/><div id=\"interactive-banner-wrap-3320\" class=\"ult-new-ib-desc\" style=\"background:rgba(10,10,10,0.01);\"><h1 class=\"ult-new-ib-title ult-responsive\"  data-ultimate-target='#interactive-banner-wrap-3320 .ult-new-ib-title'  data-responsive-json-new='{\"font-size\":\"\",\"line-height\":\"\"}'  style=\"font-weight:normal;color:#ffffff;\"><\/h1><\/div><a class=\"ult-new-ib-link\" href=\"https:\/\/www.ceramicamayor.com\/fr\/collections\/coralina\/\" title=\"Cat\u00e1logo general 2024\"  ><\/a><\/div><\/div><\/div><\/div><\/div><\/section><section class=\"l-section wpb_row height_custom\"><div class=\"l-section-h i-cf\"><div class=\"g-cols vc_row via_grid cols_1-4-1 laptops-cols_inherit tablets-cols_inherit mobiles-cols_1 valign_top type_default stacking_default\"><div class=\"wpb_column vc_column_container\"><div class=\"vc_column-inner\"><\/div><\/div><div class=\"wpb_column vc_column_container\"><div class=\"vc_column-inner\"><div id=\"ultimate-heading-257069f53183a42c6\" class=\"uvc-heading ult-adjust-bottom-margin ultimate-heading-257069f53183a42c6 uvc-4935 \" data-hspacer=\"no_spacer\"  data-halign=\"center\" style=\"text-align:center\"><div class=\"uvc-heading-spacer no_spacer\" style=\"top\"><\/div><div class=\"uvc-main-heading ult-responsive\"  data-ultimate-target='.uvc-heading.ultimate-heading-257069f53183a42c6 h3'  data-responsive-json-new='{\"font-size\":\"\",\"line-height\":\"\"}' ><h3 style=\"font-family:&#039;Playfair Display SC&#039;;font-weight:normal;\">Durabilit\u00e9 <\/h3><\/div><\/div><\/div><\/div><div class=\"wpb_column vc_column_container\"><div class=\"vc_column-inner\"><\/div><\/div><\/div><\/div><\/section><section class=\"l-section wpb_row height_small width_custom with_img\" style=\"--site-content-width:1240px;\"><div class=\"l-section-img\" role=\"img\" data-img-width=\"1280\" data-img-height=\"2\" style=\"background-image: url(https:\/\/www.ceramicamayor.com\/wp-content\/uploads\/2024\/01\/LINEA-2PX-FONDO-100.jpg);background-repeat: no-repeat;background-size: contain;\"><\/div><div class=\"l-section-h i-cf\"><div class=\"g-cols vc_row via_grid cols_1 laptops-cols_inherit tablets-cols_inherit mobiles-cols_1 valign_top type_default stacking_default\"><div class=\"wpb_column vc_column_container\"><div class=\"vc_column-inner\"><div class=\"w-image align_center\"><div class=\"w-image-h\"><img decoding=\"async\" width=\"1000\" height=\"752\" src=\"https:\/\/www.ceramicamayor.com\/wp-content\/uploads\/2024\/02\/Etiqueta-perfume-2.jpg\" class=\"attachment-full size-full\" alt=\"\" loading=\"lazy\" srcset=\"https:\/\/www.ceramicamayor.com\/wp-content\/uploads\/2024\/02\/Etiqueta-perfume-2.jpg 1000w, https:\/\/www.ceramicamayor.com\/wp-content\/uploads\/2024\/02\/Etiqueta-perfume-2-300x226.jpg 300w, https:\/\/www.ceramicamayor.com\/wp-content\/uploads\/2024\/02\/Etiqueta-perfume-2-532x400.jpg 532w, https:\/\/www.ceramicamayor.com\/wp-content\/uploads\/2024\/02\/Etiqueta-perfume-2-50x38.jpg 50w\" sizes=\"auto, (max-width: 1000px) 100vw, 1000px\" \/><\/div><\/div><div class=\"w-separator size_large\"><\/div><\/div><\/div><\/div><\/div><\/section>\n","protected":false},"excerpt":{"rendered":"Solutions conscientes avec le gr\u00e8s c\u00e9rameGr\u00e8s c\u00e9rame pour piscines, terrasses et int\u00e9rieurs. Chez Cer\u00e1mica Mayor, nous fabriquons des carreaux et des pi\u00e8ces sp\u00e9ciales de la meilleure qualit\u00e9, en offrant des solutions techniques qui rendent possibles tous les types de projets d&rsquo;ext\u00e9rieur et d&rsquo;int\u00e9rieur, tant dans les espaces r\u00e9sidentiels que commerciaux. Notre syst\u00e8me antid\u00e9rapant C3 (R11)...","protected":false},"author":5,"featured_media":16949,"parent":0,"menu_order":202,"comment_status":"closed","ping_status":"closed","template":"","meta":{"_acf_changed":false,"footnotes":""},"uso":[],"formato":[],"coleccion":[],"class_list":["post-25373","page","type-page","status-publish","has-post-thumbnail","hentry"],"acf":[],"_links":{"self":[{"href":"https:\/\/www.ceramicamayor.com\/fr\/wp-json\/wp\/v2\/pages\/25373","targetHints":{"allow":["GET"]}}],"collection":[{"href":"https:\/\/www.ceramicamayor.com\/fr\/wp-json\/wp\/v2\/pages"}],"about":[{"href":"https:\/\/www.ceramicamayor.com\/fr\/wp-json\/wp\/v2\/types\/page"}],"author":[{"embeddable":true,"href":"https:\/\/www.ceramicamayor.com\/fr\/wp-json\/wp\/v2\/users\/5"}],"replies":[{"embeddable":true,"href":"https:\/\/www.ceramicamayor.com\/fr\/wp-json\/wp\/v2\/comments?post=25373"}],"version-history":[{"count":6,"href":"https:\/\/www.ceramicamayor.com\/fr\/wp-json\/wp\/v2\/pages\/25373\/revisions"}],"predecessor-version":[{"id":25731,"href":"https:\/\/www.ceramicamayor.com\/fr\/wp-json\/wp\/v2\/pages\/25373\/revisions\/25731"}],"wp:featuredmedia":[{"embeddable":true,"href":"https:\/\/www.ceramicamayor.com\/fr\/wp-json\/wp\/v2\/media\/16949"}],"wp:attachment":[{"href":"https:\/\/www.ceramicamayor.com\/fr\/wp-json\/wp\/v2\/media?parent=25373"}],"wp:term":[{"taxonomy":"uso","embeddable":true,"href":"https:\/\/www.ceramicamayor.com\/fr\/wp-json\/wp\/v2\/uso?post=25373"},{"taxonomy":"formato","embeddable":true,"href":"https:\/\/www.ceramicamayor.com\/fr\/wp-json\/wp\/v2\/formato?post=25373"},{"taxonomy":"coleccion","embeddable":true,"href":"https:\/\/www.ceramicamayor.com\/fr\/wp-json\/wp\/v2\/coleccion?post=25373"}],"curies":[{"name":"wp","href":"https:\/\/api.w.org\/{rel}","templated":true}]}}