{"id":27642,"date":"2024-04-05T08:46:51","date_gmt":"2024-04-05T07:46:51","guid":{"rendered":"https:\/\/www.ceramicamayor.com\/biblioteca-tecnica\/"},"modified":"2024-04-22T11:21:24","modified_gmt":"2024-04-22T10:21:24","slug":"bibliotheque-technique","status":"publish","type":"page","link":"https:\/\/www.ceramicamayor.com\/fr\/bibliotheque-technique\/","title":{"rendered":"Biblioth\u00e8que technique"},"content":{"rendered":"<section class=\"l-section wpb_row height_auto full_height valign_center width_full\"><div class=\"l-section-h i-cf\"><div class=\"g-cols vc_row via_grid cols_1 laptops-cols_inherit tablets-cols_inherit mobiles-cols_1 valign_top type_default stacking_default\"><div class=\"wpb_column vc_column_container\"><div class=\"vc_column-inner\">\n\t\t\t<!-- START BIM REVOLUTION SLIDER 6.7.40 --><p class=\"rs-p-wp-fix\"><\/p>\n\t\t\t<rs-module-wrap id=\"rev_slider_58_1_wrapper\" data-source=\"gallery\" style=\"visibility:hidden;background:transparent;padding:0;\">\n\t\t\t\t<rs-module id=\"rev_slider_58_1\" style=\"\" data-version=\"6.7.40\">\n\t\t\t\t\t<rs-slides style=\"overflow: hidden; position: absolute;\">\n\t\t\t\t\t\t<rs-slide style=\"position: absolute;\" data-key=\"rs-826\" data-title=\"Slide\" data-in=\"o:0;\" data-out=\"a:false;\">\n\t\t\t\t\t\t\t<img decoding=\"async\" src=\"\/\/www.ceramicamayor.com\/wp-content\/plugins\/revslider\/sr6\/assets\/assets\/dummy.png\" alt=\"BIM object \" title=\"BIM \" width=\"1920\" height=\"900\" class=\"rev-slidebg tp-rs-img rs-lazyload\" data-lazyload=\"\/\/www.ceramicamayor.com\/wp-content\/uploads\/2025\/01\/bim-ceramica-mayor-cabecera.jpg\" data-no-retina>\n<!--\n\t\t\t\t\t\t\t--><rs-layer\n\t\t\t\t\t\t\t\tid=\"slider-58-slide-826-layer-0\" \n\t\t\t\t\t\t\t\tclass=\"rev-scroll-btn rev-b-span-light\"\n\t\t\t\t\t\t\t\tdata-type=\"button\"\n\t\t\t\t\t\t\t\tdata-color=\"#ffffff\"\n\t\t\t\t\t\t\t\tdata-xy=\"x:c;y:b;yo:60px;\"\n\t\t\t\t\t\t\t\tdata-text=\"w:normal;s:17;l:20;ls:1;a:center;\"\n\t\t\t\t\t\t\t\tdata-dim=\"w:35px;h:55px;minw:35px;minh:55px;\"\n\t\t\t\t\t\t\t\tdata-vbility=\"t,f,f,f\"\n\t\t\t\t\t\t\t\tdata-actions='o:click;a:scrollbelow;sp:1000ms;e:power1.inOut;'\n\t\t\t\t\t\t\t\tdata-rsp_o=\"off\"\n\t\t\t\t\t\t\t\tdata-rsp_bd=\"off\"\n\t\t\t\t\t\t\t\tdata-padding=\"t:22;r:14;b:22;l:14;\"\n\t\t\t\t\t\t\t\tdata-border=\"bos:solid;boc:rgba(255,255,255,0.75);bow:3px,3px,3px,3px;bor:23px,23px,23px,23px;\"\n\t\t\t\t\t\t\t\tdata-frame_999=\"o:0;st:w;\"\n\t\t\t\t\t\t\t\tstyle=\"z-index:7;font-family:'Roboto';text-transform:uppercase;\"\n\t\t\t\t\t\t\t><span><\/span><span><\/span><span><\/span> \n\t\t\t\t\t\t\t<\/rs-layer><!--\n\n\t\t\t\t\t\t\t--><rs-layer\n\t\t\t\t\t\t\t\tid=\"slider-58-slide-826-layer-1\" \n\t\t\t\t\t\t\t\tdata-type=\"shape\"\n\t\t\t\t\t\t\t\tdata-rsp_ch=\"on\"\n\t\t\t\t\t\t\t\tdata-xy=\"x:c;y:c;\"\n\t\t\t\t\t\t\t\tdata-text=\"w:normal;\"\n\t\t\t\t\t\t\t\tdata-dim=\"w:100%;h:100%;\"\n\t\t\t\t\t\t\t\tdata-basealign=\"slide\"\n\t\t\t\t\t\t\t\tdata-frame_999=\"o:0;st:w;\"\n\t\t\t\t\t\t\t\tstyle=\"z-index:6;background:linear-gradient(rgba(43,43,43,1) 0%, rgba(30,30,30,0.03) 13%, rgba(12,12,12,0.03) 32%);\"\n\t\t\t\t\t\t\t> \n\t\t\t\t\t\t\t<\/rs-layer><!--\n\n\t\t\t\t\t\t\t--><rs-layer\n\t\t\t\t\t\t\t\tid=\"slider-58-slide-826-layer-2\" \n\t\t\t\t\t\t\t\tclass=\"texto-slider\"\n\t\t\t\t\t\t\t\tdata-type=\"text\"\n\t\t\t\t\t\t\t\tdata-color=\"#ffffff\"\n\t\t\t\t\t\t\t\tdata-rsp_ch=\"on\"\n\t\t\t\t\t\t\t\tdata-xy=\"x:c;y:c;yo:-1px;\"\n\t\t\t\t\t\t\t\tdata-text=\"w:normal;a:center;\"\n\t\t\t\t\t\t\t\tdata-dim=\"w:#2\/3#;\"\n\t\t\t\t\t\t\t\tdata-frame_999=\"o:0;st:w;\"\n\t\t\t\t\t\t\t\tstyle=\"z-index:8;font-family:'Playfair Display SC';\"\n\t\t\t\t\t\t\t>biblioth\u00e8que BIM \n\t\t\t\t\t\t\t<\/rs-layer><!--\n-->\t\t\t\t\t<\/rs-slide>\n\t\t\t\t\t<\/rs-slides>\n\t\t\t\t<\/rs-module>\n\t\t\t\t<script>\n\t\t\t\t\tsetREVStartSize({c: 'rev_slider_58_1',rl:[1240,1024,778,480],el:[900],gw:[1240],gh:[900],type:'standard',justify:'',layout:'fullscreen',offsetContainer:'',offset:'',mh:\"0\"});if (window.RS_MODULES!==undefined && window.RS_MODULES.modules!==undefined && window.RS_MODULES.modules[\"revslider581\"]!==undefined) {window.RS_MODULES.modules[\"revslider581\"].once = false;window.revapi58 = undefined;if (window.RS_MODULES.checkMinimal!==undefined) window.RS_MODULES.checkMinimal()}\n\t\t\t\t<\/script>\n\t\t\t<\/rs-module-wrap>\n\t\t\t<!-- END REVOLUTION SLIDER -->\n<\/div><\/div><\/div><\/div><\/section><section class=\"l-section wpb_row height_custom\"><div class=\"l-section-h i-cf\"><div class=\"g-cols vc_row via_grid cols_1-4-1 laptops-cols_inherit tablets-cols_inherit mobiles-cols_1 valign_top type_default stacking_default\"><div class=\"wpb_column vc_column_container\"><div class=\"vc_column-inner\"><\/div><\/div><div class=\"wpb_column vc_column_container\"><div class=\"vc_column-inner\"><div id=\"ultimate-heading-733669deab5fcd516\" class=\"uvc-heading ult-adjust-bottom-margin ultimate-heading-733669deab5fcd516 uvc-2764 \" data-hspacer=\"no_spacer\"  data-halign=\"center\" style=\"text-align:center\"><div class=\"uvc-heading-spacer no_spacer\" style=\"top\"><\/div><div class=\"uvc-main-heading ult-responsive\"  data-ultimate-target='.uvc-heading.ultimate-heading-733669deab5fcd516 h1'  data-responsive-json-new='{\"font-size\":\"\",\"line-height\":\"\"}' ><h1 style=\"font-family:&#039;Playfair Display SC&#039;;font-weight:normal;\">Concevez vos espaces<\/h1><\/div><\/div><div id=\"ultimate-heading-788769deab5fcd5b0\" class=\"uvc-heading ult-adjust-bottom-margin ultimate-heading-788769deab5fcd5b0 uvc-5789 \" data-hspacer=\"no_spacer\"  data-halign=\"center\" style=\"text-align:center\"><div class=\"uvc-heading-spacer no_spacer\" style=\"top\"><\/div><div class=\"uvc-main-heading ult-responsive\"  data-ultimate-target='.uvc-heading.ultimate-heading-788769deab5fcd5b0 h1'  data-responsive-json-new='{\"font-size\":\"\",\"line-height\":\"\"}' ><h1 style=\"font-family:&#039;Playfair Display SC&#039;;font-weight:normal;\">Nous vous facilitons la t\u00e2che<\/h1><\/div><\/div><div class=\"w-separator size_medium\"><\/div><div class=\"wpb_text_column us_custom_432d3f53\"><div class=\"wpb_wrapper\"><p>Explorez notre vaste s\u00e9lection de <strong>pi\u00e8ces c\u00e9ramiques en 3D<\/strong> pour les piscines, les environnements ext\u00e9rieurs et int\u00e9rieurs et laissez libre cours \u00e0 votre cr\u00e9ativit\u00e9. <strong>T\u00e9l\u00e9chargez nos fichiers BIM<\/strong> et d\u00e9couvrez comment nos pi\u00e8ces peuvent transformer vos id\u00e9es en espaces exceptionnels. Des motifs classiques aux designs modernes, nous avons tout ce qu&rsquo;il vous faut pour faire passer vos<strong> projets \u00e0 la vitesse sup\u00e9rieure<\/strong>.<\/p>\n<\/div><\/div><div class=\"w-separator us_custom_a441e7d2 has_text_color size_custom with_line width_30 thick_2 style_solid color_border align_center\" style=\"height:\"><div class=\"w-separator-h\"><\/div><\/div><div class=\"w-separator size_medium\"><\/div><div id=\"ultimate-heading-88269deab5fcde00\" class=\"uvc-heading ult-adjust-bottom-margin ultimate-heading-88269deab5fcde00 uvc-2567 \" data-hspacer=\"no_spacer\"  data-halign=\"center\" style=\"text-align:center\"><div class=\"uvc-heading-spacer no_spacer\" style=\"top\"><\/div><div class=\"uvc-main-heading ult-responsive\"  data-ultimate-target='.uvc-heading.ultimate-heading-88269deab5fcde00 h3'  data-responsive-json-new='{\"font-size\":\"\",\"line-height\":\"\"}' ><h3 style=\"font-family:&#039;Playfair Display SC&#039;;font-weight:normal;\">T\u00e9l\u00e9chargements<\/h3><\/div><\/div><\/div><\/div><div class=\"wpb_column vc_column_container\"><div class=\"vc_column-inner\"><\/div><\/div><\/div><\/div><\/section><section class=\"l-section wpb_row height_auto\"><div class=\"l-section-h i-cf\"><div class=\"g-cols vc_row via_grid cols_3 laptops-cols_inherit tablets-cols_inherit mobiles-cols_1 valign_top type_default stacking_default\"><div class=\"wpb_column vc_column_container\"><div class=\"vc_column-inner\"><div class=\"w-image align_none\"><div class=\"w-image-h\"><img decoding=\"async\" width=\"500\" height=\"351\" src=\"https:\/\/www.ceramicamayor.com\/wp-content\/uploads\/2023\/03\/peldano-tapa-scaled.jpg\" class=\"attachment-full size-full\" alt=\"\" loading=\"lazy\" \/><\/div><\/div><div class=\"wpb_text_column\"><div class=\"wpb_wrapper\"><p><span class=\"w-nav-title\">Marches<\/span><\/p>\n<\/div><\/div><div class=\"wpb_text_column us_custom_ba9b32d8 texto-peque\"><div class=\"wpb_wrapper\"><p><a href=\"https:\/\/www.ceramicamayor.com\/wp-content\/uploads\/2024\/04\/DWG-1.zip\"><img loading=\"lazy\" decoding=\"async\" class=\"alignnone wp-image-27086 size-full\" src=\"https:\/\/www.ceramicamayor.com\/wp-content\/uploads\/2023\/04\/cad_1.png\" alt=\"\" width=\"41\" height=\"18\" \/><\/a> <a href=\"https:\/\/www.ceramicamayor.com\/wp-content\/uploads\/2024\/04\/SKPCM-1.zip\"><img loading=\"lazy\" decoding=\"async\" class=\"alignnone wp-image-27127 size-full\" src=\"https:\/\/www.ceramicamayor.com\/wp-content\/uploads\/2024\/03\/skp.png\" alt=\"\" width=\"41\" height=\"18\" \/><\/a> \u00a0<a href=\"https:\/\/www.ceramicamayor.com\/wp-content\/uploads\/2024\/04\/3DS.zip\"><img loading=\"lazy\" decoding=\"async\" class=\"alignnone size-full wp-image-27097\" src=\"https:\/\/www.ceramicamayor.com\/wp-content\/uploads\/2024\/03\/3ds.png\" alt=\"\" width=\"41\" height=\"18\" \/><\/a><\/p>\n<\/div><\/div><div class=\"w-separator size_huge\"><\/div><div class=\"w-image align_none\"><div class=\"w-image-h\"><img decoding=\"async\" width=\"300\" height=\"300\" src=\"https:\/\/www.ceramicamayor.com\/wp-content\/uploads\/2023\/07\/formato-90x90-crosscut-petra-ceramica-mayor-300x300.jpg\" class=\"attachment-medium size-medium\" alt=\"\" loading=\"lazy\" srcset=\"https:\/\/www.ceramicamayor.com\/wp-content\/uploads\/2023\/07\/formato-90x90-crosscut-petra-ceramica-mayor-300x300.jpg 300w, https:\/\/www.ceramicamayor.com\/wp-content\/uploads\/2023\/07\/formato-90x90-crosscut-petra-ceramica-mayor-1024x1024.jpg 1024w, https:\/\/www.ceramicamayor.com\/wp-content\/uploads\/2023\/07\/formato-90x90-crosscut-petra-ceramica-mayor-150x150.jpg 150w, https:\/\/www.ceramicamayor.com\/wp-content\/uploads\/2023\/07\/formato-90x90-crosscut-petra-ceramica-mayor.jpg 1111w\" sizes=\"auto, (max-width: 300px) 100vw, 300px\" \/><\/div><\/div><div class=\"w-separator size_small\"><\/div><div class=\"wpb_text_column\"><div class=\"wpb_wrapper\"><p>Textures &#8211; graphiques<\/p>\n<\/div><\/div><div class=\"wpb_text_column us_custom_ba9b32d8 texto-peque\"><div class=\"wpb_wrapper\"><p><a href=\"https:\/\/www.ceramicamayor.com\/wp-content\/uploads\/2024\/04\/TEXTURAS-CERAMICA-MAYOR-.zip\"><img loading=\"lazy\" decoding=\"async\" class=\"alignnone wp-image-27107 size-full\" src=\"https:\/\/www.ceramicamayor.com\/wp-content\/uploads\/2024\/03\/jpg.png\" alt=\"\" width=\"41\" height=\"18\" \/><\/a><\/p>\n<\/div><\/div><div class=\"w-separator size_huge\"><\/div><\/div><\/div><div class=\"wpb_column vc_column_container\"><div class=\"vc_column-inner\"><div class=\"w-image align_none\"><div class=\"w-image-h\"><img decoding=\"async\" width=\"500\" height=\"351\" src=\"https:\/\/www.ceramicamayor.com\/wp-content\/uploads\/2023\/03\/rj25-recto-1-scaled.jpg\" class=\"attachment-full size-full\" alt=\"\" loading=\"lazy\" \/><\/div><\/div><div class=\"wpb_text_column\"><div class=\"wpb_wrapper\"><p>Grilles de drainage<\/p>\n<\/div><\/div><div class=\"wpb_text_column us_custom_ba9b32d8 texto-peque\"><div class=\"wpb_wrapper\"><p><a href=\"https:\/\/www.ceramicamayor.com\/wp-content\/uploads\/2024\/04\/DWG.zip\"><img loading=\"lazy\" decoding=\"async\" class=\"alignnone wp-image-27086 size-full\" src=\"https:\/\/www.ceramicamayor.com\/wp-content\/uploads\/2023\/04\/cad_1.png\" alt=\"\" width=\"41\" height=\"18\" \/><\/a> <a href=\"https:\/\/www.ceramicamayor.com\/wp-content\/uploads\/2024\/04\/SKPCM.zip\"><img loading=\"lazy\" decoding=\"async\" class=\"alignnone wp-image-27127 size-full\" src=\"https:\/\/www.ceramicamayor.com\/wp-content\/uploads\/2024\/03\/skp.png\" alt=\"\" width=\"41\" height=\"18\" \/><\/a>\u00a0<a href=\"https:\/\/www.ceramicamayor.com\/wp-content\/uploads\/2024\/04\/3DS.zip\"><img loading=\"lazy\" decoding=\"async\" class=\"alignnone size-full wp-image-27097\" src=\"https:\/\/www.ceramicamayor.com\/wp-content\/uploads\/2024\/03\/3ds.png\" alt=\"\" width=\"41\" height=\"18\" \/><\/a><\/p>\n<\/div><\/div><div class=\"w-separator size_huge\"><\/div><div class=\"w-image align_none\"><a href=\"https:\/\/www.ceramicamayor.com\/cad\/BIM_es.html\" aria-label=\"libreria-de-objetos-bim-min\" class=\"w-image-h\"><img decoding=\"async\" width=\"212\" height=\"300\" src=\"https:\/\/www.ceramicamayor.com\/wp-content\/uploads\/2024\/04\/libreria-de-objetos-bim-min-212x300.jpg\" class=\"attachment-medium size-medium\" alt=\"\" loading=\"lazy\" srcset=\"https:\/\/www.ceramicamayor.com\/wp-content\/uploads\/2024\/04\/libreria-de-objetos-bim-min-212x300.jpg 212w, https:\/\/www.ceramicamayor.com\/wp-content\/uploads\/2024\/04\/libreria-de-objetos-bim-min-724x1024.jpg 724w, https:\/\/www.ceramicamayor.com\/wp-content\/uploads\/2024\/04\/libreria-de-objetos-bim-min-283x400.jpg 283w, https:\/\/www.ceramicamayor.com\/wp-content\/uploads\/2024\/04\/libreria-de-objetos-bim-min-35x50.jpg 35w, https:\/\/www.ceramicamayor.com\/wp-content\/uploads\/2024\/04\/libreria-de-objetos-bim-min-scaled.jpg 1810w\" sizes=\"auto, (max-width: 212px) 100vw, 212px\" \/><\/a><\/div><div class=\"w-separator size_small\"><\/div><div class=\"wpb_text_column\"><div class=\"wpb_wrapper\"><p>Biblioth\u00e8que d&rsquo;objets BIM<\/p>\n<\/div><\/div><div class=\"wpb_text_column us_custom_ba9b32d8 texto-peque\"><div class=\"wpb_wrapper\"><p><a href=\"https:\/\/www.ceramicamayor.com\/cad\/BIM_es.html\"><img loading=\"lazy\" decoding=\"async\" class=\"alignnone size-full wp-image-27122\" src=\"https:\/\/www.ceramicamayor.com\/wp-content\/uploads\/2024\/03\/rvt.png\" alt=\"\" width=\"41\" height=\"18\" \/><\/a><\/p>\n<\/div><\/div><div class=\"w-separator size_huge\"><\/div><\/div><\/div><div class=\"wpb_column vc_column_container\"><div class=\"vc_column-inner\"><div class=\"w-image align_none\"><div class=\"w-image-h\"><img decoding=\"async\" width=\"500\" height=\"351\" src=\"https:\/\/www.ceramicamayor.com\/wp-content\/uploads\/2023\/03\/bpcr-33x50-8-scaled.jpg\" class=\"attachment-full size-full\" alt=\"\" loading=\"lazy\" \/><\/div><\/div><div class=\"wpb_text_column\"><div class=\"wpb_wrapper\"><p>Bords de la piscine<\/p>\n<\/div><\/div><div class=\"wpb_text_column us_custom_ba9b32d8 texto-peque\"><div class=\"wpb_wrapper\"><p><a href=\"https:\/\/www.ceramicamayor.com\/wp-content\/uploads\/2024\/04\/DWG-4.zip\"><img loading=\"lazy\" decoding=\"async\" class=\"alignnone wp-image-27086 size-full\" src=\"https:\/\/www.ceramicamayor.com\/wp-content\/uploads\/2023\/04\/cad_1.png\" alt=\"\" width=\"41\" height=\"18\" \/><\/a> <a href=\"https:\/\/www.ceramicamayor.com\/wp-content\/uploads\/2024\/04\/SKP.zip\"><img loading=\"lazy\" decoding=\"async\" class=\"alignnone wp-image-27127 size-full\" src=\"https:\/\/www.ceramicamayor.com\/wp-content\/uploads\/2024\/03\/skp.png\" alt=\"\" width=\"41\" height=\"18\" \/><\/a> <a href=\"https:\/\/www.ceramicamayor.com\/wp-content\/uploads\/2024\/04\/3DS-1.zip\"><img loading=\"lazy\" decoding=\"async\" class=\"alignnone size-full wp-image-27097\" src=\"https:\/\/www.ceramicamayor.com\/wp-content\/uploads\/2024\/03\/3ds.png\" alt=\"\" width=\"41\" height=\"18\" \/><\/a><\/p>\n<\/div><\/div><div class=\"w-separator size_huge\"><\/div><div class=\"w-image align_none\"><div class=\"w-image-h\"><img decoding=\"async\" width=\"198\" height=\"300\" src=\"https:\/\/www.ceramicamayor.com\/wp-content\/uploads\/2023\/04\/Dossier-tecnico-2-198x300.jpg\" class=\"attachment-medium size-medium\" alt=\"\" loading=\"lazy\" srcset=\"https:\/\/www.ceramicamayor.com\/wp-content\/uploads\/2023\/04\/Dossier-tecnico-2-198x300.jpg 198w, https:\/\/www.ceramicamayor.com\/wp-content\/uploads\/2023\/04\/Dossier-tecnico-2-263x400.jpg 263w, https:\/\/www.ceramicamayor.com\/wp-content\/uploads\/2023\/04\/Dossier-tecnico-2-33x50.jpg 33w, https:\/\/www.ceramicamayor.com\/wp-content\/uploads\/2023\/04\/Dossier-tecnico-2.jpg 301w\" sizes=\"auto, (max-width: 198px) 100vw, 198px\" \/><\/div><\/div><div class=\"w-separator size_small\"><\/div><div class=\"wpb_text_column\"><div class=\"wpb_wrapper\"><p>Dossier technique Pool Solutions<\/p>\n<\/div><\/div><div class=\"wpb_text_column us_custom_ba9b32d8 texto-peque\"><div class=\"wpb_wrapper\"><p><a href=\"https:\/\/www.ceramicamayor.com\/cad\/CAD_es.html\"><img loading=\"lazy\" decoding=\"async\" class=\"alignnone wp-image-27086 size-full\" src=\"https:\/\/www.ceramicamayor.com\/wp-content\/uploads\/2023\/04\/cad_1.png\" alt=\"\" width=\"41\" height=\"18\" \/><\/a><\/p>\n<\/div><\/div><div class=\"w-separator size_huge\"><\/div><\/div><\/div><\/div><\/div><\/section><section class=\"l-section wpb_row us_custom_77c7db76 height_small\"><div class=\"l-section-h i-cf\"><div class=\"g-cols vc_row via_grid cols_1 laptops-cols_inherit tablets-cols_inherit mobiles-cols_1 valign_top type_default stacking_default\"><div class=\"wpb_column vc_column_container\"><div class=\"vc_column-inner\"><\/div><\/div><\/div><\/div><\/section><section class=\"l-section wpb_row height_large\"><div class=\"l-section-h i-cf\"><div class=\"g-cols vc_row via_grid cols_1-4-1 laptops-cols_inherit tablets-cols_inherit mobiles-cols_1 valign_top type_default stacking_default\"><div class=\"wpb_column vc_column_container\"><div class=\"vc_column-inner\"><\/div><\/div><div class=\"wpb_column vc_column_container\"><div class=\"vc_column-inner\"><div id=\"ultimate-heading-454269deab5fd49c5\" class=\"uvc-heading ult-adjust-bottom-margin ultimate-heading-454269deab5fd49c5 uvc-9295 \" data-hspacer=\"no_spacer\"  data-halign=\"center\" style=\"text-align:center\"><div class=\"uvc-heading-spacer no_spacer\" style=\"top\"><\/div><div class=\"uvc-main-heading ult-responsive\"  data-ultimate-target='.uvc-heading.ultimate-heading-454269deab5fd49c5 h3'  data-responsive-json-new='{\"font-size\":\"\",\"line-height\":\"\"}' ><h3 style=\"font-family:&#039;Playfair Display SC&#039;;font-weight:normal;\">Besoin d'aide ?<\/h3><\/div><\/div><\/div><\/div><div class=\"wpb_column vc_column_container\"><div class=\"vc_column-inner\"><\/div><\/div><\/div><\/div><\/section><section class=\"l-section wpb_row height_auto\"><div class=\"l-section-h i-cf\"><div class=\"g-cols vc_row via_grid cols_2 laptops-cols_inherit tablets-cols_inherit mobiles-cols_1 valign_top type_default stacking_default\"><div class=\"wpb_column vc_column_container\"><div class=\"vc_column-inner\"><div class=\"w-image has_ratio align_none\"><div class=\"w-image-h\"><div style=\"padding-bottom:100%\"><\/div><img decoding=\"async\" width=\"668\" height=\"999\" src=\"https:\/\/www.ceramicamayor.com\/wp-content\/uploads\/2023\/11\/Hotel-Kouros-Exclusive-Grecia-Crosscut-Cloud-y-Tropic-Turqueta-4.jpg\" class=\"attachment-full size-full\" alt=\"baldosa ceramica para piscina y terraza exterior\" loading=\"lazy\" \/><\/div><\/div><div class=\"w-separator size_large\"><\/div><\/div><\/div><div class=\"wpb_column vc_column_container\"><div class=\"vc_column-inner\"><div class=\"wpb_text_column us_custom_432d3f53\"><div class=\"wpb_wrapper\"><p>Dites-nous ce dont vous avez besoin et nous vous aiderons \u00e0 planifier votre projet<\/p>\n<\/div><\/div>\n<div class=\"wpcf7 no-js\" id=\"wpcf7-f27673-o1\" lang=\"fr-FR\" dir=\"ltr\" data-wpcf7-id=\"27673\">\n<div class=\"screen-reader-response\"><p role=\"status\" aria-live=\"polite\" aria-atomic=\"true\"><\/p> <ul><\/ul><\/div>\n<form action=\"\/fr\/wp-json\/wp\/v2\/pages\/27642#wpcf7-f27673-o1\" method=\"post\" class=\"wpcf7-form init cmonitor-ext-0.4.67\" aria-label=\"Formulaire de contact\" novalidate=\"novalidate\" data-status=\"init\">\n<fieldset class=\"hidden-fields-container\"><input type=\"hidden\" name=\"_wpcf7\" value=\"27673\" \/><input type=\"hidden\" name=\"_wpcf7_version\" value=\"6.1.5\" \/><input type=\"hidden\" name=\"_wpcf7_locale\" value=\"fr_FR\" \/><input type=\"hidden\" name=\"_wpcf7_unit_tag\" value=\"wpcf7-f27673-o1\" \/><input type=\"hidden\" name=\"_wpcf7_container_post\" value=\"0\" \/><input type=\"hidden\" name=\"_wpcf7_posted_data_hash\" value=\"\" \/><input type=\"hidden\" name=\"_wpcf7_recaptcha_response\" value=\"\" \/>\n<\/fieldset>\n<p><span class=\"wpcf7-form-control-wrap\" data-name=\"menu-481\"><select class=\"wpcf7-form-control wpcf7-select\" aria-invalid=\"false\" name=\"menu-481\"><option value=\"Utiliser*\">Utiliser*<\/option><option value=\"Professionnel\">Professionnel<\/option><option value=\"Personnel\">Personnel<\/option><\/select><\/span><br \/>\n<input class=\"wpcf7-form-control wpcf7-hidden\" value=\"es\" type=\"hidden\" name=\"lang\" \/><span class=\"wpcf7-form-control-wrap\" data-name=\"nombre\"><input size=\"40\" maxlength=\"400\" class=\"wpcf7-form-control wpcf7-text wpcf7-validates-as-required input-formulario\" aria-required=\"true\" aria-invalid=\"false\" placeholder=\"Nomb*\" value=\"\" type=\"text\" name=\"nombre\" \/><\/span><br \/>\n<span class=\"wpcf7-form-control-wrap\" data-name=\"email\"><input size=\"40\" maxlength=\"400\" class=\"wpcf7-form-control wpcf7-email wpcf7-validates-as-required wpcf7-text wpcf7-validates-as-email input-formulario\" autocomplete=\"email\" aria-required=\"true\" aria-invalid=\"false\" placeholder=\"E-mail*\" value=\"\" type=\"email\" name=\"email\" \/><\/span><br \/>\n<span class=\"wpcf7-form-control-wrap\" data-name=\"Lugardonderesides\"><input size=\"40\" maxlength=\"400\" class=\"wpcf7-form-control wpcf7-text\" aria-invalid=\"false\" placeholder=\"Lieu o\u00f9 vous r\u00e9sidez*\" value=\"\" type=\"text\" name=\"Lugardonderesides\" \/><\/span><br \/>\n<span class=\"wpcf7-form-control-wrap\" data-name=\"mensaje\"><textarea cols=\"40\" rows=\"10\" maxlength=\"2000\" class=\"wpcf7-form-control wpcf7-textarea wpcf7-validates-as-required input-formulario\" aria-required=\"true\" aria-invalid=\"false\" placeholder=\"Message*\" name=\"mensaje\"><\/textarea><\/span><br \/>\n<span class=\"wpcf7-form-control-wrap\" data-name=\"legal\"><span class=\"wpcf7-form-control wpcf7-acceptance\"><span class=\"wpcf7-list-item\"><label><input type=\"checkbox\" name=\"legal\" value=\"1\" class=\"texto-peque\" aria-invalid=\"false\" \/><span class=\"wpcf7-list-item-label\">J'ai lu et j'accepte les <a href=\"https:\/\/ceramicamayor.com\/aviso-legal\/\"><u>mentions l\u00e9gales<\/u><\/a><\/span><\/label><\/span><\/span><\/span>\n<\/p>\n<p><input class=\"wpcf7-form-control wpcf7-submit has-spinner boton\" type=\"submit\" value=\"Envoyer\" \/>\n<\/p><div class=\"wpcf7-response-output\" aria-hidden=\"true\"><\/div><p style=\"display: none !important\"><span class=\"wpcf7-form-control-wrap referer-page\"><input type=\"text\" name=\"referer-page\" value=\"http:\/\/Direct%20Visit\" data-value=\"http:\/\/Direct%20Visit\" size=\"40\" class=\"wpcf7-form-control wpcf7-text referer-page\" aria-invalid=\"false\"><\/span><\/p>\n<!-- campaignmonitor extension by Renzo Johnson -->\n<\/form>\n<\/div>\n<div class=\"w-separator size_large\"><\/div><\/div><\/div><\/div><\/div><\/section>\n","protected":false},"excerpt":{"rendered":"biblioth\u00e8que BIM Concevez vos espacesNous vous facilitons la t\u00e2cheExplorez notre vaste s\u00e9lection de pi\u00e8ces c\u00e9ramiques en 3D pour les piscines, les environnements ext\u00e9rieurs et int\u00e9rieurs et laissez libre cours \u00e0 votre cr\u00e9ativit\u00e9. T\u00e9l\u00e9chargez nos fichiers BIM et d\u00e9couvrez comment nos pi\u00e8ces peuvent transformer vos id\u00e9es en espaces exceptionnels. Des motifs classiques aux designs modernes, nous...","protected":false},"author":5,"featured_media":0,"parent":0,"menu_order":85,"comment_status":"closed","ping_status":"closed","template":"","meta":{"_acf_changed":false,"footnotes":""},"uso":[],"formato":[],"coleccion":[],"class_list":["post-27642","page","type-page","status-publish","hentry"],"acf":[],"_links":{"self":[{"href":"https:\/\/www.ceramicamayor.com\/fr\/wp-json\/wp\/v2\/pages\/27642","targetHints":{"allow":["GET"]}}],"collection":[{"href":"https:\/\/www.ceramicamayor.com\/fr\/wp-json\/wp\/v2\/pages"}],"about":[{"href":"https:\/\/www.ceramicamayor.com\/fr\/wp-json\/wp\/v2\/types\/page"}],"author":[{"embeddable":true,"href":"https:\/\/www.ceramicamayor.com\/fr\/wp-json\/wp\/v2\/users\/5"}],"replies":[{"embeddable":true,"href":"https:\/\/www.ceramicamayor.com\/fr\/wp-json\/wp\/v2\/comments?post=27642"}],"version-history":[{"count":6,"href":"https:\/\/www.ceramicamayor.com\/fr\/wp-json\/wp\/v2\/pages\/27642\/revisions"}],"predecessor-version":[{"id":27681,"href":"https:\/\/www.ceramicamayor.com\/fr\/wp-json\/wp\/v2\/pages\/27642\/revisions\/27681"}],"wp:attachment":[{"href":"https:\/\/www.ceramicamayor.com\/fr\/wp-json\/wp\/v2\/media?parent=27642"}],"wp:term":[{"taxonomy":"uso","embeddable":true,"href":"https:\/\/www.ceramicamayor.com\/fr\/wp-json\/wp\/v2\/uso?post=27642"},{"taxonomy":"formato","embeddable":true,"href":"https:\/\/www.ceramicamayor.com\/fr\/wp-json\/wp\/v2\/formato?post=27642"},{"taxonomy":"coleccion","embeddable":true,"href":"https:\/\/www.ceramicamayor.com\/fr\/wp-json\/wp\/v2\/coleccion?post=27642"}],"curies":[{"name":"wp","href":"https:\/\/api.w.org\/{rel}","templated":true}]}}