{"id":34793,"date":"2025-02-14T18:02:29","date_gmt":"2025-02-14T17:02:29","guid":{"rendered":"https:\/\/www.ceramicamayor.com\/imagenes\/"},"modified":"2025-06-06T11:22:35","modified_gmt":"2025-06-06T10:22:35","slug":"images","status":"publish","type":"page","link":"https:\/\/www.ceramicamayor.com\/fr\/images\/","title":{"rendered":"Images"},"content":{"rendered":"<section class=\"l-section wpb_row height_auto full_height valign_top width_full\"><div class=\"l-section-h i-cf\"><div class=\"g-cols vc_row via_grid cols_1 laptops-cols_inherit tablets-cols_inherit mobiles-cols_1 valign_top type_default stacking_default\"><div class=\"wpb_column vc_column_container\"><div class=\"vc_column-inner\">\n\t\t\t<!-- START Imagenes REVOLUTION SLIDER 6.7.40 --><p class=\"rs-p-wp-fix\"><\/p>\n\t\t\t<rs-module-wrap id=\"rev_slider_76_1_wrapper\" data-source=\"gallery\" style=\"visibility:hidden;background:transparent;padding:0;\">\n\t\t\t\t<rs-module id=\"rev_slider_76_1\" style=\"\" data-version=\"6.7.40\">\n\t\t\t\t\t<rs-slides style=\"overflow: hidden; position: absolute;\">\n\t\t\t\t\t\t<rs-slide style=\"position: absolute;\" data-key=\"rs-815\" data-title=\"Slide\" data-thumb=\"\/\/www.ceramicamayor.com\/wp-content\/uploads\/2024\/07\/Hotel-Barrosa-Park-5-Stromboli-silver-4-50x100.jpg\" data-in=\"o:0;\" data-out=\"a:false;\">\n\t\t\t\t\t\t\t<img decoding=\"async\" src=\"\/\/www.ceramicamayor.com\/wp-content\/plugins\/revslider\/sr6\/assets\/assets\/dummy.png\" alt=\"\" title=\"Hotel Barrosa Park 5 &#8211; Stromboli silver (4)\" width=\"1920\" height=\"900\" class=\"rev-slidebg tp-rs-img rs-lazyload\" data-lazyload=\"\/\/www.ceramicamayor.com\/wp-content\/uploads\/2024\/07\/Hotel-Barrosa-Park-5-Stromboli-silver-4.jpg\" data-bg=\"p:center top;\" data-no-retina>\n<!--\n\t\t\t\t\t\t\t--><rs-layer\n\t\t\t\t\t\t\t\tid=\"slider-76-slide-815-layer-0\" \n\t\t\t\t\t\t\t\tclass=\"rev-scroll-btn rev-b-span-light\"\n\t\t\t\t\t\t\t\tdata-type=\"button\"\n\t\t\t\t\t\t\t\tdata-color=\"#ffffff\"\n\t\t\t\t\t\t\t\tdata-xy=\"x:c;y:b;yo:60px;\"\n\t\t\t\t\t\t\t\tdata-text=\"w:normal;s:17;l:20;ls:1;a:center;\"\n\t\t\t\t\t\t\t\tdata-dim=\"w:35px;h:55px;minw:35px;minh:55px;\"\n\t\t\t\t\t\t\t\tdata-vbility=\"t,f,f,f\"\n\t\t\t\t\t\t\t\tdata-actions='o:click;a:scrollbelow;sp:1000ms;e:power1.inOut;'\n\t\t\t\t\t\t\t\tdata-rsp_o=\"off\"\n\t\t\t\t\t\t\t\tdata-rsp_bd=\"off\"\n\t\t\t\t\t\t\t\tdata-padding=\"t:22;r:14;b:22;l:14;\"\n\t\t\t\t\t\t\t\tdata-border=\"bos:solid;boc:rgba(255,255,255,0.75);bow:3px,3px,3px,3px;bor:23px,23px,23px,23px;\"\n\t\t\t\t\t\t\t\tdata-frame_999=\"o:0;st:w;\"\n\t\t\t\t\t\t\t\tstyle=\"z-index:7;font-family:'Roboto';text-transform:uppercase;\"\n\t\t\t\t\t\t\t><span><\/span><span><\/span><span><\/span> \n\t\t\t\t\t\t\t<\/rs-layer><!--\n\n\t\t\t\t\t\t\t--><rs-layer\n\t\t\t\t\t\t\t\tid=\"slider-76-slide-815-layer-1\" \n\t\t\t\t\t\t\t\tdata-type=\"shape\"\n\t\t\t\t\t\t\t\tdata-rsp_ch=\"on\"\n\t\t\t\t\t\t\t\tdata-xy=\"x:c;y:c;\"\n\t\t\t\t\t\t\t\tdata-text=\"w:normal;\"\n\t\t\t\t\t\t\t\tdata-dim=\"w:100%;h:100%;\"\n\t\t\t\t\t\t\t\tdata-basealign=\"slide\"\n\t\t\t\t\t\t\t\tdata-frame_999=\"o:0;st:w;\"\n\t\t\t\t\t\t\t\tstyle=\"z-index:6;background:linear-gradient(rgba(12,12,12,1) 0%, rgba(12,12,12,0.03) 20%);\"\n\t\t\t\t\t\t\t> \n\t\t\t\t\t\t\t<\/rs-layer><!--\n-->\t\t\t\t\t<\/rs-slide>\n\t\t\t\t\t\t<rs-slide style=\"position: absolute;\" data-key=\"rs-806\" data-title=\"Slide\" data-thumb=\"\/\/www.ceramicamayor.com\/wp-content\/uploads\/2025\/02\/Cabecera-50x100.jpg\" data-in=\"o:0;\" data-out=\"a:false;\">\n\t\t\t\t\t\t\t<img decoding=\"async\" src=\"\/\/www.ceramicamayor.com\/wp-content\/plugins\/revslider\/sr6\/assets\/assets\/dummy.png\" alt=\"\" title=\"Cabecera\" width=\"1900\" height=\"900\" class=\"rev-slidebg tp-rs-img rs-lazyload\" data-lazyload=\"\/\/www.ceramicamayor.com\/wp-content\/uploads\/2025\/02\/Cabecera.jpg\" data-bg=\"p:center bottom;\" data-no-retina>\n<!--\n\t\t\t\t\t\t\t--><rs-layer\n\t\t\t\t\t\t\t\tid=\"slider-76-slide-806-layer-0\" \n\t\t\t\t\t\t\t\tclass=\"rev-scroll-btn rev-b-span-light\"\n\t\t\t\t\t\t\t\tdata-type=\"button\"\n\t\t\t\t\t\t\t\tdata-color=\"#ffffff\"\n\t\t\t\t\t\t\t\tdata-xy=\"x:c;y:b;yo:60px;\"\n\t\t\t\t\t\t\t\tdata-text=\"w:normal;s:17;l:20;ls:1;a:center;\"\n\t\t\t\t\t\t\t\tdata-dim=\"w:35px;h:55px;minw:35px;minh:55px;\"\n\t\t\t\t\t\t\t\tdata-vbility=\"t,f,f,f\"\n\t\t\t\t\t\t\t\tdata-actions='o:click;a:scrollbelow;sp:1000ms;e:power1.inOut;'\n\t\t\t\t\t\t\t\tdata-rsp_o=\"off\"\n\t\t\t\t\t\t\t\tdata-rsp_bd=\"off\"\n\t\t\t\t\t\t\t\tdata-padding=\"t:22;r:14;b:22;l:14;\"\n\t\t\t\t\t\t\t\tdata-border=\"bos:solid;boc:rgba(255,255,255,0.75);bow:3px,3px,3px,3px;bor:23px,23px,23px,23px;\"\n\t\t\t\t\t\t\t\tdata-frame_999=\"o:0;st:w;\"\n\t\t\t\t\t\t\t\tstyle=\"z-index:7;font-family:'Roboto';text-transform:uppercase;\"\n\t\t\t\t\t\t\t><span><\/span><span><\/span><span><\/span> \n\t\t\t\t\t\t\t<\/rs-layer><!--\n\n\t\t\t\t\t\t\t--><rs-layer\n\t\t\t\t\t\t\t\tid=\"slider-76-slide-806-layer-1\" \n\t\t\t\t\t\t\t\tdata-type=\"shape\"\n\t\t\t\t\t\t\t\tdata-rsp_ch=\"on\"\n\t\t\t\t\t\t\t\tdata-xy=\"x:c;y:c;\"\n\t\t\t\t\t\t\t\tdata-text=\"w:normal;\"\n\t\t\t\t\t\t\t\tdata-dim=\"w:100%;h:100%;\"\n\t\t\t\t\t\t\t\tdata-basealign=\"slide\"\n\t\t\t\t\t\t\t\tdata-frame_999=\"o:0;st:w;\"\n\t\t\t\t\t\t\t\tstyle=\"z-index:6;background:linear-gradient(rgba(12,12,12,1) 0%, rgba(12,12,12,0.03) 20%);\"\n\t\t\t\t\t\t\t> \n\t\t\t\t\t\t\t<\/rs-layer><!--\n-->\t\t\t\t\t<\/rs-slide>\n\t\t\t\t\t<\/rs-slides>\n\t\t\t\t<\/rs-module>\n\t\t\t\t<script>\n\t\t\t\t\tsetREVStartSize({c: 'rev_slider_76_1',rl:[1240,1024,778,480],el:[900],gw:[1240],gh:[900],type:'standard',justify:'',layout:'fullscreen',offsetContainer:'',offset:'',mh:\"0\"});if (window.RS_MODULES!==undefined && window.RS_MODULES.modules!==undefined && window.RS_MODULES.modules[\"revslider761\"]!==undefined) {window.RS_MODULES.modules[\"revslider761\"].once = false;window.revapi76 = undefined;if (window.RS_MODULES.checkMinimal!==undefined) window.RS_MODULES.checkMinimal()}\n\t\t\t\t<\/script>\n\t\t\t<\/rs-module-wrap>\n\t\t\t<!-- END REVOLUTION SLIDER -->\n<div class=\"w-separator size_large\"><\/div><\/div><\/div><\/div><\/div><\/section><section class=\"l-section wpb_row height_auto\"><div class=\"l-section-h i-cf\"><div class=\"g-cols vc_row via_grid cols_1-4-1 laptops-cols_inherit tablets-cols_inherit mobiles-cols_1 valign_top type_default stacking_default\"><div class=\"wpb_column vc_column_container\"><div class=\"vc_column-inner\"><\/div><\/div><div class=\"wpb_column vc_column_container\"><div class=\"vc_column-inner\"><div id=\"ultimate-heading-192269f525d7a16ed\" class=\"uvc-heading ult-adjust-bottom-margin ultimate-heading-192269f525d7a16ed uvc-2880 \" data-hspacer=\"no_spacer\"  data-halign=\"center\" style=\"text-align:center\"><div class=\"uvc-heading-spacer no_spacer\" style=\"top\"><\/div><div class=\"uvc-sub-heading ult-responsive\"  data-ultimate-target='.uvc-heading.ultimate-heading-192269f525d7a16ed .uvc-sub-heading '  data-responsive-json-new='{\"font-size\":\"\",\"line-height\":\"\"}'  style=\"font-weight:normal;\">\n<h1>T\u00e9l\u00e9chargez des images en haute qualit\u00e9<\/h1>\n<\/div><\/div><\/div><\/div><div class=\"wpb_column vc_column_container\"><div class=\"vc_column-inner\"><\/div><\/div><\/div><\/div><\/section><section class=\"l-section wpb_row height_medium\"><div class=\"l-section-h i-cf\"><div class=\"g-cols vc_row via_grid cols_1 laptops-cols_inherit tablets-cols_inherit mobiles-cols_1 valign_top type_default stacking_default\"><div class=\"wpb_column vc_column_container\"><div class=\"vc_column-inner\"><div id=\"ultimate-heading-350569f525d7a1cd0\" class=\"uvc-heading ult-adjust-bottom-margin ultimate-heading-350569f525d7a1cd0 uvc-7169 \" data-hspacer=\"no_spacer\"  data-halign=\"left\" style=\"text-align:left\"><div class=\"uvc-heading-spacer no_spacer\" style=\"top\"><\/div><div class=\"uvc-sub-heading ult-responsive\"  data-ultimate-target='.uvc-heading.ultimate-heading-350569f525d7a1cd0 .uvc-sub-heading '  data-responsive-json-new='{\"font-size\":\"\",\"line-height\":\"\"}'  style=\"font-weight:normal;\">A Mayor, nous savons combien il est important de disposer d&rsquo;images de qualit\u00e9 pour pr\u00e9senter et d\u00e9velopper vos projets. C&rsquo;est pour cette raison que nous avons cr\u00e9\u00e9 un espace exclusif o\u00f9 vous pouvez t\u00e9l\u00e9charger des photographies en haute r\u00e9solution de nos rev\u00eatements de sol en c\u00e9ramique, de leurs applications dans les piscines et les terrasses.<\/p>\n<p>Acc\u00e9dez \u00e0 notre biblioth\u00e8que d&rsquo;images rapidement et facilement, sans avoir \u00e0 en faire la demande \u00e0 notre \u00e9quipe commerciale.<\/p>\n<p>Pour faciliter votre recherche, nous avons organis\u00e9 les images en deux cat\u00e9gories :<\/div><\/div><\/div><\/div><\/div><\/div><\/section><section class=\"l-section wpb_row us_custom_fdcab3db height_custom\"><div class=\"l-section-h i-cf\"><div class=\"g-cols vc_row via_grid cols_2 laptops-cols_inherit tablets-cols_inherit mobiles-cols_1 valign_top type_default stacking_default\"><div class=\"wpb_column vc_column_container\"><div class=\"vc_column-inner\"><div id=\"ultimate-heading-872669f525d7a2248\" class=\"uvc-heading ult-adjust-bottom-margin ultimate-heading-872669f525d7a2248 uvc-247 \" data-hspacer=\"no_spacer\"  data-halign=\"left\" style=\"text-align:left\"><div class=\"uvc-heading-spacer no_spacer\" style=\"top\"><\/div><div class=\"uvc-main-heading ult-responsive\"  data-ultimate-target='.uvc-heading.ultimate-heading-872669f525d7a2248 h1'  data-responsive-json-new='{\"font-size\":\"\",\"line-height\":\"\"}' ><h1 style=\"font-weight:normal;\">Collections<\/h1><\/div><\/div><div class=\"w-separator size_small\"><\/div><div id=\"ultimate-heading-935469f525d7a23b2\" class=\"uvc-heading ult-adjust-bottom-margin ultimate-heading-935469f525d7a23b2 uvc-4232 \" data-hspacer=\"no_spacer\"  data-halign=\"left\" style=\"text-align:left\"><div class=\"uvc-heading-spacer no_spacer\" style=\"top\"><\/div><div class=\"uvc-sub-heading ult-responsive\"  data-ultimate-target='.uvc-heading.ultimate-heading-935469f525d7a23b2 .uvc-sub-heading '  data-responsive-json-new='{\"font-size\":\"\",\"line-height\":\"\"}'  style=\"font-weight:normal;\">Retrouvez des images de nos mat\u00e9riaux avec toutes leurs finitions et d\u00e9tails<\/div><\/div><div class=\"w-separator size_small\"><\/div><div class=\"w-image align_none\"><div class=\"w-image-h\"><img decoding=\"async\" width=\"600\" height=\"600\" src=\"https:\/\/www.ceramicamayor.com\/wp-content\/uploads\/2025\/02\/imagen-colecciones.jpg\" class=\"attachment-large size-large\" alt=\"\" loading=\"lazy\" srcset=\"https:\/\/www.ceramicamayor.com\/wp-content\/uploads\/2025\/02\/imagen-colecciones.jpg 600w, https:\/\/www.ceramicamayor.com\/wp-content\/uploads\/2025\/02\/imagen-colecciones-300x300.jpg 300w, https:\/\/www.ceramicamayor.com\/wp-content\/uploads\/2025\/02\/imagen-colecciones-150x150.jpg 150w, https:\/\/www.ceramicamayor.com\/wp-content\/uploads\/2025\/02\/imagen-colecciones-400x400.jpg 400w, https:\/\/www.ceramicamayor.com\/wp-content\/uploads\/2025\/02\/imagen-colecciones-50x50.jpg 50w, https:\/\/www.ceramicamayor.com\/wp-content\/uploads\/2025\/02\/imagen-colecciones-240x240.jpg 240w, https:\/\/www.ceramicamayor.com\/wp-content\/uploads\/2025\/02\/imagen-colecciones-100x100.jpg 100w, https:\/\/www.ceramicamayor.com\/wp-content\/uploads\/2025\/02\/imagen-colecciones-350x350.jpg 350w, https:\/\/www.ceramicamayor.com\/wp-content\/uploads\/2025\/02\/imagen-colecciones-320x320.jpg 320w\" sizes=\"auto, (max-width: 600px) 100vw, 600px\" \/><\/div><\/div><div class=\"w-separator size_custom\" style=\"height:1vh\"><\/div><div class=\"w-iconbox iconpos_left style_default color_primary align_left no_text icontype_img\"><a target=\"_blank\" rel=\"nofollow noopener\" href=\"https:\/\/www.dropbox.com\/scl\/fo\/hfk5usva3lbqo7j3q96k5\/AM6fefJqh8Iiu9j1gpm8sM0?rlkey=ustln0rr9lyrj8u7gs8pw3u5m&amp;e=1&amp;st=axczuy7j&amp;dl=0\" class=\"w-iconbox-link\" aria-label=\"T\u00e9l\u00e9chargements\"><div class=\"w-iconbox-icon\" style=\"font-size:1.5rem;\"><img loading=\"lazy\" decoding=\"async\" width=\"50\" height=\"50\" src=\"https:\/\/www.ceramicamayor.com\/wp-content\/uploads\/2022\/12\/ico-descargar.png\" class=\"attachment-full size-full\" alt=\"\" \/><\/div><\/a><div class=\"w-iconbox-meta\"><h6 class=\"w-iconbox-title\"><a target=\"_blank\" rel=\"nofollow noopener\" href=\"https:\/\/www.dropbox.com\/scl\/fo\/hfk5usva3lbqo7j3q96k5\/AM6fefJqh8Iiu9j1gpm8sM0?rlkey=ustln0rr9lyrj8u7gs8pw3u5m&amp;e=1&amp;st=axczuy7j&amp;dl=0\" class=\"w-iconbox-link\" aria-label=\"T\u00e9l\u00e9chargements\">T\u00e9l\u00e9chargements<\/a><\/h6><\/div><\/div><\/div><\/div><div class=\"wpb_column vc_column_container\"><div class=\"vc_column-inner\"><div id=\"ultimate-heading-254169f525d7a33bd\" class=\"uvc-heading ult-adjust-bottom-margin ultimate-heading-254169f525d7a33bd uvc-1023 \" data-hspacer=\"no_spacer\"  data-halign=\"left\" style=\"text-align:left\"><div class=\"uvc-heading-spacer no_spacer\" style=\"top\"><\/div><div class=\"uvc-main-heading ult-responsive\"  data-ultimate-target='.uvc-heading.ultimate-heading-254169f525d7a33bd h1'  data-responsive-json-new='{\"font-size\":\"\",\"line-height\":\"\"}' ><h1 style=\"font-weight:normal;\">Projets<\/h1><\/div><\/div><div class=\"w-separator size_small\"><\/div><div id=\"ultimate-heading-716669f525d7a3508\" class=\"uvc-heading ult-adjust-bottom-margin ultimate-heading-716669f525d7a3508 uvc-1033 \" data-hspacer=\"no_spacer\"  data-halign=\"left\" style=\"text-align:left\"><div class=\"uvc-heading-spacer no_spacer\" style=\"top\"><\/div><div class=\"uvc-sub-heading ult-responsive\"  data-ultimate-target='.uvc-heading.ultimate-heading-716669f525d7a3508 .uvc-sub-heading '  data-responsive-json-new='{\"font-size\":\"\",\"line-height\":\"\"}'  style=\"font-weight:normal;\">D\u00e9couvrez comment nos produits s&rsquo;int\u00e8grent dans de v\u00e9ritables conceptions architecturales<\/div><\/div><div class=\"w-separator size_small\"><\/div><div class=\"w-image align_none\"><div class=\"w-image-h\"><img decoding=\"async\" width=\"602\" height=\"602\" src=\"https:\/\/www.ceramicamayor.com\/wp-content\/uploads\/2025\/02\/imagen-proyectos.jpg\" class=\"attachment-large size-large\" alt=\"\" loading=\"lazy\" srcset=\"https:\/\/www.ceramicamayor.com\/wp-content\/uploads\/2025\/02\/imagen-proyectos.jpg 602w, https:\/\/www.ceramicamayor.com\/wp-content\/uploads\/2025\/02\/imagen-proyectos-300x300.jpg 300w, https:\/\/www.ceramicamayor.com\/wp-content\/uploads\/2025\/02\/imagen-proyectos-150x150.jpg 150w, https:\/\/www.ceramicamayor.com\/wp-content\/uploads\/2025\/02\/imagen-proyectos-400x400.jpg 400w, https:\/\/www.ceramicamayor.com\/wp-content\/uploads\/2025\/02\/imagen-proyectos-50x50.jpg 50w, https:\/\/www.ceramicamayor.com\/wp-content\/uploads\/2025\/02\/imagen-proyectos-240x240.jpg 240w, https:\/\/www.ceramicamayor.com\/wp-content\/uploads\/2025\/02\/imagen-proyectos-100x100.jpg 100w, https:\/\/www.ceramicamayor.com\/wp-content\/uploads\/2025\/02\/imagen-proyectos-350x350.jpg 350w, https:\/\/www.ceramicamayor.com\/wp-content\/uploads\/2025\/02\/imagen-proyectos-320x320.jpg 320w\" sizes=\"auto, (max-width: 602px) 100vw, 602px\" \/><\/div><\/div><div class=\"w-separator size_custom\" style=\"height:1vh\"><\/div><div class=\"w-iconbox iconpos_left style_default color_primary align_left no_text icontype_img\"><a target=\"_blank\" rel=\"nofollow noopener\" href=\"https:\/\/www.dropbox.com\/scl\/fo\/x8xixil8esfpkgtwwrf99\/APUIco-LSavB9yQknAs2cuo?rlkey=awk8n5zbn7ciyg64r74frbykl&amp;st=rbwty6c5&amp;dl=0\" class=\"w-iconbox-link\" aria-label=\"T\u00e9l\u00e9chargements\"><div class=\"w-iconbox-icon\" style=\"font-size:1.5rem;\"><img loading=\"lazy\" decoding=\"async\" width=\"50\" height=\"50\" src=\"https:\/\/www.ceramicamayor.com\/wp-content\/uploads\/2022\/12\/ico-descargar.png\" class=\"attachment-full size-full\" alt=\"\" \/><\/div><\/a><div class=\"w-iconbox-meta\"><h6 class=\"w-iconbox-title\"><a target=\"_blank\" rel=\"nofollow noopener\" href=\"https:\/\/www.dropbox.com\/scl\/fo\/x8xixil8esfpkgtwwrf99\/APUIco-LSavB9yQknAs2cuo?rlkey=awk8n5zbn7ciyg64r74frbykl&amp;st=rbwty6c5&amp;dl=0\" class=\"w-iconbox-link\" aria-label=\"T\u00e9l\u00e9chargements\">T\u00e9l\u00e9chargements<\/a><\/h6><\/div><\/div><\/div><\/div><\/div><\/div><\/section><section class=\"l-section wpb_row height_auto width_custom\" style=\"--site-content-width:1240px;\"><div class=\"l-section-h i-cf\"><div class=\"g-cols vc_row via_grid cols_1 laptops-cols_inherit tablets-cols_inherit mobiles-cols_1 valign_top type_default stacking_default\"><div class=\"wpb_column vc_column_container\"><div class=\"vc_column-inner\"><div class=\"w-separator size_medium\"><\/div><\/div><\/div><div class=\"wpb_column vc_column_container us_custom_f093682b has_bg_color\"><div class=\"vc_column-inner\"><div class=\"wpb_text_column us_custom_432d3f53\"><div class=\"wpb_wrapper\"><p style=\"text-align: left;\" data-start=\"394\" data-end=\"495\">Si vous cherchez quelque chose de sp\u00e9cifique que vous n&rsquo;avez pas trouv\u00e9, contactez-nous directement \u00e0 l&rsquo;adresse suivante <a href=\"&#109;&#x61;&#105;&#x6c;t&#x6f;:&#100;&#x69;&#115;&#x65;&#110;&#x79;o&#x40;c&#101;&#x72;&#97;&#x6d;i&#x63;a&#x6d;&#x61;&#121;&#x6f;&#114;&#x2e;c&#x6f;m\">&#100;&#x69;s&#101;&#x6e;&#121;&#x6f;&#64;&#99;&#x65;r&#x61;&#x6d;&#105;&#x63;a&#109;&#x61;y&#x6f;&#x72;&#46;&#x63;o&#109;<\/a>.<\/p>\n<\/div><\/div><div class=\"w-separator size_medium\"><\/div><\/div><\/div><div class=\"wpb_column vc_column_container\"><div class=\"vc_column-inner\"><div class=\"w-separator size_medium\"><\/div><\/div><\/div><\/div><\/div><\/section>\n","protected":false},"excerpt":{"rendered":"T\u00e9l\u00e9chargez des images en haute qualit\u00e9 A Mayor, nous savons combien il est important de disposer d'images de qualit\u00e9 pour pr\u00e9senter et d\u00e9velopper vos projets. C'est pour cette raison que nous avons cr\u00e9\u00e9 un espace exclusif o\u00f9 vous pouvez t\u00e9l\u00e9charger des photographies en haute r\u00e9solution de nos rev\u00eatements de sol en c\u00e9ramique, de leurs applications...","protected":false},"author":5,"featured_media":3226,"parent":0,"menu_order":329,"comment_status":"closed","ping_status":"closed","template":"","meta":{"_acf_changed":false,"footnotes":""},"uso":[],"formato":[],"coleccion":[],"class_list":["post-34793","page","type-page","status-publish","has-post-thumbnail","hentry"],"acf":[],"_links":{"self":[{"href":"https:\/\/www.ceramicamayor.com\/fr\/wp-json\/wp\/v2\/pages\/34793","targetHints":{"allow":["GET"]}}],"collection":[{"href":"https:\/\/www.ceramicamayor.com\/fr\/wp-json\/wp\/v2\/pages"}],"about":[{"href":"https:\/\/www.ceramicamayor.com\/fr\/wp-json\/wp\/v2\/types\/page"}],"author":[{"embeddable":true,"href":"https:\/\/www.ceramicamayor.com\/fr\/wp-json\/wp\/v2\/users\/5"}],"replies":[{"embeddable":true,"href":"https:\/\/www.ceramicamayor.com\/fr\/wp-json\/wp\/v2\/comments?post=34793"}],"version-history":[{"count":10,"href":"https:\/\/www.ceramicamayor.com\/fr\/wp-json\/wp\/v2\/pages\/34793\/revisions"}],"predecessor-version":[{"id":37890,"href":"https:\/\/www.ceramicamayor.com\/fr\/wp-json\/wp\/v2\/pages\/34793\/revisions\/37890"}],"wp:featuredmedia":[{"embeddable":true,"href":"https:\/\/www.ceramicamayor.com\/fr\/wp-json\/wp\/v2\/media\/3226"}],"wp:attachment":[{"href":"https:\/\/www.ceramicamayor.com\/fr\/wp-json\/wp\/v2\/media?parent=34793"}],"wp:term":[{"taxonomy":"uso","embeddable":true,"href":"https:\/\/www.ceramicamayor.com\/fr\/wp-json\/wp\/v2\/uso?post=34793"},{"taxonomy":"formato","embeddable":true,"href":"https:\/\/www.ceramicamayor.com\/fr\/wp-json\/wp\/v2\/formato?post=34793"},{"taxonomy":"coleccion","embeddable":true,"href":"https:\/\/www.ceramicamayor.com\/fr\/wp-json\/wp\/v2\/coleccion?post=34793"}],"curies":[{"name":"wp","href":"https:\/\/api.w.org\/{rel}","templated":true}]}}