{"id":34974,"date":"2025-02-13T16:59:09","date_gmt":"2025-02-13T15:59:09","guid":{"rendered":"https:\/\/www.ceramicamayor.com\/gracias-bim-es\/"},"modified":"2025-03-20T10:05:26","modified_gmt":"2025-03-20T09:05:26","slug":"merci-bim","status":"publish","type":"page","link":"https:\/\/www.ceramicamayor.com\/fr\/merci-bim\/","title":{"rendered":"Merci BIM DESCARGA fr"},"content":{"rendered":"<section class=\"l-section wpb_row height_small\"><div class=\"l-section-h i-cf\"><div class=\"g-cols vc_row via_grid cols_1 laptops-cols_inherit tablets-cols_inherit mobiles-cols_1 valign_bottom type_default stacking_default\"><div class=\"wpb_column vc_column_container\"><div class=\"vc_column-inner\"><div id=\"ultimate-heading-321669f3ef201f444\" class=\"uvc-heading ult-adjust-bottom-margin ultimate-heading-321669f3ef201f444 uvc-4371 \" data-hspacer=\"no_spacer\"  data-halign=\"center\" style=\"text-align:center\"><div class=\"uvc-heading-spacer no_spacer\" style=\"top\"><\/div><div class=\"uvc-main-heading ult-responsive\"  data-ultimate-target='.uvc-heading.ultimate-heading-321669f3ef201f444 h2'  data-responsive-json-new='{\"font-size\":\"\",\"line-height\":\"\"}' ><h2 style=\"font-weight:normal;\">Merci pour votre abonnement !<\/h2><\/div><\/div><div class=\"w-separator size_medium\"><\/div><div id=\"ultimate-heading-665269f3ef201f690\" class=\"uvc-heading ult-adjust-bottom-margin ultimate-heading-665269f3ef201f690 uvc-2970 \" data-hspacer=\"no_spacer\"  data-halign=\"center\" style=\"text-align:center\"><div class=\"uvc-heading-spacer no_spacer\" style=\"top\"><\/div><div class=\"uvc-sub-heading ult-responsive\"  data-ultimate-target='.uvc-heading.ultimate-heading-665269f3ef201f690 .uvc-sub-heading '  data-responsive-json-new='{\"font-size\":\"\",\"line-height\":\"\"}'  style=\"font-weight:normal;\">Votre demande a \u00e9t\u00e9 enregistr\u00e9e avec succ\u00e8s. Vous recevrez sous peu un courriel contenant le lien de t\u00e9l\u00e9chargement de nos objets BIM.<\/p>\n<p>V\u00e9rifiez votre bo\u00eete de r\u00e9ception (et votre dossier spam, au cas o\u00f9). Si vous ne recevez pas l&rsquo;e-mail dans les minutes qui suivent, contactez-nous et nous vous aiderons.<\/p>\n<p>En attendant, nous vous invitons \u00e0 explorer nos collections et \u00e0 d\u00e9couvrir tout ce que Mayor peut apporter \u00e0 votre projet.<\/div><\/div><\/div><\/div><\/div><\/div><\/section><section class=\"l-section wpb_row height_small width_custom\" style=\"--site-content-width:1240px;\"><div class=\"l-section-h i-cf\"><div class=\"g-cols vc_row via_grid cols_1 laptops-cols_inherit tablets-cols_inherit mobiles-cols_1 valign_top type_default stacking_default\"><div class=\"wpb_column vc_column_container\"><div class=\"vc_column-inner\"><div class=\"w-image align_center\"><a href=\"https:\/\/www.ceramicamayor.com\/fr\/collections\/\" aria-label=\"Imagen borde\" class=\"w-image-h\"><img decoding=\"async\" width=\"226\" height=\"400\" src=\"https:\/\/www.ceramicamayor.com\/wp-content\/uploads\/2025\/02\/Imagen-borde-226x400.jpg\" class=\"attachment-us_600_400 size-us_600_400\" alt=\"\" loading=\"lazy\" srcset=\"https:\/\/www.ceramicamayor.com\/wp-content\/uploads\/2025\/02\/Imagen-borde-226x400.jpg 226w, https:\/\/www.ceramicamayor.com\/wp-content\/uploads\/2025\/02\/Imagen-borde-170x300.jpg 170w, https:\/\/www.ceramicamayor.com\/wp-content\/uploads\/2025\/02\/Imagen-borde-580x1024.jpg 580w, https:\/\/www.ceramicamayor.com\/wp-content\/uploads\/2025\/02\/Imagen-borde-28x50.jpg 28w, https:\/\/www.ceramicamayor.com\/wp-content\/uploads\/2025\/02\/Imagen-borde-136x240.jpg 136w, https:\/\/www.ceramicamayor.com\/wp-content\/uploads\/2025\/02\/Imagen-borde-85x150.jpg 85w, https:\/\/www.ceramicamayor.com\/wp-content\/uploads\/2025\/02\/Imagen-borde-57x100.jpg 57w, https:\/\/www.ceramicamayor.com\/wp-content\/uploads\/2025\/02\/Imagen-borde.jpg 702w\" sizes=\"auto, (max-width: 226px) 100vw, 226px\" \/><\/a><\/div><div class=\"w-separator size_medium\"><\/div><div id=\"ultimate-heading-437669f3ef2020709\" class=\"uvc-heading ult-adjust-bottom-margin ultimate-heading-437669f3ef2020709 uvc-2721 \" data-hspacer=\"no_spacer\"  data-halign=\"center\" style=\"text-align:center\"><div class=\"uvc-heading-spacer no_spacer\" style=\"top\"><\/div><div class=\"uvc-sub-heading ult-responsive\"  data-ultimate-target='.uvc-heading.ultimate-heading-437669f3ef2020709 .uvc-sub-heading '  data-responsive-json-new='{\"font-size\":\"\",\"line-height\":\"\"}'  style=\"font-weight:normal;\">\n<p style=\"text-align: center;\">Merci de la confiance que vous accordez au maire!<\/p>\n<\/div><\/div><\/div><\/div><\/div><\/div><\/section><section class=\"l-section wpb_row height_small\"><div class=\"l-section-h i-cf\"><div class=\"g-cols vc_row via_grid cols_1 laptops-cols_inherit tablets-cols_inherit mobiles-cols_1 valign_top type_default stacking_default\"><div class=\"wpb_column vc_column_container\"><div class=\"vc_column-inner\"><\/div><\/div><\/div><\/div><\/section>\n","protected":false},"excerpt":{"rendered":"Merci pour votre abonnement !Votre demande a \u00e9t\u00e9 enregistr\u00e9e avec succ\u00e8s. Vous recevrez sous peu un courriel contenant le lien de t\u00e9l\u00e9chargement de nos objets BIM. V\u00e9rifiez votre bo\u00eete de r\u00e9ception (et votre dossier spam, au cas o\u00f9). Si vous ne recevez pas l'e-mail dans les minutes qui suivent, contactez-nous et nous vous aiderons. En...","protected":false},"author":5,"featured_media":0,"parent":0,"menu_order":64,"comment_status":"closed","ping_status":"closed","template":"","meta":{"_acf_changed":false,"footnotes":""},"uso":[],"formato":[],"coleccion":[],"class_list":["post-34974","page","type-page","status-publish","hentry"],"acf":[],"_links":{"self":[{"href":"https:\/\/www.ceramicamayor.com\/fr\/wp-json\/wp\/v2\/pages\/34974","targetHints":{"allow":["GET"]}}],"collection":[{"href":"https:\/\/www.ceramicamayor.com\/fr\/wp-json\/wp\/v2\/pages"}],"about":[{"href":"https:\/\/www.ceramicamayor.com\/fr\/wp-json\/wp\/v2\/types\/page"}],"author":[{"embeddable":true,"href":"https:\/\/www.ceramicamayor.com\/fr\/wp-json\/wp\/v2\/users\/5"}],"replies":[{"embeddable":true,"href":"https:\/\/www.ceramicamayor.com\/fr\/wp-json\/wp\/v2\/comments?post=34974"}],"version-history":[{"count":21,"href":"https:\/\/www.ceramicamayor.com\/fr\/wp-json\/wp\/v2\/pages\/34974\/revisions"}],"predecessor-version":[{"id":35674,"href":"https:\/\/www.ceramicamayor.com\/fr\/wp-json\/wp\/v2\/pages\/34974\/revisions\/35674"}],"wp:attachment":[{"href":"https:\/\/www.ceramicamayor.com\/fr\/wp-json\/wp\/v2\/media?parent=34974"}],"wp:term":[{"taxonomy":"uso","embeddable":true,"href":"https:\/\/www.ceramicamayor.com\/fr\/wp-json\/wp\/v2\/uso?post=34974"},{"taxonomy":"formato","embeddable":true,"href":"https:\/\/www.ceramicamayor.com\/fr\/wp-json\/wp\/v2\/formato?post=34974"},{"taxonomy":"coleccion","embeddable":true,"href":"https:\/\/www.ceramicamayor.com\/fr\/wp-json\/wp\/v2\/coleccion?post=34974"}],"curies":[{"name":"wp","href":"https:\/\/api.w.org\/{rel}","templated":true}]}}