{"id":35415,"date":"2025-03-13T15:45:19","date_gmt":"2025-03-13T14:45:19","guid":{"rendered":"https:\/\/www.ceramicamayor.com\/gracias-bim\/"},"modified":"2025-03-13T15:56:45","modified_gmt":"2025-03-13T14:56:45","slug":"gracias-bim","status":"publish","type":"page","link":"https:\/\/www.ceramicamayor.com\/fr\/gracias-bim\/","title":{"rendered":"Gracias BIM"},"content":{"rendered":"<section class=\"l-section wpb_row height_small\"><div class=\"l-section-h i-cf\"><div class=\"g-cols vc_row via_grid cols_1 laptops-cols_inherit tablets-cols_inherit mobiles-cols_1 valign_bottom type_default stacking_default\"><div class=\"wpb_column vc_column_container\"><div class=\"vc_column-inner\"><div id=\"ultimate-heading-37169f22a97d3ec3\" class=\"uvc-heading ult-adjust-bottom-margin ultimate-heading-37169f22a97d3ec3 uvc-1701 \" data-hspacer=\"no_spacer\"  data-halign=\"center\" style=\"text-align:center\"><div class=\"uvc-heading-spacer no_spacer\" style=\"top\"><\/div><div class=\"uvc-main-heading ult-responsive\"  data-ultimate-target='.uvc-heading.ultimate-heading-37169f22a97d3ec3 h2'  data-responsive-json-new='{\"font-size\":\"\",\"line-height\":\"\"}' ><h2 style=\"font-weight:normal;\">\u00a1Gracias por tu consulta!<\/h2><\/div><\/div><div class=\"w-separator size_medium\"><\/div><div id=\"ultimate-heading-940669f22a97d40f5\" class=\"uvc-heading ult-adjust-bottom-margin ultimate-heading-940669f22a97d40f5 uvc-3617 \" data-hspacer=\"no_spacer\"  data-halign=\"center\" style=\"text-align:center\"><div class=\"uvc-heading-spacer no_spacer\" style=\"top\"><\/div><div class=\"uvc-sub-heading ult-responsive\"  data-ultimate-target='.uvc-heading.ultimate-heading-940669f22a97d40f5 .uvc-sub-heading '  data-responsive-json-new='{\"font-size\":\"\",\"line-height\":\"\"}'  style=\"font-weight:normal;\">\n<p style=\"text-align: left;\">Hemos recibido tu solicitud y nuestro equipo la est\u00e1 revisando. Nos pondremos en contacto contigo lo antes posible para ofrecerte la mejor soluci\u00f3n.<\/p>\n<p>Mientras esperas nuestra respuesta, te invitamos a explorar m\u00e1s sobre nuestros tipos de piscinas y soluciones cer\u00e1micas<\/div><\/div><\/div><\/div><\/div><\/div><\/section><section class=\"l-section wpb_row height_small width_custom\" style=\"--site-content-width:1240px;\"><div class=\"l-section-h i-cf\"><div class=\"g-cols vc_row via_grid cols_1 laptops-cols_inherit tablets-cols_inherit mobiles-cols_1 valign_top type_default stacking_default\"><div class=\"wpb_column vc_column_container\"><div class=\"vc_column-inner\"><div class=\"w-image align_center\"><a href=\"https:\/\/www.ceramicamayor.com\/sistemas-de-piscinas-con-ceramica\/\" aria-label=\"Dinori&#039;s Villa - Grecia - Stromboli Light 60x60 y peld120 (103)\" class=\"w-image-h\"><img decoding=\"async\" width=\"800\" height=\"375\" src=\"https:\/\/www.ceramicamayor.com\/wp-content\/uploads\/2025\/03\/Dinoris-Villa-Grecia-Stromboli-Light-60x60-y-peld120-103-800x375.jpg\" class=\"attachment-us_800_800 size-us_800_800\" alt=\"\" loading=\"lazy\" srcset=\"https:\/\/www.ceramicamayor.com\/wp-content\/uploads\/2025\/03\/Dinoris-Villa-Grecia-Stromboli-Light-60x60-y-peld120-103-800x375.jpg 800w, https:\/\/www.ceramicamayor.com\/wp-content\/uploads\/2025\/03\/Dinoris-Villa-Grecia-Stromboli-Light-60x60-y-peld120-103-300x141.jpg 300w, https:\/\/www.ceramicamayor.com\/wp-content\/uploads\/2025\/03\/Dinoris-Villa-Grecia-Stromboli-Light-60x60-y-peld120-103-1024x480.jpg 1024w, https:\/\/www.ceramicamayor.com\/wp-content\/uploads\/2025\/03\/Dinoris-Villa-Grecia-Stromboli-Light-60x60-y-peld120-103-600x281.jpg 600w, https:\/\/www.ceramicamayor.com\/wp-content\/uploads\/2025\/03\/Dinoris-Villa-Grecia-Stromboli-Light-60x60-y-peld120-103-50x23.jpg 50w, https:\/\/www.ceramicamayor.com\/wp-content\/uploads\/2025\/03\/Dinoris-Villa-Grecia-Stromboli-Light-60x60-y-peld120-103-400x188.jpg 400w, https:\/\/www.ceramicamayor.com\/wp-content\/uploads\/2025\/03\/Dinoris-Villa-Grecia-Stromboli-Light-60x60-y-peld120-103-240x113.jpg 240w, https:\/\/www.ceramicamayor.com\/wp-content\/uploads\/2025\/03\/Dinoris-Villa-Grecia-Stromboli-Light-60x60-y-peld120-103-150x70.jpg 150w, https:\/\/www.ceramicamayor.com\/wp-content\/uploads\/2025\/03\/Dinoris-Villa-Grecia-Stromboli-Light-60x60-y-peld120-103-100x47.jpg 100w, https:\/\/www.ceramicamayor.com\/wp-content\/uploads\/2025\/03\/Dinoris-Villa-Grecia-Stromboli-Light-60x60-y-peld120-103-500x234.jpg 500w, https:\/\/www.ceramicamayor.com\/wp-content\/uploads\/2025\/03\/Dinoris-Villa-Grecia-Stromboli-Light-60x60-y-peld120-103-350x164.jpg 350w, https:\/\/www.ceramicamayor.com\/wp-content\/uploads\/2025\/03\/Dinoris-Villa-Grecia-Stromboli-Light-60x60-y-peld120-103-320x150.jpg 320w, https:\/\/www.ceramicamayor.com\/wp-content\/uploads\/2025\/03\/Dinoris-Villa-Grecia-Stromboli-Light-60x60-y-peld120-103.jpg 1920w\" sizes=\"auto, (max-width: 800px) 100vw, 800px\" \/><\/a><\/div><div class=\"w-separator size_medium\"><\/div><div id=\"ultimate-heading-909969f22a97d5ada\" class=\"uvc-heading ult-adjust-bottom-margin ultimate-heading-909969f22a97d5ada uvc-4183 \" data-hspacer=\"no_spacer\"  data-halign=\"center\" style=\"text-align:center\"><div class=\"uvc-heading-spacer no_spacer\" style=\"top\"><\/div><div class=\"uvc-sub-heading ult-responsive\"  data-ultimate-target='.uvc-heading.ultimate-heading-909969f22a97d5ada .uvc-sub-heading '  data-responsive-json-new='{\"font-size\":\"\",\"line-height\":\"\"}'  style=\"font-weight:normal;\">\n<p style=\"text-align: center;\"><strong>\u00a1Gracias por confiar en Mayor!<\/strong><\/p>\n<\/div><\/div><\/div><\/div><\/div><\/div><\/section><section class=\"l-section wpb_row height_small\"><div class=\"l-section-h i-cf\"><div class=\"g-cols vc_row via_grid cols_1 laptops-cols_inherit tablets-cols_inherit mobiles-cols_1 valign_top type_default stacking_default\"><div class=\"wpb_column vc_column_container\"><div class=\"vc_column-inner\"><\/div><\/div><\/div><\/div><\/section>\n","protected":false},"excerpt":{"rendered":"\u00a1Gracias por tu consulta! Hemos recibido tu solicitud y nuestro equipo la est\u00e1 revisando. Nos pondremos en contacto contigo lo antes posible para ofrecerte la mejor soluci\u00f3n. Mientras esperas nuestra respuesta, te invitamos a explorar m\u00e1s sobre nuestros tipos de piscinas y soluciones cer\u00e1micas \u00a1Gracias por confiar en Mayor!","protected":false},"author":5,"featured_media":0,"parent":0,"menu_order":70,"comment_status":"closed","ping_status":"closed","template":"","meta":{"_acf_changed":false,"footnotes":""},"uso":[],"formato":[],"coleccion":[],"class_list":["post-35415","page","type-page","status-publish","hentry"],"acf":[],"_links":{"self":[{"href":"https:\/\/www.ceramicamayor.com\/fr\/wp-json\/wp\/v2\/pages\/35415","targetHints":{"allow":["GET"]}}],"collection":[{"href":"https:\/\/www.ceramicamayor.com\/fr\/wp-json\/wp\/v2\/pages"}],"about":[{"href":"https:\/\/www.ceramicamayor.com\/fr\/wp-json\/wp\/v2\/types\/page"}],"author":[{"embeddable":true,"href":"https:\/\/www.ceramicamayor.com\/fr\/wp-json\/wp\/v2\/users\/5"}],"replies":[{"embeddable":true,"href":"https:\/\/www.ceramicamayor.com\/fr\/wp-json\/wp\/v2\/comments?post=35415"}],"version-history":[{"count":1,"href":"https:\/\/www.ceramicamayor.com\/fr\/wp-json\/wp\/v2\/pages\/35415\/revisions"}],"predecessor-version":[{"id":35419,"href":"https:\/\/www.ceramicamayor.com\/fr\/wp-json\/wp\/v2\/pages\/35415\/revisions\/35419"}],"wp:attachment":[{"href":"https:\/\/www.ceramicamayor.com\/fr\/wp-json\/wp\/v2\/media?parent=35415"}],"wp:term":[{"taxonomy":"uso","embeddable":true,"href":"https:\/\/www.ceramicamayor.com\/fr\/wp-json\/wp\/v2\/uso?post=35415"},{"taxonomy":"formato","embeddable":true,"href":"https:\/\/www.ceramicamayor.com\/fr\/wp-json\/wp\/v2\/formato?post=35415"},{"taxonomy":"coleccion","embeddable":true,"href":"https:\/\/www.ceramicamayor.com\/fr\/wp-json\/wp\/v2\/coleccion?post=35415"}],"curies":[{"name":"wp","href":"https:\/\/api.w.org\/{rel}","templated":true}]}}