{"id":36114,"date":"2025-03-13T17:03:12","date_gmt":"2025-03-13T16:03:12","guid":{"rendered":"https:\/\/www.ceramicamayor.com\/gracias-proyectos\/"},"modified":"2025-03-25T08:52:14","modified_gmt":"2025-03-25T07:52:14","slug":"merci-projets","status":"publish","type":"page","link":"https:\/\/www.ceramicamayor.com\/fr\/merci-projets\/","title":{"rendered":"Merci Projets"},"content":{"rendered":"<section class=\"l-section wpb_row height_small\"><div class=\"l-section-h i-cf\"><div class=\"g-cols vc_row via_grid cols_1 laptops-cols_inherit tablets-cols_inherit mobiles-cols_1 valign_bottom type_default stacking_default\"><div class=\"wpb_column vc_column_container\"><div class=\"vc_column-inner\"><div id=\"ultimate-heading-916569f71044f05fb\" class=\"uvc-heading ult-adjust-bottom-margin ultimate-heading-916569f71044f05fb uvc-1831 \" data-hspacer=\"no_spacer\"  data-halign=\"center\" style=\"text-align:center\"><div class=\"uvc-heading-spacer no_spacer\" style=\"top\"><\/div><div class=\"uvc-main-heading ult-responsive\"  data-ultimate-target='.uvc-heading.ultimate-heading-916569f71044f05fb h2'  data-responsive-json-new='{\"font-size\":\"\",\"line-height\":\"\"}' ><h2 style=\"font-family:&#039;Playfair Display SC&#039;;font-weight:normal;\">Merci de nous confier votre projet!<\/h2><\/div><\/div><\/div><\/div><\/div><\/div><\/section><section class=\"l-section wpb_row height_small\"><div class=\"l-section-h i-cf\"><div class=\"g-cols vc_row via_grid cols_1 laptops-cols_inherit tablets-cols_inherit mobiles-cols_1 valign_bottom type_default stacking_default\"><div class=\"wpb_column vc_column_container\"><div class=\"vc_column-inner\"><div id=\"ultimate-heading-305469f71044f0d0b\" class=\"uvc-heading ult-adjust-bottom-margin ultimate-heading-305469f71044f0d0b uvc-785 \" data-hspacer=\"no_spacer\"  data-halign=\"center\" style=\"text-align:center\"><div class=\"uvc-heading-spacer no_spacer\" style=\"top\"><\/div><div class=\"uvc-sub-heading ult-responsive\"  data-ultimate-target='.uvc-heading.ultimate-heading-305469f71044f0d0b .uvc-sub-heading '  data-responsive-json-new='{\"font-size\":\"\",\"line-height\":\"\"}'  style=\"font-weight:normal;\">\n<p style=\"text-align: center;\">Notre \u00e9quipe est pr\u00eate \u00e0 vous aider \u00e0 r\u00e9aliser votre vision. Nous vous contacterons rapidement pour conna\u00eetre tous les d\u00e9tails et vous proposer la meilleure solution.<\/p>\n<p style=\"text-align: center;\">Nous vous remercions de nous avoir fait part de votre id\u00e9e. Nous savons que chaque projet est particulier et nous voulons \u00eatre \u00e0 vos c\u00f4t\u00e9s \u00e0 chaque \u00e9tape pour en faire quelque chose de spectaculaire.<\/p>\n<p style=\"text-align: center;\"><strong>Que se passe-t-il maintenant ?<\/strong><\/p>\n<p style=\"text-align: center;\">Nous avons re\u00e7u votre candidature avec succ\u00e8s. Dans les prochains jours, l&rsquo;un de nos experts vous contactera.<\/p>\n<p style=\"text-align: center;\">En attendant, vous pouvez <strong>d\u00e9couvrir nos inspirations et nos r\u00e9ussites.<\/strong><\/p>\n<\/div><\/div><\/div><\/div><\/div><\/div><\/section><section class=\"l-section wpb_row height_small width_custom\" style=\"--site-content-width:1240px;\"><div class=\"l-section-h i-cf\"><div class=\"g-cols vc_row via_grid cols_1 laptops-cols_inherit tablets-cols_inherit mobiles-cols_1 valign_top type_default stacking_default\"><div class=\"wpb_column vc_column_container\"><div class=\"vc_column-inner\"><div class=\"w-image align_center\"><a href=\"https:\/\/www.ceramicamayor.com\/videos\/\" aria-label=\"Hotel Primavera Park Oasis (5)\" class=\"w-image-h\"><img decoding=\"async\" width=\"800\" height=\"375\" src=\"https:\/\/www.ceramicamayor.com\/wp-content\/uploads\/2025\/03\/Hotel-Primavera-Park-Oasis-5-800x375.jpg\" class=\"attachment-us_800_800 size-us_800_800\" alt=\"\" loading=\"lazy\" srcset=\"https:\/\/www.ceramicamayor.com\/wp-content\/uploads\/2025\/03\/Hotel-Primavera-Park-Oasis-5-800x375.jpg 800w, https:\/\/www.ceramicamayor.com\/wp-content\/uploads\/2025\/03\/Hotel-Primavera-Park-Oasis-5-300x141.jpg 300w, https:\/\/www.ceramicamayor.com\/wp-content\/uploads\/2025\/03\/Hotel-Primavera-Park-Oasis-5-1024x480.jpg 1024w, https:\/\/www.ceramicamayor.com\/wp-content\/uploads\/2025\/03\/Hotel-Primavera-Park-Oasis-5-600x281.jpg 600w, https:\/\/www.ceramicamayor.com\/wp-content\/uploads\/2025\/03\/Hotel-Primavera-Park-Oasis-5-50x23.jpg 50w, https:\/\/www.ceramicamayor.com\/wp-content\/uploads\/2025\/03\/Hotel-Primavera-Park-Oasis-5-400x187.jpg 400w, https:\/\/www.ceramicamayor.com\/wp-content\/uploads\/2025\/03\/Hotel-Primavera-Park-Oasis-5-240x112.jpg 240w, https:\/\/www.ceramicamayor.com\/wp-content\/uploads\/2025\/03\/Hotel-Primavera-Park-Oasis-5-150x70.jpg 150w, https:\/\/www.ceramicamayor.com\/wp-content\/uploads\/2025\/03\/Hotel-Primavera-Park-Oasis-5-100x47.jpg 100w, https:\/\/www.ceramicamayor.com\/wp-content\/uploads\/2025\/03\/Hotel-Primavera-Park-Oasis-5-500x234.jpg 500w, https:\/\/www.ceramicamayor.com\/wp-content\/uploads\/2025\/03\/Hotel-Primavera-Park-Oasis-5-350x164.jpg 350w, https:\/\/www.ceramicamayor.com\/wp-content\/uploads\/2025\/03\/Hotel-Primavera-Park-Oasis-5-320x150.jpg 320w, https:\/\/www.ceramicamayor.com\/wp-content\/uploads\/2025\/03\/Hotel-Primavera-Park-Oasis-5.jpg 1921w\" sizes=\"auto, (max-width: 800px) 100vw, 800px\" \/><\/a><\/div><div class=\"w-separator size_medium\"><\/div><div class=\"w-btn-wrapper align_center\"><a class=\"w-btn us-btn-style_1\" target=\"_blank\" rel=\"nofollow\" href=\"https:\/\/www.ceramicamayor.com\/videos\/\"><span class=\"w-btn-label\">D\u00e9couvrez nos projets ant\u00e9rieurs<\/span><\/a><\/div><\/div><\/div><\/div><\/div><\/section><section class=\"l-section wpb_row height_small width_custom\" style=\"--site-content-width:1240px;\"><div class=\"l-section-h i-cf\"><div class=\"g-cols vc_row via_grid cols_1 laptops-cols_inherit tablets-cols_inherit mobiles-cols_1 valign_top type_default stacking_default\"><div class=\"wpb_column vc_column_container\"><div class=\"vc_column-inner\"><div class=\"wpb_text_column us_custom_432d3f53\"><div class=\"wpb_wrapper\"><p style=\"text-align: center;\"><span>Suivez-nous sur les m\u00e9dias sociaux pour <strong>plus d&rsquo;inspiration<\/strong><\/span><\/p>\n<p style=\"text-align: center;\"><a href=\"https:\/\/www.youtube.com\/@ceramicamayor994\" target=\"_blank\" rel=\"noopener\"><img loading=\"lazy\" decoding=\"async\" class=\"alignnone size-full wp-image-35979\" src=\"https:\/\/www.ceramicamayor.com\/wp-content\/uploads\/2025\/03\/Logo-youtube-100.jpg\" alt=\"\" width=\"55\" height=\"55\" srcset=\"https:\/\/www.ceramicamayor.com\/wp-content\/uploads\/2025\/03\/Logo-youtube-100.jpg 55w, https:\/\/www.ceramicamayor.com\/wp-content\/uploads\/2025\/03\/Logo-youtube-100-50x50.jpg 50w\" sizes=\"auto, (max-width: 55px) 100vw, 55px\" \/><\/a>\u00a0 <a href=\"https:\/\/www.linkedin.com\/in\/cer%C3%A1mica-m-75a716150\/\" target=\"_blank\" rel=\"noopener\"><img loading=\"lazy\" decoding=\"async\" class=\"alignnone size-full wp-image-35984\" src=\"https:\/\/www.ceramicamayor.com\/wp-content\/uploads\/2025\/03\/logo-linkedin-100.jpg\" alt=\"\" width=\"55\" height=\"55\" srcset=\"https:\/\/www.ceramicamayor.com\/wp-content\/uploads\/2025\/03\/logo-linkedin-100.jpg 55w, https:\/\/www.ceramicamayor.com\/wp-content\/uploads\/2025\/03\/logo-linkedin-100-50x50.jpg 50w\" sizes=\"auto, (max-width: 55px) 100vw, 55px\" \/><\/a>\u00a0 <a href=\"https:\/\/es.pinterest.com\/ceramicamayor\/\" target=\"_blank\" rel=\"noopener\"><img loading=\"lazy\" decoding=\"async\" class=\"alignnone size-full wp-image-35989\" src=\"https:\/\/www.ceramicamayor.com\/wp-content\/uploads\/2025\/03\/logo-pinterest-100.jpg\" alt=\"\" width=\"56\" height=\"55\" srcset=\"https:\/\/www.ceramicamayor.com\/wp-content\/uploads\/2025\/03\/logo-pinterest-100.jpg 56w, https:\/\/www.ceramicamayor.com\/wp-content\/uploads\/2025\/03\/logo-pinterest-100-50x50.jpg 50w\" sizes=\"auto, (max-width: 56px) 100vw, 56px\" \/><\/a>\u00a0 <a href=\"https:\/\/www.instagram.com\/ceramica.mayor\/\" target=\"_blank\" rel=\"noopener\"><img loading=\"lazy\" decoding=\"async\" class=\"alignnone size-full wp-image-35994\" src=\"https:\/\/www.ceramicamayor.com\/wp-content\/uploads\/2025\/03\/logo-instagram-100.jpg\" alt=\"\" width=\"55\" height=\"55\" srcset=\"https:\/\/www.ceramicamayor.com\/wp-content\/uploads\/2025\/03\/logo-instagram-100.jpg 55w, https:\/\/www.ceramicamayor.com\/wp-content\/uploads\/2025\/03\/logo-instagram-100-50x50.jpg 50w\" sizes=\"auto, (max-width: 55px) 100vw, 55px\" \/><\/a>\u00a0 <a href=\"https:\/\/es-es.facebook.com\/CeramicaMayor\/\" target=\"_blank\" rel=\"noopener\"><img loading=\"lazy\" decoding=\"async\" class=\"alignnone size-full wp-image-35974\" src=\"https:\/\/www.ceramicamayor.com\/wp-content\/uploads\/2025\/03\/logo-face-100.jpg\" alt=\"\" width=\"55\" height=\"55\" srcset=\"https:\/\/www.ceramicamayor.com\/wp-content\/uploads\/2025\/03\/logo-face-100.jpg 55w, https:\/\/www.ceramicamayor.com\/wp-content\/uploads\/2025\/03\/logo-face-100-50x50.jpg 50w\" sizes=\"auto, (max-width: 55px) 100vw, 55px\" \/><\/a><\/p>\n<\/div><\/div><\/div><\/div><\/div><\/div><\/section><section class=\"l-section wpb_row height_small\"><div class=\"l-section-h i-cf\"><div class=\"g-cols vc_row via_grid cols_1 laptops-cols_inherit tablets-cols_inherit mobiles-cols_1 valign_top type_default stacking_default\"><div class=\"wpb_column vc_column_container\"><div class=\"vc_column-inner\"><div id=\"ultimate-heading-394769f71044f3c92\" class=\"uvc-heading ult-adjust-bottom-margin ultimate-heading-394769f71044f3c92 uvc-4994 \" data-hspacer=\"no_spacer\"  data-halign=\"center\" style=\"text-align:center\"><div class=\"uvc-heading-spacer no_spacer\" style=\"top\"><\/div><div class=\"uvc-sub-heading ult-responsive\"  data-ultimate-target='.uvc-heading.ultimate-heading-394769f71044f3c92 .uvc-sub-heading '  data-responsive-json-new='{\"font-size\":\"\",\"line-height\":\"\"}'  style=\"font-weight:normal;\">\n<p style=\"text-align: center;\">Si vous avez des questions ou si vous souhaitez d&rsquo;abord nous parler, n&rsquo;h\u00e9sitez pas \u00e0 nous \u00e9crire \u00e0 <a href=\"m&#97;&#x69;&#x6c;&#x74;o&#58;&#116;&#x65;&#x63;n&#105;&#99;&#x6f;&#x32;&#64;c&#101;&#x72;&#x61;&#x6d;i&#99;&#x61;&#x6d;&#x61;y&#111;&#114;&#x2e;&#x63;o&#109;\"><strong>&#x74;&#101;&#x63;&#x6e;&#105;&#x63;&#x6f;&#50;&#x40;&#x63;&#101;&#x72;&#x61;m&#x69;&#x63;a&#x6d;&#97;y&#x6f;&#114;&#46;&#x63;&#111;m<\/strong><\/a> ou \u00e0 nous appeler au <strong>+34 672 358 227.<\/strong><\/p>\n<\/div><\/div><div id=\"ultimate-heading-580369f71044f3cd7\" class=\"uvc-heading ult-adjust-bottom-margin ultimate-heading-580369f71044f3cd7 uvc-2731 \" data-hspacer=\"no_spacer\"  data-halign=\"center\" style=\"text-align:center\"><div class=\"uvc-heading-spacer no_spacer\" style=\"top\"><\/div><div class=\"uvc-sub-heading ult-responsive\"  data-ultimate-target='.uvc-heading.ultimate-heading-580369f71044f3cd7 .uvc-sub-heading '  data-responsive-json-new='{\"font-size\":\"\",\"line-height\":\"\"}'  style=\"font-weight:normal;\">\n<p style=\"text-align: center;\">Nous sommes ravis de faire partie de votre projet et nous sommes l\u00e0 pour vous aider \u00e0 le concr\u00e9tiser &#8211; parlons-en bient\u00f4t !<\/p>\n<p style=\"text-align: center;\"><strong>Merci de faire confiance \u00e0 Mayor !<\/strong><\/p>\n<\/div><\/div><div class=\"w-separator size_medium\"><\/div><\/div><\/div><\/div><\/div><\/section>\n","protected":false},"excerpt":{"rendered":"Merci de nous confier votre projet! Notre \u00e9quipe est pr\u00eate \u00e0 vous aider \u00e0 r\u00e9aliser votre vision. Nous vous contacterons rapidement pour conna\u00eetre tous les d\u00e9tails et vous proposer la meilleure solution. Nous vous remercions de nous avoir fait part de votre id\u00e9e. Nous savons que chaque projet est particulier et nous voulons \u00eatre \u00e0...","protected":false},"author":5,"featured_media":0,"parent":0,"menu_order":56,"comment_status":"closed","ping_status":"closed","template":"","meta":{"_acf_changed":false,"footnotes":""},"uso":[],"formato":[],"coleccion":[],"class_list":["post-36114","page","type-page","status-publish","hentry"],"acf":[],"_links":{"self":[{"href":"https:\/\/www.ceramicamayor.com\/fr\/wp-json\/wp\/v2\/pages\/36114","targetHints":{"allow":["GET"]}}],"collection":[{"href":"https:\/\/www.ceramicamayor.com\/fr\/wp-json\/wp\/v2\/pages"}],"about":[{"href":"https:\/\/www.ceramicamayor.com\/fr\/wp-json\/wp\/v2\/types\/page"}],"author":[{"embeddable":true,"href":"https:\/\/www.ceramicamayor.com\/fr\/wp-json\/wp\/v2\/users\/5"}],"replies":[{"embeddable":true,"href":"https:\/\/www.ceramicamayor.com\/fr\/wp-json\/wp\/v2\/comments?post=36114"}],"version-history":[{"count":5,"href":"https:\/\/www.ceramicamayor.com\/fr\/wp-json\/wp\/v2\/pages\/36114\/revisions"}],"predecessor-version":[{"id":36199,"href":"https:\/\/www.ceramicamayor.com\/fr\/wp-json\/wp\/v2\/pages\/36114\/revisions\/36199"}],"wp:attachment":[{"href":"https:\/\/www.ceramicamayor.com\/fr\/wp-json\/wp\/v2\/media?parent=36114"}],"wp:term":[{"taxonomy":"uso","embeddable":true,"href":"https:\/\/www.ceramicamayor.com\/fr\/wp-json\/wp\/v2\/uso?post=36114"},{"taxonomy":"formato","embeddable":true,"href":"https:\/\/www.ceramicamayor.com\/fr\/wp-json\/wp\/v2\/formato?post=36114"},{"taxonomy":"coleccion","embeddable":true,"href":"https:\/\/www.ceramicamayor.com\/fr\/wp-json\/wp\/v2\/coleccion?post=36114"}],"curies":[{"name":"wp","href":"https:\/\/api.w.org\/{rel}","templated":true}]}}