{"id":36174,"date":"2025-03-20T17:24:08","date_gmt":"2025-03-20T16:24:08","guid":{"rendered":"https:\/\/www.ceramicamayor.com\/comunidad-profesional\/"},"modified":"2025-03-24T12:17:57","modified_gmt":"2025-03-24T11:17:57","slug":"communaute-professionnelle","status":"publish","type":"page","link":"https:\/\/www.ceramicamayor.com\/fr\/communaute-professionnelle\/","title":{"rendered":"Communaut\u00e9 professionnelle"},"content":{"rendered":"<section class=\"l-section wpb_row height_auto full_height valign_center width_full\"><div class=\"l-section-h i-cf\"><div class=\"g-cols vc_row via_grid cols_1 laptops-cols_inherit tablets-cols_inherit mobiles-cols_1 valign_top type_default stacking_default\"><div class=\"wpb_column vc_column_container\"><div class=\"vc_column-inner\">\n\t\t\t<!-- START Comunidad profesional REVOLUTION SLIDER 6.7.40 --><p class=\"rs-p-wp-fix\"><\/p>\n\t\t\t<rs-module-wrap id=\"rev_slider_77_1_wrapper\" data-source=\"gallery\" style=\"visibility:hidden;background:transparent;padding:0;\">\n\t\t\t\t<rs-module id=\"rev_slider_77_1\" style=\"\" data-version=\"6.7.40\">\n\t\t\t\t\t<rs-slides style=\"overflow: hidden; position: absolute;\">\n\t\t\t\t\t\t<rs-slide style=\"position: absolute;\" data-key=\"rs-837\" data-title=\"Slide\" data-in=\"o:0;\" data-out=\"a:false;\">\n\t\t\t\t\t\t\t<img decoding=\"async\" src=\"\/\/www.ceramicamayor.com\/wp-content\/plugins\/revslider\/sr6\/assets\/assets\/dummy.png\" alt=\"\" title=\"PORTADA COMUNIDAD PROFESIONAL\" width=\"1900\" height=\"900\" class=\"rev-slidebg tp-rs-img rs-lazyload\" data-lazyload=\"\/\/www.ceramicamayor.com\/wp-content\/uploads\/2025\/03\/PORTADA-COMUNIDAD-PROFESIONAL.jpg\" data-bg=\"p:center bottom;\" data-no-retina>\n<!--\n\t\t\t\t\t\t\t--><rs-layer\n\t\t\t\t\t\t\t\tid=\"slider-77-slide-837-layer-0\" \n\t\t\t\t\t\t\t\tclass=\"rev-scroll-btn rev-b-span-light\"\n\t\t\t\t\t\t\t\tdata-type=\"button\"\n\t\t\t\t\t\t\t\tdata-color=\"#ffffff\"\n\t\t\t\t\t\t\t\tdata-xy=\"x:c;y:b;yo:60px;\"\n\t\t\t\t\t\t\t\tdata-text=\"w:normal;s:17;l:20;ls:1;a:center;\"\n\t\t\t\t\t\t\t\tdata-dim=\"w:35px;h:55px;minw:35px;minh:55px;\"\n\t\t\t\t\t\t\t\tdata-vbility=\"t,f,f,f\"\n\t\t\t\t\t\t\t\tdata-actions='o:click;a:scrollbelow;sp:1000ms;e:power1.inOut;'\n\t\t\t\t\t\t\t\tdata-rsp_o=\"off\"\n\t\t\t\t\t\t\t\tdata-rsp_bd=\"off\"\n\t\t\t\t\t\t\t\tdata-padding=\"t:22;r:14;b:22;l:14;\"\n\t\t\t\t\t\t\t\tdata-border=\"bos:solid;boc:rgba(255,255,255,0.75);bow:3px,3px,3px,3px;bor:23px,23px,23px,23px;\"\n\t\t\t\t\t\t\t\tdata-frame_999=\"o:0;st:w;\"\n\t\t\t\t\t\t\t\tstyle=\"z-index:7;font-family:'Roboto';text-transform:uppercase;\"\n\t\t\t\t\t\t\t><span><\/span><span><\/span><span><\/span> \n\t\t\t\t\t\t\t<\/rs-layer><!--\n\n\t\t\t\t\t\t\t--><rs-layer\n\t\t\t\t\t\t\t\tid=\"slider-77-slide-837-layer-1\" \n\t\t\t\t\t\t\t\tdata-type=\"shape\"\n\t\t\t\t\t\t\t\tdata-rsp_ch=\"on\"\n\t\t\t\t\t\t\t\tdata-xy=\"x:c;y:c;\"\n\t\t\t\t\t\t\t\tdata-text=\"w:normal;\"\n\t\t\t\t\t\t\t\tdata-dim=\"w:100%;h:100%;\"\n\t\t\t\t\t\t\t\tdata-basealign=\"slide\"\n\t\t\t\t\t\t\t\tdata-frame_999=\"o:0;st:w;\"\n\t\t\t\t\t\t\t\tstyle=\"z-index:6;background:linear-gradient(rgba(12,12,12,1) 0%, rgba(12,12,12,0.03) 31%, rgba(12,12,12,0.03) 32%);\"\n\t\t\t\t\t\t\t> \n\t\t\t\t\t\t\t<\/rs-layer><!--\n\n\t\t\t\t\t\t\t--><rs-layer\n\t\t\t\t\t\t\t\tid=\"slider-77-slide-837-layer-2\" \n\t\t\t\t\t\t\t\tclass=\"texto-slider\"\n\t\t\t\t\t\t\t\tdata-type=\"text\"\n\t\t\t\t\t\t\t\tdata-color=\"#ffffff\"\n\t\t\t\t\t\t\t\tdata-rsp_ch=\"on\"\n\t\t\t\t\t\t\t\tdata-xy=\"x:c;y:c;\"\n\t\t\t\t\t\t\t\tdata-text=\"w:normal;a:center;\"\n\t\t\t\t\t\t\t\tdata-dim=\"w:#2\/3#;\"\n\t\t\t\t\t\t\t\tdata-frame_999=\"o:0;st:w;\"\n\t\t\t\t\t\t\t\tstyle=\"z-index:8;font-family:'Playfair Display';\"\n\t\t\t\t\t\t\t>MERCI \n\t\t\t\t\t\t\t<\/rs-layer><!--\n-->\t\t\t\t\t<\/rs-slide>\n\t\t\t\t\t<\/rs-slides>\n\t\t\t\t<\/rs-module>\n\t\t\t\t<script>\n\t\t\t\t\tsetREVStartSize({c: 'rev_slider_77_1',rl:[1240,1024,778,480],el:[900],gw:[1240],gh:[900],type:'standard',justify:'',layout:'fullscreen',offsetContainer:'',offset:'',mh:\"0\"});if (window.RS_MODULES!==undefined && window.RS_MODULES.modules!==undefined && window.RS_MODULES.modules[\"revslider771\"]!==undefined) {window.RS_MODULES.modules[\"revslider771\"].once = false;window.revapi77 = undefined;if (window.RS_MODULES.checkMinimal!==undefined) window.RS_MODULES.checkMinimal()}\n\t\t\t\t<\/script>\n\t\t\t<\/rs-module-wrap>\n\t\t\t<!-- END REVOLUTION SLIDER -->\n<\/div><\/div><\/div><\/div><\/section><section class=\"l-section wpb_row height_small\"><div class=\"l-section-h i-cf\"><div class=\"g-cols vc_row via_grid cols_1-4-1 laptops-cols_inherit tablets-cols_inherit mobiles-cols_1 valign_top type_default stacking_default\"><div class=\"wpb_column vc_column_container\"><div class=\"vc_column-inner\"><\/div><\/div><div class=\"wpb_column vc_column_container\"><div class=\"vc_column-inner\"><div class=\"w-separator size_small\"><\/div><div id=\"ultimate-heading-492269f3707e548aa\" class=\"uvc-heading ult-adjust-bottom-margin ultimate-heading-492269f3707e548aa uvc-6632 \" data-hspacer=\"no_spacer\"  data-halign=\"center\" style=\"text-align:center\"><div class=\"uvc-heading-spacer no_spacer\" style=\"top\"><\/div><div class=\"uvc-sub-heading ult-responsive\"  data-ultimate-target='.uvc-heading.ultimate-heading-492269f3707e548aa .uvc-sub-heading '  data-responsive-json-new='{\"font-size\":\"\",\"line-height\":\"\"}'  style=\"font-family:&#039;Playfair Display&#039;;font-style:italic;font-weight:600;color:#cac4b0;\">\n<p style=\"text-align: center;\"><span style=\"font-size: 52pt;\">Communaut\u00e9 Professionnelle<\/span><\/p>\n<\/div><\/div><div id=\"ultimate-heading-951569f3707e54930\" class=\"uvc-heading ult-adjust-bottom-margin ultimate-heading-951569f3707e54930 uvc-9788 \" data-hspacer=\"no_spacer\"  data-halign=\"center\" style=\"text-align:center\"><div class=\"uvc-heading-spacer no_spacer\" style=\"top\"><\/div><div class=\"uvc-main-heading ult-responsive\"  data-ultimate-target='.uvc-heading.ultimate-heading-951569f3707e54930 h3'  data-responsive-json-new='{\"font-size\":\"\",\"line-height\":\"\"}' ><h3 style=\"font-family:&#039;Playfair Display SC&#039;;font-weight:normal;margin-top:-40px;\">Gracias por unirte<\/h3><\/div><\/div><div class=\"w-separator size_small\"><\/div><div class=\"wpb_text_column us_custom_432d3f53\"><div class=\"wpb_wrapper\"><p style=\"text-align: center;\">En <a href=\"https:\/\/www.ceramicamayor.com\/fr\/\"><strong data-start=\"193\" data-end=\"211\">Mayor<\/strong><\/a>, valoramos el trabajo de piscineros y constructores profesionales como t\u00fa.<br \/>\nTu registro nos permite seguir ofreci\u00e9ndote las mejores soluciones en pavimentos cer\u00e1micos para piscinas y terrazas, con la calidad y el dise\u00f1o que tu proyecto merece.<\/p>\n<\/div><\/div><div class=\"w-separator size_small\"><\/div><\/div><\/div><div class=\"wpb_column vc_column_container\"><div class=\"vc_column-inner\"><\/div><\/div><\/div><\/div><\/section><section class=\"l-section wpb_row height_small\"><div class=\"l-section-h i-cf\"><div class=\"g-cols vc_row via_grid cols_4 laptops-cols_inherit tablets-cols_inherit mobiles-cols_1 valign_top type_default stacking_default\"><div class=\"wpb_column vc_column_container\"><div class=\"vc_column-inner\"><div class=\"w-image has_ratio align_none\"><div class=\"w-image-h\"><div style=\"padding-bottom:150%\"><\/div><img decoding=\"async\" width=\"203\" height=\"297\" src=\"https:\/\/www.ceramicamayor.com\/wp-content\/uploads\/2025\/03\/i1-100.jpg\" class=\"attachment-full size-full\" alt=\"\" loading=\"lazy\" \/><\/div><\/div><\/div><\/div><div class=\"wpb_column vc_column_container\"><div class=\"vc_column-inner\"><div class=\"w-separator size_medium\"><\/div><div class=\"w-image has_ratio align_none\"><div class=\"w-image-h\"><div style=\"padding-bottom:150%\"><\/div><img decoding=\"async\" width=\"209\" height=\"297\" src=\"https:\/\/www.ceramicamayor.com\/wp-content\/uploads\/2025\/03\/Recurso-11-100.jpg\" class=\"attachment-large size-large\" alt=\"\" loading=\"lazy\" \/><\/div><\/div><\/div><\/div><div class=\"wpb_column vc_column_container\"><div class=\"vc_column-inner\"><div class=\"w-image has_ratio align_none\"><div class=\"w-image-h\"><div style=\"padding-bottom:150%\"><\/div><img decoding=\"async\" width=\"211\" height=\"297\" src=\"https:\/\/www.ceramicamayor.com\/wp-content\/uploads\/2025\/03\/Recurso-13-100.jpg\" class=\"attachment-large size-large\" alt=\"\" loading=\"lazy\" \/><\/div><\/div><\/div><\/div><div class=\"wpb_column vc_column_container\"><div class=\"vc_column-inner\"><div class=\"w-separator size_medium\"><\/div><div class=\"w-image has_ratio align_none\"><div class=\"w-image-h\"><div style=\"padding-bottom:150%\"><\/div><img decoding=\"async\" width=\"203\" height=\"287\" src=\"https:\/\/www.ceramicamayor.com\/wp-content\/uploads\/2025\/03\/i4-100.jpg\" class=\"attachment-large size-large\" alt=\"\" loading=\"lazy\" \/><\/div><\/div><\/div><\/div><\/div><\/div><\/section><section class=\"l-section wpb_row height_small\"><div class=\"l-section-h i-cf\"><div class=\"g-cols vc_row via_grid cols_1 laptops-cols_inherit tablets-cols_inherit mobiles-cols_1 valign_bottom type_default stacking_default\"><div class=\"wpb_column vc_column_container\"><div class=\"vc_column-inner\"><div id=\"ultimate-heading-445569f3707e57d6c\" class=\"uvc-heading ult-adjust-bottom-margin ultimate-heading-445569f3707e57d6c uvc-9783 \" data-hspacer=\"no_spacer\"  data-halign=\"center\" style=\"text-align:center\"><div class=\"uvc-heading-spacer no_spacer\" style=\"top\"><\/div><div class=\"uvc-main-heading ult-responsive\"  data-ultimate-target='.uvc-heading.ultimate-heading-445569f3707e57d6c h3'  data-responsive-json-new='{\"font-size\":\"\",\"line-height\":\"\"}' ><h3 style=\"font-family:&#039;Playfair Display SC&#039;;font-weight:normal;\">\u00bfQu\u00e9 informaci\u00f3n te haremos llegar?<\/h3><\/div><\/div><\/div><\/div><\/div><\/div><\/section><section class=\"l-section wpb_row height_small\"><div class=\"l-section-h i-cf\"><div class=\"g-cols vc_row via_grid cols_3 laptops-cols_inherit tablets-cols_inherit mobiles-cols_1 valign_top type_default stacking_default\"><div class=\"wpb_column vc_column_container\"><div class=\"vc_column-inner\"><div class=\"w-image has_ratio align_none\"><a href=\"https:\/\/www.ceramicamayor.com\" aria-label=\"Recurso 14-100\" class=\"w-image-h\"><div style=\"padding-bottom:100%\"><\/div><img decoding=\"async\" width=\"225\" height=\"226\" src=\"https:\/\/www.ceramicamayor.com\/wp-content\/uploads\/2025\/03\/Recurso-14-100.jpg\" class=\"attachment-full size-full\" alt=\"Gres Porcel\u00e1nico para Piscinas y Terrazas\" loading=\"lazy\" \/><\/a><\/div><div class=\"w-separator size_small\"><\/div><div class=\"wpb_text_column us_custom_432d3f53\"><div class=\"wpb_wrapper\"><p style=\"text-align: center;\">Acesso exclusivo a material t\u00e9cnico y contenido especializado<\/p>\n<\/div><\/div><\/div><\/div><div class=\"wpb_column vc_column_container\"><div class=\"vc_column-inner\"><div class=\"w-image has_ratio align_none\"><a href=\"https:\/\/www.ceramicamayor.com\/bim\/\" aria-label=\"IMAGEN BIM CONTACTO\" class=\"w-image-h\"><div style=\"padding-bottom:100%\"><\/div><img decoding=\"async\" width=\"1000\" height=\"1000\" src=\"https:\/\/www.ceramicamayor.com\/wp-content\/uploads\/2024\/12\/IMAGEN-BIM-CONTACTO.jpg\" class=\"attachment-large size-large\" alt=\"BIM piscinas\" loading=\"lazy\" \/><\/a><\/div><div class=\"w-separator size_small\"><\/div><div class=\"wpb_text_column us_custom_432d3f53\"><div class=\"wpb_wrapper\"><p style=\"text-align: center;\">Descarga de recursos como fichas t\u00e9cnicas, objetos BIM y manueles de instalaci\u00f3n<\/p>\n<\/div><\/div><\/div><\/div><div class=\"wpb_column vc_column_container\"><div class=\"vc_column-inner\"><div class=\"w-image has_ratio align_none\"><a href=\"https:\/\/www.ceramicamayor.com\/colecciones\/contacto\" aria-label=\"imagen proyectos\" class=\"w-image-h\"><div style=\"padding-bottom:100%\"><\/div><img decoding=\"async\" width=\"602\" height=\"602\" src=\"https:\/\/www.ceramicamayor.com\/wp-content\/uploads\/2025\/02\/imagen-proyectos.jpg\" class=\"attachment-large size-large\" alt=\"\" loading=\"lazy\" \/><\/a><\/div><div class=\"w-separator size_small\"><\/div><div class=\"wpb_text_column us_custom_432d3f53\"><div class=\"wpb_wrapper\"><p style=\"text-align: center;\">Soporte personalizado para ayudarte a encontrar la mejor solucion cer\u00e1mica<\/p>\n<\/div><\/div><\/div><\/div><\/div><\/div><\/section><section class=\"l-section wpb_row height_auto\"><div class=\"l-section-h i-cf\"><div class=\"g-cols vc_row via_grid cols_1 laptops-cols_inherit tablets-cols_inherit mobiles-cols_1 valign_top type_default stacking_default\"><div class=\"wpb_column vc_column_container\"><div class=\"vc_column-inner\"><div class=\"w-separator size_small\"><\/div><div class=\"wpb_text_column us_custom_432d3f53\"><div class=\"wpb_wrapper\"><p style=\"text-align: center;\" data-start=\"78\" data-end=\"457\"><strong>Pronto recibir\u00e1s nuestras novedades en tu correo<\/strong><\/p>\n<p style=\"text-align: center;\" data-start=\"78\" data-end=\"457\">Mientras tanto, explora nuestras colecciones y descubre c\u00f3mo nuestras productos pueden elevar la calidad de tus proyectos<\/p>\n<\/div><\/div><div class=\"w-separator size_small\"><\/div><div class=\"w-btn-wrapper align_center\"><a class=\"w-btn us-btn-style_1\" target=\"_blank\" rel=\"nofollow\" href=\"https:\/\/www.ceramicamayor.com\/colecciones\"><span class=\"w-btn-label\">Explora<\/span><\/a><\/div><div class=\"w-separator size_small\"><\/div><div class=\"wpb_text_column us_custom_432d3f53\"><div class=\"wpb_wrapper\"><p style=\"text-align: center;\"><span>S\u00edguenos en redes sociales para <strong>m\u00e1s inspiraci\u00f3n<\/strong><\/span><\/p>\n<p style=\"text-align: center;\"><a href=\"https:\/\/www.youtube.com\/@ceramicamayor994\" target=\"_blank\" rel=\"noopener\"><img loading=\"lazy\" decoding=\"async\" class=\"alignnone size-full wp-image-35979\" src=\"https:\/\/www.ceramicamayor.com\/wp-content\/uploads\/2025\/03\/Logo-youtube-100.jpg\" alt=\"\" width=\"55\" height=\"55\" srcset=\"https:\/\/www.ceramicamayor.com\/wp-content\/uploads\/2025\/03\/Logo-youtube-100.jpg 55w, https:\/\/www.ceramicamayor.com\/wp-content\/uploads\/2025\/03\/Logo-youtube-100-50x50.jpg 50w\" sizes=\"auto, (max-width: 55px) 100vw, 55px\" \/><\/a>\u00a0 <a href=\"https:\/\/www.linkedin.com\/in\/cer%C3%A1mica-m-75a716150\/\" target=\"_blank\" rel=\"noopener\"><img loading=\"lazy\" decoding=\"async\" class=\"alignnone size-full wp-image-35984\" src=\"https:\/\/www.ceramicamayor.com\/wp-content\/uploads\/2025\/03\/logo-linkedin-100.jpg\" alt=\"\" width=\"55\" height=\"55\" srcset=\"https:\/\/www.ceramicamayor.com\/wp-content\/uploads\/2025\/03\/logo-linkedin-100.jpg 55w, https:\/\/www.ceramicamayor.com\/wp-content\/uploads\/2025\/03\/logo-linkedin-100-50x50.jpg 50w\" sizes=\"auto, (max-width: 55px) 100vw, 55px\" \/><\/a>\u00a0 <a href=\"https:\/\/es.pinterest.com\/ceramicamayor\/\" target=\"_blank\" rel=\"noopener\"><img loading=\"lazy\" decoding=\"async\" class=\"alignnone size-full wp-image-35989\" src=\"https:\/\/www.ceramicamayor.com\/wp-content\/uploads\/2025\/03\/logo-pinterest-100.jpg\" alt=\"\" width=\"56\" height=\"55\" srcset=\"https:\/\/www.ceramicamayor.com\/wp-content\/uploads\/2025\/03\/logo-pinterest-100.jpg 56w, https:\/\/www.ceramicamayor.com\/wp-content\/uploads\/2025\/03\/logo-pinterest-100-50x50.jpg 50w\" sizes=\"auto, (max-width: 56px) 100vw, 56px\" \/><\/a>\u00a0 <a href=\"https:\/\/www.instagram.com\/ceramica.mayor\/\" target=\"_blank\" rel=\"noopener\"><img loading=\"lazy\" decoding=\"async\" class=\"alignnone size-full wp-image-35994\" src=\"https:\/\/www.ceramicamayor.com\/wp-content\/uploads\/2025\/03\/logo-instagram-100.jpg\" alt=\"\" width=\"55\" height=\"55\" srcset=\"https:\/\/www.ceramicamayor.com\/wp-content\/uploads\/2025\/03\/logo-instagram-100.jpg 55w, https:\/\/www.ceramicamayor.com\/wp-content\/uploads\/2025\/03\/logo-instagram-100-50x50.jpg 50w\" sizes=\"auto, (max-width: 55px) 100vw, 55px\" \/><\/a>\u00a0 <a href=\"https:\/\/es-es.facebook.com\/CeramicaMayor\/\" target=\"_blank\" rel=\"noopener\"><img loading=\"lazy\" decoding=\"async\" class=\"alignnone size-full wp-image-35974\" src=\"https:\/\/www.ceramicamayor.com\/wp-content\/uploads\/2025\/03\/logo-face-100.jpg\" alt=\"\" width=\"55\" height=\"55\" srcset=\"https:\/\/www.ceramicamayor.com\/wp-content\/uploads\/2025\/03\/logo-face-100.jpg 55w, https:\/\/www.ceramicamayor.com\/wp-content\/uploads\/2025\/03\/logo-face-100-50x50.jpg 50w\" sizes=\"auto, (max-width: 55px) 100vw, 55px\" \/><\/a><\/p>\n<\/div><\/div><div class=\"w-separator size_small\"><\/div><div class=\"wpb_text_column us_custom_432d3f53\"><div class=\"wpb_wrapper\"><p style=\"text-align: center;\" data-start=\"78\" data-end=\"457\">Si necesitas asesoramiento o m\u00e1s informaci\u00f3n, estamos aqu\u00ed para ayudarte.<\/p>\n<p style=\"text-align: center;\" data-start=\"78\" data-end=\"457\"><strong>\u00a1Gracias por confiar en Mayor!<\/strong><\/p>\n<\/div><\/div><div class=\"w-separator size_small\"><\/div><\/div><\/div><\/div><\/div><\/section>\n","protected":false},"excerpt":{"rendered":"MERCI Communaut\u00e9 Professionnelle Gracias por unirteEn Mayor, valoramos el trabajo de piscineros y constructores profesionales como t\u00fa. Tu registro nos permite seguir ofreci\u00e9ndote las mejores soluciones en pavimentos cer\u00e1micos para piscinas y terrazas, con la calidad y el dise\u00f1o que tu proyecto merece. \u00bfQu\u00e9 informaci\u00f3n te haremos llegar?Acesso exclusivo a material t\u00e9cnico y contenido especializado...","protected":false},"author":5,"featured_media":0,"parent":0,"menu_order":393,"comment_status":"closed","ping_status":"closed","template":"","meta":{"_acf_changed":false,"footnotes":""},"uso":[],"formato":[],"coleccion":[],"class_list":["post-36174","page","type-page","status-publish","hentry"],"acf":[],"_links":{"self":[{"href":"https:\/\/www.ceramicamayor.com\/fr\/wp-json\/wp\/v2\/pages\/36174","targetHints":{"allow":["GET"]}}],"collection":[{"href":"https:\/\/www.ceramicamayor.com\/fr\/wp-json\/wp\/v2\/pages"}],"about":[{"href":"https:\/\/www.ceramicamayor.com\/fr\/wp-json\/wp\/v2\/types\/page"}],"author":[{"embeddable":true,"href":"https:\/\/www.ceramicamayor.com\/fr\/wp-json\/wp\/v2\/users\/5"}],"replies":[{"embeddable":true,"href":"https:\/\/www.ceramicamayor.com\/fr\/wp-json\/wp\/v2\/comments?post=36174"}],"version-history":[{"count":2,"href":"https:\/\/www.ceramicamayor.com\/fr\/wp-json\/wp\/v2\/pages\/36174\/revisions"}],"predecessor-version":[{"id":36183,"href":"https:\/\/www.ceramicamayor.com\/fr\/wp-json\/wp\/v2\/pages\/36174\/revisions\/36183"}],"wp:attachment":[{"href":"https:\/\/www.ceramicamayor.com\/fr\/wp-json\/wp\/v2\/media?parent=36174"}],"wp:term":[{"taxonomy":"uso","embeddable":true,"href":"https:\/\/www.ceramicamayor.com\/fr\/wp-json\/wp\/v2\/uso?post=36174"},{"taxonomy":"formato","embeddable":true,"href":"https:\/\/www.ceramicamayor.com\/fr\/wp-json\/wp\/v2\/formato?post=36174"},{"taxonomy":"coleccion","embeddable":true,"href":"https:\/\/www.ceramicamayor.com\/fr\/wp-json\/wp\/v2\/coleccion?post=36174"}],"curies":[{"name":"wp","href":"https:\/\/api.w.org\/{rel}","templated":true}]}}