{"id":37356,"date":"2025-05-26T16:02:31","date_gmt":"2025-05-26T15:02:31","guid":{"rendered":"https:\/\/www.ceramicamayor.com\/imagen-corporativa\/"},"modified":"2025-05-29T12:28:48","modified_gmt":"2025-05-29T11:28:48","slug":"image-de-marque","status":"publish","type":"page","link":"https:\/\/www.ceramicamayor.com\/fr\/image-de-marque\/","title":{"rendered":"Image de marque"},"content":{"rendered":"<section class=\"l-section wpb_row height_auto full_height valign_center width_full\"><div class=\"l-section-h i-cf\"><div class=\"g-cols vc_row via_grid cols_1 laptops-cols_inherit tablets-cols_inherit mobiles-cols_1 valign_top type_default stacking_default\"><div class=\"wpb_column vc_column_container\"><div class=\"vc_column-inner\">\n\t\t\t<!-- START imagen corporativa REVOLUTION SLIDER 6.7.40 --><p class=\"rs-p-wp-fix\"><\/p>\n\t\t\t<rs-module-wrap id=\"rev_slider_82_1_wrapper\" data-source=\"gallery\" style=\"visibility:hidden;background:transparent;padding:0;\">\n\t\t\t\t<rs-module id=\"rev_slider_82_1\" style=\"\" data-version=\"6.7.40\">\n\t\t\t\t\t<rs-slides style=\"overflow: hidden; position: absolute;\">\n\t\t\t\t\t\t<rs-slide style=\"position: absolute;\" data-key=\"rs-860\" data-title=\"Slide\" data-in=\"o:0;\" data-out=\"a:false;\">\n\t\t\t\t\t\t\t<img decoding=\"async\" src=\"\/\/www.ceramicamayor.com\/wp-content\/plugins\/revslider\/sr6\/assets\/assets\/dummy.png\" alt=\"\" title=\"Banner logos-100\" width=\"2082\" height=\"901\" class=\"rev-slidebg tp-rs-img rs-lazyload\" data-lazyload=\"\/\/www.ceramicamayor.com\/wp-content\/uploads\/2025\/05\/Banner-logos-100.jpg\" data-no-retina>\n<!--\n\t\t\t\t\t\t\t--><rs-layer\n\t\t\t\t\t\t\t\tid=\"slider-82-slide-860-layer-0\" \n\t\t\t\t\t\t\t\tclass=\"rev-scroll-btn rev-b-span-light\"\n\t\t\t\t\t\t\t\tdata-type=\"button\"\n\t\t\t\t\t\t\t\tdata-xy=\"x:c;y:b;yo:60px;\"\n\t\t\t\t\t\t\t\tdata-text=\"w:normal;s:17;l:20;ls:1;a:center;\"\n\t\t\t\t\t\t\t\tdata-dim=\"w:35px;h:55px;minw:35px,none,none,none;minh:55px,none,none,none;\"\n\t\t\t\t\t\t\t\tdata-vbility=\"t,f,f,f\"\n\t\t\t\t\t\t\t\tdata-actions='o:click;a:scrollbelow;sp:1000ms;e:power1.inOut;'\n\t\t\t\t\t\t\t\tdata-rsp_o=\"off\"\n\t\t\t\t\t\t\t\tdata-rsp_bd=\"off\"\n\t\t\t\t\t\t\t\tdata-padding=\"t:22;r:14;b:22;l:14;\"\n\t\t\t\t\t\t\t\tdata-border=\"bos:solid;boc:rgba(255,255,255,0.75);bow:3px,3px,3px,3px;bor:23px,23px,23px,23px;\"\n\t\t\t\t\t\t\t\tdata-frame_999=\"o:0;st:w;\"\n\t\t\t\t\t\t\t\tstyle=\"z-index:7;font-family:'Roboto';text-transform:uppercase;\"\n\t\t\t\t\t\t\t><span><\/span><span><\/span><span><\/span> \n\t\t\t\t\t\t\t<\/rs-layer><!--\n\n\t\t\t\t\t\t\t--><rs-layer\n\t\t\t\t\t\t\t\tid=\"slider-82-slide-860-layer-1\" \n\t\t\t\t\t\t\t\tdata-type=\"shape\"\n\t\t\t\t\t\t\t\tdata-rsp_ch=\"on\"\n\t\t\t\t\t\t\t\tdata-xy=\"x:c;y:m;\"\n\t\t\t\t\t\t\t\tdata-text=\"w:normal;s:20,16,12,7;l:0,20,15,9;\"\n\t\t\t\t\t\t\t\tdata-dim=\"w:100%;h:100%;\"\n\t\t\t\t\t\t\t\tdata-basealign=\"slide\"\n\t\t\t\t\t\t\t\tdata-frame_999=\"o:0;st:w;\"\n\t\t\t\t\t\t\t\tstyle=\"z-index:6;background:linear-gradient(rgba(12,12,12,1) 0%, rgba(215,215,215,0.03) 20%);\"\n\t\t\t\t\t\t\t> \n\t\t\t\t\t\t\t<\/rs-layer><!--\n\n\t\t\t\t\t\t\t--><rs-layer\n\t\t\t\t\t\t\t\tid=\"slider-82-slide-860-layer-2\" \n\t\t\t\t\t\t\t\tclass=\"texto-slider\"\n\t\t\t\t\t\t\t\tdata-type=\"text\"\n\t\t\t\t\t\t\t\tdata-rsp_ch=\"on\"\n\t\t\t\t\t\t\t\tdata-xy=\"x:c;y:m;\"\n\t\t\t\t\t\t\t\tdata-text=\"w:normal;s:20,16,12,7;l:25,20,15,9;\"\n\t\t\t\t\t\t\t\tdata-frame_999=\"o:0;st:w;\"\n\t\t\t\t\t\t\t\tstyle=\"z-index:8;font-family:'Playfair Display SC';\"\n\t\t\t\t\t\t\t> \n\t\t\t\t\t\t\t<\/rs-layer><!--\n-->\t\t\t\t\t<\/rs-slide>\n\t\t\t\t\t<\/rs-slides>\n\t\t\t\t<\/rs-module>\n\t\t\t\t<script>\n\t\t\t\t\tsetREVStartSize({c: 'rev_slider_82_1',rl:[1240,1024,778,480],el:[900,768,960,720],gw:[1240,1024,778,480],gh:[900,600,960,720],type:'standard',justify:'',layout:'fullscreen',offsetContainer:'',offset:'',mh:\"0\"});if (window.RS_MODULES!==undefined && window.RS_MODULES.modules!==undefined && window.RS_MODULES.modules[\"revslider821\"]!==undefined) {window.RS_MODULES.modules[\"revslider821\"].once = false;window.revapi82 = undefined;if (window.RS_MODULES.checkMinimal!==undefined) window.RS_MODULES.checkMinimal()}\n\t\t\t\t<\/script>\n\t\t\t<\/rs-module-wrap>\n\t\t\t<!-- END REVOLUTION SLIDER -->\n<\/div><\/div><\/div><\/div><\/section><section class=\"l-section wpb_row height_auto\"><div class=\"l-section-h i-cf\"><div class=\"g-cols vc_row via_grid cols_1 laptops-cols_inherit tablets-cols_inherit mobiles-cols_1 valign_bottom type_default stacking_default\"><div class=\"wpb_column vc_column_container\"><div class=\"vc_column-inner\"><div class=\"w-separator size_small\"><\/div><div id=\"ultimate-heading-203969f37a49a040b\" class=\"uvc-heading ult-adjust-bottom-margin ultimate-heading-203969f37a49a040b uvc-1381 \" data-hspacer=\"no_spacer\"  data-halign=\"center\" style=\"text-align:center\"><div class=\"uvc-heading-spacer no_spacer\" style=\"top\"><\/div><div class=\"uvc-main-heading ult-responsive\"  data-ultimate-target='.uvc-heading.ultimate-heading-203969f37a49a040b h1'  data-responsive-json-new='{\"font-size\":\"\",\"line-height\":\"\"}' ><h1 style=\"font-family:&#039;Playfair Display&#039;;font-weight:normal;\">Image de marque<\/h1><\/div><\/div><div class=\"w-separator size_small\"><\/div><div class=\"wpb_text_column us_custom_432d3f53\"><div class=\"wpb_wrapper\"><p style=\"text-align: center;\">Nous mettons \u00e0 votre disposition notre mat\u00e9riel corporatif officiel pour garantir une utilisation coh\u00e9rente et appropri\u00e9e de notre identit\u00e9 visuelle<\/p>\n<\/div><\/div><div class=\"w-separator size_medium\"><\/div><\/div><\/div><\/div><\/div><\/section><section class=\"l-section wpb_row us_custom_92b2762d height_auto\"><div class=\"l-section-h i-cf\"><div class=\"g-cols vc_row via_grid cols_3 laptops-cols_inherit tablets-cols_inherit mobiles-cols_1 valign_top type_default stacking_default\"><div class=\"wpb_column vc_column_container\"><div class=\"vc_column-inner\"><div class=\"w-image align_none\"><a href=\"https:\/\/www.ceramicamayor.com\/wp-content\/uploads\/2025\/05\/Logos-Editables.zip\" aria-label=\"logo final -100\" class=\"w-image-h\"><img decoding=\"async\" width=\"500\" height=\"500\" src=\"https:\/\/www.ceramicamayor.com\/wp-content\/uploads\/2025\/05\/logo-final-100.jpg\" class=\"attachment-full size-full\" alt=\"\" loading=\"lazy\" srcset=\"https:\/\/www.ceramicamayor.com\/wp-content\/uploads\/2025\/05\/logo-final-100.jpg 500w, https:\/\/www.ceramicamayor.com\/wp-content\/uploads\/2025\/05\/logo-final-100-300x300.jpg 300w, https:\/\/www.ceramicamayor.com\/wp-content\/uploads\/2025\/05\/logo-final-100-150x150.jpg 150w, https:\/\/www.ceramicamayor.com\/wp-content\/uploads\/2025\/05\/logo-final-100-400x400.jpg 400w, https:\/\/www.ceramicamayor.com\/wp-content\/uploads\/2025\/05\/logo-final-100-50x50.jpg 50w, https:\/\/www.ceramicamayor.com\/wp-content\/uploads\/2025\/05\/logo-final-100-240x240.jpg 240w, https:\/\/www.ceramicamayor.com\/wp-content\/uploads\/2025\/05\/logo-final-100-100x100.jpg 100w, https:\/\/www.ceramicamayor.com\/wp-content\/uploads\/2025\/05\/logo-final-100-350x350.jpg 350w, https:\/\/www.ceramicamayor.com\/wp-content\/uploads\/2025\/05\/logo-final-100-320x320.jpg 320w\" sizes=\"auto, (max-width: 500px) 100vw, 500px\" \/><\/a><\/div><div class=\"w-separator size_small\"><\/div><div class=\"w-iconbox us_custom_df400b02 iconpos_right style_default color_primary align_center no_text icontype_img\"><div class=\"w-iconbox-meta\"><h6 class=\"w-iconbox-title\"><a target=\"_blank\" rel=\"nofollow\" href=\"https:\/\/www.ceramicamayor.com\/wp-content\/uploads\/2025\/05\/Logos-Editables.zip\" class=\"w-iconbox-link\" aria-label=\"Logos\">Logos<\/a><\/h6><\/div><a target=\"_blank\" rel=\"nofollow\" href=\"https:\/\/www.ceramicamayor.com\/wp-content\/uploads\/2025\/05\/Logos-Editables.zip\" class=\"w-iconbox-link\" aria-label=\"Logos\"><div class=\"w-iconbox-icon\" style=\"font-size:1.5rem;\"><img loading=\"lazy\" decoding=\"async\" width=\"50\" height=\"50\" src=\"https:\/\/www.ceramicamayor.com\/wp-content\/uploads\/2022\/12\/ico-descargar.png\" class=\"attachment-full size-full\" alt=\"\" \/><\/div><\/a><\/div><\/div><\/div><div class=\"wpb_column vc_column_container\"><div class=\"vc_column-inner\"><div class=\"w-image align_none\"><a href=\"https:\/\/www.ceramicamayor.com\/wp-content\/uploads\/2025\/05\/MontserratPlayfair_Display.zip\" aria-label=\"tipografia-100\" class=\"w-image-h\"><img decoding=\"async\" width=\"738\" height=\"738\" src=\"https:\/\/www.ceramicamayor.com\/wp-content\/uploads\/2025\/05\/tipografia-100.jpg\" class=\"attachment-full size-full\" alt=\"\" loading=\"lazy\" srcset=\"https:\/\/www.ceramicamayor.com\/wp-content\/uploads\/2025\/05\/tipografia-100.jpg 738w, https:\/\/www.ceramicamayor.com\/wp-content\/uploads\/2025\/05\/tipografia-100-300x300.jpg 300w, https:\/\/www.ceramicamayor.com\/wp-content\/uploads\/2025\/05\/tipografia-100-150x150.jpg 150w, https:\/\/www.ceramicamayor.com\/wp-content\/uploads\/2025\/05\/tipografia-100-400x400.jpg 400w, https:\/\/www.ceramicamayor.com\/wp-content\/uploads\/2025\/05\/tipografia-100-50x50.jpg 50w, https:\/\/www.ceramicamayor.com\/wp-content\/uploads\/2025\/05\/tipografia-100-240x240.jpg 240w, https:\/\/www.ceramicamayor.com\/wp-content\/uploads\/2025\/05\/tipografia-100-100x100.jpg 100w, https:\/\/www.ceramicamayor.com\/wp-content\/uploads\/2025\/05\/tipografia-100-350x350.jpg 350w, https:\/\/www.ceramicamayor.com\/wp-content\/uploads\/2025\/05\/tipografia-100-320x320.jpg 320w\" sizes=\"auto, (max-width: 738px) 100vw, 738px\" \/><\/a><\/div><div class=\"w-separator size_small\"><\/div><div class=\"w-iconbox iconpos_right style_default color_primary align_center no_text icontype_img\"><div class=\"w-iconbox-meta\"><h6 class=\"w-iconbox-title\"><a target=\"_blank\" rel=\"nofollow\" href=\"https:\/\/www.ceramicamayor.com\/wp-content\/uploads\/2025\/05\/MontserratPlayfair_Display.zip\" class=\"w-iconbox-link\" aria-label=\"Typographie\">Typographie<\/a><\/h6><\/div><a target=\"_blank\" rel=\"nofollow\" href=\"https:\/\/www.ceramicamayor.com\/wp-content\/uploads\/2025\/05\/MontserratPlayfair_Display.zip\" class=\"w-iconbox-link\" aria-label=\"Typographie\"><div class=\"w-iconbox-icon\" style=\"font-size:1.5rem;\"><img loading=\"lazy\" decoding=\"async\" width=\"50\" height=\"50\" src=\"https:\/\/www.ceramicamayor.com\/wp-content\/uploads\/2022\/12\/ico-descargar.png\" class=\"attachment-full size-full\" alt=\"\" \/><\/div><\/a><\/div><\/div><\/div><div class=\"wpb_column vc_column_container\"><div class=\"vc_column-inner\"><div class=\"w-image align_none\"><a href=\"https:\/\/www.ceramicamayor.com\/wp-content\/uploads\/2025\/05\/ICONOS-CERAMICA-MAYOR-2025-WEB.pdf\" aria-label=\"Iconografia 2 -100\" class=\"w-image-h\"><img decoding=\"async\" width=\"738\" height=\"738\" src=\"https:\/\/www.ceramicamayor.com\/wp-content\/uploads\/2025\/05\/Iconografia-2-100.jpg\" class=\"attachment-full size-full\" alt=\"\" loading=\"lazy\" srcset=\"https:\/\/www.ceramicamayor.com\/wp-content\/uploads\/2025\/05\/Iconografia-2-100.jpg 738w, https:\/\/www.ceramicamayor.com\/wp-content\/uploads\/2025\/05\/Iconografia-2-100-300x300.jpg 300w, https:\/\/www.ceramicamayor.com\/wp-content\/uploads\/2025\/05\/Iconografia-2-100-150x150.jpg 150w, https:\/\/www.ceramicamayor.com\/wp-content\/uploads\/2025\/05\/Iconografia-2-100-400x400.jpg 400w, https:\/\/www.ceramicamayor.com\/wp-content\/uploads\/2025\/05\/Iconografia-2-100-50x50.jpg 50w, https:\/\/www.ceramicamayor.com\/wp-content\/uploads\/2025\/05\/Iconografia-2-100-240x240.jpg 240w, https:\/\/www.ceramicamayor.com\/wp-content\/uploads\/2025\/05\/Iconografia-2-100-100x100.jpg 100w, https:\/\/www.ceramicamayor.com\/wp-content\/uploads\/2025\/05\/Iconografia-2-100-350x350.jpg 350w, https:\/\/www.ceramicamayor.com\/wp-content\/uploads\/2025\/05\/Iconografia-2-100-320x320.jpg 320w\" sizes=\"auto, (max-width: 738px) 100vw, 738px\" \/><\/a><\/div><div class=\"w-separator size_small\"><\/div><div class=\"w-iconbox iconpos_right style_default color_primary align_center no_text icontype_img\"><div class=\"w-iconbox-meta\"><h6 class=\"w-iconbox-title\"><a target=\"_blank\" rel=\"nofollow\" href=\"https:\/\/www.ceramicamayor.com\/wp-content\/uploads\/2025\/05\/ICONOS-CERAMICA-MAYOR-2025-WEB.pdf\" class=\"w-iconbox-link\" aria-label=\"Iconographie\">Iconographie<\/a><\/h6><\/div><a target=\"_blank\" rel=\"nofollow\" href=\"https:\/\/www.ceramicamayor.com\/wp-content\/uploads\/2025\/05\/ICONOS-CERAMICA-MAYOR-2025-WEB.pdf\" class=\"w-iconbox-link\" aria-label=\"Iconographie\"><div class=\"w-iconbox-icon\" style=\"font-size:1.5rem;\"><img loading=\"lazy\" decoding=\"async\" width=\"50\" height=\"50\" src=\"https:\/\/www.ceramicamayor.com\/wp-content\/uploads\/2022\/12\/ico-descargar.png\" class=\"attachment-full size-full\" alt=\"\" \/><\/div><\/a><\/div><\/div><\/div><\/div><\/div><\/section><section class=\"l-section wpb_row us_custom_92b2762d height_small\"><div class=\"l-section-h i-cf\"><div class=\"g-cols vc_row via_grid cols_3 laptops-cols_inherit tablets-cols_inherit mobiles-cols_1 valign_top type_default stacking_default\"><div class=\"wpb_column vc_column_container\"><div class=\"vc_column-inner\"><div class=\"w-image align_none\"><a href=\"https:\/\/open.spotify.com\/playlist\/2xGYqNYI8v0SfMa5vJylW6?si=tqpPYP3iT9a08oQWuTOigA&amp;pi=aKeCKru_RHmqE&amp;nd=1&amp;dlsi=2d70e5b576e142e4\" aria-label=\"spoti-100\" class=\"w-image-h\" target=\"_blank\" rel=\"noopener\"><img decoding=\"async\" width=\"738\" height=\"738\" src=\"https:\/\/www.ceramicamayor.com\/wp-content\/uploads\/2025\/05\/spoti-100.jpg\" class=\"attachment-full size-full\" alt=\"\" loading=\"lazy\" srcset=\"https:\/\/www.ceramicamayor.com\/wp-content\/uploads\/2025\/05\/spoti-100.jpg 738w, https:\/\/www.ceramicamayor.com\/wp-content\/uploads\/2025\/05\/spoti-100-300x300.jpg 300w, https:\/\/www.ceramicamayor.com\/wp-content\/uploads\/2025\/05\/spoti-100-150x150.jpg 150w, https:\/\/www.ceramicamayor.com\/wp-content\/uploads\/2025\/05\/spoti-100-400x400.jpg 400w, https:\/\/www.ceramicamayor.com\/wp-content\/uploads\/2025\/05\/spoti-100-50x50.jpg 50w, https:\/\/www.ceramicamayor.com\/wp-content\/uploads\/2025\/05\/spoti-100-240x240.jpg 240w, https:\/\/www.ceramicamayor.com\/wp-content\/uploads\/2025\/05\/spoti-100-100x100.jpg 100w, https:\/\/www.ceramicamayor.com\/wp-content\/uploads\/2025\/05\/spoti-100-350x350.jpg 350w, https:\/\/www.ceramicamayor.com\/wp-content\/uploads\/2025\/05\/spoti-100-320x320.jpg 320w\" sizes=\"auto, (max-width: 738px) 100vw, 738px\" \/><\/a><\/div><div class=\"w-separator size_small\"><\/div><div class=\"w-iconbox iconpos_right style_default color_primary align_center no_text icontype_img\"><div class=\"w-iconbox-meta\"><h6 class=\"w-iconbox-title\"><a target=\"_blank\" rel=\"nofollow noopener\" href=\"https:\/\/open.spotify.com\/playlist\/2xGYqNYI8v0SfMa5vJylW6?si=tqpPYP3iT9a08oQWuTOigA&amp;pi=aKeCKru_RHmqE&amp;nd=1&amp;dlsi=2d70e5b576e142e4\" class=\"w-iconbox-link\" aria-label=\"Musique\">Musique<\/a><\/h6><\/div><a target=\"_blank\" rel=\"nofollow noopener\" href=\"https:\/\/open.spotify.com\/playlist\/2xGYqNYI8v0SfMa5vJylW6?si=tqpPYP3iT9a08oQWuTOigA&amp;pi=aKeCKru_RHmqE&amp;nd=1&amp;dlsi=2d70e5b576e142e4\" class=\"w-iconbox-link\" aria-label=\"Musique\"><div class=\"w-iconbox-icon\" style=\"font-size:1.5rem;\"><img loading=\"lazy\" decoding=\"async\" width=\"50\" height=\"50\" src=\"https:\/\/www.ceramicamayor.com\/wp-content\/uploads\/2022\/12\/ico-descargar.png\" class=\"attachment-full size-full\" alt=\"\" \/><\/div><\/a><\/div><\/div><\/div><div class=\"wpb_column vc_column_container\"><div class=\"vc_column-inner\"><div class=\"w-image align_none\"><a href=\"https:\/\/www.ceramicamayor.com\/wp-content\/uploads\/2025\/05\/Manual-de-Identidad-Corporativa-Ceramica-Mayor-2025-1.pdf\" aria-label=\"manual corporativo -100\" class=\"w-image-h\"><img decoding=\"async\" width=\"500\" height=\"500\" src=\"https:\/\/www.ceramicamayor.com\/wp-content\/uploads\/2025\/05\/manual-corporativo-100-1.jpg\" class=\"attachment-full size-full\" alt=\"\" loading=\"lazy\" srcset=\"https:\/\/www.ceramicamayor.com\/wp-content\/uploads\/2025\/05\/manual-corporativo-100-1.jpg 500w, https:\/\/www.ceramicamayor.com\/wp-content\/uploads\/2025\/05\/manual-corporativo-100-1-300x300.jpg 300w, https:\/\/www.ceramicamayor.com\/wp-content\/uploads\/2025\/05\/manual-corporativo-100-1-150x150.jpg 150w, https:\/\/www.ceramicamayor.com\/wp-content\/uploads\/2025\/05\/manual-corporativo-100-1-400x400.jpg 400w, https:\/\/www.ceramicamayor.com\/wp-content\/uploads\/2025\/05\/manual-corporativo-100-1-50x50.jpg 50w, https:\/\/www.ceramicamayor.com\/wp-content\/uploads\/2025\/05\/manual-corporativo-100-1-240x240.jpg 240w, https:\/\/www.ceramicamayor.com\/wp-content\/uploads\/2025\/05\/manual-corporativo-100-1-100x100.jpg 100w, https:\/\/www.ceramicamayor.com\/wp-content\/uploads\/2025\/05\/manual-corporativo-100-1-350x350.jpg 350w, https:\/\/www.ceramicamayor.com\/wp-content\/uploads\/2025\/05\/manual-corporativo-100-1-320x320.jpg 320w\" sizes=\"auto, (max-width: 500px) 100vw, 500px\" \/><\/a><\/div><div class=\"w-separator size_small\"><\/div><div class=\"w-iconbox iconpos_right style_default color_primary align_center no_text icontype_img\"><div class=\"w-iconbox-meta\"><h6 class=\"w-iconbox-title\"><a target=\"_blank\" rel=\"nofollow\" href=\"https:\/\/www.ceramicamayor.com\/wp-content\/uploads\/2025\/05\/Manual-de-Identidad-Corporativa-Ceramica-Mayor-2025-1.pdf\" class=\"w-iconbox-link\" aria-label=\"Manuel corporatif\">Manuel corporatif<\/a><\/h6><\/div><a target=\"_blank\" rel=\"nofollow\" href=\"https:\/\/www.ceramicamayor.com\/wp-content\/uploads\/2025\/05\/Manual-de-Identidad-Corporativa-Ceramica-Mayor-2025-1.pdf\" class=\"w-iconbox-link\" aria-label=\"Manuel corporatif\"><div class=\"w-iconbox-icon\" style=\"font-size:1.5rem;\"><img loading=\"lazy\" decoding=\"async\" width=\"50\" height=\"50\" src=\"https:\/\/www.ceramicamayor.com\/wp-content\/uploads\/2022\/12\/ico-descargar.png\" class=\"attachment-full size-full\" alt=\"\" \/><\/div><\/a><\/div><\/div><\/div><div class=\"wpb_column vc_column_container\"><div class=\"vc_column-inner\"><\/div><\/div><\/div><\/div><\/section><section class=\"l-section wpb_row height_auto\"><div class=\"l-section-h i-cf\"><div class=\"g-cols vc_row via_grid cols_1 laptops-cols_inherit tablets-cols_inherit mobiles-cols_1 valign_top type_default stacking_default\"><div class=\"wpb_column vc_column_container\"><div class=\"vc_column-inner\"><div class=\"w-separator size_small\"><\/div><div class=\"wpb_text_column us_custom_2774bef1\"><div class=\"wpb_wrapper\"><p style=\"text-align: center;\"><strong>T\u00e9l\u00e9chargez nos ressources corporatives<\/strong><\/p>\n<\/div><\/div><div class=\"w-separator size_small\"><\/div><\/div><\/div><\/div><\/div><\/section><section class=\"l-section wpb_row height_auto\"><div class=\"l-section-h i-cf\"><div class=\"g-cols vc_row via_grid cols_1 laptops-cols_inherit tablets-cols_inherit mobiles-cols_1 valign_bottom type_default stacking_default\"><div class=\"wpb_column vc_column_container\"><div class=\"vc_column-inner\"><div class=\"w-separator size_medium\"><\/div><div id=\"ultimate-heading-852169f37a49a4cf9\" class=\"uvc-heading ult-adjust-bottom-margin ultimate-heading-852169f37a49a4cf9 uvc-2683 \" data-hspacer=\"no_spacer\"  data-halign=\"center\" style=\"text-align:center\"><div class=\"uvc-heading-spacer no_spacer\" style=\"top\"><\/div><div class=\"uvc-main-heading ult-responsive\"  data-ultimate-target='.uvc-heading.ultimate-heading-852169f37a49a4cf9 h4'  data-responsive-json-new='{\"font-size\":\"\",\"line-height\":\"\"}' ><h4 style=\"font-family:&#039;Playfair Display&#039;;font-weight:normal;\">Avez-vous besoin d'assistance avec les ressources t\u00e9l\u00e9charg\u00e9es ?<\/h4><\/div><\/div><div class=\"w-separator size_medium\"><\/div><div class=\"wpb_text_column us_custom_432d3f53\"><div class=\"wpb_wrapper\"><p style=\"text-align: center;\">Si vous avez des doutes sur la fa\u00e7on d&rsquo;utiliser notre mat\u00e9riel graphique ou d&rsquo;int\u00e9grer notre marque dans vos supports, n&rsquo;h\u00e9sitez pas \u00e0 nous contacter<\/p>\n<\/div><\/div><div class=\"w-separator size_medium\"><\/div><\/div><\/div><\/div><\/div><\/section><section class=\"l-section wpb_row height_auto\"><div class=\"l-section-h i-cf\"><div class=\"g-cols vc_row via_grid cols_2 laptops-cols_inherit tablets-cols_inherit mobiles-cols_1 valign_top type_default stacking_default\"><div class=\"wpb_column vc_column_container\"><div class=\"vc_column-inner\"><div class=\"w-image has_ratio align_none\"><div class=\"w-image-h\"><div style=\"padding-bottom:100%\"><\/div><img decoding=\"async\" width=\"729\" height=\"729\" src=\"https:\/\/www.ceramicamayor.com\/wp-content\/uploads\/2025\/05\/imagen-formulario-100.jpg\" class=\"attachment-full size-full\" alt=\"\" loading=\"lazy\" \/><\/div><\/div><div class=\"w-separator size_large\"><\/div><\/div><\/div><div class=\"wpb_column vc_column_container\"><div class=\"vc_column-inner\">\n<div class=\"wpcf7 no-js\" id=\"wpcf7-f37382-o1\" lang=\"fr-FR\" dir=\"ltr\" data-wpcf7-id=\"37382\">\n<div class=\"screen-reader-response\"><p role=\"status\" aria-live=\"polite\" aria-atomic=\"true\"><\/p> <ul><\/ul><\/div>\n<form action=\"\/fr\/wp-json\/wp\/v2\/pages\/37356#wpcf7-f37382-o1\" method=\"post\" class=\"wpcf7-form init cmonitor-ext-0.4.67\" aria-label=\"Formulaire de contact\" novalidate=\"novalidate\" data-status=\"init\">\n<fieldset class=\"hidden-fields-container\"><input type=\"hidden\" name=\"_wpcf7\" value=\"37382\" \/><input type=\"hidden\" name=\"_wpcf7_version\" value=\"6.1.5\" \/><input type=\"hidden\" name=\"_wpcf7_locale\" value=\"fr_FR\" \/><input type=\"hidden\" name=\"_wpcf7_unit_tag\" value=\"wpcf7-f37382-o1\" \/><input type=\"hidden\" name=\"_wpcf7_container_post\" value=\"0\" \/><input type=\"hidden\" name=\"_wpcf7_posted_data_hash\" value=\"\" \/><input type=\"hidden\" name=\"_wpcf7_recaptcha_response\" value=\"\" \/>\n<\/fieldset>\n<p><span class=\"wpcf7-form-control-wrap\" data-name=\"menu-481\"><select class=\"wpcf7-form-control wpcf7-select\" aria-invalid=\"false\" name=\"menu-481\"><option value=\"Utiliser*\">Utiliser*<\/option><option value=\"Professionnel\">Professionnel<\/option><option value=\"Personnel\">Personnel<\/option><\/select><\/span><br \/>\n<input class=\"wpcf7-form-control wpcf7-hidden\" value=\"es\" type=\"hidden\" name=\"lang\" \/><span class=\"wpcf7-form-control-wrap\" data-name=\"nombre\"><input size=\"40\" maxlength=\"400\" class=\"wpcf7-form-control wpcf7-text wpcf7-validates-as-required input-formulario\" aria-required=\"true\" aria-invalid=\"false\" placeholder=\"Nomb*\" value=\"\" type=\"text\" name=\"nombre\" \/><\/span><br \/>\n<span class=\"wpcf7-form-control-wrap\" data-name=\"email\"><input size=\"40\" maxlength=\"400\" class=\"wpcf7-form-control wpcf7-email wpcf7-validates-as-required wpcf7-text wpcf7-validates-as-email input-formulario\" autocomplete=\"email\" aria-required=\"true\" aria-invalid=\"false\" placeholder=\"E-mail*\" value=\"\" type=\"email\" name=\"email\" \/><\/span><br \/>\n<span class=\"wpcf7-form-control-wrap\" data-name=\"Lugardonderesides\"><input size=\"40\" maxlength=\"400\" class=\"wpcf7-form-control wpcf7-text\" aria-invalid=\"false\" placeholder=\"Lieu o\u00f9 vous r\u00e9sidez*\" value=\"\" type=\"text\" name=\"Lugardonderesides\" \/><\/span><br \/>\n<span class=\"wpcf7-form-control-wrap\" data-name=\"mensaje\"><textarea cols=\"40\" rows=\"10\" maxlength=\"2000\" class=\"wpcf7-form-control wpcf7-textarea wpcf7-validates-as-required input-formulario\" aria-required=\"true\" aria-invalid=\"false\" placeholder=\"Message*\" name=\"mensaje\"><\/textarea><\/span><br \/>\n<span class=\"wpcf7-form-control-wrap\" data-name=\"legal\"><span class=\"wpcf7-form-control wpcf7-acceptance\"><span class=\"wpcf7-list-item\"><label><input type=\"checkbox\" name=\"legal\" value=\"1\" class=\"texto-peque\" aria-invalid=\"false\" \/><span class=\"wpcf7-list-item-label\">J'ai lu et j'accepte les <a href=\"https:\/\/ceramicamayor.com\/aviso-legal\/\"><u>mentions l\u00e9gales<\/u><\/a><\/span><\/label><\/span><\/span><\/span>\n<\/p>\n<p><input class=\"wpcf7-form-control wpcf7-submit has-spinner boton\" type=\"submit\" value=\"Envoyer\" \/>\n<\/p><div class=\"wpcf7-response-output\" aria-hidden=\"true\"><\/div><p style=\"display: none !important\"><span class=\"wpcf7-form-control-wrap referer-page\"><input type=\"text\" name=\"referer-page\" value=\"http:\/\/Direct%20Visit\" data-value=\"http:\/\/Direct%20Visit\" size=\"40\" class=\"wpcf7-form-control wpcf7-text referer-page\" aria-invalid=\"false\"><\/span><\/p>\n<!-- campaignmonitor extension by Renzo Johnson -->\n<\/form>\n<\/div>\n<div class=\"w-separator size_large\"><\/div><\/div><\/div><\/div><\/div><\/section>\n","protected":false},"excerpt":{"rendered":"Image de marqueNous mettons \u00e0 votre disposition notre mat\u00e9riel corporatif officiel pour garantir une utilisation coh\u00e9rente et appropri\u00e9e de notre identit\u00e9 visuelle LogosTypographieIconographieMusiqueManuel corporatifT\u00e9l\u00e9chargez nos ressources corporatives Avez-vous besoin d'assistance avec les ressources t\u00e9l\u00e9charg\u00e9es ?Si vous avez des doutes sur la fa\u00e7on d&rsquo;utiliser notre mat\u00e9riel graphique ou d&rsquo;int\u00e9grer notre marque dans vos supports, n&rsquo;h\u00e9sitez pas...","protected":false},"author":5,"featured_media":0,"parent":0,"menu_order":97,"comment_status":"closed","ping_status":"closed","template":"","meta":{"_acf_changed":false,"footnotes":""},"uso":[],"formato":[],"coleccion":[],"class_list":["post-37356","page","type-page","status-publish","hentry"],"acf":[],"_links":{"self":[{"href":"https:\/\/www.ceramicamayor.com\/fr\/wp-json\/wp\/v2\/pages\/37356","targetHints":{"allow":["GET"]}}],"collection":[{"href":"https:\/\/www.ceramicamayor.com\/fr\/wp-json\/wp\/v2\/pages"}],"about":[{"href":"https:\/\/www.ceramicamayor.com\/fr\/wp-json\/wp\/v2\/types\/page"}],"author":[{"embeddable":true,"href":"https:\/\/www.ceramicamayor.com\/fr\/wp-json\/wp\/v2\/users\/5"}],"replies":[{"embeddable":true,"href":"https:\/\/www.ceramicamayor.com\/fr\/wp-json\/wp\/v2\/comments?post=37356"}],"version-history":[{"count":5,"href":"https:\/\/www.ceramicamayor.com\/fr\/wp-json\/wp\/v2\/pages\/37356\/revisions"}],"predecessor-version":[{"id":37384,"href":"https:\/\/www.ceramicamayor.com\/fr\/wp-json\/wp\/v2\/pages\/37356\/revisions\/37384"}],"wp:attachment":[{"href":"https:\/\/www.ceramicamayor.com\/fr\/wp-json\/wp\/v2\/media?parent=37356"}],"wp:term":[{"taxonomy":"uso","embeddable":true,"href":"https:\/\/www.ceramicamayor.com\/fr\/wp-json\/wp\/v2\/uso?post=37356"},{"taxonomy":"formato","embeddable":true,"href":"https:\/\/www.ceramicamayor.com\/fr\/wp-json\/wp\/v2\/formato?post=37356"},{"taxonomy":"coleccion","embeddable":true,"href":"https:\/\/www.ceramicamayor.com\/fr\/wp-json\/wp\/v2\/coleccion?post=37356"}],"curies":[{"name":"wp","href":"https:\/\/api.w.org\/{rel}","templated":true}]}}