{"id":6428,"date":"2023-01-17T13:02:47","date_gmt":"2023-01-17T12:02:47","guid":{"rendered":"https:\/\/ceramicamayor.com\/aviso-legal\/"},"modified":"2023-04-19T15:28:43","modified_gmt":"2023-04-19T14:28:43","slug":"avis-legal","status":"publish","type":"page","link":"https:\/\/www.ceramicamayor.com\/fr\/avis-legal\/","title":{"rendered":"Aviso legal"},"content":{"rendered":"<section class=\"l-section wpb_row height_custom\"><div class=\"l-section-h i-cf\"><div class=\"g-cols vc_row via_grid cols_1 laptops-cols_inherit tablets-cols_inherit mobiles-cols_1 valign_top type_default stacking_default\"><div class=\"wpb_column vc_column_container\"><div class=\"vc_column-inner\"><div id=\"ultimate-heading-970069dedf8469a98\" class=\"uvc-heading ult-adjust-bottom-margin ultimate-heading-970069dedf8469a98 uvc-8058 \" data-hspacer=\"no_spacer\"  data-halign=\"left\" style=\"text-align:left\"><div class=\"uvc-heading-spacer no_spacer\" style=\"top\"><\/div><div class=\"uvc-main-heading ult-responsive\"  data-ultimate-target='.uvc-heading.ultimate-heading-970069dedf8469a98 h1'  data-responsive-json-new='{\"font-size\":\"\",\"line-height\":\"\"}' ><h1 style=\"font-weight:normal;\">Aviso legal<\/h1><\/div><\/div><div class=\"w-separator size_medium\"><\/div><div class=\"wpb_text_column\"><div class=\"wpb_wrapper\"><p>El titular de los derechos de propiedad intelectual y propiedad industrial y el responsable del fichero de datos y de su tratamiento recogidos a trav\u00e9s de este sitio web es: Cer\u00e1mica mayor S.A., con domicilio en Partida Planet s\/n, 03510 Callosa d&rsquo;en Sarri\u00e0 &#8211; ALICANTE. con CIF: A-03108669, e inscrita en el Registro Mercantil de Alicante, Tomo 580, Libro 229, Secci\u00f3n 3\u00aa, Folio 122, Hoja 3.624, Inscripci\u00f3n 1\u00aa.<\/p>\n<p>www.ceramicamayor.com es el sitio web de Cer\u00e1mica mayor S.A. mediante el cual ofrece a los usuarios de Internet informaci\u00f3n sobre la sociedad y los productos que fabrica y comercializa.<\/p>\n<p>Cer\u00e1mica mayor S.A. no se responsabiliza del uso incorrecto por parte de los usuarios del contenido de este sitio web, a su vez, se reserva las acciones legales oportunas para resarcirse de los da\u00f1os o perjuicios causados como consecuencia del uso inapropiado o ilegal del mismo.<\/p>\n<p>Cer\u00e1mica mayor S.A. se reserva el derecho a denegar el acceso discrecionalmente y en cualquier momento a cualquier usuario a este sitio.<\/p>\n<p><strong>Propiedad Intelectual y Propiedad Industrial<\/strong><\/p>\n<p>Los derechos de propiedad intelectual y propiedad industrial sobre todo el contenido de este sitio web, incluyendo marcas y signos distintivos, son de titularidad exclusiva de Cer\u00e1mica mayor S.A. excepto en el caso que se indique expresamente otro titular. Se proh\u00edbe expresamente la reproducci\u00f3n total o parcial, por cualquier medio, del contenido de esta web sin autorizaci\u00f3n expresa y por escrito.<\/p>\n<p><strong>Contenidos<\/strong><\/p>\n<p>La funci\u00f3n de los enlaces de este sitio es exclusivamente la de informar al usuario para completar el contenido del mismo, por lo que Cer\u00e1mica mayor S.A. no se hace responsable de los fallos en los enlaces o del contenido de los dem\u00e1s sitios web a los que se puede enlazar.<\/p>\n<p><strong>Responsabilidad<\/strong><\/p>\n<p>El usuario ser\u00e1 el \u00fanico responsable de las infracciones en que pueda incurrir o de los perjuicios que pueda causar por la utilizaci\u00f3n del sitio web.<\/p>\n<p><strong>Tratamiento De Datos Personales<\/strong><\/p>\n<p>Seg\u00fan establece la Ley Org\u00e1nica 15\/1999 se informa al usuario de que sus datos ser\u00e1n incorporados a un fichero de datos de Cer\u00e1mica mayor S.A. con la finalidad de cumplir con su objeto social. El usuario autoriza a Cer\u00e1mica mayor S.A. a utilizar sus datos personales con funciones comerciales, pudiendo enviar informaciones publicitarias relacionadas con sus productos y servicios. Los datos recogidos mediante formularios, correos electr\u00f3nicos u otras v\u00edas ser\u00e1n destinados, \u00fanica y exclusivamente, a los fines indicados en el formulario que el usuario rellene.<\/p>\n<p>En todo caso el usuario tendr\u00e1 derecho a acceder, rectificar y\/o cancelar sus datos dirigi\u00e9ndose por escrito a: Cer\u00e1mica mayor S.A., Partida Planet s\/n, 03510 Callosa d&rsquo;en Sarri\u00e0 &#8211; ALICANTE, o por correo electr\u00f3nico a: &#x65;&#x6d;&#x61;&#x79;&#x6f;&#x72;&#x40;&#x63;&#x65;&#x72;&#x61;&#109;&#105;&#99;&#97;&#109;&#97;&#121;or&#46;com<\/p>\n<\/div><\/div><\/div><\/div><\/div><\/div><\/section>\n","protected":false},"excerpt":{"rendered":"Aviso legalEl titular de los derechos de propiedad intelectual y propiedad industrial y el responsable del fichero de datos y de su tratamiento recogidos a trav\u00e9s de este sitio web es: Cer\u00e1mica mayor S.A., con domicilio en Partida Planet s\/n, 03510 Callosa d&rsquo;en Sarri\u00e0 &#8211; ALICANTE. con CIF: A-03108669, e inscrita en el Registro Mercantil...","protected":false},"author":2,"featured_media":0,"parent":0,"menu_order":29,"comment_status":"closed","ping_status":"closed","template":"","meta":{"_acf_changed":false,"footnotes":""},"uso":[],"formato":[],"coleccion":[],"class_list":["post-6428","page","type-page","status-publish","hentry"],"acf":[],"_links":{"self":[{"href":"https:\/\/www.ceramicamayor.com\/fr\/wp-json\/wp\/v2\/pages\/6428","targetHints":{"allow":["GET"]}}],"collection":[{"href":"https:\/\/www.ceramicamayor.com\/fr\/wp-json\/wp\/v2\/pages"}],"about":[{"href":"https:\/\/www.ceramicamayor.com\/fr\/wp-json\/wp\/v2\/types\/page"}],"author":[{"embeddable":true,"href":"https:\/\/www.ceramicamayor.com\/fr\/wp-json\/wp\/v2\/users\/2"}],"replies":[{"embeddable":true,"href":"https:\/\/www.ceramicamayor.com\/fr\/wp-json\/wp\/v2\/comments?post=6428"}],"version-history":[{"count":1,"href":"https:\/\/www.ceramicamayor.com\/fr\/wp-json\/wp\/v2\/pages\/6428\/revisions"}],"predecessor-version":[{"id":7460,"href":"https:\/\/www.ceramicamayor.com\/fr\/wp-json\/wp\/v2\/pages\/6428\/revisions\/7460"}],"wp:attachment":[{"href":"https:\/\/www.ceramicamayor.com\/fr\/wp-json\/wp\/v2\/media?parent=6428"}],"wp:term":[{"taxonomy":"uso","embeddable":true,"href":"https:\/\/www.ceramicamayor.com\/fr\/wp-json\/wp\/v2\/uso?post=6428"},{"taxonomy":"formato","embeddable":true,"href":"https:\/\/www.ceramicamayor.com\/fr\/wp-json\/wp\/v2\/formato?post=6428"},{"taxonomy":"coleccion","embeddable":true,"href":"https:\/\/www.ceramicamayor.com\/fr\/wp-json\/wp\/v2\/coleccion?post=6428"}],"curies":[{"name":"wp","href":"https:\/\/api.w.org\/{rel}","templated":true}]}}