{"id":6439,"date":"2023-01-17T13:14:08","date_gmt":"2023-01-17T12:14:08","guid":{"rendered":"https:\/\/ceramicamayor.com\/politica-de-cookies\/"},"modified":"2023-03-07T11:54:11","modified_gmt":"2023-03-07T10:54:11","slug":"politique-de-cookies","status":"publish","type":"page","link":"https:\/\/www.ceramicamayor.com\/fr\/politique-de-cookies\/","title":{"rendered":"Politique de Cookies"},"content":{"rendered":"<section class=\"l-section wpb_row height_custom\"><div class=\"l-section-h i-cf\"><div class=\"g-cols vc_row via_grid cols_1 laptops-cols_inherit tablets-cols_inherit mobiles-cols_1 valign_top type_default stacking_default\"><div class=\"wpb_column vc_column_container\"><div class=\"vc_column-inner\"><div id=\"ultimate-heading-495469f4a04c334eb\" class=\"uvc-heading ult-adjust-bottom-margin ultimate-heading-495469f4a04c334eb uvc-6763 \" data-hspacer=\"no_spacer\"  data-halign=\"left\" style=\"text-align:left\"><div class=\"uvc-heading-spacer no_spacer\" style=\"top\"><\/div><div class=\"uvc-main-heading ult-responsive\"  data-ultimate-target='.uvc-heading.ultimate-heading-495469f4a04c334eb h1'  data-responsive-json-new='{\"font-size\":\"\",\"line-height\":\"\"}' ><h1 style=\"font-weight:normal;\">Politique de Cookies<\/h1><\/div><\/div><div class=\"w-separator size_medium\"><\/div><div class=\"wpb_text_column\"><div class=\"wpb_wrapper\"><h4>1. QUE SONT LES COOKIES ET POURQUOI NOUS LES UTILISONS<\/h4>\n<p>Un cookie est un fichier qui est t\u00e9l\u00e9charg\u00e9 sur l&rsquo;appareil de l&rsquo;utilisateur lorsqu&rsquo;il visite certains sites, permettant de stocker et de r\u00e9cup\u00e9rer des informations sur la navigation qui se fait dans cet \u00e9quipement.<\/p>\n<p>Entre autres choses, les cookies permettent au site de stocker et de r\u00e9cup\u00e9rer des informations sur les d\u00e9cisions et les habitudes de navigation de l&rsquo;utilisateur. Nous les utilisons pour personnaliser l&rsquo;exp\u00e9rience sur nos pages, pour identifier et m\u00e9moriser l&rsquo;utilisateur enregistr\u00e9 et pour rendre la navigation plus facile.<\/p>\n<p>Il est important de souligner que l&rsquo;utilisation des cookies ne permet pas d&rsquo;obtenir des donn\u00e9es personnelles des utilisateurs, qui restent anonymes.<\/p>\n<p>L&rsquo;utilisateur peut configurer son navigateur pour refuser les cookies. Dans ce cas, la personnalisation de l&rsquo;exp\u00e9rience ne s&rsquo;appliquera pas mais l&rsquo;utilisateur pourra tout de m\u00eame acc\u00e9der normalement aux contenus.<\/p>\n<p>Le site de Wikipedia (<a href=\"https:\/\/fr.wikipedia.org\/wiki\/Cookie_(informatique)\" target=\"_blank\" rel=\"noopener\">https:\/\/fr.wikipedia.org\/wiki\/Cookie_(informatique)<\/a>) fournit de plus amples renseignements sur les cookies et leur fonctionnement<\/p>\n<h4>2. QUELS SONT LES TYPES DE COOKIES QUE NOUS UTILISONS ?<\/h4>\n<p><strong>Cookies d&rsquo;analyse statistique :<\/strong><\/p>\n<p>Ce sont ceux qui nous permettent de quantifier le nombre d\u2019utilisateurs et de r\u00e9aliser ainsi l\u2019analyse statistique de l\u2019utilisation que font les utilisateurs de nos services. Gr\u00e2ce \u00e0 cela, nous pouvons examiner la navigation sur notre site et am\u00e9liorer ainsi l&rsquo;offre de produits ou de services que nous mettons \u00e0 votre dispositions.<\/p>\n<p><strong>Cookies \u00e0 usage technique et de personnalisation\u00a0:<\/strong><\/p>\n<p>Ce sont ceux qui nous permettent de contr\u00f4ler des aspects li\u00e9s \u00e0 la session de l&rsquo;utilisateur, de sorte \u00e0 pouvoir am\u00e9liorer l&rsquo;exp\u00e9rience de navigation sur le site internet. Par exemple\u00a0:<\/p>\n<ul type=\"disc\">\n<li>Ils nous permettent de reconna\u00eetre la langue de l&rsquo;utilisateur.<\/li>\n<li>Ils emp\u00eachent ou rendent plus difficiles les attaques contre le site internet ou contre ses utilisateurs.<\/li>\n<li>Ils nous aident \u00e0 assurer une bonne reproduction des contenus multim\u00e9dia.<\/li>\n<li>Ils am\u00e9liorent la performance en permettant la distribution du trafic web de nos machines sur plusieurs serveurs.<\/li>\n<\/ul>\n<p>Pour plus de renseignements \u00e0 ce sujet, veuillez consulter le\u00a0<a href=\"http:\/\/www.agpd.es\/portalwebAGPD\/canaldocumentacion\/publicaciones\/common\/Guias\/Guia_Cookies.pdf\" target=\"_blank\" rel=\"noopener\">Guide d&rsquo;utilisation des cookies de l&rsquo;Agence Espagnole de Protection des Donn\u00e9es<\/a><\/p>\n<p><strong>Le tableau ci-dessous est un r\u00e9sum\u00e9 des cookies employ\u00e9s :<\/strong><\/p>\n<table>\n<tbody>\n<tr>\n<th>Nom<\/th>\n<th>Type<\/th>\n<th>Description<\/th>\n<th>Dur\u00e9e<\/th>\n<\/tr>\n<tr>\n<td>__utma, __utmb, __utmc, __utmz, _ga<\/td>\n<td>Analytique<\/td>\n<td>Cookies utilis\u00e9s par Google Analytics pour le contr\u00f4le statistique des acc\u00e8s.<\/td>\n<td>Variable<\/td>\n<\/tr>\n<tr>\n<td>cookiesinfo<\/td>\n<td>Technique<\/td>\n<td>Identifie l&rsquo;affichage de la banni\u00e8re d&rsquo;information sur la politique de cookies<\/td>\n<td>Ind\u00e9finie<\/td>\n<\/tr>\n<tr>\n<td>has_js<\/td>\n<td>Technique<\/td>\n<td>Identifie si le javascript est activ\u00e9.<\/td>\n<td>Session<\/td>\n<\/tr>\n<tr>\n<td>Drupal.toolbar.collapsed, Drupal.tableDrag.showWeight<\/td>\n<td>Technique<\/td>\n<td>Li\u00e9 aux \u00e9tiquettes des tableaux<\/td>\n<td>Session<\/td>\n<\/tr>\n<\/tbody>\n<\/table>\n<p>Les autres cookies appartiennent \u00e0 des tiers, principalement \u00e0 des services en ligne de r\u00e9seaux sociaux fournissant des syst\u00e8mes permettant le partage de contenus.<\/p>\n<h4>3. COMMENT D\u00c9SACTIVER LES COOKIES SUR LE NAVIGATEUR<\/h4>\n<p>La plupart des navigateurs permettent \u00e0 l&rsquo;utilisateur de configurer l&rsquo;acceptation des cookies et quels cookies il souhaite accepter. Ces r\u00e9glages se trouvent g\u00e9n\u00e9ralement dans les \u00ab\u00a0options\u00a0\u00bb ou \u00ab\u00a0pr\u00e9f\u00e9rences\u00a0\u00bb dans le menu du navigateur.<\/p>\n<p>Voici les instructions de configuration des cookies dans les principaux navigateurs :<\/p>\n<p><strong>Chrome :<\/strong>\u00a0Configuration -&gt; Afficher les options avanc\u00e9es -&gt; Confidentialit\u00e9 -&gt; Configuration du contenu. Pour plus de renseignements \u00e0 ce sujet, veuillez consulter le\u00a0<a href=\"http:\/\/support.google.com\/chrome\/?hl=es\" target=\"_blank\" rel=\"noopener\">support de Google<\/a>\u00a0ou l&rsquo;Aide du navigateur.<\/p>\n<p><strong>Firefox :<\/strong>\u00a0Outils -&gt; Options -&gt; Configuration -&gt; Historique -&gt; Configuration Personnalis\u00e9e. Pour plus de renseignements \u00e0 ce sujet, veuillez consulter le\u00a0<a href=\"http:\/\/support.mozilla.org\/es\/home\" target=\"_blank\" rel=\"noopener\">support de Mozilla<\/a>\u00a0ou l&rsquo;Aide du navigateur.<\/p>\n<p><strong>Internet Explorer :<\/strong>\u00a0Outils -&gt; Options d&rsquo;internet -&gt; Confidentialit\u00e9 -&gt; Configuration. Pour plus de renseignements \u00e0 ce sujet, veuillez consulter le\u00a0<a href=\"http:\/\/windows.microsoft.com\/es-ES\/windows\/support\" target=\"_blank\" rel=\"noopener\">support de Microsoft<\/a>\u00a0ou l&rsquo;Aide du navigateur.<\/p>\n<p><strong>Safari :<\/strong>\u00a0Pr\u00e9f\u00e9rences -&gt; S\u00e9curit\u00e9. Pour plus de renseignements \u00e0 ce sujet, veuillez consulter le\u00a0<a href=\"http:\/\/www.apple.com\/es\/support\/safari\/\" target=\"_blank\" rel=\"noopener\">support de Apple<\/a>\u00a0ou l&rsquo;Aide du navigateur.<\/p>\n<h4>4. MISES \u00c0 JOUR ET CHANGEMENTS DANS LA POLITIQUE DE COOKIES :<\/h4>\n<p>Le titulaire du site web peut modifier cette Politique de cookies en fonction des exigences l\u00e9gislatives, r\u00e9glementaires ou pour adapter cette politique aux instructions \u00e9dict\u00e9es par l&rsquo;Agence Espagnole de Protection des donn\u00e9es. C&rsquo;est pour cette raison que nous recommandons aux utilisateurs de la visiter r\u00e9guli\u00e8rement.<\/p>\n<p>Lorsque des changements significatifs se produisent dans cette Politique de cookies, l&rsquo;utilisateur en sera inform\u00e9 par un avis indicatif sur le site internet ou par email.<\/p>\n<\/div><\/div><\/div><\/div><\/div><\/div><\/section>\n","protected":false},"excerpt":{"rendered":"Politique de Cookies1. QUE SONT LES COOKIES ET POURQUOI NOUS LES UTILISONS Un cookie est un fichier qui est t\u00e9l\u00e9charg\u00e9 sur l&rsquo;appareil de l&rsquo;utilisateur lorsqu&rsquo;il visite certains sites, permettant de stocker et de r\u00e9cup\u00e9rer des informations sur la navigation qui se fait dans cet \u00e9quipement. Entre autres choses, les cookies permettent au site de stocker...","protected":false},"author":2,"featured_media":0,"parent":0,"menu_order":35,"comment_status":"closed","ping_status":"closed","template":"","meta":{"_acf_changed":false,"footnotes":""},"uso":[],"formato":[],"coleccion":[],"class_list":["post-6439","page","type-page","status-publish","hentry"],"acf":[],"_links":{"self":[{"href":"https:\/\/www.ceramicamayor.com\/fr\/wp-json\/wp\/v2\/pages\/6439","targetHints":{"allow":["GET"]}}],"collection":[{"href":"https:\/\/www.ceramicamayor.com\/fr\/wp-json\/wp\/v2\/pages"}],"about":[{"href":"https:\/\/www.ceramicamayor.com\/fr\/wp-json\/wp\/v2\/types\/page"}],"author":[{"embeddable":true,"href":"https:\/\/www.ceramicamayor.com\/fr\/wp-json\/wp\/v2\/users\/2"}],"replies":[{"embeddable":true,"href":"https:\/\/www.ceramicamayor.com\/fr\/wp-json\/wp\/v2\/comments?post=6439"}],"version-history":[{"count":2,"href":"https:\/\/www.ceramicamayor.com\/fr\/wp-json\/wp\/v2\/pages\/6439\/revisions"}],"predecessor-version":[{"id":6447,"href":"https:\/\/www.ceramicamayor.com\/fr\/wp-json\/wp\/v2\/pages\/6439\/revisions\/6447"}],"wp:attachment":[{"href":"https:\/\/www.ceramicamayor.com\/fr\/wp-json\/wp\/v2\/media?parent=6439"}],"wp:term":[{"taxonomy":"uso","embeddable":true,"href":"https:\/\/www.ceramicamayor.com\/fr\/wp-json\/wp\/v2\/uso?post=6439"},{"taxonomy":"formato","embeddable":true,"href":"https:\/\/www.ceramicamayor.com\/fr\/wp-json\/wp\/v2\/formato?post=6439"},{"taxonomy":"coleccion","embeddable":true,"href":"https:\/\/www.ceramicamayor.com\/fr\/wp-json\/wp\/v2\/coleccion?post=6439"}],"curies":[{"name":"wp","href":"https:\/\/api.w.org\/{rel}","templated":true}]}}