{"id":34976,"date":"2025-02-13T16:59:09","date_gmt":"2025-02-13T15:59:09","guid":{"rendered":"https:\/\/www.ceramicamayor.com\/gracias-bim-es\/"},"modified":"2025-03-20T08:56:24","modified_gmt":"2025-03-20T07:56:24","slug":"gracias-bim-es","status":"publish","type":"page","link":"https:\/\/www.ceramicamayor.com\/ru\/gracias-bim-es\/","title":{"rendered":"Gracias BIM DESCARGA"},"content":{"rendered":"<section class=\"l-section wpb_row height_small\"><div class=\"l-section-h i-cf\"><div class=\"g-cols vc_row via_grid cols_1 laptops-cols_inherit tablets-cols_inherit mobiles-cols_1 valign_bottom type_default stacking_default\"><div class=\"wpb_column vc_column_container\"><div class=\"vc_column-inner\"><div id=\"ultimate-heading-834169f3eebf2dc31\" class=\"uvc-heading ult-adjust-bottom-margin ultimate-heading-834169f3eebf2dc31 uvc-3178 \" data-hspacer=\"no_spacer\"  data-halign=\"center\" style=\"text-align:center\"><div class=\"uvc-heading-spacer no_spacer\" style=\"top\"><\/div><div class=\"uvc-main-heading ult-responsive\"  data-ultimate-target='.uvc-heading.ultimate-heading-834169f3eebf2dc31 h2'  data-responsive-json-new='{\"font-size\":\"\",\"line-height\":\"\"}' ><h2 style=\"font-weight:normal;\">\u00a1Gracias por tu suscripci\u00f3n!<\/h2><\/div><\/div><div class=\"w-separator size_medium\"><\/div><div id=\"ultimate-heading-647469f3eebf2df00\" class=\"uvc-heading ult-adjust-bottom-margin ultimate-heading-647469f3eebf2df00 uvc-974 \" data-hspacer=\"no_spacer\"  data-halign=\"center\" style=\"text-align:center\"><div class=\"uvc-heading-spacer no_spacer\" style=\"top\"><\/div><div class=\"uvc-sub-heading ult-responsive\"  data-ultimate-target='.uvc-heading.ultimate-heading-647469f3eebf2df00 .uvc-sub-heading '  data-responsive-json-new='{\"font-size\":\"\",\"line-height\":\"\"}'  style=\"font-weight:normal;\">\n<p style=\"text-align: left;\">Tu solicitud ha sido registrada con \u00e9xito. En breves momentos recibir\u00e1s un correo electr\u00f3nico con el enlace de descarga de nuestros Objetos BIM.<\/p>\n<p style=\"text-align: left;\">Revisa tu bandeja de entrada (y la carpeta de spam, por si acaso). Si no recibes el correo en unos minutos, cont\u00e1ctanos y te ayudaremos.<\/p>\n<p><span>Mientras tanto, te invitamos a explorar nuestras colecciones y descubrir todo lo que Mayor puede ofrecer a tu proyecto.<\/span><\/div><\/div><\/div><\/div><\/div><\/div><\/section><section class=\"l-section wpb_row height_small width_custom\" style=\"--site-content-width:1240px;\"><div class=\"l-section-h i-cf\"><div class=\"g-cols vc_row via_grid cols_1 laptops-cols_inherit tablets-cols_inherit mobiles-cols_1 valign_top type_default stacking_default\"><div class=\"wpb_column vc_column_container\"><div class=\"vc_column-inner\"><div class=\"w-image align_center\"><a href=\"https:\/\/www.ceramicamayor.com\/colecciones\/\" aria-label=\"Imagen borde\" class=\"w-image-h\"><img decoding=\"async\" width=\"226\" height=\"400\" src=\"https:\/\/www.ceramicamayor.com\/wp-content\/uploads\/2025\/02\/Imagen-borde-226x400.jpg\" class=\"attachment-us_600_400 size-us_600_400\" alt=\"\" loading=\"lazy\" srcset=\"https:\/\/www.ceramicamayor.com\/wp-content\/uploads\/2025\/02\/Imagen-borde-226x400.jpg 226w, https:\/\/www.ceramicamayor.com\/wp-content\/uploads\/2025\/02\/Imagen-borde-170x300.jpg 170w, https:\/\/www.ceramicamayor.com\/wp-content\/uploads\/2025\/02\/Imagen-borde-580x1024.jpg 580w, https:\/\/www.ceramicamayor.com\/wp-content\/uploads\/2025\/02\/Imagen-borde-28x50.jpg 28w, https:\/\/www.ceramicamayor.com\/wp-content\/uploads\/2025\/02\/Imagen-borde-136x240.jpg 136w, https:\/\/www.ceramicamayor.com\/wp-content\/uploads\/2025\/02\/Imagen-borde-85x150.jpg 85w, https:\/\/www.ceramicamayor.com\/wp-content\/uploads\/2025\/02\/Imagen-borde-57x100.jpg 57w, https:\/\/www.ceramicamayor.com\/wp-content\/uploads\/2025\/02\/Imagen-borde.jpg 702w\" sizes=\"auto, (max-width: 226px) 100vw, 226px\" \/><\/a><\/div><div class=\"w-separator size_medium\"><\/div><div id=\"ultimate-heading-151369f3eebf2ef03\" class=\"uvc-heading ult-adjust-bottom-margin ultimate-heading-151369f3eebf2ef03 uvc-1379 \" data-hspacer=\"no_spacer\"  data-halign=\"center\" style=\"text-align:center\"><div class=\"uvc-heading-spacer no_spacer\" style=\"top\"><\/div><div class=\"uvc-sub-heading ult-responsive\"  data-ultimate-target='.uvc-heading.ultimate-heading-151369f3eebf2ef03 .uvc-sub-heading '  data-responsive-json-new='{\"font-size\":\"\",\"line-height\":\"\"}'  style=\"font-weight:normal;\">\n<p style=\"text-align: center;\"><strong>\u00a1Gracias por confiar en Mayor!<\/strong><\/p>\n<\/div><\/div><\/div><\/div><\/div><\/div><\/section><section class=\"l-section wpb_row height_small\"><div class=\"l-section-h i-cf\"><div class=\"g-cols vc_row via_grid cols_1 laptops-cols_inherit tablets-cols_inherit mobiles-cols_1 valign_top type_default stacking_default\"><div class=\"wpb_column vc_column_container\"><div class=\"vc_column-inner\"><\/div><\/div><\/div><\/div><\/section>\n","protected":false},"excerpt":{"rendered":"\u00a1Gracias por tu suscripci\u00f3n! Tu solicitud ha sido registrada con \u00e9xito. En breves momentos recibir\u00e1s un correo electr\u00f3nico con el enlace de descarga de nuestros Objetos BIM. Revisa tu bandeja de entrada (y la carpeta de spam, por si acaso). Si no recibes el correo en unos minutos, cont\u00e1ctanos y te ayudaremos. Mientras tanto, te...","protected":false},"author":5,"featured_media":0,"parent":0,"menu_order":68,"comment_status":"closed","ping_status":"closed","template":"","meta":{"_acf_changed":false,"footnotes":""},"uso":[],"formato":[],"coleccion":[],"class_list":["post-34976","page","type-page","status-publish","hentry"],"acf":[],"_links":{"self":[{"href":"https:\/\/www.ceramicamayor.com\/ru\/wp-json\/wp\/v2\/pages\/34976","targetHints":{"allow":["GET"]}}],"collection":[{"href":"https:\/\/www.ceramicamayor.com\/ru\/wp-json\/wp\/v2\/pages"}],"about":[{"href":"https:\/\/www.ceramicamayor.com\/ru\/wp-json\/wp\/v2\/types\/page"}],"author":[{"embeddable":true,"href":"https:\/\/www.ceramicamayor.com\/ru\/wp-json\/wp\/v2\/users\/5"}],"replies":[{"embeddable":true,"href":"https:\/\/www.ceramicamayor.com\/ru\/wp-json\/wp\/v2\/comments?post=34976"}],"version-history":[{"count":17,"href":"https:\/\/www.ceramicamayor.com\/ru\/wp-json\/wp\/v2\/pages\/34976\/revisions"}],"predecessor-version":[{"id":35632,"href":"https:\/\/www.ceramicamayor.com\/ru\/wp-json\/wp\/v2\/pages\/34976\/revisions\/35632"}],"wp:attachment":[{"href":"https:\/\/www.ceramicamayor.com\/ru\/wp-json\/wp\/v2\/media?parent=34976"}],"wp:term":[{"taxonomy":"uso","embeddable":true,"href":"https:\/\/www.ceramicamayor.com\/ru\/wp-json\/wp\/v2\/uso?post=34976"},{"taxonomy":"formato","embeddable":true,"href":"https:\/\/www.ceramicamayor.com\/ru\/wp-json\/wp\/v2\/formato?post=34976"},{"taxonomy":"coleccion","embeddable":true,"href":"https:\/\/www.ceramicamayor.com\/ru\/wp-json\/wp\/v2\/coleccion?post=34976"}],"curies":[{"name":"wp","href":"https:\/\/api.w.org\/{rel}","templated":true}]}}