{"id":36176,"date":"2025-03-20T17:24:08","date_gmt":"2025-03-20T16:24:08","guid":{"rendered":"https:\/\/www.ceramicamayor.com\/comunidad-profesional\/"},"modified":"2025-03-24T12:08:49","modified_gmt":"2025-03-24T11:08:49","slug":"comunidad-profesional","status":"publish","type":"page","link":"https:\/\/www.ceramicamayor.com\/ru\/comunidad-profesional\/","title":{"rendered":"Comunidad profesional"},"content":{"rendered":"<section class=\"l-section wpb_row height_auto full_height valign_center width_full\"><div class=\"l-section-h i-cf\"><div class=\"g-cols vc_row via_grid cols_1 laptops-cols_inherit tablets-cols_inherit mobiles-cols_1 valign_top type_default stacking_default\"><div class=\"wpb_column vc_column_container\"><div class=\"vc_column-inner\">\n\t\t\t<!-- START Comunidad profesional REVOLUTION SLIDER 6.7.40 --><p class=\"rs-p-wp-fix\"><\/p>\n\t\t\t<rs-module-wrap id=\"rev_slider_77_1_wrapper\" data-source=\"gallery\" style=\"visibility:hidden;background:transparent;padding:0;\">\n\t\t\t\t<rs-module id=\"rev_slider_77_1\" style=\"\" data-version=\"6.7.40\">\n\t\t\t\t\t<div class=\"rs_error_message_box\">\n\t\t\t\t\t\t<div class=\"rs_error_message_oops\">There is nothing to show here!<\/div>\n\t\t\t\t\t\t<div class=\"rs_error_message_content\">Make sure to add slides to the slider<\/div>\n\t\t\t\t\t<\/div>\n\t\t\t\t<\/rs-module>\n\t\t\t<\/rs-module-wrap>\n\t\t\t<script>\n\t\t\t\tvar rs_eslider = document.getElementById(\"rev_slider_77_1\");\n\t\t\t\trs_eslider.style.display = \"none\";\n\t\t\t\tconsole.log(\"Make sure to add slides to the slider\");\n\t\t\t<\/script>\n<\/div><\/div><\/div><\/div><\/section><section class=\"l-section wpb_row height_small\"><div class=\"l-section-h i-cf\"><div class=\"g-cols vc_row via_grid cols_1-4-1 laptops-cols_inherit tablets-cols_inherit mobiles-cols_1 valign_top type_default stacking_default\"><div class=\"wpb_column vc_column_container\"><div class=\"vc_column-inner\"><\/div><\/div><div class=\"wpb_column vc_column_container\"><div class=\"vc_column-inner\"><div class=\"w-separator size_small\"><\/div><div id=\"ultimate-heading-855369f3707e5cb9c\" class=\"uvc-heading ult-adjust-bottom-margin ultimate-heading-855369f3707e5cb9c uvc-222 \" data-hspacer=\"no_spacer\"  data-halign=\"center\" style=\"text-align:center\"><div class=\"uvc-heading-spacer no_spacer\" style=\"top\"><\/div><div class=\"uvc-sub-heading ult-responsive\"  data-ultimate-target='.uvc-heading.ultimate-heading-855369f3707e5cb9c .uvc-sub-heading '  data-responsive-json-new='{\"font-size\":\"\",\"line-height\":\"\"}'  style=\"font-family:&#039;Playfair Display&#039;;font-style:italic;font-weight:600;color:#cac4b0;\">\n<p style=\"text-align: center;\"><span style=\"font-size: 52pt;\">Comunidad Profesional<\/span><\/p>\n<\/div><\/div><div id=\"ultimate-heading-164769f3707e5cc26\" class=\"uvc-heading ult-adjust-bottom-margin ultimate-heading-164769f3707e5cc26 uvc-5110 \" data-hspacer=\"no_spacer\"  data-halign=\"center\" style=\"text-align:center\"><div class=\"uvc-heading-spacer no_spacer\" style=\"top\"><\/div><div class=\"uvc-main-heading ult-responsive\"  data-ultimate-target='.uvc-heading.ultimate-heading-164769f3707e5cc26 h3'  data-responsive-json-new='{\"font-size\":\"\",\"line-height\":\"\"}' ><h3 style=\"font-family:&#039;Playfair Display SC&#039;;font-weight:normal;margin-top:-40px;\">Gracias por unirte<\/h3><\/div><\/div><div class=\"w-separator size_small\"><\/div><div class=\"wpb_text_column us_custom_432d3f53\"><div class=\"wpb_wrapper\"><p style=\"text-align: center;\">En <a href=\"https:\/\/www.ceramicamayor.com\/ru\/\"><strong data-start=\"193\" data-end=\"211\">Mayor<\/strong><\/a>, valoramos el trabajo de piscineros y constructores profesionales como t\u00fa.<br \/>\nTu registro nos permite seguir ofreci\u00e9ndote las mejores soluciones en pavimentos cer\u00e1micos para piscinas y terrazas, con la calidad y el dise\u00f1o que tu proyecto merece.<\/p>\n<\/div><\/div><div class=\"w-separator size_small\"><\/div><\/div><\/div><div class=\"wpb_column vc_column_container\"><div class=\"vc_column-inner\"><\/div><\/div><\/div><\/div><\/section><section class=\"l-section wpb_row height_small\"><div class=\"l-section-h i-cf\"><div class=\"g-cols vc_row via_grid cols_4 laptops-cols_inherit tablets-cols_inherit mobiles-cols_1 valign_top type_default stacking_default\"><div class=\"wpb_column vc_column_container\"><div class=\"vc_column-inner\"><div class=\"w-image has_ratio align_none\"><div class=\"w-image-h\"><div style=\"padding-bottom:150%\"><\/div><img decoding=\"async\" width=\"203\" height=\"297\" src=\"https:\/\/www.ceramicamayor.com\/wp-content\/uploads\/2025\/03\/i1-100.jpg\" class=\"attachment-full size-full\" alt=\"\" loading=\"lazy\" \/><\/div><\/div><\/div><\/div><div class=\"wpb_column vc_column_container\"><div class=\"vc_column-inner\"><div class=\"w-separator size_medium\"><\/div><div class=\"w-image has_ratio align_none\"><div class=\"w-image-h\"><div style=\"padding-bottom:150%\"><\/div><img decoding=\"async\" width=\"209\" height=\"297\" src=\"https:\/\/www.ceramicamayor.com\/wp-content\/uploads\/2025\/03\/Recurso-11-100.jpg\" class=\"attachment-large size-large\" alt=\"\" loading=\"lazy\" \/><\/div><\/div><\/div><\/div><div class=\"wpb_column vc_column_container\"><div class=\"vc_column-inner\"><div class=\"w-image has_ratio align_none\"><div class=\"w-image-h\"><div style=\"padding-bottom:150%\"><\/div><img decoding=\"async\" width=\"211\" height=\"297\" src=\"https:\/\/www.ceramicamayor.com\/wp-content\/uploads\/2025\/03\/Recurso-13-100.jpg\" class=\"attachment-large size-large\" alt=\"\" loading=\"lazy\" \/><\/div><\/div><\/div><\/div><div class=\"wpb_column vc_column_container\"><div class=\"vc_column-inner\"><div class=\"w-separator size_medium\"><\/div><div class=\"w-image has_ratio align_none\"><div class=\"w-image-h\"><div style=\"padding-bottom:150%\"><\/div><img decoding=\"async\" width=\"203\" height=\"287\" src=\"https:\/\/www.ceramicamayor.com\/wp-content\/uploads\/2025\/03\/i4-100.jpg\" class=\"attachment-large size-large\" alt=\"\" loading=\"lazy\" \/><\/div><\/div><\/div><\/div><\/div><\/div><\/section><section class=\"l-section wpb_row height_small\"><div class=\"l-section-h i-cf\"><div class=\"g-cols vc_row via_grid cols_1 laptops-cols_inherit tablets-cols_inherit mobiles-cols_1 valign_bottom type_default stacking_default\"><div class=\"wpb_column vc_column_container\"><div class=\"vc_column-inner\"><div id=\"ultimate-heading-477769f3707e5f7b0\" class=\"uvc-heading ult-adjust-bottom-margin ultimate-heading-477769f3707e5f7b0 uvc-8549 \" data-hspacer=\"no_spacer\"  data-halign=\"center\" style=\"text-align:center\"><div class=\"uvc-heading-spacer no_spacer\" style=\"top\"><\/div><div class=\"uvc-main-heading ult-responsive\"  data-ultimate-target='.uvc-heading.ultimate-heading-477769f3707e5f7b0 h3'  data-responsive-json-new='{\"font-size\":\"\",\"line-height\":\"\"}' ><h3 style=\"font-family:&#039;Playfair Display SC&#039;;font-weight:normal;\">\u00bfQu\u00e9 informaci\u00f3n te haremos llegar?<\/h3><\/div><\/div><\/div><\/div><\/div><\/div><\/section><section class=\"l-section wpb_row height_small\"><div class=\"l-section-h i-cf\"><div class=\"g-cols vc_row via_grid cols_3 laptops-cols_inherit tablets-cols_inherit mobiles-cols_1 valign_top type_default stacking_default\"><div class=\"wpb_column vc_column_container\"><div class=\"vc_column-inner\"><div class=\"w-image has_ratio align_none\"><a href=\"https:\/\/www.ceramicamayor.com\" aria-label=\"Recurso 14-100\" class=\"w-image-h\"><div style=\"padding-bottom:100%\"><\/div><img decoding=\"async\" width=\"225\" height=\"226\" src=\"https:\/\/www.ceramicamayor.com\/wp-content\/uploads\/2025\/03\/Recurso-14-100.jpg\" class=\"attachment-full size-full\" alt=\"Gres Porcel\u00e1nico para Piscinas y Terrazas\" loading=\"lazy\" \/><\/a><\/div><div class=\"w-separator size_small\"><\/div><div class=\"wpb_text_column us_custom_432d3f53\"><div class=\"wpb_wrapper\"><p style=\"text-align: center;\">Acesso exclusivo a material t\u00e9cnico y contenido especializado<\/p>\n<\/div><\/div><\/div><\/div><div class=\"wpb_column vc_column_container\"><div class=\"vc_column-inner\"><div class=\"w-image has_ratio align_none\"><a href=\"https:\/\/www.ceramicamayor.com\/bim\/\" aria-label=\"IMAGEN BIM CONTACTO\" class=\"w-image-h\"><div style=\"padding-bottom:100%\"><\/div><img decoding=\"async\" width=\"1000\" height=\"1000\" src=\"https:\/\/www.ceramicamayor.com\/wp-content\/uploads\/2024\/12\/IMAGEN-BIM-CONTACTO.jpg\" class=\"attachment-large size-large\" alt=\"BIM piscinas\" loading=\"lazy\" \/><\/a><\/div><div class=\"w-separator size_small\"><\/div><div class=\"wpb_text_column us_custom_432d3f53\"><div class=\"wpb_wrapper\"><p style=\"text-align: center;\">Descarga de recursos como fichas t\u00e9cnicas, objetos BIM y manueles de instalaci\u00f3n<\/p>\n<\/div><\/div><\/div><\/div><div class=\"wpb_column vc_column_container\"><div class=\"vc_column-inner\"><div class=\"w-image has_ratio align_none\"><a href=\"https:\/\/www.ceramicamayor.com\/colecciones\/contacto\" aria-label=\"imagen proyectos\" class=\"w-image-h\"><div style=\"padding-bottom:100%\"><\/div><img decoding=\"async\" width=\"602\" height=\"602\" src=\"https:\/\/www.ceramicamayor.com\/wp-content\/uploads\/2025\/02\/imagen-proyectos.jpg\" class=\"attachment-large size-large\" alt=\"\" loading=\"lazy\" \/><\/a><\/div><div class=\"w-separator size_small\"><\/div><div class=\"wpb_text_column us_custom_432d3f53\"><div class=\"wpb_wrapper\"><p style=\"text-align: center;\">Soporte personalizado para ayudarte a encontrar la mejor solucion cer\u00e1mica<\/p>\n<\/div><\/div><\/div><\/div><\/div><\/div><\/section><section class=\"l-section wpb_row height_auto\"><div class=\"l-section-h i-cf\"><div class=\"g-cols vc_row via_grid cols_1 laptops-cols_inherit tablets-cols_inherit mobiles-cols_1 valign_top type_default stacking_default\"><div class=\"wpb_column vc_column_container\"><div class=\"vc_column-inner\"><div class=\"w-separator size_small\"><\/div><div class=\"wpb_text_column us_custom_432d3f53\"><div class=\"wpb_wrapper\"><p style=\"text-align: center;\" data-start=\"78\" data-end=\"457\"><strong>Pronto recibir\u00e1s nuestras novedades en tu correo<\/strong><\/p>\n<p style=\"text-align: center;\" data-start=\"78\" data-end=\"457\">Mientras tanto, explora nuestras colecciones y descubre c\u00f3mo nuestras productos pueden elevar la calidad de tus proyectos<\/p>\n<\/div><\/div><div class=\"w-separator size_small\"><\/div><div class=\"w-btn-wrapper align_center\"><a class=\"w-btn us-btn-style_1\" target=\"_blank\" rel=\"nofollow\" href=\"https:\/\/www.ceramicamayor.com\/colecciones\"><span class=\"w-btn-label\">Explora<\/span><\/a><\/div><div class=\"w-separator size_small\"><\/div><div class=\"wpb_text_column us_custom_432d3f53\"><div class=\"wpb_wrapper\"><p style=\"text-align: center;\"><span>S\u00edguenos en redes sociales para <strong>m\u00e1s inspiraci\u00f3n<\/strong><\/span><\/p>\n<p style=\"text-align: center;\"><a href=\"https:\/\/www.youtube.com\/@ceramicamayor994\" target=\"_blank\" rel=\"noopener\"><img loading=\"lazy\" decoding=\"async\" class=\"alignnone size-full wp-image-35979\" src=\"https:\/\/www.ceramicamayor.com\/wp-content\/uploads\/2025\/03\/Logo-youtube-100.jpg\" alt=\"\" width=\"55\" height=\"55\" srcset=\"https:\/\/www.ceramicamayor.com\/wp-content\/uploads\/2025\/03\/Logo-youtube-100.jpg 55w, https:\/\/www.ceramicamayor.com\/wp-content\/uploads\/2025\/03\/Logo-youtube-100-50x50.jpg 50w\" sizes=\"auto, (max-width: 55px) 100vw, 55px\" \/><\/a>\u00a0 <a href=\"https:\/\/www.linkedin.com\/in\/cer%C3%A1mica-m-75a716150\/\" target=\"_blank\" rel=\"noopener\"><img loading=\"lazy\" decoding=\"async\" class=\"alignnone size-full wp-image-35984\" src=\"https:\/\/www.ceramicamayor.com\/wp-content\/uploads\/2025\/03\/logo-linkedin-100.jpg\" alt=\"\" width=\"55\" height=\"55\" srcset=\"https:\/\/www.ceramicamayor.com\/wp-content\/uploads\/2025\/03\/logo-linkedin-100.jpg 55w, https:\/\/www.ceramicamayor.com\/wp-content\/uploads\/2025\/03\/logo-linkedin-100-50x50.jpg 50w\" sizes=\"auto, (max-width: 55px) 100vw, 55px\" \/><\/a>\u00a0 <a href=\"https:\/\/es.pinterest.com\/ceramicamayor\/\" target=\"_blank\" rel=\"noopener\"><img loading=\"lazy\" decoding=\"async\" class=\"alignnone size-full wp-image-35989\" src=\"https:\/\/www.ceramicamayor.com\/wp-content\/uploads\/2025\/03\/logo-pinterest-100.jpg\" alt=\"\" width=\"56\" height=\"55\" srcset=\"https:\/\/www.ceramicamayor.com\/wp-content\/uploads\/2025\/03\/logo-pinterest-100.jpg 56w, https:\/\/www.ceramicamayor.com\/wp-content\/uploads\/2025\/03\/logo-pinterest-100-50x50.jpg 50w\" sizes=\"auto, (max-width: 56px) 100vw, 56px\" \/><\/a>\u00a0 <a href=\"https:\/\/www.instagram.com\/ceramica.mayor\/\" target=\"_blank\" rel=\"noopener\"><img loading=\"lazy\" decoding=\"async\" class=\"alignnone size-full wp-image-35994\" src=\"https:\/\/www.ceramicamayor.com\/wp-content\/uploads\/2025\/03\/logo-instagram-100.jpg\" alt=\"\" width=\"55\" height=\"55\" srcset=\"https:\/\/www.ceramicamayor.com\/wp-content\/uploads\/2025\/03\/logo-instagram-100.jpg 55w, https:\/\/www.ceramicamayor.com\/wp-content\/uploads\/2025\/03\/logo-instagram-100-50x50.jpg 50w\" sizes=\"auto, (max-width: 55px) 100vw, 55px\" \/><\/a>\u00a0 <a href=\"https:\/\/es-es.facebook.com\/CeramicaMayor\/\" target=\"_blank\" rel=\"noopener\"><img loading=\"lazy\" decoding=\"async\" class=\"alignnone size-full wp-image-35974\" src=\"https:\/\/www.ceramicamayor.com\/wp-content\/uploads\/2025\/03\/logo-face-100.jpg\" alt=\"\" width=\"55\" height=\"55\" srcset=\"https:\/\/www.ceramicamayor.com\/wp-content\/uploads\/2025\/03\/logo-face-100.jpg 55w, https:\/\/www.ceramicamayor.com\/wp-content\/uploads\/2025\/03\/logo-face-100-50x50.jpg 50w\" sizes=\"auto, (max-width: 55px) 100vw, 55px\" \/><\/a><\/p>\n<\/div><\/div><div class=\"w-separator size_small\"><\/div><div class=\"wpb_text_column us_custom_432d3f53\"><div class=\"wpb_wrapper\"><p style=\"text-align: center;\" data-start=\"78\" data-end=\"457\">Si necesitas asesoramiento o m\u00e1s informaci\u00f3n, estamos aqu\u00ed para ayudarte.<\/p>\n<p style=\"text-align: center;\" data-start=\"78\" data-end=\"457\"><strong>\u00a1Gracias por confiar en Mayor!<\/strong><\/p>\n<\/div><\/div><div class=\"w-separator size_small\"><\/div><\/div><\/div><\/div><\/div><\/section>\n","protected":false},"excerpt":{"rendered":"There is nothing to show here! Make sure to add slides to the slider Comunidad Profesional Gracias por unirteEn Mayor, valoramos el trabajo de piscineros y constructores profesionales como t\u00fa. Tu registro nos permite seguir ofreci\u00e9ndote las mejores soluciones en pavimentos cer\u00e1micos para piscinas y terrazas, con la calidad y el dise\u00f1o que tu proyecto...","protected":false},"author":5,"featured_media":0,"parent":0,"menu_order":395,"comment_status":"closed","ping_status":"closed","template":"","meta":{"_acf_changed":false,"footnotes":""},"uso":[],"formato":[],"coleccion":[],"class_list":["post-36176","page","type-page","status-publish","hentry"],"acf":[],"_links":{"self":[{"href":"https:\/\/www.ceramicamayor.com\/ru\/wp-json\/wp\/v2\/pages\/36176","targetHints":{"allow":["GET"]}}],"collection":[{"href":"https:\/\/www.ceramicamayor.com\/ru\/wp-json\/wp\/v2\/pages"}],"about":[{"href":"https:\/\/www.ceramicamayor.com\/ru\/wp-json\/wp\/v2\/types\/page"}],"author":[{"embeddable":true,"href":"https:\/\/www.ceramicamayor.com\/ru\/wp-json\/wp\/v2\/users\/5"}],"replies":[{"embeddable":true,"href":"https:\/\/www.ceramicamayor.com\/ru\/wp-json\/wp\/v2\/comments?post=36176"}],"version-history":[{"count":1,"href":"https:\/\/www.ceramicamayor.com\/ru\/wp-json\/wp\/v2\/pages\/36176\/revisions"}],"predecessor-version":[{"id":36180,"href":"https:\/\/www.ceramicamayor.com\/ru\/wp-json\/wp\/v2\/pages\/36176\/revisions\/36180"}],"wp:attachment":[{"href":"https:\/\/www.ceramicamayor.com\/ru\/wp-json\/wp\/v2\/media?parent=36176"}],"wp:term":[{"taxonomy":"uso","embeddable":true,"href":"https:\/\/www.ceramicamayor.com\/ru\/wp-json\/wp\/v2\/uso?post=36176"},{"taxonomy":"formato","embeddable":true,"href":"https:\/\/www.ceramicamayor.com\/ru\/wp-json\/wp\/v2\/formato?post=36176"},{"taxonomy":"coleccion","embeddable":true,"href":"https:\/\/www.ceramicamayor.com\/ru\/wp-json\/wp\/v2\/coleccion?post=36176"}],"curies":[{"name":"wp","href":"https:\/\/api.w.org\/{rel}","templated":true}]}}