{"id":533,"date":"2021-11-30T12:35:15","date_gmt":"2021-11-30T11:35:15","guid":{"rendered":"https:\/\/www.ceramicamayor.com\/simulador\/seleccionar-ambiente\/"},"modified":"2025-11-21T16:36:09","modified_gmt":"2025-11-21T15:36:09","slug":"seleccionar-ambiente","status":"publish","type":"page","link":"https:\/\/www.ceramicamayor.com\/simulador\/fr\/seleccionar-ambiente\/","title":{"rendered":"Seleccionar ambiente"},"content":{"rendered":"<section class=\"section swatch-white alto-resto section-text-no-shadow section-inner-no-shadow section-normal section-opaque\"  data-label=\"\">\n    \n    <div class=\"background-overlay grid-overlay-0 \" style=\"background-color: rgba(0,0,0,0);\"><\/div>\n\n    <div class=\"container\">\n        <div class=\"row vertical-top\">\n            <div class=\"col-md-12     text-center small-screen-default\"  ><div class=\"figure ajustar-alto element-no-top element-no-bottom image-filter-none image-filter-onhover fade-in text-center figcaption-middle normalwidth\" data-os-animation=\"none\" data-os-animation-delay=\"0s\">\n            <a href=\"https:\/\/www.ceramicamayor.com\/fr\/\" class=\"figure-image  image-all\" data-links=\"\" target=\"_self\">\n    \n    <img src=\"https:\/\/www.ceramicamayor.com\/simulador\/wp-content\/uploads\/2025\/11\/Mayor_Logo_RGB_Positivo_500x500px-02.png\"   class=\"normalwidth\" \/>    \n            <\/a>\n    \n<\/div><\/div>        <\/div>\n    <\/div>\n<\/section>\n<section class=\"section swatch-white alto-resto section-text-no-shadow section-inner-no-shadow section-normal section-opaque\"  data-label=\"\">\n    \n    <div class=\"background-overlay grid-overlay-0 \" style=\"background-color: rgba(0,0,0,0);\"><\/div>\n\n    <div class=\"container\">\n        <div class=\"row vertical-top\">\n            <div class=\"col-md-12     text-center small-screen-default\"  ><div class=\"figure ajustar-alto element-no-top element-no-bottom image-filter-none image-filter-onhover fade-in text-center figcaption-middle normalwidth\" data-os-animation=\"none\" data-os-animation-delay=\"0s\">\n            <span class=\"figure-image\">\n    \n    <img src=\"https:\/\/www.ceramicamayor.com\/simulador\/wp-content\/uploads\/2024\/04\/Cements-Snow-base.png\"   class=\"normalwidth\" \/>    \n            <\/span>\n    \n<\/div><\/div>        <\/div>\n    <\/div>\n<\/section>\n<section class=\"section swatch-white alto-resto section-text-no-shadow section-inner-no-shadow section-normal section-opaque\"  data-label=\"\">\n    \n    <div class=\"background-overlay grid-overlay-0 \" style=\"background-color: rgba(0,0,0,0);\"><\/div>\n\n    <div class=\"container\">\n        <div class=\"row vertical-top\">\n            <div class=\"col-md-4     text-center small-screen-default\"  ><div class=\"figure  element-short-top element-short-bottom image-filter-none image-filter-onhover fade-in text-center figcaption-middle normalwidth\" data-os-animation=\"none\" data-os-animation-delay=\"0s\">\n            <span class=\"figure-image\">\n    \n    <img src=\"https:\/\/www.ceramicamayor.com\/simulador\/wp-content\/uploads\/2025\/05\/Stromboli-Silver-Borde-piscina-d-esbordante-exterior-Ceramica-May-or-1.jpg\"   class=\"normalwidth\" \/>    \n            <\/span>\n    \n<\/div><div class=\" element-short-top element-short-bottom\" data-os-animation=\"none\" data-os-animation-delay=\"0s\">\n    <p>1- Choisir un environnement<\/p>\n<\/div><\/div><div class=\"col-md-4     text-center small-screen-default\"  ><div class=\"figure  element-short-top element-short-bottom image-filter-none image-filter-onhover fade-in text-center figcaption-middle normalwidth\" data-os-animation=\"none\" data-os-animation-delay=\"0s\">\n            <span class=\"figure-image\">\n    \n    <img src=\"https:\/\/www.ceramicamayor.com\/simulador\/wp-content\/uploads\/2025\/06\/Icono-color.jpg\"   class=\"normalwidth\" \/>    \n            <\/span>\n    \n<\/div><div class=\" element-short-top element-short-bottom\" data-os-animation=\"none\" data-os-animation-delay=\"0s\">\n    <p>2- S\u00e9lectionner le sol et l&rsquo;int\u00e9rieur de la piscine<\/p>\n<\/div><\/div><div class=\"col-md-4     text-center small-screen-default\"  ><div class=\"figure  element-short-top element-short-bottom image-filter-none image-filter-onhover fade-in text-center figcaption-middle normalwidth\" data-os-animation=\"none\" data-os-animation-delay=\"0s\">\n            <span class=\"figure-image\">\n    \n    <img src=\"https:\/\/www.ceramicamayor.com\/simulador\/wp-content\/uploads\/2025\/06\/icono-Descarga.jpg\"   class=\"normalwidth\" \/>    \n            <\/span>\n    \n<\/div><div class=\" element-short-top element-short-bottom\" data-os-animation=\"none\" data-os-animation-delay=\"0s\">\n    <p>3- T\u00e9l\u00e9chargez votre environnement<\/p>\n<\/div><\/div>        <\/div>\n    <\/div>\n<\/section>\n<section class=\"section swatch-white  section-text-no-shadow section-inner-no-shadow section-normal section-opaque\"  data-label=\"\">\n    \n    <div class=\"background-overlay grid-overlay-0 \" style=\"background-color: rgba(0,0,0,0);\"><\/div>\n\n    <div class=\"container\">\n        <div class=\"row vertical-top\">\n            <div class=\"col-md-12     text-center small-screen-default\"  ><div class=\"titulo-seleccionar element-medium-top element-medium-bottom\" data-os-animation=\"none\" data-os-animation-delay=\"0s\">\n    <p>S\u00e9lectionner l&rsquo;environnement<\/p>\n<\/div>[vc_basic_grid post_type=\u00a0\u00bbambients\u00a0\u00bb max_items=\u00a0\u00bb10&Prime; item=\u00a0\u00bb128&Prime; grid_id=\u00a0\u00bbvc_gid:1763739205094-44ebcedb-7ef9-6&Prime;]<\/div>        <\/div>\n    <\/div>\n<\/section>\n<section class=\"section swatch-white  section-text-no-shadow section-inner-no-shadow section-normal section-opaque\"  data-label=\"\">\n    \n    <div class=\"background-overlay grid-overlay-0 \" style=\"background-color: rgba(0,0,0,0);\"><\/div>\n\n    <div class=\"container\">\n        <div class=\"row vertical-top\">\n            <div class=\"col-md-12     text-center small-screen-center\"  ><div class=\" element-short-top element-short-bottom\" data-os-animation=\"none\" data-os-animation-delay=\"0s\">\n    <p style=\"text-align: center;\">Les images g\u00e9n\u00e9r\u00e9es par notre simulateur de pi\u00e8ce sont des repr\u00e9sentations indicatives qui visent \u00e0 refl\u00e9ter une approximation de la r\u00e9alit\u00e9. Toutefois, elles ne doivent pas \u00eatre consid\u00e9r\u00e9es comme des reproductions exactes de produits, de couleurs ou de finitions r\u00e9els.<\/p>\n<\/div><\/div>        <\/div>\n    <\/div>\n<\/section>\n","protected":false},"excerpt":{"rendered":"1- Choisir un environnement 2- S\u00e9lectionner le sol et l'int\u00e9rieur de la piscine 3- T\u00e9l\u00e9chargez votre environnement S\u00e9lectionner l'environnement [vc_basic_grid post_type=\"ambients\" max_items=\"10\" item=\"128\" grid_id=\"vc_gid:1763739205094-44ebcedb-7ef9-6\"] Les images g\u00e9n\u00e9r\u00e9es par notre simulateur de pi\u00e8ce sont des repr\u00e9sentations indicatives qui visent \u00e0 refl\u00e9ter une approximation de la r\u00e9alit\u00e9. Toutefois, elles ne doivent pas \u00eatre consid\u00e9r\u00e9es comme des reproductions","protected":false},"author":2,"featured_media":0,"parent":0,"menu_order":0,"comment_status":"closed","ping_status":"closed","template":"","meta":{"footnotes":""},"_links":{"self":[{"href":"https:\/\/www.ceramicamayor.com\/simulador\/fr\/wp-json\/wp\/v2\/pages\/533"}],"collection":[{"href":"https:\/\/www.ceramicamayor.com\/simulador\/fr\/wp-json\/wp\/v2\/pages"}],"about":[{"href":"https:\/\/www.ceramicamayor.com\/simulador\/fr\/wp-json\/wp\/v2\/types\/page"}],"author":[{"embeddable":true,"href":"https:\/\/www.ceramicamayor.com\/simulador\/fr\/wp-json\/wp\/v2\/users\/2"}],"replies":[{"embeddable":true,"href":"https:\/\/www.ceramicamayor.com\/simulador\/fr\/wp-json\/wp\/v2\/comments?post=533"}],"version-history":[{"count":8,"href":"https:\/\/www.ceramicamayor.com\/simulador\/fr\/wp-json\/wp\/v2\/pages\/533\/revisions"}],"predecessor-version":[{"id":1049,"href":"https:\/\/www.ceramicamayor.com\/simulador\/fr\/wp-json\/wp\/v2\/pages\/533\/revisions\/1049"}],"wp:attachment":[{"href":"https:\/\/www.ceramicamayor.com\/simulador\/fr\/wp-json\/wp\/v2\/media?parent=533"}],"curies":[{"name":"wp","href":"https:\/\/api.w.org\/{rel}","templated":true}]}}